{"id":5802,"date":"2022-07-05T19:09:49","date_gmt":"2022-07-05T19:09:49","guid":{"rendered":"https:\/\/www.cinemasoul.es\/?post_type=product&#038;p=5802"},"modified":"2022-07-05T19:15:12","modified_gmt":"2022-07-05T19:15:12","slug":"el-aniversario-dvd","status":"publish","type":"product","link":"https:\/\/cinemasoul.es\/?product=el-aniversario-dvd","title":{"rendered":"El aniversario [DVD]"},"content":{"rendered":"","protected":false},"excerpt":{"rendered":"<p><strong>T\u00edtulo original <\/strong>The Anniversary\u00a0<strong>A\u00f1o<\/strong>1968\u00a0<strong>Duraci\u00f3n <\/strong>95 min.\u00a0<strong>Pa\u00eds <\/strong>Reino Unido\u00a0<strong>Direcci\u00f3n <\/strong>Roy Ward Baker\u00a0<strong>Guion <\/strong>Jimmy Sangster. <strong>Obra<\/strong>: Bill MacIlwraith\u00a0<strong>M\u00fasica <\/strong>Philip Martell\u00a0<strong>Fotograf\u00eda <\/strong>Harry Waxman <strong>Reparto <\/strong>Bette Davis, Sheila Hancock, Jack Hedley, James Cossins, Elaine Taylor, Christian Roberts, Timothy Bateson\u00a0<strong>Productora <\/strong>Hammer Productions <strong>G\u00e9nero <\/strong>Comedia. Drama | Comedia negra<\/p>\n<p><strong>Sinopsis <\/strong>Tres hijos que trabajan en el negocio familiar de la construcci\u00f3n, ayudan a su madre autoritaria a celebrar el aniversario de su \u00faltimo marido ya fallecido. Aunque el marido hace a\u00f1os que ya muri\u00f3, ella insiste en celebrar la macabra ceremonia. Este a\u00f1o, los hijos est\u00e1n dispuestos a hacer frente a su autoritaria madre y sacudirse el yugo de su dominio&#8230;pero ella posee tal poder de persuasi\u00f3n y control, que reaccionar\u00e1 contra todos.<\/p>\n","protected":false},"featured_media":5803,"comment_status":"open","ping_status":"closed","template":"","meta":{"site-sidebar-layout":"default","site-content-layout":"default","ast-site-content-layout":"default","site-content-style":"default","site-sidebar-style":"default","ast-global-header-display":"","ast-banner-title-visibility":"","ast-main-header-display":"","ast-hfb-above-header-display":"","ast-hfb-below-header-display":"","ast-hfb-mobile-header-display":"","site-post-title":"","ast-breadcrumbs-content":"","ast-featured-img":"","footer-sml-layout":"","ast-disable-related-posts":"","theme-transparent-header-meta":"","adv-header-id-meta":"","stick-header-meta":"","header-above-stick-meta":"","header-main-stick-meta":"","header-below-stick-meta":"","astra-migrate-meta-layouts":"default","ast-page-background-enabled":"default","ast-page-background-meta":{"desktop":{"background-color":"","background-image":"","background-repeat":"repeat","background-position":"center center","background-size":"auto","background-attachment":"scroll","background-type":"","background-media":"","overlay-type":"","overlay-color":"","overlay-opacity":"","overlay-gradient":""},"tablet":{"background-color":"","background-image":"","background-repeat":"repeat","background-position":"center center","background-size":"auto","background-attachment":"scroll","background-type":"","background-media":"","overlay-type":"","overlay-color":"","overlay-opacity":"","overlay-gradient":""},"mobile":{"background-color":"","background-image":"","background-repeat":"repeat","background-position":"center center","background-size":"auto","background-attachment":"scroll","background-type":"","background-media":"","overlay-type":"","overlay-color":"","overlay-opacity":"","overlay-gradient":""}},"ast-content-background-meta":{"desktop":{"background-color":"var(--ast-global-color-5)","background-image":"","background-repeat":"repeat","background-position":"center center","background-size":"auto","background-attachment":"scroll","background-type":"","background-media":"","overlay-type":"","overlay-color":"","overlay-opacity":"","overlay-gradient":""},"tablet":{"background-color":"var(--ast-global-color-5)","background-image":"","background-repeat":"repeat","background-position":"center center","background-size":"auto","background-attachment":"scroll","background-type":"","background-media":"","overlay-type":"","overlay-color":"","overlay-opacity":"","overlay-gradient":""},"mobile":{"background-color":"var(--ast-global-color-5)","background-image":"","background-repeat":"repeat","background-position":"center center","background-size":"auto","background-attachment":"scroll","background-type":"","background-media":"","overlay-type":"","overlay-color":"","overlay-opacity":"","overlay-gradient":""}},"_joinchat":[]},"product_brand":[],"product_cat":[42],"product_tag":[],"class_list":{"0":"post-5802","1":"product","2":"type-product","3":"status-publish","4":"has-post-thumbnail","6":"product_cat-dvd","7":"desktop-align-left","8":"tablet-align-left","9":"mobile-align-left","11":"first","12":"instock","13":"sale","14":"shipping-taxable","15":"purchasable","16":"product-type-simple"},"_links":{"self":[{"href":"https:\/\/cinemasoul.es\/index.php?rest_route=\/wp\/v2\/product\/5802","targetHints":{"allow":["GET"]}}],"collection":[{"href":"https:\/\/cinemasoul.es\/index.php?rest_route=\/wp\/v2\/product"}],"about":[{"href":"https:\/\/cinemasoul.es\/index.php?rest_route=\/wp\/v2\/types\/product"}],"replies":[{"embeddable":true,"href":"https:\/\/cinemasoul.es\/index.php?rest_route=%2Fwp%2Fv2%2Fcomments&post=5802"}],"version-history":[{"count":1,"href":"https:\/\/cinemasoul.es\/index.php?rest_route=\/wp\/v2\/product\/5802\/revisions"}],"predecessor-version":[{"id":5805,"href":"https:\/\/cinemasoul.es\/index.php?rest_route=\/wp\/v2\/product\/5802\/revisions\/5805"}],"wp:featuredmedia":[{"embeddable":true,"href":"https:\/\/cinemasoul.es\/index.php?rest_route=\/wp\/v2\/media\/5803"}],"wp:attachment":[{"href":"https:\/\/cinemasoul.es\/index.php?rest_route=%2Fwp%2Fv2%2Fmedia&parent=5802"}],"wp:term":[{"taxonomy":"product_brand","embeddable":true,"href":"https:\/\/cinemasoul.es\/index.php?rest_route=%2Fwp%2Fv2%2Fproduct_brand&post=5802"},{"taxonomy":"product_cat","embeddable":true,"href":"https:\/\/cinemasoul.es\/index.php?rest_route=%2Fwp%2Fv2%2Fproduct_cat&post=5802"},{"taxonomy":"product_tag","embeddable":true,"href":"https:\/\/cinemasoul.es\/index.php?rest_route=%2Fwp%2Fv2%2Fproduct_tag&post=5802"}],"curies":[{"name":"wp","href":"https:\/\/api.w.org\/{rel}","templated":true}]}}