{"id":5799,"date":"2022-07-05T18:43:24","date_gmt":"2022-07-05T18:43:24","guid":{"rendered":"https:\/\/www.cinemasoul.es\/?post_type=product&#038;p=5799"},"modified":"2022-07-05T18:43:24","modified_gmt":"2022-07-05T18:43:24","slug":"el-bebe-de-la-discordia-dvd","status":"publish","type":"product","link":"https:\/\/cinemasoul.es\/?product=el-bebe-de-la-discordia-dvd","title":{"rendered":"El beb\u00e9 de la discordia [DVD]"},"content":{"rendered":"","protected":false},"excerpt":{"rendered":"<p><strong>WARNER BROS<\/strong>\u00a0PICTURES PRESENTA A\u00a0\u201cEL BEB\u00c9 DE LA DISCORDIA\u201d (<em>NEVER TOO LATE<\/em>)\u00a0<strong>PROTAGONIZADA<\/strong>\u00a0POR PAUL FORD CONNIE STEVENS\u00a0MAUREEN O\u2019SULLIVAN Y JIM HUTTON\u00a0<strong>COPROTAGONIZADA<\/strong>\u00a0POR JANE WYATT HENRY JONES Y LLOYD NOLAN\u00a0<strong>M\u00daSICA<\/strong>\u00a0COMPUESTA Y\u00a0<strong>DIRIGIDA\u00a0<\/strong>\u00a0POR DAVID ROSE\u00a0<strong>GUI\u00d3N<\/strong>\u00a0DE SUMNER ARTHUR LONG\u00a0BASADO EN SU\u00a0<strong>OBRA<\/strong>\u00a0DE TEATRO\u00a0<strong>PRODUCIDA<\/strong>\u00a0POR NORMAN LEAR\u00a0<strong>DIRIGIDA<\/strong>\u00a0POR BUD YORKIN\u00a0<strong>TECHNICOLOR\u00ae PANAVISION\u00ae<\/strong><\/p>\n<p><strong>IDIOMAS<\/strong>: CASTELLANO E INGL\u00c9S CON SUBT\u00cdTULOS EN CASTELLANO\u00a0<strong>NACIONALIDAD<\/strong>: ESTADOS UNIDOS\u00a0<strong>A\u00d1O<\/strong>: 1965\u00a0<strong>G\u00c9NERO<\/strong>: COMEDIA\u00a0<strong>DURACI\u00d3N<\/strong>: 100 MIN.\u00a0<strong>FORMATO<\/strong>: 16\/9 1.78.1\u00a0<strong>COLOR<\/strong>: COLOR\u00a0<strong>FEERTS<\/strong>\u00a01.000.204.687\u00a0<strong>EAN<\/strong>: 5051893053487\u00a0<strong>DEP\u00d3SITO LEGAL<\/strong>: TF: 375 &#8211; 2011\u00a0<strong>N\u00ba DE EXPEDIENTE<\/strong>: 120.478\u00a0<strong>CLASIFICACION<\/strong>: NO RECOMENDADA PARA MENORES DE 12 A\u00d1OS<\/p>\n<p><em>PAP\u00c1 YA PASA DE LOS 60. MAM\u00c1 YA HA CUMPLIDO LOS 50.\u00a0\u00a1Y VIENE UN BEB\u00c9 EN CAMINO!<\/em>\u00a0A Harry Lambert le gusta ser un viejo gru\u00f1\u00f3n. Siempre dando \u00f3rdenes a su esposa, quej\u00e1ndose de las nuevas generaciones y viendo como su cintura va aumentando con los a\u00f1os. Todo lo que ahora necesita es\u2026 \u00a1un nuevo beb\u00e9!\u00a0Repitiendo los personajes interpretados sobre el escenario, Paul Ford y Maureen O\u2019Sullivan dan vida a la pareja que van a tener un inesperado nuevo reto\u00f1o en esta deliciosa pel\u00edcula que adapta el \u00e9xito teatral de Broadway. Connie Stevens y Jim Hutton son la asombrada hija de la pareja y su yerno. Y los veteranos Jane Wyatt, Henry Jones y Lloyd Nolan interpretan a sus igualmente at\u00f3nitos amigos que observan como Harry y su esposa van construyendo un nuevo hogar para el beb\u00e9. Nunca es tarde para re\u00edr\u2026 \u00a1a carcajadas! Nunca es demasiado pronto para comenzar a re\u00edr con EL BEB\u00c9 DE LA DISCORDIA. \u00a1La m\u00e1s divertida comedia de Broadway\u2026 ahora en el cine!<\/p>\n","protected":false},"featured_media":5800,"comment_status":"open","ping_status":"closed","template":"","meta":{"site-sidebar-layout":"default","site-content-layout":"default","ast-site-content-layout":"default","site-content-style":"default","site-sidebar-style":"default","ast-global-header-display":"","ast-banner-title-visibility":"","ast-main-header-display":"","ast-hfb-above-header-display":"","ast-hfb-below-header-display":"","ast-hfb-mobile-header-display":"","site-post-title":"","ast-breadcrumbs-content":"","ast-featured-img":"","footer-sml-layout":"","ast-disable-related-posts":"","theme-transparent-header-meta":"","adv-header-id-meta":"","stick-header-meta":"","header-above-stick-meta":"","header-main-stick-meta":"","header-below-stick-meta":"","astra-migrate-meta-layouts":"default","ast-page-background-enabled":"default","ast-page-background-meta":{"desktop":{"background-color":"","background-image":"","background-repeat":"repeat","background-position":"center center","background-size":"auto","background-attachment":"scroll","background-type":"","background-media":"","overlay-type":"","overlay-color":"","overlay-opacity":"","overlay-gradient":""},"tablet":{"background-color":"","background-image":"","background-repeat":"repeat","background-position":"center center","background-size":"auto","background-attachment":"scroll","background-type":"","background-media":"","overlay-type":"","overlay-color":"","overlay-opacity":"","overlay-gradient":""},"mobile":{"background-color":"","background-image":"","background-repeat":"repeat","background-position":"center center","background-size":"auto","background-attachment":"scroll","background-type":"","background-media":"","overlay-type":"","overlay-color":"","overlay-opacity":"","overlay-gradient":""}},"ast-content-background-meta":{"desktop":{"background-color":"var(--ast-global-color-5)","background-image":"","background-repeat":"repeat","background-position":"center center","background-size":"auto","background-attachment":"scroll","background-type":"","background-media":"","overlay-type":"","overlay-color":"","overlay-opacity":"","overlay-gradient":""},"tablet":{"background-color":"var(--ast-global-color-5)","background-image":"","background-repeat":"repeat","background-position":"center center","background-size":"auto","background-attachment":"scroll","background-type":"","background-media":"","overlay-type":"","overlay-color":"","overlay-opacity":"","overlay-gradient":""},"mobile":{"background-color":"var(--ast-global-color-5)","background-image":"","background-repeat":"repeat","background-position":"center center","background-size":"auto","background-attachment":"scroll","background-type":"","background-media":"","overlay-type":"","overlay-color":"","overlay-opacity":"","overlay-gradient":""}},"_joinchat":[]},"product_brand":[],"product_cat":[42],"product_tag":[],"class_list":{"0":"post-5799","1":"product","2":"type-product","3":"status-publish","4":"has-post-thumbnail","6":"product_cat-dvd","7":"desktop-align-left","8":"tablet-align-left","9":"mobile-align-left","11":"first","12":"instock","13":"sale","14":"shipping-taxable","15":"purchasable","16":"product-type-simple"},"_links":{"self":[{"href":"https:\/\/cinemasoul.es\/index.php?rest_route=\/wp\/v2\/product\/5799","targetHints":{"allow":["GET"]}}],"collection":[{"href":"https:\/\/cinemasoul.es\/index.php?rest_route=\/wp\/v2\/product"}],"about":[{"href":"https:\/\/cinemasoul.es\/index.php?rest_route=\/wp\/v2\/types\/product"}],"replies":[{"embeddable":true,"href":"https:\/\/cinemasoul.es\/index.php?rest_route=%2Fwp%2Fv2%2Fcomments&post=5799"}],"version-history":[{"count":1,"href":"https:\/\/cinemasoul.es\/index.php?rest_route=\/wp\/v2\/product\/5799\/revisions"}],"predecessor-version":[{"id":5801,"href":"https:\/\/cinemasoul.es\/index.php?rest_route=\/wp\/v2\/product\/5799\/revisions\/5801"}],"wp:featuredmedia":[{"embeddable":true,"href":"https:\/\/cinemasoul.es\/index.php?rest_route=\/wp\/v2\/media\/5800"}],"wp:attachment":[{"href":"https:\/\/cinemasoul.es\/index.php?rest_route=%2Fwp%2Fv2%2Fmedia&parent=5799"}],"wp:term":[{"taxonomy":"product_brand","embeddable":true,"href":"https:\/\/cinemasoul.es\/index.php?rest_route=%2Fwp%2Fv2%2Fproduct_brand&post=5799"},{"taxonomy":"product_cat","embeddable":true,"href":"https:\/\/cinemasoul.es\/index.php?rest_route=%2Fwp%2Fv2%2Fproduct_cat&post=5799"},{"taxonomy":"product_tag","embeddable":true,"href":"https:\/\/cinemasoul.es\/index.php?rest_route=%2Fwp%2Fv2%2Fproduct_tag&post=5799"}],"curies":[{"name":"wp","href":"https:\/\/api.w.org\/{rel}","templated":true}]}}