{"id":5783,"date":"2022-07-05T11:25:08","date_gmt":"2022-07-05T11:25:08","guid":{"rendered":"https:\/\/www.cinemasoul.es\/?post_type=product&#038;p=5783"},"modified":"2022-07-05T11:28:09","modified_gmt":"2022-07-05T11:28:09","slug":"cumbres-doradas-dvd","status":"publish","type":"product","link":"https:\/\/cinemasoul.es\/?product=cumbres-doradas-dvd","title":{"rendered":"Cumbres Doradas [DVD]"},"content":{"rendered":"","protected":false},"excerpt":{"rendered":"<div id=\"tab-description\" class=\"tab-content\">\n<p><strong>WARNER BROS. PICTURES <\/strong>PRESENTA \u201cCUMBRES DORADAS\u201d (<em>SO THIS IS LOVE<\/em>)\u00a0LA <strong>HISTORIA <\/strong>DE GRACE MOORE.\u00a0<strong>COLOR<\/strong> POR TECHNICOLOR.\u00a0<strong>PROTAGONIZADA <\/strong>POR KATHRYN GRAYSON CON MERV GRIFFIN, JOAN WELDON, WALTER ABEL, ROSEMARY DECAMP, JEFF DONNELL, DOUGLAS DICK.\u00a0<strong>GUI\u00d3N <\/strong>DE JOHN MONKS, JR..\u00a0<strong>DIRECCI\u00d3N MUSICAL <\/strong>DE RAY HEINDORF.\u00a0<strong>N\u00daMEROS MUSICALES <\/strong>DE LEROY PRINZ.\u00a0<strong>PRODUCIDA <\/strong>POR HENRY BLANKE.\u00a0<strong>DIRIGIDA POR<\/strong> GORDON DOUGLAS. <strong>A\u00d1O<\/strong>: 1953.\u00a0<strong>G\u00c9NER<\/strong><strong>O<\/strong>: BIOGRAF\u00cdA.\u00a0<strong>NACIONALIDAD<\/strong>: ESTADOS UNIDOS. <strong>FORMATO<\/strong>: 4X3 1.33:1.\u00a0<strong>COLOR<\/strong>: COLOR.\u00a0<strong>DURACI\u00d3N<\/strong>: 98 MIN. APROX.\u00a0<strong>IDIOMAS<\/strong>: CASTELLANO E INGL\u00c9S CON SUBT\u00cdTULOS EN CASTELLANO.\u00a0<strong>DEP\u00d3SITO LEGAL<\/strong>:\u00a0TF: 513-2011.\u00a0<strong>N\u00ba DE EXPEDIENTE<\/strong>: 120.995.\u00a0<strong>CLASIFICACIO<\/strong>N: NO RECOMENDADA PARA MENORES DE 12 A\u00d1OS.<\/p>\n<p><strong>EL VIAJE MUSICAL HASTA LO M\u00c1S ALTO DE UNA LEGENDARIA DAMA DE LA CANCI\u00d3N.<\/strong> Olv\u00eddese de su cadena de \u00e9xitos de Broadway. Olv\u00eddense incluso de las flores, de la luz de las velas y de los guapos solteros. S\u00f3lo hay una pasi\u00f3n en la vida de Grace Moore: ser la estrella del Metropolitan Opera House de Nueva York. Salpicada con canciones popularizadas por Moore y por extractos de tres \u00f3peras cl\u00e1sicas, <em>Cumbres Doradas<\/em> es una joya brillante que narra la vida de la estrella del escenario y la pantalla (lleg\u00f3 a ser nominada a los Oscar\u00ae como mejor actriz en 1934 por la pel\u00edcula <em>One night of love<\/em>, que supo hacer realidad sus sue\u00f1os. Dar vida a Moore fue la oportunidad perfecta\u00a0 para Kathryn Grayson (<em>Magnolia<\/em>, <em>B\u00e9same Kate<\/em>),\u00a0 de combinar \u201cpersonaje\u201d y \u201cpersona\u201d. Grayson se empe\u00f1\u00f3 en interpretar ella misma las escenas oper\u00edsticas. Un magn\u00edfico colorido se mete en el papel de conocidos personajes del mundo del espect\u00e1culo. Entre todos ellos destaca Merv Griffin, en su segunda pel\u00edcula como protagonista.<\/p>\n<\/div>\n","protected":false},"featured_media":5784,"comment_status":"open","ping_status":"closed","template":"","meta":{"site-sidebar-layout":"default","site-content-layout":"default","ast-site-content-layout":"default","site-content-style":"default","site-sidebar-style":"default","ast-global-header-display":"","ast-banner-title-visibility":"","ast-main-header-display":"","ast-hfb-above-header-display":"","ast-hfb-below-header-display":"","ast-hfb-mobile-header-display":"","site-post-title":"","ast-breadcrumbs-content":"","ast-featured-img":"","footer-sml-layout":"","ast-disable-related-posts":"","theme-transparent-header-meta":"","adv-header-id-meta":"","stick-header-meta":"","header-above-stick-meta":"","header-main-stick-meta":"","header-below-stick-meta":"","astra-migrate-meta-layouts":"default","ast-page-background-enabled":"default","ast-page-background-meta":{"desktop":{"background-color":"","background-image":"","background-repeat":"repeat","background-position":"center center","background-size":"auto","background-attachment":"scroll","background-type":"","background-media":"","overlay-type":"","overlay-color":"","overlay-opacity":"","overlay-gradient":""},"tablet":{"background-color":"","background-image":"","background-repeat":"repeat","background-position":"center center","background-size":"auto","background-attachment":"scroll","background-type":"","background-media":"","overlay-type":"","overlay-color":"","overlay-opacity":"","overlay-gradient":""},"mobile":{"background-color":"","background-image":"","background-repeat":"repeat","background-position":"center center","background-size":"auto","background-attachment":"scroll","background-type":"","background-media":"","overlay-type":"","overlay-color":"","overlay-opacity":"","overlay-gradient":""}},"ast-content-background-meta":{"desktop":{"background-color":"var(--ast-global-color-5)","background-image":"","background-repeat":"repeat","background-position":"center center","background-size":"auto","background-attachment":"scroll","background-type":"","background-media":"","overlay-type":"","overlay-color":"","overlay-opacity":"","overlay-gradient":""},"tablet":{"background-color":"var(--ast-global-color-5)","background-image":"","background-repeat":"repeat","background-position":"center center","background-size":"auto","background-attachment":"scroll","background-type":"","background-media":"","overlay-type":"","overlay-color":"","overlay-opacity":"","overlay-gradient":""},"mobile":{"background-color":"var(--ast-global-color-5)","background-image":"","background-repeat":"repeat","background-position":"center center","background-size":"auto","background-attachment":"scroll","background-type":"","background-media":"","overlay-type":"","overlay-color":"","overlay-opacity":"","overlay-gradient":""}},"_joinchat":[]},"product_brand":[],"product_cat":[42],"product_tag":[],"class_list":{"0":"post-5783","1":"product","2":"type-product","3":"status-publish","4":"has-post-thumbnail","6":"product_cat-dvd","7":"desktop-align-left","8":"tablet-align-left","9":"mobile-align-left","11":"first","12":"instock","13":"sale","14":"shipping-taxable","15":"purchasable","16":"product-type-simple"},"_links":{"self":[{"href":"https:\/\/cinemasoul.es\/index.php?rest_route=\/wp\/v2\/product\/5783","targetHints":{"allow":["GET"]}}],"collection":[{"href":"https:\/\/cinemasoul.es\/index.php?rest_route=\/wp\/v2\/product"}],"about":[{"href":"https:\/\/cinemasoul.es\/index.php?rest_route=\/wp\/v2\/types\/product"}],"replies":[{"embeddable":true,"href":"https:\/\/cinemasoul.es\/index.php?rest_route=%2Fwp%2Fv2%2Fcomments&post=5783"}],"version-history":[{"count":1,"href":"https:\/\/cinemasoul.es\/index.php?rest_route=\/wp\/v2\/product\/5783\/revisions"}],"predecessor-version":[{"id":5786,"href":"https:\/\/cinemasoul.es\/index.php?rest_route=\/wp\/v2\/product\/5783\/revisions\/5786"}],"wp:featuredmedia":[{"embeddable":true,"href":"https:\/\/cinemasoul.es\/index.php?rest_route=\/wp\/v2\/media\/5784"}],"wp:attachment":[{"href":"https:\/\/cinemasoul.es\/index.php?rest_route=%2Fwp%2Fv2%2Fmedia&parent=5783"}],"wp:term":[{"taxonomy":"product_brand","embeddable":true,"href":"https:\/\/cinemasoul.es\/index.php?rest_route=%2Fwp%2Fv2%2Fproduct_brand&post=5783"},{"taxonomy":"product_cat","embeddable":true,"href":"https:\/\/cinemasoul.es\/index.php?rest_route=%2Fwp%2Fv2%2Fproduct_cat&post=5783"},{"taxonomy":"product_tag","embeddable":true,"href":"https:\/\/cinemasoul.es\/index.php?rest_route=%2Fwp%2Fv2%2Fproduct_tag&post=5783"}],"curies":[{"name":"wp","href":"https:\/\/api.w.org\/{rel}","templated":true}]}}