{"id":5774,"date":"2022-06-30T17:09:04","date_gmt":"2022-06-30T17:09:04","guid":{"rendered":"https:\/\/www.cinemasoul.es\/?post_type=product&#038;p=5774"},"modified":"2022-06-30T17:09:04","modified_gmt":"2022-06-30T17:09:04","slug":"comando-del-pacifico-dvd","status":"publish","type":"product","link":"https:\/\/cinemasoul.es\/?product=comando-del-pacifico-dvd","title":{"rendered":"Comando del Pac\u00edfico [DVD]"},"content":{"rendered":"","protected":false},"excerpt":{"rendered":"<p>COLUMBIA PICTURES PRESENTA UNA PRODUCCI\u00d3N DE FRED KOHLMAR. JACK LEMMON y RICKY NELSON EN \u201cCOMANDO DEL PAC\u00cdFICO\u201d (THE WACKIEST SHIP IN THE ARMY)\u00a0<strong>CO PROTAGONIZADA <\/strong>POR\u00a0JOHN LUND, CHIPS RAFFERTY, TOM TULLY, JOBY BAKER, WARREN BERLINGER, Y PATRICIA DRISCOLL.\u00a0BASADA EN UNA<strong> HISTORIA <\/strong>DE HERBERT CARLSON. \u00a0<strong>ESCRITA PARA LA PANTALLA POR \u00a0HERBERTMARGOLIS y<\/strong> WILLIAM RAYNOR.\u00a0<strong>GUI\u00d3N <\/strong>DE RICHARD MURPHY.\u00a0<strong>DIRIGIDA <\/strong>POR RICHARD MURPHY.<\/p>\n<p><strong>A\u00d1O<\/strong>: 1960.\u00a0<strong>G\u00c9NERO<\/strong>: COMEDIA.\u00a0<strong>NACIONALIDAD<\/strong>: ESTADOS UNIDOS.\u00a0<strong>COLOR<\/strong>.\u00a0<strong>DURACI\u00d3N<\/strong>: 95 MIN. APROX.\u00a0<strong>IDIOMAS<\/strong>: CASTELLANO E INGL\u00c9S CON SUBT\u00cdTULOS EN CASTELLANO.\u00a0<strong>FORMATO DE PANTALLA<\/strong>: 16\/9 2.35:1. <strong>CERTIFICADO ICAA N\u00ba<\/strong>: 127.321.\u00a0<strong>CLASIFICACI\u00d3N<\/strong>: APTA PARA TODOS LOS P\u00daBLICOS.\u00a0<strong>DEP\u00d3SITO<\/strong> <strong>LEGAL<\/strong> TF 116-2013<\/p>\n<p><strong>VERSI\u00d3N ORIGINAL SUBTITULADA\u00a0<\/strong><\/p>\n<p>El teniente Rip Crandall (Jack Lemmon) es enga\u00f1ado para que tome el mando del barco m\u00e1s desastroso de la marina, una aut\u00e9ntica barcaza gobernada por una tripulaci\u00f3n de in\u00fatiles incapaces de hacer un nudo marinero. Lo que ninguno de ellos sabe es que tienen una importante misi\u00f3n secreta para acabar con las patrullas japonesas en aguas del Pac\u00edfico. Deber\u00e1n salvar cientos de vidas aliadas\u2026 si es que son capaces de llegar con el barco entero.<\/p>\n","protected":false},"featured_media":5775,"comment_status":"open","ping_status":"closed","template":"","meta":{"site-sidebar-layout":"default","site-content-layout":"default","ast-site-content-layout":"default","site-content-style":"default","site-sidebar-style":"default","ast-global-header-display":"","ast-banner-title-visibility":"","ast-main-header-display":"","ast-hfb-above-header-display":"","ast-hfb-below-header-display":"","ast-hfb-mobile-header-display":"","site-post-title":"","ast-breadcrumbs-content":"","ast-featured-img":"","footer-sml-layout":"","ast-disable-related-posts":"","theme-transparent-header-meta":"","adv-header-id-meta":"","stick-header-meta":"","header-above-stick-meta":"","header-main-stick-meta":"","header-below-stick-meta":"","astra-migrate-meta-layouts":"default","ast-page-background-enabled":"default","ast-page-background-meta":{"desktop":{"background-color":"","background-image":"","background-repeat":"repeat","background-position":"center center","background-size":"auto","background-attachment":"scroll","background-type":"","background-media":"","overlay-type":"","overlay-color":"","overlay-opacity":"","overlay-gradient":""},"tablet":{"background-color":"","background-image":"","background-repeat":"repeat","background-position":"center center","background-size":"auto","background-attachment":"scroll","background-type":"","background-media":"","overlay-type":"","overlay-color":"","overlay-opacity":"","overlay-gradient":""},"mobile":{"background-color":"","background-image":"","background-repeat":"repeat","background-position":"center center","background-size":"auto","background-attachment":"scroll","background-type":"","background-media":"","overlay-type":"","overlay-color":"","overlay-opacity":"","overlay-gradient":""}},"ast-content-background-meta":{"desktop":{"background-color":"var(--ast-global-color-5)","background-image":"","background-repeat":"repeat","background-position":"center center","background-size":"auto","background-attachment":"scroll","background-type":"","background-media":"","overlay-type":"","overlay-color":"","overlay-opacity":"","overlay-gradient":""},"tablet":{"background-color":"var(--ast-global-color-5)","background-image":"","background-repeat":"repeat","background-position":"center center","background-size":"auto","background-attachment":"scroll","background-type":"","background-media":"","overlay-type":"","overlay-color":"","overlay-opacity":"","overlay-gradient":""},"mobile":{"background-color":"var(--ast-global-color-5)","background-image":"","background-repeat":"repeat","background-position":"center center","background-size":"auto","background-attachment":"scroll","background-type":"","background-media":"","overlay-type":"","overlay-color":"","overlay-opacity":"","overlay-gradient":""}},"_joinchat":[]},"product_brand":[],"product_cat":[42],"product_tag":[],"class_list":{"0":"post-5774","1":"product","2":"type-product","3":"status-publish","4":"has-post-thumbnail","6":"product_cat-dvd","7":"desktop-align-left","8":"tablet-align-left","9":"mobile-align-left","11":"first","12":"instock","13":"sale","14":"shipping-taxable","15":"purchasable","16":"product-type-simple"},"_links":{"self":[{"href":"https:\/\/cinemasoul.es\/index.php?rest_route=\/wp\/v2\/product\/5774","targetHints":{"allow":["GET"]}}],"collection":[{"href":"https:\/\/cinemasoul.es\/index.php?rest_route=\/wp\/v2\/product"}],"about":[{"href":"https:\/\/cinemasoul.es\/index.php?rest_route=\/wp\/v2\/types\/product"}],"replies":[{"embeddable":true,"href":"https:\/\/cinemasoul.es\/index.php?rest_route=%2Fwp%2Fv2%2Fcomments&post=5774"}],"version-history":[{"count":1,"href":"https:\/\/cinemasoul.es\/index.php?rest_route=\/wp\/v2\/product\/5774\/revisions"}],"predecessor-version":[{"id":5777,"href":"https:\/\/cinemasoul.es\/index.php?rest_route=\/wp\/v2\/product\/5774\/revisions\/5777"}],"wp:featuredmedia":[{"embeddable":true,"href":"https:\/\/cinemasoul.es\/index.php?rest_route=\/wp\/v2\/media\/5775"}],"wp:attachment":[{"href":"https:\/\/cinemasoul.es\/index.php?rest_route=%2Fwp%2Fv2%2Fmedia&parent=5774"}],"wp:term":[{"taxonomy":"product_brand","embeddable":true,"href":"https:\/\/cinemasoul.es\/index.php?rest_route=%2Fwp%2Fv2%2Fproduct_brand&post=5774"},{"taxonomy":"product_cat","embeddable":true,"href":"https:\/\/cinemasoul.es\/index.php?rest_route=%2Fwp%2Fv2%2Fproduct_cat&post=5774"},{"taxonomy":"product_tag","embeddable":true,"href":"https:\/\/cinemasoul.es\/index.php?rest_route=%2Fwp%2Fv2%2Fproduct_tag&post=5774"}],"curies":[{"name":"wp","href":"https:\/\/api.w.org\/{rel}","templated":true}]}}