{"id":5770,"date":"2022-06-30T16:59:01","date_gmt":"2022-06-30T16:59:01","guid":{"rendered":"https:\/\/www.cinemasoul.es\/?post_type=product&#038;p=5770"},"modified":"2022-06-30T16:59:01","modified_gmt":"2022-06-30T16:59:01","slug":"chica-para-matrimonio-dvd","status":"publish","type":"product","link":"https:\/\/cinemasoul.es\/?product=chica-para-matrimonio-dvd","title":{"rendered":"Chica para matrimonio [DVD]"},"content":{"rendered":"","protected":false},"excerpt":{"rendered":"<p><strong>COLUMBIA PICTURES PRESENTA<\/strong> JUDY HOLLIDAY, ALDO RAY, <strong>Y<\/strong> MADGE KENNEDY <strong>EN<\/strong> \u201cCHICA PARA MATRIMONIO\u201d (<em>THE MARRYING KIND<\/em>). <strong>COPROTAGONIZADA POR<\/strong> SHEILA BOND, JOHN ALEXANDER, REX WILLIAMS, PHYLLIS POVAH, MICKEY SHAUGHNESSY. <strong>GUI\u00d3N DE<\/strong> RUTH GORDON <strong>Y<\/strong> GARSON KANIN. <strong>PRODUCIDA POR<\/strong> BERT GRANET <strong>DIRIGIDA POR<\/strong> GEORGE CUKOR. <strong>G\u00c9NERO<\/strong>: COMEDIA.\u00a0<strong>A\u00d1O<\/strong>: 1952.\u00a0<strong>NACIONALIDAD<\/strong>: ESTADOS UNIDOS.\u00a0<strong>BLANCO Y NEGRO<\/strong>.\u00a0<strong>DURACI\u00d3N<\/strong>: 84 MIN. APROX.\u00a0<strong>IDIOMAS<\/strong>: CASTELLANO E INGL\u00c9S CON SUBT\u00cdTULOS EN CASTELLANO.\u00a0<strong>FORMATO DE PANTALLA<\/strong>: 4\/3 1.37:1.\u00a0<strong>CERTIFICADO DE CLASIFICACI\u00d3N ICAA N\u00ba<\/strong>: 124.849. <strong>CLASIFICACI\u00d3N<\/strong>: APTA PARA TODOS LOS P\u00daBLICOS. <strong>DEP\u00d3SITO LEGAL<\/strong>:TF 703-2012. <strong>EAN<\/strong>: 8414533083980.<\/p>\n<p><strong><em>\u00a1DESPU\u00c9S DE DECIR \u201cS\u00cd\u201d\u2026 vinieron las complicaciones!\u00a0<\/em><\/strong>\u00ab<em>Otra de las siempre divertidas comedias de George Cukor<\/em>\u00ab.- Fernando Morales: Diario El Pa\u00eds.<\/p>\n<p>Despu\u00e9s de varios a\u00f1os de convivencia, repletos de privaciones, alegr\u00edas y penas, Florende (Judy Holliday) y Chester Keefer (Aldo Ray) deciden poner fin a su matrimonio porque creen que sus diferencias son absolutamente irreconciliables. Escuchadas sus declaraciones, la perspicaz juez Carroll (Madge Kennedy), del tribunal de relaciones dom\u00e9sticas, re\u00fane a ambos esposos en su despacho y les pide que le cuenten la historia de su relaci\u00f3n desde el d\u00eda en el que se conocieron. De esta manera van rememorando los buenos tiempos que pasaron y las buenas cosas que compartieron.<\/p>\n","protected":false},"featured_media":5771,"comment_status":"open","ping_status":"closed","template":"","meta":{"site-sidebar-layout":"default","site-content-layout":"default","ast-site-content-layout":"default","site-content-style":"default","site-sidebar-style":"default","ast-global-header-display":"","ast-banner-title-visibility":"","ast-main-header-display":"","ast-hfb-above-header-display":"","ast-hfb-below-header-display":"","ast-hfb-mobile-header-display":"","site-post-title":"","ast-breadcrumbs-content":"","ast-featured-img":"","footer-sml-layout":"","ast-disable-related-posts":"","theme-transparent-header-meta":"","adv-header-id-meta":"","stick-header-meta":"","header-above-stick-meta":"","header-main-stick-meta":"","header-below-stick-meta":"","astra-migrate-meta-layouts":"default","ast-page-background-enabled":"default","ast-page-background-meta":{"desktop":{"background-color":"","background-image":"","background-repeat":"repeat","background-position":"center center","background-size":"auto","background-attachment":"scroll","background-type":"","background-media":"","overlay-type":"","overlay-color":"","overlay-opacity":"","overlay-gradient":""},"tablet":{"background-color":"","background-image":"","background-repeat":"repeat","background-position":"center center","background-size":"auto","background-attachment":"scroll","background-type":"","background-media":"","overlay-type":"","overlay-color":"","overlay-opacity":"","overlay-gradient":""},"mobile":{"background-color":"","background-image":"","background-repeat":"repeat","background-position":"center center","background-size":"auto","background-attachment":"scroll","background-type":"","background-media":"","overlay-type":"","overlay-color":"","overlay-opacity":"","overlay-gradient":""}},"ast-content-background-meta":{"desktop":{"background-color":"var(--ast-global-color-5)","background-image":"","background-repeat":"repeat","background-position":"center center","background-size":"auto","background-attachment":"scroll","background-type":"","background-media":"","overlay-type":"","overlay-color":"","overlay-opacity":"","overlay-gradient":""},"tablet":{"background-color":"var(--ast-global-color-5)","background-image":"","background-repeat":"repeat","background-position":"center center","background-size":"auto","background-attachment":"scroll","background-type":"","background-media":"","overlay-type":"","overlay-color":"","overlay-opacity":"","overlay-gradient":""},"mobile":{"background-color":"var(--ast-global-color-5)","background-image":"","background-repeat":"repeat","background-position":"center center","background-size":"auto","background-attachment":"scroll","background-type":"","background-media":"","overlay-type":"","overlay-color":"","overlay-opacity":"","overlay-gradient":""}},"_joinchat":[]},"product_brand":[],"product_cat":[42],"product_tag":[],"class_list":{"0":"post-5770","1":"product","2":"type-product","3":"status-publish","4":"has-post-thumbnail","6":"product_cat-dvd","7":"desktop-align-left","8":"tablet-align-left","9":"mobile-align-left","11":"first","12":"instock","13":"sale","14":"shipping-taxable","15":"purchasable","16":"product-type-simple"},"_links":{"self":[{"href":"https:\/\/cinemasoul.es\/index.php?rest_route=\/wp\/v2\/product\/5770","targetHints":{"allow":["GET"]}}],"collection":[{"href":"https:\/\/cinemasoul.es\/index.php?rest_route=\/wp\/v2\/product"}],"about":[{"href":"https:\/\/cinemasoul.es\/index.php?rest_route=\/wp\/v2\/types\/product"}],"replies":[{"embeddable":true,"href":"https:\/\/cinemasoul.es\/index.php?rest_route=%2Fwp%2Fv2%2Fcomments&post=5770"}],"version-history":[{"count":1,"href":"https:\/\/cinemasoul.es\/index.php?rest_route=\/wp\/v2\/product\/5770\/revisions"}],"predecessor-version":[{"id":5773,"href":"https:\/\/cinemasoul.es\/index.php?rest_route=\/wp\/v2\/product\/5770\/revisions\/5773"}],"wp:featuredmedia":[{"embeddable":true,"href":"https:\/\/cinemasoul.es\/index.php?rest_route=\/wp\/v2\/media\/5771"}],"wp:attachment":[{"href":"https:\/\/cinemasoul.es\/index.php?rest_route=%2Fwp%2Fv2%2Fmedia&parent=5770"}],"wp:term":[{"taxonomy":"product_brand","embeddable":true,"href":"https:\/\/cinemasoul.es\/index.php?rest_route=%2Fwp%2Fv2%2Fproduct_brand&post=5770"},{"taxonomy":"product_cat","embeddable":true,"href":"https:\/\/cinemasoul.es\/index.php?rest_route=%2Fwp%2Fv2%2Fproduct_cat&post=5770"},{"taxonomy":"product_tag","embeddable":true,"href":"https:\/\/cinemasoul.es\/index.php?rest_route=%2Fwp%2Fv2%2Fproduct_tag&post=5770"}],"curies":[{"name":"wp","href":"https:\/\/api.w.org\/{rel}","templated":true}]}}