{"id":5763,"date":"2022-06-30T16:53:20","date_gmt":"2022-06-30T16:53:20","guid":{"rendered":"https:\/\/www.cinemasoul.es\/?post_type=product&#038;p=5763"},"modified":"2022-06-30T16:53:20","modified_gmt":"2022-06-30T16:53:20","slug":"buscando-millonario-dvd","status":"publish","type":"product","link":"https:\/\/cinemasoul.es\/?product=buscando-millonario-dvd","title":{"rendered":"Buscando Millonario [DVD]"},"content":{"rendered":"","protected":false},"excerpt":{"rendered":"<p><strong>WARNER BROS. PICTURES PRESENTA<\/strong>\u00a0\u201cBUSCANDO MILLONARIO\u201d (<em>PALM SPRINGS WEEKEND<\/em>).\u00a0<strong>PROTAGONIZADA<\/strong> <strong>POR<\/strong> TROY DONAHUE CONNIE STEVENS TY HARDIN STEFANIE POWERS ROBERT CONRAD ANDREW DUGGAN\u00a0JACK WESTON CAROLE COOK JERRY VAN DYKE TECHNICOLOR\u00ae\u00a0<strong>ESCRITA POR<\/strong> EARL HAMNER, JR.\u00a0<strong>PRODUCIDA POR<\/strong> MICHAEL A. HOEY\u00a0<strong>DIRIGIDA POR<\/strong> NORMAN TAUROG<\/p>\n<p><strong>IDIOMAS<\/strong>: CASTELLANO E INGL\u00c9S CON SUBT\u00cdTULOS EN CASTELLANO\u00a0<strong>NACIONALIDAD<\/strong>: ESTADOS UNIDOS\u00a0<strong>A\u00d1O<\/strong>: 1963\u00a0<strong>G\u00c9NERO<\/strong>: COMEDIA- DRAMA\u00a0<strong>DURACI\u00d3N<\/strong>: 97\u2019\u00a0<strong>FORMATO<\/strong>: 4X3 1:85\u00a0<strong>COLOR\u00a0<\/strong><strong>REFERENCIA<\/strong>: DVDY27550\u00a0<strong>EAN<\/strong>: 5051893028645\u00a0<strong>DEP\u00d3SITO LEGAL<\/strong>: TF: 687- 2010\u00a0<strong>N\u00ba DE EXPEDIENTE<\/strong>: 116.271\u00a0<strong>CLASIFICACION<\/strong>: NO RECOMENDADA PARA MENORES DE 12 A\u00d1OS<\/p>\n<p><strong><em>Palm Springs es el sitio adonde van los chicos y las chicas&#8230;&#8230; durante ese fin de semana en que los estudiantes americanos toman por asalto el lugar de recreo m\u00e1s fino del pa\u00eds.<\/em><\/strong> \u00a1Qu\u00e9 tiempos aquellos sesenta! Los coches llevaban alerones, las chicas beb\u00edan ponche y los chicos se peinaban a lo cola de pato. Frankie Avalon y Annette Funnicello \u2013los protagonistas de <em>Esc\u00e1ndalo en la playa<\/em> (1963) \u2013 viv\u00edan en ba\u00f1ador una eterna fiesta surfera. Connie Francis pasaba las vacaciones en Fort Lauderdale \u2013 la Venecia de Florida\u2013 porque ya se sabe: <em>Donde hay chicos hay chicas<\/em> (1960). Y durante las vacaciones de primavera, una tropa de adolescentes se daba cita en Palm Spring, el gran \u201cpatio de recreo\u201d del desierto californiano, para pasar un desenfrenado fin de semana.\u00a0Troy Donahue encabeza el reparto de esta otra a\u00f1eja y desenfadada celebraci\u00f3n del modo de vida sesentero (se rod\u00f3 en 1963) en la que se pretende reflejar las alegr\u00edas, anhelos y frustraciones de una generaci\u00f3n. Aqu\u00ed interpreta a Jim Munroe, el capit\u00e1n de un equipo de baloncesto que se instala en el hotel La Casa Yates de Palm Springs para vivir un fin de semana loco gozando del sol y el amor\u00a0\u00a1Y todo pasa muy deprisa! Al fin y al cabo, las vacaciones son cortas y los metabolismos y las hormonas se disparan. Jim conoce al amor de su vida, Bunny (Stefanie Powers), en una tienda de discos. Gail (Connie Stevens) se enamora del chico que no debe (Robert Conrad), pero su reputaci\u00f3n queda intacta gracias a Stretch (Ty Hardin). En cuanto aparece una chica de verdad (Zeme), el pazguato del equipo, Bill (Jerry Van Dyke), se da cuenta de que la \u201cm\u00e1quina de ligar\u201d \u2013 ese aparatito que ha inventado \u2013 no sirve para nada. Y hasta el entrenador Campbell (Jack Weston) se emplea a fondo para conquistar a Naomi (Carole Cook).\u00a0Los j\u00f3venes h\u00e9roes y hero\u00ednas de <em>Buscando millonario<\/em> pasan la noche bailando el <em>twist<\/em> en vez de tener citas. La primera regla de Casa Yates es terminante: \u201cProhibida la Polinizaci\u00f3n Cruzada\u201d. \u00a1Pero ellos intentan salt\u00e1rsela por todos los medios!<\/p>\n","protected":false},"featured_media":5764,"comment_status":"open","ping_status":"closed","template":"","meta":{"site-sidebar-layout":"default","site-content-layout":"default","ast-site-content-layout":"default","site-content-style":"default","site-sidebar-style":"default","ast-global-header-display":"","ast-banner-title-visibility":"","ast-main-header-display":"","ast-hfb-above-header-display":"","ast-hfb-below-header-display":"","ast-hfb-mobile-header-display":"","site-post-title":"","ast-breadcrumbs-content":"","ast-featured-img":"","footer-sml-layout":"","ast-disable-related-posts":"","theme-transparent-header-meta":"","adv-header-id-meta":"","stick-header-meta":"","header-above-stick-meta":"","header-main-stick-meta":"","header-below-stick-meta":"","astra-migrate-meta-layouts":"default","ast-page-background-enabled":"default","ast-page-background-meta":{"desktop":{"background-color":"","background-image":"","background-repeat":"repeat","background-position":"center center","background-size":"auto","background-attachment":"scroll","background-type":"","background-media":"","overlay-type":"","overlay-color":"","overlay-opacity":"","overlay-gradient":""},"tablet":{"background-color":"","background-image":"","background-repeat":"repeat","background-position":"center center","background-size":"auto","background-attachment":"scroll","background-type":"","background-media":"","overlay-type":"","overlay-color":"","overlay-opacity":"","overlay-gradient":""},"mobile":{"background-color":"","background-image":"","background-repeat":"repeat","background-position":"center center","background-size":"auto","background-attachment":"scroll","background-type":"","background-media":"","overlay-type":"","overlay-color":"","overlay-opacity":"","overlay-gradient":""}},"ast-content-background-meta":{"desktop":{"background-color":"var(--ast-global-color-5)","background-image":"","background-repeat":"repeat","background-position":"center center","background-size":"auto","background-attachment":"scroll","background-type":"","background-media":"","overlay-type":"","overlay-color":"","overlay-opacity":"","overlay-gradient":""},"tablet":{"background-color":"var(--ast-global-color-5)","background-image":"","background-repeat":"repeat","background-position":"center center","background-size":"auto","background-attachment":"scroll","background-type":"","background-media":"","overlay-type":"","overlay-color":"","overlay-opacity":"","overlay-gradient":""},"mobile":{"background-color":"var(--ast-global-color-5)","background-image":"","background-repeat":"repeat","background-position":"center center","background-size":"auto","background-attachment":"scroll","background-type":"","background-media":"","overlay-type":"","overlay-color":"","overlay-opacity":"","overlay-gradient":""}},"_joinchat":[]},"product_brand":[],"product_cat":[42],"product_tag":[],"class_list":{"0":"post-5763","1":"product","2":"type-product","3":"status-publish","4":"has-post-thumbnail","6":"product_cat-dvd","7":"desktop-align-left","8":"tablet-align-left","9":"mobile-align-left","11":"first","12":"instock","13":"sale","14":"shipping-taxable","15":"purchasable","16":"product-type-simple"},"_links":{"self":[{"href":"https:\/\/cinemasoul.es\/index.php?rest_route=\/wp\/v2\/product\/5763","targetHints":{"allow":["GET"]}}],"collection":[{"href":"https:\/\/cinemasoul.es\/index.php?rest_route=\/wp\/v2\/product"}],"about":[{"href":"https:\/\/cinemasoul.es\/index.php?rest_route=\/wp\/v2\/types\/product"}],"replies":[{"embeddable":true,"href":"https:\/\/cinemasoul.es\/index.php?rest_route=%2Fwp%2Fv2%2Fcomments&post=5763"}],"version-history":[{"count":1,"href":"https:\/\/cinemasoul.es\/index.php?rest_route=\/wp\/v2\/product\/5763\/revisions"}],"predecessor-version":[{"id":5765,"href":"https:\/\/cinemasoul.es\/index.php?rest_route=\/wp\/v2\/product\/5763\/revisions\/5765"}],"wp:featuredmedia":[{"embeddable":true,"href":"https:\/\/cinemasoul.es\/index.php?rest_route=\/wp\/v2\/media\/5764"}],"wp:attachment":[{"href":"https:\/\/cinemasoul.es\/index.php?rest_route=%2Fwp%2Fv2%2Fmedia&parent=5763"}],"wp:term":[{"taxonomy":"product_brand","embeddable":true,"href":"https:\/\/cinemasoul.es\/index.php?rest_route=%2Fwp%2Fv2%2Fproduct_brand&post=5763"},{"taxonomy":"product_cat","embeddable":true,"href":"https:\/\/cinemasoul.es\/index.php?rest_route=%2Fwp%2Fv2%2Fproduct_cat&post=5763"},{"taxonomy":"product_tag","embeddable":true,"href":"https:\/\/cinemasoul.es\/index.php?rest_route=%2Fwp%2Fv2%2Fproduct_tag&post=5763"}],"curies":[{"name":"wp","href":"https:\/\/api.w.org\/{rel}","templated":true}]}}