{"id":5755,"date":"2022-06-30T16:45:49","date_gmt":"2022-06-30T16:45:49","guid":{"rendered":"https:\/\/www.cinemasoul.es\/?post_type=product&#038;p=5755"},"modified":"2022-06-30T16:45:49","modified_gmt":"2022-06-30T16:45:49","slug":"besos-para-mi-presidente-dvd","status":"publish","type":"product","link":"https:\/\/cinemasoul.es\/?product=besos-para-mi-presidente-dvd","title":{"rendered":"Besos para mi Presidente [DVD]"},"content":{"rendered":"","protected":false},"excerpt":{"rendered":"<p><strong>WARNER BROS. PICTURES PRESENTA A\u00a0<\/strong>FRED MACMURRAY POLLY BERGEN <strong>EN\u00a0<\/strong>\u201cBESOS PARA MI PRESIDENTE\u201d (KISSES FOR MY PRESIDENT)\u00a0<strong>COPROTAGONIZADA POR<\/strong> ARLENE DAHL EDWARD ANDREWS\u00a0<strong>Y<\/strong> ELI WALLACH\u00a0<strong>M\u00daSICA DE<\/strong> BRONISLAU KAPER\u00a0<strong>GUI\u00d3N DE<\/strong> CLAUDE BINYON Y ROBERT G. KANE\u00a0<strong>PRODUCIDA Y DIRIGIDA<\/strong> POR CURTIS BERNHARDT\u00a0<strong>UNA PRODUCCI\u00d3N<\/strong> <strong>DE<\/strong> PEARLYANE. <strong>IDIOMAS<\/strong>: CASTELLANO E INGL\u00c9S CON SUBT\u00cdTULOS EN CASTELLANO\u00a0<strong>NACIONALIDAD<\/strong>: ESTADOS UNIDOS <strong>A\u00d1O<\/strong>: 1964\u00a0<strong>G\u00c9NERO<\/strong>:\u00a0Comedia\u00a0<strong>DURACI\u00d3N<\/strong>: 110&#8242;\u00a0<strong>FORMATO<\/strong>: 16X9 1:78\u00a0BLANCO Y NEGRO <strong>DEP\u00d3SITO LEGAL<\/strong>: TF: 521-2011\u00a0<strong>N\u00ba DE EXPEDIENTE<\/strong>: 120.994 <strong>FEERTS<\/strong>: 1000206810\u00a0<strong>EAN<\/strong>: 5051893054842\u00a0<strong>CLASIFICACION<\/strong>: APTA PARA TODOS LOS P\u00daBLICOS<\/p>\n<p><strong><em>\u00bfEs la Casa Blanca el domicilio equivocado para el marido de la Sra. Presidente?<\/em><\/strong> Ya se ha votado. El p\u00fablico ha hablado. El mejor hombre para realizar el trabajo\u2026 \u00a1es una mujer! Am\u00e9rica est\u00e1 orgullosa de su primera mujer presidente. Pero adivinen qui\u00e9n est\u00e1 algo menos contento por convertirse en el primer esposo de la naci\u00f3n.\u00a0Fred MacMurray y Polly Bergen se trasladan al 1600 de la Avenida Pennsylvania en esta comedia\u00a0 de cambio de roles: Ella es la presidente. El electorado puede haber decidido que una mujer pueda gobernar, pero no su marido. Desconcertado y lleno de tics, va cans\u00e1ndose poco a poco de la situaci\u00f3n: La clase de reacciones c\u00f3micas que hiceron que las actuaciones de MacMurray en las comedias Disney y en el programa de Televisi\u00f3n <em>Tres Hijos<\/em> se convirtieran en las favoritas para generaciones de fans. Definitivamente la pol\u00edtica de siempre no se encontrar\u00e1 en <em>Besos para mi presidente.<\/em><\/p>\n","protected":false},"featured_media":5756,"comment_status":"open","ping_status":"closed","template":"","meta":{"site-sidebar-layout":"default","site-content-layout":"default","ast-site-content-layout":"default","site-content-style":"default","site-sidebar-style":"default","ast-global-header-display":"","ast-banner-title-visibility":"","ast-main-header-display":"","ast-hfb-above-header-display":"","ast-hfb-below-header-display":"","ast-hfb-mobile-header-display":"","site-post-title":"","ast-breadcrumbs-content":"","ast-featured-img":"","footer-sml-layout":"","ast-disable-related-posts":"","theme-transparent-header-meta":"","adv-header-id-meta":"","stick-header-meta":"","header-above-stick-meta":"","header-main-stick-meta":"","header-below-stick-meta":"","astra-migrate-meta-layouts":"default","ast-page-background-enabled":"default","ast-page-background-meta":{"desktop":{"background-color":"","background-image":"","background-repeat":"repeat","background-position":"center center","background-size":"auto","background-attachment":"scroll","background-type":"","background-media":"","overlay-type":"","overlay-color":"","overlay-opacity":"","overlay-gradient":""},"tablet":{"background-color":"","background-image":"","background-repeat":"repeat","background-position":"center center","background-size":"auto","background-attachment":"scroll","background-type":"","background-media":"","overlay-type":"","overlay-color":"","overlay-opacity":"","overlay-gradient":""},"mobile":{"background-color":"","background-image":"","background-repeat":"repeat","background-position":"center center","background-size":"auto","background-attachment":"scroll","background-type":"","background-media":"","overlay-type":"","overlay-color":"","overlay-opacity":"","overlay-gradient":""}},"ast-content-background-meta":{"desktop":{"background-color":"var(--ast-global-color-5)","background-image":"","background-repeat":"repeat","background-position":"center center","background-size":"auto","background-attachment":"scroll","background-type":"","background-media":"","overlay-type":"","overlay-color":"","overlay-opacity":"","overlay-gradient":""},"tablet":{"background-color":"var(--ast-global-color-5)","background-image":"","background-repeat":"repeat","background-position":"center center","background-size":"auto","background-attachment":"scroll","background-type":"","background-media":"","overlay-type":"","overlay-color":"","overlay-opacity":"","overlay-gradient":""},"mobile":{"background-color":"var(--ast-global-color-5)","background-image":"","background-repeat":"repeat","background-position":"center center","background-size":"auto","background-attachment":"scroll","background-type":"","background-media":"","overlay-type":"","overlay-color":"","overlay-opacity":"","overlay-gradient":""}},"_joinchat":[]},"product_brand":[],"product_cat":[42],"product_tag":[],"class_list":{"0":"post-5755","1":"product","2":"type-product","3":"status-publish","4":"has-post-thumbnail","6":"product_cat-dvd","7":"desktop-align-left","8":"tablet-align-left","9":"mobile-align-left","11":"first","12":"instock","13":"sale","14":"shipping-taxable","15":"purchasable","16":"product-type-simple"},"_links":{"self":[{"href":"https:\/\/cinemasoul.es\/index.php?rest_route=\/wp\/v2\/product\/5755","targetHints":{"allow":["GET"]}}],"collection":[{"href":"https:\/\/cinemasoul.es\/index.php?rest_route=\/wp\/v2\/product"}],"about":[{"href":"https:\/\/cinemasoul.es\/index.php?rest_route=\/wp\/v2\/types\/product"}],"replies":[{"embeddable":true,"href":"https:\/\/cinemasoul.es\/index.php?rest_route=%2Fwp%2Fv2%2Fcomments&post=5755"}],"version-history":[{"count":1,"href":"https:\/\/cinemasoul.es\/index.php?rest_route=\/wp\/v2\/product\/5755\/revisions"}],"predecessor-version":[{"id":5758,"href":"https:\/\/cinemasoul.es\/index.php?rest_route=\/wp\/v2\/product\/5755\/revisions\/5758"}],"wp:featuredmedia":[{"embeddable":true,"href":"https:\/\/cinemasoul.es\/index.php?rest_route=\/wp\/v2\/media\/5756"}],"wp:attachment":[{"href":"https:\/\/cinemasoul.es\/index.php?rest_route=%2Fwp%2Fv2%2Fmedia&parent=5755"}],"wp:term":[{"taxonomy":"product_brand","embeddable":true,"href":"https:\/\/cinemasoul.es\/index.php?rest_route=%2Fwp%2Fv2%2Fproduct_brand&post=5755"},{"taxonomy":"product_cat","embeddable":true,"href":"https:\/\/cinemasoul.es\/index.php?rest_route=%2Fwp%2Fv2%2Fproduct_cat&post=5755"},{"taxonomy":"product_tag","embeddable":true,"href":"https:\/\/cinemasoul.es\/index.php?rest_route=%2Fwp%2Fv2%2Fproduct_tag&post=5755"}],"curies":[{"name":"wp","href":"https:\/\/api.w.org\/{rel}","templated":true}]}}