{"id":5751,"date":"2022-06-30T16:42:16","date_gmt":"2022-06-30T16:42:16","guid":{"rendered":"https:\/\/www.cinemasoul.es\/?post_type=product&#038;p=5751"},"modified":"2022-06-30T16:42:16","modified_gmt":"2022-06-30T16:42:16","slug":"besame-y-esfumate-dvd","status":"publish","type":"product","link":"https:\/\/cinemasoul.es\/?product=besame-y-esfumate-dvd","title":{"rendered":"B\u00e9same y esf\u00famate [DVD]"},"content":{"rendered":"","protected":false},"excerpt":{"rendered":"<p><strong>T\u00edtulo original<\/strong> Kiss Me Goodbye <strong>A\u00f1o<\/strong> 1982 <strong>Duraci\u00f3n<\/strong> 101 min. <strong>Pa\u00eds<\/strong> Estados Unidos <strong>Direcci\u00f3n<\/strong> Robert Mulligan <strong>Guion<\/strong> Charlie Peters <strong>M\u00fasica<\/strong> Ralph Burns <strong>Fotograf\u00eda<\/strong> Donald Peterman <strong>Reparto<\/strong> Sally Field, Jeff Bridges, James Caan, Paul Dooley, Claire Trevor, Mildred Natwick, William Prince, Dorothy Fielding <strong>Productora<\/strong> 20th Century Fox <strong>G\u00e9nero<\/strong> Comedia. Fant\u00e1stico. Romance | Comedia rom\u00e1ntica. Fantasmas<\/p>\n<p><strong>Sinopsis<\/strong> Cuando la viuda Kate (Sally Field), est\u00e1 planeando casarse con el arque\u00f3logo Rupert (Jeff Bridges), su nuevo pretendiente, descubre que su finado marido, el core\u00f3grafo Jolly Villano (James Caan) no parece dispuesto a perderla, \u00a1ni muerto!, y ha decidido hacer presencia en la casa donde antes viv\u00edan y en la cual Kate aspira a seguir viviendo junto a su nueva pareja.<\/p>\n","protected":false},"featured_media":5753,"comment_status":"open","ping_status":"closed","template":"","meta":{"site-sidebar-layout":"default","site-content-layout":"default","ast-site-content-layout":"default","site-content-style":"default","site-sidebar-style":"default","ast-global-header-display":"","ast-banner-title-visibility":"","ast-main-header-display":"","ast-hfb-above-header-display":"","ast-hfb-below-header-display":"","ast-hfb-mobile-header-display":"","site-post-title":"","ast-breadcrumbs-content":"","ast-featured-img":"","footer-sml-layout":"","ast-disable-related-posts":"","theme-transparent-header-meta":"","adv-header-id-meta":"","stick-header-meta":"","header-above-stick-meta":"","header-main-stick-meta":"","header-below-stick-meta":"","astra-migrate-meta-layouts":"default","ast-page-background-enabled":"default","ast-page-background-meta":{"desktop":{"background-color":"","background-image":"","background-repeat":"repeat","background-position":"center center","background-size":"auto","background-attachment":"scroll","background-type":"","background-media":"","overlay-type":"","overlay-color":"","overlay-opacity":"","overlay-gradient":""},"tablet":{"background-color":"","background-image":"","background-repeat":"repeat","background-position":"center center","background-size":"auto","background-attachment":"scroll","background-type":"","background-media":"","overlay-type":"","overlay-color":"","overlay-opacity":"","overlay-gradient":""},"mobile":{"background-color":"","background-image":"","background-repeat":"repeat","background-position":"center center","background-size":"auto","background-attachment":"scroll","background-type":"","background-media":"","overlay-type":"","overlay-color":"","overlay-opacity":"","overlay-gradient":""}},"ast-content-background-meta":{"desktop":{"background-color":"var(--ast-global-color-5)","background-image":"","background-repeat":"repeat","background-position":"center center","background-size":"auto","background-attachment":"scroll","background-type":"","background-media":"","overlay-type":"","overlay-color":"","overlay-opacity":"","overlay-gradient":""},"tablet":{"background-color":"var(--ast-global-color-5)","background-image":"","background-repeat":"repeat","background-position":"center center","background-size":"auto","background-attachment":"scroll","background-type":"","background-media":"","overlay-type":"","overlay-color":"","overlay-opacity":"","overlay-gradient":""},"mobile":{"background-color":"var(--ast-global-color-5)","background-image":"","background-repeat":"repeat","background-position":"center center","background-size":"auto","background-attachment":"scroll","background-type":"","background-media":"","overlay-type":"","overlay-color":"","overlay-opacity":"","overlay-gradient":""}},"_joinchat":[]},"product_brand":[],"product_cat":[42],"product_tag":[],"class_list":{"0":"post-5751","1":"product","2":"type-product","3":"status-publish","4":"has-post-thumbnail","6":"product_cat-dvd","7":"desktop-align-left","8":"tablet-align-left","9":"mobile-align-left","11":"first","12":"instock","13":"sale","14":"shipping-taxable","15":"purchasable","16":"product-type-simple"},"_links":{"self":[{"href":"https:\/\/cinemasoul.es\/index.php?rest_route=\/wp\/v2\/product\/5751","targetHints":{"allow":["GET"]}}],"collection":[{"href":"https:\/\/cinemasoul.es\/index.php?rest_route=\/wp\/v2\/product"}],"about":[{"href":"https:\/\/cinemasoul.es\/index.php?rest_route=\/wp\/v2\/types\/product"}],"replies":[{"embeddable":true,"href":"https:\/\/cinemasoul.es\/index.php?rest_route=%2Fwp%2Fv2%2Fcomments&post=5751"}],"version-history":[{"count":1,"href":"https:\/\/cinemasoul.es\/index.php?rest_route=\/wp\/v2\/product\/5751\/revisions"}],"predecessor-version":[{"id":5752,"href":"https:\/\/cinemasoul.es\/index.php?rest_route=\/wp\/v2\/product\/5751\/revisions\/5752"}],"wp:featuredmedia":[{"embeddable":true,"href":"https:\/\/cinemasoul.es\/index.php?rest_route=\/wp\/v2\/media\/5753"}],"wp:attachment":[{"href":"https:\/\/cinemasoul.es\/index.php?rest_route=%2Fwp%2Fv2%2Fmedia&parent=5751"}],"wp:term":[{"taxonomy":"product_brand","embeddable":true,"href":"https:\/\/cinemasoul.es\/index.php?rest_route=%2Fwp%2Fv2%2Fproduct_brand&post=5751"},{"taxonomy":"product_cat","embeddable":true,"href":"https:\/\/cinemasoul.es\/index.php?rest_route=%2Fwp%2Fv2%2Fproduct_cat&post=5751"},{"taxonomy":"product_tag","embeddable":true,"href":"https:\/\/cinemasoul.es\/index.php?rest_route=%2Fwp%2Fv2%2Fproduct_tag&post=5751"}],"curies":[{"name":"wp","href":"https:\/\/api.w.org\/{rel}","templated":true}]}}