{"id":5743,"date":"2022-06-30T13:02:07","date_gmt":"2022-06-30T13:02:07","guid":{"rendered":"https:\/\/www.cinemasoul.es\/?post_type=product&#038;p=5743"},"modified":"2022-06-30T13:02:07","modified_gmt":"2022-06-30T13:02:07","slug":"yo-vigilo-el-camino-dvd","status":"publish","type":"product","link":"https:\/\/cinemasoul.es\/?product=yo-vigilo-el-camino-dvd","title":{"rendered":"Yo vigilo el camino [DVD]"},"content":{"rendered":"","protected":false},"excerpt":{"rendered":"<div id=\"tab-description\" class=\"tab-content\">\n<p><em>\u00abLa mejor pel\u00edcula de Frankenheimer (&#8230;) Excelente gui\u00f3n\u00bb<\/em>\u2013 Augusto M. Torres: Diccionario Espasa<\/p>\n<p>COLUMBIA PICTURES PRESENTA UNA PRODUCCI\u00d3N DE JOHN FRANKENHEIMER -EDWARD LEWIS\u00a0<strong>PROTAGONIZADA<\/strong> POR GREGORY PECK TUESDAY WELD ESTELLE PARSONS EN\u00a0 \u201cYO VIGILO EL CAMINO\u201d (I WALK THE LINE) <strong>COPROTAGONIZADA<\/strong> POR RALPH MEEKER\u00a0<strong>M\u00daSICA<\/strong> DE JOHNNY CASH\u00a0<strong>PRODUCTOR EJECUTIVO<\/strong> EDWARD LEWIS\u00a0<strong>GUI\u00d3N<\/strong> DE ALVIN SARGENT\u00a0BASADO EN LA <strong>NOVELA<\/strong> DE MADISON JONES <strong>PRODUCIDA<\/strong> POR HAROLD D. COHEN <strong>DIRIGIDA<\/strong> POR JOHN FRANKENHEIMER<\/p>\n<p><strong>A\u00d1O<\/strong>: 1970\u00a0<strong>G\u00c9NERO<\/strong>: DRAMA\u00a0<strong>NACIONALIDAD<\/strong>: ESTADOS UNIDOS\u00a0<strong>COLOR<\/strong>: COLOR CERTIFICADO DE CLASIFICACI\u00d3N <strong>ICAA N\u00ba<\/strong> 123.559\u00a0<strong>CLASIFICACI\u00d3N<\/strong>: NO RECOMENDADA PARA MENORES DE 16 A\u00d1OS\u00a0<strong>DEP\u00d3SITO LEGAL<\/strong>:TF: 30-2012\u00a0<strong>DURACI\u00d3N<\/strong>: 92\u00a0 MIN. APROX.\u00a0<strong>IDIOMAS<\/strong>: CASTELLANO E INGL\u00c9S CON SUBT\u00cdTULOS EN CASTELLANO\u00a0<strong>FORMATO DE PANTALLA<\/strong>: 16:9 2.35.1\u00a0<strong>EAN<\/strong>: 8414533081290<\/p>\n<p>El sheriff Henry Tawes (Gregory Peck) es un hombre ya maduro que se siente hastiado del mundo en el que vive y recuerda con nostalgia su pasado cuando trabajaba en una zona rural de Tennessee. Sin embargo, su vida cobra un nuevo sentido al conocer a Alma McCain (Tuesday Weld), la hija de un hombre que destila licor ilegalmente. El cambio que se produce en \u00e9l es tan evidente que su mujer acaba d\u00e1ndose cuenta de que lo est\u00e1 perdiendo.<\/p>\n<\/div>\n","protected":false},"featured_media":5744,"comment_status":"open","ping_status":"closed","template":"","meta":{"site-sidebar-layout":"default","site-content-layout":"default","ast-site-content-layout":"default","site-content-style":"default","site-sidebar-style":"default","ast-global-header-display":"","ast-banner-title-visibility":"","ast-main-header-display":"","ast-hfb-above-header-display":"","ast-hfb-below-header-display":"","ast-hfb-mobile-header-display":"","site-post-title":"","ast-breadcrumbs-content":"","ast-featured-img":"","footer-sml-layout":"","ast-disable-related-posts":"","theme-transparent-header-meta":"","adv-header-id-meta":"","stick-header-meta":"","header-above-stick-meta":"","header-main-stick-meta":"","header-below-stick-meta":"","astra-migrate-meta-layouts":"default","ast-page-background-enabled":"default","ast-page-background-meta":{"desktop":{"background-color":"","background-image":"","background-repeat":"repeat","background-position":"center center","background-size":"auto","background-attachment":"scroll","background-type":"","background-media":"","overlay-type":"","overlay-color":"","overlay-opacity":"","overlay-gradient":""},"tablet":{"background-color":"","background-image":"","background-repeat":"repeat","background-position":"center center","background-size":"auto","background-attachment":"scroll","background-type":"","background-media":"","overlay-type":"","overlay-color":"","overlay-opacity":"","overlay-gradient":""},"mobile":{"background-color":"","background-image":"","background-repeat":"repeat","background-position":"center center","background-size":"auto","background-attachment":"scroll","background-type":"","background-media":"","overlay-type":"","overlay-color":"","overlay-opacity":"","overlay-gradient":""}},"ast-content-background-meta":{"desktop":{"background-color":"var(--ast-global-color-5)","background-image":"","background-repeat":"repeat","background-position":"center center","background-size":"auto","background-attachment":"scroll","background-type":"","background-media":"","overlay-type":"","overlay-color":"","overlay-opacity":"","overlay-gradient":""},"tablet":{"background-color":"var(--ast-global-color-5)","background-image":"","background-repeat":"repeat","background-position":"center center","background-size":"auto","background-attachment":"scroll","background-type":"","background-media":"","overlay-type":"","overlay-color":"","overlay-opacity":"","overlay-gradient":""},"mobile":{"background-color":"var(--ast-global-color-5)","background-image":"","background-repeat":"repeat","background-position":"center center","background-size":"auto","background-attachment":"scroll","background-type":"","background-media":"","overlay-type":"","overlay-color":"","overlay-opacity":"","overlay-gradient":""}},"_joinchat":[]},"product_brand":[],"product_cat":[42],"product_tag":[],"class_list":{"0":"post-5743","1":"product","2":"type-product","3":"status-publish","4":"has-post-thumbnail","6":"product_cat-dvd","7":"desktop-align-left","8":"tablet-align-left","9":"mobile-align-left","11":"first","12":"instock","13":"sale","14":"shipping-taxable","15":"purchasable","16":"product-type-simple"},"_links":{"self":[{"href":"https:\/\/cinemasoul.es\/index.php?rest_route=\/wp\/v2\/product\/5743","targetHints":{"allow":["GET"]}}],"collection":[{"href":"https:\/\/cinemasoul.es\/index.php?rest_route=\/wp\/v2\/product"}],"about":[{"href":"https:\/\/cinemasoul.es\/index.php?rest_route=\/wp\/v2\/types\/product"}],"replies":[{"embeddable":true,"href":"https:\/\/cinemasoul.es\/index.php?rest_route=%2Fwp%2Fv2%2Fcomments&post=5743"}],"version-history":[{"count":1,"href":"https:\/\/cinemasoul.es\/index.php?rest_route=\/wp\/v2\/product\/5743\/revisions"}],"predecessor-version":[{"id":5746,"href":"https:\/\/cinemasoul.es\/index.php?rest_route=\/wp\/v2\/product\/5743\/revisions\/5746"}],"wp:featuredmedia":[{"embeddable":true,"href":"https:\/\/cinemasoul.es\/index.php?rest_route=\/wp\/v2\/media\/5744"}],"wp:attachment":[{"href":"https:\/\/cinemasoul.es\/index.php?rest_route=%2Fwp%2Fv2%2Fmedia&parent=5743"}],"wp:term":[{"taxonomy":"product_brand","embeddable":true,"href":"https:\/\/cinemasoul.es\/index.php?rest_route=%2Fwp%2Fv2%2Fproduct_brand&post=5743"},{"taxonomy":"product_cat","embeddable":true,"href":"https:\/\/cinemasoul.es\/index.php?rest_route=%2Fwp%2Fv2%2Fproduct_cat&post=5743"},{"taxonomy":"product_tag","embeddable":true,"href":"https:\/\/cinemasoul.es\/index.php?rest_route=%2Fwp%2Fv2%2Fproduct_tag&post=5743"}],"curies":[{"name":"wp","href":"https:\/\/api.w.org\/{rel}","templated":true}]}}