{"id":5739,"date":"2022-06-30T13:00:01","date_gmt":"2022-06-30T13:00:01","guid":{"rendered":"https:\/\/www.cinemasoul.es\/?post_type=product&#038;p=5739"},"modified":"2022-06-30T13:00:01","modified_gmt":"2022-06-30T13:00:01","slug":"vida-sin-freno-dvd","status":"publish","type":"product","link":"https:\/\/cinemasoul.es\/?product=vida-sin-freno-dvd","title":{"rendered":"Vida sin Freno [DVD]"},"content":{"rendered":"","protected":false},"excerpt":{"rendered":"<p>SUZANNE PLESHETTE, BRADFORD DILLMAN EN \u201cVIDA SIN FRENO\u201d (<em>A RAGE TO LIVE<\/em>)\u00a0CON PETER GRAVES, BETHEL LESLIE, CARMEN MATHEWS Y BEN GAZZARA COMO ROGER BANNON\u00a0<strong>GUI\u00d3N<\/strong> DE JOHN T. KELLEY\u00a0BASADO EN LA <strong>NOVELA<\/strong> DE JOHN O\u2019HARA\u00a0<strong>FOTOGRAF\u00cdA<\/strong> DE CHARLES LAWTON \u00a0<strong>M\u00daSICA<\/strong> DE NELSON RIDDLE\u00a0<strong>PRODUCIDA<\/strong> POR LEWIS J. RACHMIL\u00a0<strong>DIRIGIDA<\/strong> POR WALTER GRAUMAN<\/p>\n<p><strong>A\u00d1O<\/strong>:\u00a01965\u00a0<strong>G\u00c9NERO<\/strong>: DRAMA <strong>NACIONALIDAD<\/strong>: ESTADOS UNIDOS <strong>COLOR<\/strong>: BLANCO Y NEGRO<strong>\u00a0<\/strong>CERTIFICADO DE CLASIFICACI\u00d3N <strong>ICAA N\u00ba<\/strong>: 123.416\u00a0<strong>CLASIFICACI\u00d3N<\/strong>: NO RECOMENDADA PARA MENORES DE 7 A\u00d1OS \u00a0<strong>DEP\u00d3SITO LEGAL<\/strong>: M-48.810-11\u00a0<strong>DURACI\u00d3N<\/strong>: 101&#8242; <strong>IDIOMAS<\/strong>: CASTELLANO INGL\u00c9S CON SUBT\u00cdTULOS EN CASTELLANO\u00a0<strong>FORMATO DE PANTALLA<\/strong>: 16\/9 2.35<\/p>\n<p><em>\u00a1Tranquila, Grace\u2026! Piensa en una buena mentira que contarle a tu marido. Dile que has llegado tarde porque el coche se ha averiado\u2026 \u00a1dile cualquier cosa! Incluso haz el amor con \u00e9l\u2026 \u00a1despu\u00e9s de todo lo necesitas m\u00e1s que a cualquier otro hombre! \u00a0<\/em><strong>&#8211;<\/strong> \u00a1El libro de John O\u2019Hara que explora los m\u00e1s \u00edntimos deseos de las mujeres!<\/p>\n<p>Grace Caldwell (Suzanne Pleshette) ha estado rodeada de hombres durante toda su existencia, lo que ha puesto en entredicho su situaci\u00f3n social y su prestigio. Este hecho a ella no le hab\u00eda influido nunca. Sin embargo, cuando Sidney Tate (Bradford Dillman) le pide la mano para casarse, se siente atrapada por su pasado. Aunque Grace le cuenta a Sidney toda la verdad, \u00e9ste insiste en casarse con ella. Ella debatir\u00e1 entre perder su libertad o seguir con la vida que siempre le gust\u00f3 llevar, libre y sin ataduras.<\/p>\n","protected":false},"featured_media":5740,"comment_status":"open","ping_status":"closed","template":"","meta":{"site-sidebar-layout":"default","site-content-layout":"default","ast-site-content-layout":"default","site-content-style":"default","site-sidebar-style":"default","ast-global-header-display":"","ast-banner-title-visibility":"","ast-main-header-display":"","ast-hfb-above-header-display":"","ast-hfb-below-header-display":"","ast-hfb-mobile-header-display":"","site-post-title":"","ast-breadcrumbs-content":"","ast-featured-img":"","footer-sml-layout":"","ast-disable-related-posts":"","theme-transparent-header-meta":"","adv-header-id-meta":"","stick-header-meta":"","header-above-stick-meta":"","header-main-stick-meta":"","header-below-stick-meta":"","astra-migrate-meta-layouts":"default","ast-page-background-enabled":"default","ast-page-background-meta":{"desktop":{"background-color":"","background-image":"","background-repeat":"repeat","background-position":"center center","background-size":"auto","background-attachment":"scroll","background-type":"","background-media":"","overlay-type":"","overlay-color":"","overlay-opacity":"","overlay-gradient":""},"tablet":{"background-color":"","background-image":"","background-repeat":"repeat","background-position":"center center","background-size":"auto","background-attachment":"scroll","background-type":"","background-media":"","overlay-type":"","overlay-color":"","overlay-opacity":"","overlay-gradient":""},"mobile":{"background-color":"","background-image":"","background-repeat":"repeat","background-position":"center center","background-size":"auto","background-attachment":"scroll","background-type":"","background-media":"","overlay-type":"","overlay-color":"","overlay-opacity":"","overlay-gradient":""}},"ast-content-background-meta":{"desktop":{"background-color":"var(--ast-global-color-5)","background-image":"","background-repeat":"repeat","background-position":"center center","background-size":"auto","background-attachment":"scroll","background-type":"","background-media":"","overlay-type":"","overlay-color":"","overlay-opacity":"","overlay-gradient":""},"tablet":{"background-color":"var(--ast-global-color-5)","background-image":"","background-repeat":"repeat","background-position":"center center","background-size":"auto","background-attachment":"scroll","background-type":"","background-media":"","overlay-type":"","overlay-color":"","overlay-opacity":"","overlay-gradient":""},"mobile":{"background-color":"var(--ast-global-color-5)","background-image":"","background-repeat":"repeat","background-position":"center center","background-size":"auto","background-attachment":"scroll","background-type":"","background-media":"","overlay-type":"","overlay-color":"","overlay-opacity":"","overlay-gradient":""}},"_joinchat":[]},"product_brand":[],"product_cat":[42],"product_tag":[],"class_list":{"0":"post-5739","1":"product","2":"type-product","3":"status-publish","4":"has-post-thumbnail","6":"product_cat-dvd","7":"desktop-align-left","8":"tablet-align-left","9":"mobile-align-left","11":"first","12":"instock","13":"sale","14":"shipping-taxable","15":"purchasable","16":"product-type-simple"},"_links":{"self":[{"href":"https:\/\/cinemasoul.es\/index.php?rest_route=\/wp\/v2\/product\/5739","targetHints":{"allow":["GET"]}}],"collection":[{"href":"https:\/\/cinemasoul.es\/index.php?rest_route=\/wp\/v2\/product"}],"about":[{"href":"https:\/\/cinemasoul.es\/index.php?rest_route=\/wp\/v2\/types\/product"}],"replies":[{"embeddable":true,"href":"https:\/\/cinemasoul.es\/index.php?rest_route=%2Fwp%2Fv2%2Fcomments&post=5739"}],"version-history":[{"count":1,"href":"https:\/\/cinemasoul.es\/index.php?rest_route=\/wp\/v2\/product\/5739\/revisions"}],"predecessor-version":[{"id":5742,"href":"https:\/\/cinemasoul.es\/index.php?rest_route=\/wp\/v2\/product\/5739\/revisions\/5742"}],"wp:featuredmedia":[{"embeddable":true,"href":"https:\/\/cinemasoul.es\/index.php?rest_route=\/wp\/v2\/media\/5740"}],"wp:attachment":[{"href":"https:\/\/cinemasoul.es\/index.php?rest_route=%2Fwp%2Fv2%2Fmedia&parent=5739"}],"wp:term":[{"taxonomy":"product_brand","embeddable":true,"href":"https:\/\/cinemasoul.es\/index.php?rest_route=%2Fwp%2Fv2%2Fproduct_brand&post=5739"},{"taxonomy":"product_cat","embeddable":true,"href":"https:\/\/cinemasoul.es\/index.php?rest_route=%2Fwp%2Fv2%2Fproduct_cat&post=5739"},{"taxonomy":"product_tag","embeddable":true,"href":"https:\/\/cinemasoul.es\/index.php?rest_route=%2Fwp%2Fv2%2Fproduct_tag&post=5739"}],"curies":[{"name":"wp","href":"https:\/\/api.w.org\/{rel}","templated":true}]}}