{"id":5731,"date":"2022-06-30T12:41:27","date_gmt":"2022-06-30T12:41:27","guid":{"rendered":"https:\/\/www.cinemasoul.es\/?post_type=product&#038;p=5731"},"modified":"2022-06-30T12:41:27","modified_gmt":"2022-06-30T12:41:27","slug":"verano-del-42-dvd","status":"publish","type":"product","link":"https:\/\/cinemasoul.es\/?product=verano-del-42-dvd","title":{"rendered":"Verano del 42 [DVD]"},"content":{"rendered":"","protected":false},"excerpt":{"rendered":"<div id=\"tab-description\" class=\"tab-content\">\n<p><em>\u201c\u00a1EXTRAORDINARIA! \u00a1ALCANZA UNA INTENSIDAD L\u00cdRICA DIFERENTE DE TODO LO VISTO EN UNA PEL\u00cdCULA AMERICANA!\u201d &#8211; THE VILLAGE VOICE<\/em><\/p>\n<p>UNA PRODUCCI\u00d3N DE\u00a0ROBERT MULLIGAN-RICHARD A. ROTH \u201cVERANO DEL 42\u201d (<em>SUMMER OF\u00a042)\u00a0<\/em>JENNIFER O\u2019NEILL GARY GRIMES JERRY HOUSER OLIVER CONANT.\u00a0<strong>ESCRITA<\/strong> POR\u00a0HERMAN RAUCHER. \u00a0<strong>PRODUCIDA<\/strong> POR\u00a0RICHARD A. ROTH.\u00a0<strong>DIRIGIDA<\/strong> POR\u00a0ROBER MULLIGAN\u00a0<strong>M\u00daSICA<\/strong> DE\u00a0MICHEL LEGRAND.\u00a0TECHNICOLOR\u00ae<\/p>\n<p><strong>IDIOMAS<\/strong>: CASTELLANO E INGL\u00c9S CON SUBT\u00cdTULOS EN CASTELLANO.\u00a0<strong>NACIONALIDAD<\/strong>: ESTADOS UNIDOS.\u00a0<strong>A\u00d1O<\/strong>: 1971. \u00a0<strong>G\u00c9NERO<\/strong>: COMEDIA &#8211; DRAMA.\u00a0<strong>DURACI\u00d3N<\/strong>: 100&#8242;.\u00a0<strong>FORMATO<\/strong>: 4&#215;3 1:85.\u00a0<strong>COLOR<\/strong>.<strong>\u00a0<\/strong><strong>FEERTS<\/strong>: 1000159849.\u00a0<strong>REFERENCIA<\/strong>: DVDY27827.\u00a0<strong>EAN<\/strong>: 5051893031874.\u00a0<strong>DEP\u00d3SITO LEGAL<\/strong>: TF: 1.185 -2010.\u00a0<strong>N\u00ba DE EXPEDIENTE<\/strong>: 117.400.\u00a0<strong>CLASIFICACION<\/strong>: NO RECOMENDADA PARA MENORES DE 18 A\u00d1OS.<\/p>\n<p><strong><em>\u00a0<\/em><\/strong>Escrita por Herman Raucher, <em>Verano del 42<\/em> narra una de las historias de amor m\u00e1s conmovedoras jam\u00e1s vistas en una pantalla de cine. Un pa\u00eds vive una guerra que lo cambiar\u00e1 para siempre. En un lugar de veraneo de Nueva Inglaterra, Hermie (Gary Grimes), de 15 a\u00f1os de edad, vivir\u00e1 una pasi\u00f3n que lo cambiar\u00e1 para siempre tras quedarse prendado de Dorothy (Jennifer O&#8217;Neill), de 22 a\u00f1os, cuyo marido se ha ido a la guerra. El director Robert Mulligan <em>(Matar a un ruise\u00f1or)<\/em> capta con mirada l\u00facida los detalles de la \u00e9poca y los aspectos m\u00e1s risibles de la adolescencia, descritos con minuciosidad gracias al trabajo de los j\u00f3venes actores Grimes, Jerry Houser y Oliver Conant, el \u201cterrible tr\u00edo\u201d de \u00edntimos amigos. Ganadora* de un Oscar\u00ae por la partitura de Michel Legrand, <em>Verano del 42<\/em> es de esas pel\u00edculas que pasan a formar parte de los m\u00e1s tiernos recuerdos cinematogr\u00e1ficos del espectador.<\/p>\n<\/div>\n","protected":false},"featured_media":5732,"comment_status":"open","ping_status":"closed","template":"","meta":{"site-sidebar-layout":"default","site-content-layout":"default","ast-site-content-layout":"default","site-content-style":"default","site-sidebar-style":"default","ast-global-header-display":"","ast-banner-title-visibility":"","ast-main-header-display":"","ast-hfb-above-header-display":"","ast-hfb-below-header-display":"","ast-hfb-mobile-header-display":"","site-post-title":"","ast-breadcrumbs-content":"","ast-featured-img":"","footer-sml-layout":"","ast-disable-related-posts":"","theme-transparent-header-meta":"","adv-header-id-meta":"","stick-header-meta":"","header-above-stick-meta":"","header-main-stick-meta":"","header-below-stick-meta":"","astra-migrate-meta-layouts":"default","ast-page-background-enabled":"default","ast-page-background-meta":{"desktop":{"background-color":"","background-image":"","background-repeat":"repeat","background-position":"center center","background-size":"auto","background-attachment":"scroll","background-type":"","background-media":"","overlay-type":"","overlay-color":"","overlay-opacity":"","overlay-gradient":""},"tablet":{"background-color":"","background-image":"","background-repeat":"repeat","background-position":"center center","background-size":"auto","background-attachment":"scroll","background-type":"","background-media":"","overlay-type":"","overlay-color":"","overlay-opacity":"","overlay-gradient":""},"mobile":{"background-color":"","background-image":"","background-repeat":"repeat","background-position":"center center","background-size":"auto","background-attachment":"scroll","background-type":"","background-media":"","overlay-type":"","overlay-color":"","overlay-opacity":"","overlay-gradient":""}},"ast-content-background-meta":{"desktop":{"background-color":"var(--ast-global-color-5)","background-image":"","background-repeat":"repeat","background-position":"center center","background-size":"auto","background-attachment":"scroll","background-type":"","background-media":"","overlay-type":"","overlay-color":"","overlay-opacity":"","overlay-gradient":""},"tablet":{"background-color":"var(--ast-global-color-5)","background-image":"","background-repeat":"repeat","background-position":"center center","background-size":"auto","background-attachment":"scroll","background-type":"","background-media":"","overlay-type":"","overlay-color":"","overlay-opacity":"","overlay-gradient":""},"mobile":{"background-color":"var(--ast-global-color-5)","background-image":"","background-repeat":"repeat","background-position":"center center","background-size":"auto","background-attachment":"scroll","background-type":"","background-media":"","overlay-type":"","overlay-color":"","overlay-opacity":"","overlay-gradient":""}},"_joinchat":[]},"product_brand":[],"product_cat":[42],"product_tag":[],"class_list":{"0":"post-5731","1":"product","2":"type-product","3":"status-publish","4":"has-post-thumbnail","6":"product_cat-dvd","7":"desktop-align-left","8":"tablet-align-left","9":"mobile-align-left","11":"first","12":"instock","13":"shipping-taxable","14":"purchasable","15":"product-type-simple"},"_links":{"self":[{"href":"https:\/\/cinemasoul.es\/index.php?rest_route=\/wp\/v2\/product\/5731","targetHints":{"allow":["GET"]}}],"collection":[{"href":"https:\/\/cinemasoul.es\/index.php?rest_route=\/wp\/v2\/product"}],"about":[{"href":"https:\/\/cinemasoul.es\/index.php?rest_route=\/wp\/v2\/types\/product"}],"replies":[{"embeddable":true,"href":"https:\/\/cinemasoul.es\/index.php?rest_route=%2Fwp%2Fv2%2Fcomments&post=5731"}],"version-history":[{"count":1,"href":"https:\/\/cinemasoul.es\/index.php?rest_route=\/wp\/v2\/product\/5731\/revisions"}],"predecessor-version":[{"id":5734,"href":"https:\/\/cinemasoul.es\/index.php?rest_route=\/wp\/v2\/product\/5731\/revisions\/5734"}],"wp:featuredmedia":[{"embeddable":true,"href":"https:\/\/cinemasoul.es\/index.php?rest_route=\/wp\/v2\/media\/5732"}],"wp:attachment":[{"href":"https:\/\/cinemasoul.es\/index.php?rest_route=%2Fwp%2Fv2%2Fmedia&parent=5731"}],"wp:term":[{"taxonomy":"product_brand","embeddable":true,"href":"https:\/\/cinemasoul.es\/index.php?rest_route=%2Fwp%2Fv2%2Fproduct_brand&post=5731"},{"taxonomy":"product_cat","embeddable":true,"href":"https:\/\/cinemasoul.es\/index.php?rest_route=%2Fwp%2Fv2%2Fproduct_cat&post=5731"},{"taxonomy":"product_tag","embeddable":true,"href":"https:\/\/cinemasoul.es\/index.php?rest_route=%2Fwp%2Fv2%2Fproduct_tag&post=5731"}],"curies":[{"name":"wp","href":"https:\/\/api.w.org\/{rel}","templated":true}]}}