{"id":5727,"date":"2022-06-30T12:36:46","date_gmt":"2022-06-30T12:36:46","guid":{"rendered":"https:\/\/www.cinemasoul.es\/?post_type=product&#038;p=5727"},"modified":"2022-06-30T12:36:46","modified_gmt":"2022-06-30T12:36:46","slug":"vaya-par-de-amigos-dvd","status":"publish","type":"product","link":"https:\/\/cinemasoul.es\/?product=vaya-par-de-amigos-dvd","title":{"rendered":"Vaya par de amigos [DVD]"},"content":{"rendered":"","protected":false},"excerpt":{"rendered":"<div id=\"tab-description\" class=\"tab-content\">\n<p>\u201c<em>Iluminar\u00e1 tu vida y calentar\u00e1 tu coraz\u00f3n<\/em>\u201d. &#8211; Bill Diehl, ABC RADIO NETWORK.\u00a0<em>\u201cMagia de la mejor clase.\u201d<\/em> -Jack Mathews, NEW YORK NEWSDAY<\/p>\n<p>WARNER BROS. PICTURES PRESENTA\u00a0UNA PRODUCCI\u00d3N DE JOE WIZAN\/TODD BLACK\u00a0UNA PEL\u00cdCULA DE RANDA HAINES ROBERT DUVALL RICHARD HARRIS \u00a0\u201cVAYA PAR DE AMIGOS\u201d (<em>WRESTLING ERNEST HEMINGWAY<\/em>) PIPER LAURIE SANDRA BULLOCK Y SHIRLEY MacLAINE\u00a0<strong>COPRODUCIDA<\/strong> POR JIM VAN WYCK\u00a0<strong>M\u00daSICA<\/strong> DE MICHAEL CONVERTINO\u00a0<strong>MONTAJE<\/strong> DE PAUL HIRSCH, A.C.E.\u00a0<strong>DISE\u00d1O DE PRODUCCI\u00d3N<\/strong> WALDEMAR KALINOWSKI\u00a0<strong>DIRECTOR DE FOTOGRAF\u00cdA<\/strong> LAJOS KOLTAI, A.S.C.\u00a0<strong>ESCRITA<\/strong> POR STEVE CONRAD\u00a0<strong>PRODUCIDA<\/strong> POR TODD BLACK Y JOE WIZAN\u00a0<strong>DIRIGIDA<\/strong> POR RANDA HAINES.<\/p>\n<p><strong>IDIOMAS<\/strong>: CASTELLANO E INGL\u00c9S CON SUBT\u00cdTULOS EN CASTELLANO.\u00a0<strong>NACIONALIDAD<\/strong>: ESTADOS UNIDOS.\u00a0<strong>A\u00d1O<\/strong>: 1993.\u00a0<strong>G\u00c9NERO<\/strong>: DRAMA.\u00a0<strong>DURACI\u00d3N<\/strong>: 117 Minutos aprox.\u00a0<strong>FORMATO<\/strong>: 4\/3 1.85.1.\u00a0<strong>COLOR.\u00a0<\/strong><strong>FEERTS<\/strong> 1000199678.\u00a0<strong>EAN<\/strong>: 5051893051124.\u00a0<strong>DEP\u00d3SITO LEGAL<\/strong>: TF: 251 &#8211; 2011.\u00a0<strong>N\u00ba DE EXPEDIENTE<\/strong>: 120.506.<\/p>\n<p>Unamirada diferente, c\u00e1lida y divertida a los jubilados que no tienen nada que hacer, salvo limitarse a estar retirados.\u00a0 Vaya par de amigos muestra \u201cdos de las m\u00e1s espectaculares interpretaciones del a\u00f1o\u201d (Bob Camp* no partir bell, <em>Newhouse Newspapers<\/em>): Robert Duvall y Richard Harris como un ex peluquero y\u00a0 un capit\u00e1n de barco retirado, varados en una tranquila ciudad de Florida que viven sus solitarias vidas. Pero tras encontrarse una tarde en el parque, estos dos polos opuestos pronto se convertir\u00e1n en la m\u00e1s improbable pareja de amigos. Randa Haines (<em>Hijos de un Dios menor<\/em>, <em>El Doctor<\/em>) dirige y Shirley MacLaine, Piper Laurie y Sandra Bullock la coprotagonizan. Si les gustan las pel\u00edculas rebosantes de alegr\u00eda con personajes que permanecen en la memoria, \u00e9sta es \u201cel t\u00f3nico perfecto\u201d (Susan Wloszczyna, <em>USA Today<\/em>).<\/p>\n<\/div>\n","protected":false},"featured_media":5728,"comment_status":"open","ping_status":"closed","template":"","meta":{"site-sidebar-layout":"default","site-content-layout":"default","ast-site-content-layout":"default","site-content-style":"default","site-sidebar-style":"default","ast-global-header-display":"","ast-banner-title-visibility":"","ast-main-header-display":"","ast-hfb-above-header-display":"","ast-hfb-below-header-display":"","ast-hfb-mobile-header-display":"","site-post-title":"","ast-breadcrumbs-content":"","ast-featured-img":"","footer-sml-layout":"","ast-disable-related-posts":"","theme-transparent-header-meta":"","adv-header-id-meta":"","stick-header-meta":"","header-above-stick-meta":"","header-main-stick-meta":"","header-below-stick-meta":"","astra-migrate-meta-layouts":"default","ast-page-background-enabled":"default","ast-page-background-meta":{"desktop":{"background-color":"","background-image":"","background-repeat":"repeat","background-position":"center center","background-size":"auto","background-attachment":"scroll","background-type":"","background-media":"","overlay-type":"","overlay-color":"","overlay-opacity":"","overlay-gradient":""},"tablet":{"background-color":"","background-image":"","background-repeat":"repeat","background-position":"center center","background-size":"auto","background-attachment":"scroll","background-type":"","background-media":"","overlay-type":"","overlay-color":"","overlay-opacity":"","overlay-gradient":""},"mobile":{"background-color":"","background-image":"","background-repeat":"repeat","background-position":"center center","background-size":"auto","background-attachment":"scroll","background-type":"","background-media":"","overlay-type":"","overlay-color":"","overlay-opacity":"","overlay-gradient":""}},"ast-content-background-meta":{"desktop":{"background-color":"var(--ast-global-color-5)","background-image":"","background-repeat":"repeat","background-position":"center center","background-size":"auto","background-attachment":"scroll","background-type":"","background-media":"","overlay-type":"","overlay-color":"","overlay-opacity":"","overlay-gradient":""},"tablet":{"background-color":"var(--ast-global-color-5)","background-image":"","background-repeat":"repeat","background-position":"center center","background-size":"auto","background-attachment":"scroll","background-type":"","background-media":"","overlay-type":"","overlay-color":"","overlay-opacity":"","overlay-gradient":""},"mobile":{"background-color":"var(--ast-global-color-5)","background-image":"","background-repeat":"repeat","background-position":"center center","background-size":"auto","background-attachment":"scroll","background-type":"","background-media":"","overlay-type":"","overlay-color":"","overlay-opacity":"","overlay-gradient":""}},"_joinchat":[]},"product_brand":[],"product_cat":[42],"product_tag":[],"class_list":{"0":"post-5727","1":"product","2":"type-product","3":"status-publish","4":"has-post-thumbnail","6":"product_cat-dvd","7":"desktop-align-left","8":"tablet-align-left","9":"mobile-align-left","11":"first","12":"instock","13":"sale","14":"shipping-taxable","15":"purchasable","16":"product-type-simple"},"_links":{"self":[{"href":"https:\/\/cinemasoul.es\/index.php?rest_route=\/wp\/v2\/product\/5727","targetHints":{"allow":["GET"]}}],"collection":[{"href":"https:\/\/cinemasoul.es\/index.php?rest_route=\/wp\/v2\/product"}],"about":[{"href":"https:\/\/cinemasoul.es\/index.php?rest_route=\/wp\/v2\/types\/product"}],"replies":[{"embeddable":true,"href":"https:\/\/cinemasoul.es\/index.php?rest_route=%2Fwp%2Fv2%2Fcomments&post=5727"}],"version-history":[{"count":1,"href":"https:\/\/cinemasoul.es\/index.php?rest_route=\/wp\/v2\/product\/5727\/revisions"}],"predecessor-version":[{"id":5730,"href":"https:\/\/cinemasoul.es\/index.php?rest_route=\/wp\/v2\/product\/5727\/revisions\/5730"}],"wp:featuredmedia":[{"embeddable":true,"href":"https:\/\/cinemasoul.es\/index.php?rest_route=\/wp\/v2\/media\/5728"}],"wp:attachment":[{"href":"https:\/\/cinemasoul.es\/index.php?rest_route=%2Fwp%2Fv2%2Fmedia&parent=5727"}],"wp:term":[{"taxonomy":"product_brand","embeddable":true,"href":"https:\/\/cinemasoul.es\/index.php?rest_route=%2Fwp%2Fv2%2Fproduct_brand&post=5727"},{"taxonomy":"product_cat","embeddable":true,"href":"https:\/\/cinemasoul.es\/index.php?rest_route=%2Fwp%2Fv2%2Fproduct_cat&post=5727"},{"taxonomy":"product_tag","embeddable":true,"href":"https:\/\/cinemasoul.es\/index.php?rest_route=%2Fwp%2Fv2%2Fproduct_tag&post=5727"}],"curies":[{"name":"wp","href":"https:\/\/api.w.org\/{rel}","templated":true}]}}