{"id":5723,"date":"2022-06-30T12:33:19","date_gmt":"2022-06-30T12:33:19","guid":{"rendered":"https:\/\/www.cinemasoul.es\/?post_type=product&#038;p=5723"},"modified":"2022-06-30T12:33:19","modified_gmt":"2022-06-30T12:33:19","slug":"vaya-me-equivoque-de-numero-dvd","status":"publish","type":"product","link":"https:\/\/cinemasoul.es\/?product=vaya-me-equivoque-de-numero-dvd","title":{"rendered":"Vaya, me equivoqu\u00e9 de n\u00famero [DVD]"},"content":{"rendered":"","protected":false},"excerpt":{"rendered":"<p><strong>T\u00edtulo original<\/strong> Boy, Did I Get a Wrong Number! <strong>A\u00f1o<\/strong> 1966 <strong>Duraci\u00f3n<\/strong> 97 min. <strong>Pa\u00eds<\/strong> Estados Unidos<strong>Direcci\u00f3n<\/strong> George Marshall <strong>Guion<\/strong> George Kennett, Albert E. Lewin, Burt Styler <strong>M\u00fasica<\/strong> Richard LaSalle, &#8216;By&#8217; Dunham <strong>Fotograf\u00eda<\/strong> Lionel Lindon <strong>Reparto<\/strong> Bob Hope, Elke Sommer, Phyllis Dillier, Cesare Danova, Marjorie Lord, Keith Taylor, Kelly Thordsen, Benny Baker, Harry von Zell, Terry Burnham, Joyce Jameson, Norman Leavitt, Arthur Tovey <strong>Productora<\/strong> Edward Small Productions, United Artists <strong>G\u00e9nero<\/strong> Comedia<\/p>\n<p><strong>Sinopsis<\/strong> Didi, una actriz francesa m\u00e1s conocida por sus escenas de ba\u00f1o de burbujas que por sus interpretaciones, decide convertirse de una vez por todas en una gran actriz. Llega a Hollywood para rodar una pel\u00edcula dram\u00e1tica, pero pronto le piden que haga lo de siempre. Ella, furiosa, rechaza la oferta y se escapa. Un hombre la ayuda a esconderse, pero eso le causar\u00e1 problemas con su esposa.<\/p>\n","protected":false},"featured_media":5724,"comment_status":"open","ping_status":"closed","template":"","meta":{"site-sidebar-layout":"default","site-content-layout":"default","ast-site-content-layout":"default","site-content-style":"default","site-sidebar-style":"default","ast-global-header-display":"","ast-banner-title-visibility":"","ast-main-header-display":"","ast-hfb-above-header-display":"","ast-hfb-below-header-display":"","ast-hfb-mobile-header-display":"","site-post-title":"","ast-breadcrumbs-content":"","ast-featured-img":"","footer-sml-layout":"","ast-disable-related-posts":"","theme-transparent-header-meta":"","adv-header-id-meta":"","stick-header-meta":"","header-above-stick-meta":"","header-main-stick-meta":"","header-below-stick-meta":"","astra-migrate-meta-layouts":"default","ast-page-background-enabled":"default","ast-page-background-meta":{"desktop":{"background-color":"","background-image":"","background-repeat":"repeat","background-position":"center center","background-size":"auto","background-attachment":"scroll","background-type":"","background-media":"","overlay-type":"","overlay-color":"","overlay-opacity":"","overlay-gradient":""},"tablet":{"background-color":"","background-image":"","background-repeat":"repeat","background-position":"center center","background-size":"auto","background-attachment":"scroll","background-type":"","background-media":"","overlay-type":"","overlay-color":"","overlay-opacity":"","overlay-gradient":""},"mobile":{"background-color":"","background-image":"","background-repeat":"repeat","background-position":"center center","background-size":"auto","background-attachment":"scroll","background-type":"","background-media":"","overlay-type":"","overlay-color":"","overlay-opacity":"","overlay-gradient":""}},"ast-content-background-meta":{"desktop":{"background-color":"var(--ast-global-color-5)","background-image":"","background-repeat":"repeat","background-position":"center center","background-size":"auto","background-attachment":"scroll","background-type":"","background-media":"","overlay-type":"","overlay-color":"","overlay-opacity":"","overlay-gradient":""},"tablet":{"background-color":"var(--ast-global-color-5)","background-image":"","background-repeat":"repeat","background-position":"center center","background-size":"auto","background-attachment":"scroll","background-type":"","background-media":"","overlay-type":"","overlay-color":"","overlay-opacity":"","overlay-gradient":""},"mobile":{"background-color":"var(--ast-global-color-5)","background-image":"","background-repeat":"repeat","background-position":"center center","background-size":"auto","background-attachment":"scroll","background-type":"","background-media":"","overlay-type":"","overlay-color":"","overlay-opacity":"","overlay-gradient":""}},"_joinchat":[]},"product_brand":[],"product_cat":[42],"product_tag":[],"class_list":{"0":"post-5723","1":"product","2":"type-product","3":"status-publish","4":"has-post-thumbnail","6":"product_cat-dvd","7":"desktop-align-left","8":"tablet-align-left","9":"mobile-align-left","11":"first","12":"instock","13":"sale","14":"shipping-taxable","15":"purchasable","16":"product-type-simple"},"_links":{"self":[{"href":"https:\/\/cinemasoul.es\/index.php?rest_route=\/wp\/v2\/product\/5723","targetHints":{"allow":["GET"]}}],"collection":[{"href":"https:\/\/cinemasoul.es\/index.php?rest_route=\/wp\/v2\/product"}],"about":[{"href":"https:\/\/cinemasoul.es\/index.php?rest_route=\/wp\/v2\/types\/product"}],"replies":[{"embeddable":true,"href":"https:\/\/cinemasoul.es\/index.php?rest_route=%2Fwp%2Fv2%2Fcomments&post=5723"}],"version-history":[{"count":1,"href":"https:\/\/cinemasoul.es\/index.php?rest_route=\/wp\/v2\/product\/5723\/revisions"}],"predecessor-version":[{"id":5726,"href":"https:\/\/cinemasoul.es\/index.php?rest_route=\/wp\/v2\/product\/5723\/revisions\/5726"}],"wp:featuredmedia":[{"embeddable":true,"href":"https:\/\/cinemasoul.es\/index.php?rest_route=\/wp\/v2\/media\/5724"}],"wp:attachment":[{"href":"https:\/\/cinemasoul.es\/index.php?rest_route=%2Fwp%2Fv2%2Fmedia&parent=5723"}],"wp:term":[{"taxonomy":"product_brand","embeddable":true,"href":"https:\/\/cinemasoul.es\/index.php?rest_route=%2Fwp%2Fv2%2Fproduct_brand&post=5723"},{"taxonomy":"product_cat","embeddable":true,"href":"https:\/\/cinemasoul.es\/index.php?rest_route=%2Fwp%2Fv2%2Fproduct_cat&post=5723"},{"taxonomy":"product_tag","embeddable":true,"href":"https:\/\/cinemasoul.es\/index.php?rest_route=%2Fwp%2Fv2%2Fproduct_tag&post=5723"}],"curies":[{"name":"wp","href":"https:\/\/api.w.org\/{rel}","templated":true}]}}