{"id":5719,"date":"2022-06-30T12:05:27","date_gmt":"2022-06-30T12:05:27","guid":{"rendered":"https:\/\/www.cinemasoul.es\/?post_type=product&#038;p=5719"},"modified":"2022-06-30T12:05:27","modified_gmt":"2022-06-30T12:05:27","slug":"un-leon-en-las-calles-dvd","status":"publish","type":"product","link":"https:\/\/cinemasoul.es\/?product=un-leon-en-las-calles-dvd","title":{"rendered":"Un le\u00f3n en las calles [DVD]"},"content":{"rendered":"","protected":false},"excerpt":{"rendered":"<div id=\"tab-description\" class=\"tab-content\">\n<p><em>\u201cUno de los papeles m\u00e1s vistosos, lucidos y sentidos de James Cagney.\u201d<\/em> \u2013 Bosley Crowther THE NEW YORK TIMES<\/p>\n<p>WARNER BROS. PICTURES PRESENTA<strong>\u00a0<\/strong>AJAMES CAGNEY EN \u201cUN LE\u00d3N EN LAS CALLES\u201d (<em>A Lion Is in the Streets)\u00a0<\/em><strong>COLOR<\/strong> POR TECHNICOLOR\u00ae\u00a0<strong>COPROTAGONIZADA<\/strong> POR BARBARA HALE ANNE FRANCIS\u00a0CON WARNER ANDERSON JOHN MCINTIRE JEANNE CAGNEY LON CHANEY FRANK MCHUGH LARRY KEATING ONSLOW STEVENS JAMES MILLICAN\u00a0<strong>GUI\u00d3N<\/strong> DE LUTHER DAVIS\u00a0<strong>M\u00daSICA<\/strong> DE FRANZ WAXMAN\u00a0UNA <strong>PRODUCCI\u00d3N<\/strong> DE WILLIAM CAGNEY\u00a0<strong>DIRIGIDA<\/strong> POR RAOUL WALSH<\/p>\n<p><strong>IDIOMAS<\/strong>: CASTELLANO E INGL\u00c9S CON SUBT\u00cdTULOS EN CASTELLANO.\u00a0<strong>NACIONALIDAD<\/strong>: ESTADOS UNIDOS.\u00a0<strong>A\u00d1O<\/strong>: 1953.\u00a0<strong>G\u00c9NERO<\/strong>: DRAMA.\u00a0<strong>DURACI\u00d3N<\/strong>: 85 Minutos.\u00a0<strong>FORMATO<\/strong>: 4\/3 1.33.1.\u00a0<strong>REFERENCIA<\/strong>: DVDY27407.\u00a0<strong>EAN<\/strong>: 5051893026610.\u00a0<strong>DEP\u00d3SITO LEGAL<\/strong>: TF: 394-2010.<strong>N\u00ba DE EXPEDIENTE<\/strong>: 116.285.\u00a0<strong>CLASIFICACI\u00d3N<\/strong>: NO RECOMENDADA PARA MENORES DE 12 A\u00d1OS.<\/p>\n<p>La gente conf\u00eda en Hank Martin. \u00c9l es uno de ellos, un buen chico que sabe lo que significa tener poco m\u00e1s que el cielo por techo y una hoguera por estufa. La gente cree que ser\u00e1 la voz de los pobres si se instala en la mansi\u00f3n del gobernador. Pero han depositado su confianza en la persona equivocada. La leyenda de la pantalla James Cagney (en el papel de Hank) y el director Raoul Walsh (firmante de <em>Al rojo vivo<\/em> y <em>Los violentos a\u00f1os veinte<\/em>) brillan de nuevo en <em>Un le\u00f3n en las calles,<\/em> un relato vigoroso ambientado en el profundo sur norteamericano. Cuando desvela que en una f\u00e1brica de la zona enga\u00f1an en el peso a los algodoneros, Hank se convierte en un h\u00e9roe y en uno de los candidatos favoritos a ocupar el puesto de gobernador. Pero sus aspiraciones al cargo se convierten en un asalto al poder que deriva en traici\u00f3n a la gente que tiene m\u00e1s pr\u00f3xima. Entre esos \u201cpaisanos\u201d, como los llama Hank, se cuentan la maestra de escuela con la que se casa (Barbara Hale), la sirena de los pantanos a cuyo hechizo es incapaz de resistirse (Anne Francis) y los granjeros (Lon Chaney, Jeanne Cagney) que lo apoyan; ellos son los impulsores de la mete\u00f3rica carrera de Hank y los testigos de su ca\u00edda a\u00fan m\u00e1s veloz.<\/p>\n<\/div>\n","protected":false},"featured_media":5720,"comment_status":"open","ping_status":"closed","template":"","meta":{"site-sidebar-layout":"default","site-content-layout":"default","ast-site-content-layout":"default","site-content-style":"default","site-sidebar-style":"default","ast-global-header-display":"","ast-banner-title-visibility":"","ast-main-header-display":"","ast-hfb-above-header-display":"","ast-hfb-below-header-display":"","ast-hfb-mobile-header-display":"","site-post-title":"","ast-breadcrumbs-content":"","ast-featured-img":"","footer-sml-layout":"","ast-disable-related-posts":"","theme-transparent-header-meta":"","adv-header-id-meta":"","stick-header-meta":"","header-above-stick-meta":"","header-main-stick-meta":"","header-below-stick-meta":"","astra-migrate-meta-layouts":"default","ast-page-background-enabled":"default","ast-page-background-meta":{"desktop":{"background-color":"","background-image":"","background-repeat":"repeat","background-position":"center center","background-size":"auto","background-attachment":"scroll","background-type":"","background-media":"","overlay-type":"","overlay-color":"","overlay-opacity":"","overlay-gradient":""},"tablet":{"background-color":"","background-image":"","background-repeat":"repeat","background-position":"center center","background-size":"auto","background-attachment":"scroll","background-type":"","background-media":"","overlay-type":"","overlay-color":"","overlay-opacity":"","overlay-gradient":""},"mobile":{"background-color":"","background-image":"","background-repeat":"repeat","background-position":"center center","background-size":"auto","background-attachment":"scroll","background-type":"","background-media":"","overlay-type":"","overlay-color":"","overlay-opacity":"","overlay-gradient":""}},"ast-content-background-meta":{"desktop":{"background-color":"var(--ast-global-color-5)","background-image":"","background-repeat":"repeat","background-position":"center center","background-size":"auto","background-attachment":"scroll","background-type":"","background-media":"","overlay-type":"","overlay-color":"","overlay-opacity":"","overlay-gradient":""},"tablet":{"background-color":"var(--ast-global-color-5)","background-image":"","background-repeat":"repeat","background-position":"center center","background-size":"auto","background-attachment":"scroll","background-type":"","background-media":"","overlay-type":"","overlay-color":"","overlay-opacity":"","overlay-gradient":""},"mobile":{"background-color":"var(--ast-global-color-5)","background-image":"","background-repeat":"repeat","background-position":"center center","background-size":"auto","background-attachment":"scroll","background-type":"","background-media":"","overlay-type":"","overlay-color":"","overlay-opacity":"","overlay-gradient":""}},"_joinchat":[]},"product_brand":[],"product_cat":[42],"product_tag":[],"class_list":{"0":"post-5719","1":"product","2":"type-product","3":"status-publish","4":"has-post-thumbnail","6":"product_cat-dvd","7":"desktop-align-left","8":"tablet-align-left","9":"mobile-align-left","11":"first","12":"instock","13":"shipping-taxable","14":"purchasable","15":"product-type-simple"},"_links":{"self":[{"href":"https:\/\/cinemasoul.es\/index.php?rest_route=\/wp\/v2\/product\/5719","targetHints":{"allow":["GET"]}}],"collection":[{"href":"https:\/\/cinemasoul.es\/index.php?rest_route=\/wp\/v2\/product"}],"about":[{"href":"https:\/\/cinemasoul.es\/index.php?rest_route=\/wp\/v2\/types\/product"}],"replies":[{"embeddable":true,"href":"https:\/\/cinemasoul.es\/index.php?rest_route=%2Fwp%2Fv2%2Fcomments&post=5719"}],"version-history":[{"count":1,"href":"https:\/\/cinemasoul.es\/index.php?rest_route=\/wp\/v2\/product\/5719\/revisions"}],"predecessor-version":[{"id":5722,"href":"https:\/\/cinemasoul.es\/index.php?rest_route=\/wp\/v2\/product\/5719\/revisions\/5722"}],"wp:featuredmedia":[{"embeddable":true,"href":"https:\/\/cinemasoul.es\/index.php?rest_route=\/wp\/v2\/media\/5720"}],"wp:attachment":[{"href":"https:\/\/cinemasoul.es\/index.php?rest_route=%2Fwp%2Fv2%2Fmedia&parent=5719"}],"wp:term":[{"taxonomy":"product_brand","embeddable":true,"href":"https:\/\/cinemasoul.es\/index.php?rest_route=%2Fwp%2Fv2%2Fproduct_brand&post=5719"},{"taxonomy":"product_cat","embeddable":true,"href":"https:\/\/cinemasoul.es\/index.php?rest_route=%2Fwp%2Fv2%2Fproduct_cat&post=5719"},{"taxonomy":"product_tag","embeddable":true,"href":"https:\/\/cinemasoul.es\/index.php?rest_route=%2Fwp%2Fv2%2Fproduct_tag&post=5719"}],"curies":[{"name":"wp","href":"https:\/\/api.w.org\/{rel}","templated":true}]}}