{"id":5711,"date":"2022-06-30T11:47:37","date_gmt":"2022-06-30T11:47:37","guid":{"rendered":"https:\/\/www.cinemasoul.es\/?post_type=product&#038;p=5711"},"modified":"2022-06-30T11:47:37","modified_gmt":"2022-06-30T11:47:37","slug":"tres-amores-dvd","status":"publish","type":"product","link":"https:\/\/cinemasoul.es\/?product=tres-amores-dvd","title":{"rendered":"Tres amores [DVD]"},"content":{"rendered":"","protected":false},"excerpt":{"rendered":"<div id=\"tab-description\" class=\"tab-content\">\n<p><em>TRES AMORES<\/em>\u00a0(<em>THE STORY OF THREE LOVES )<\/em>\u00a0TECHNICOLOR\u00ae\u00a0<strong>PROTAGONIZADA POR<\/strong>\u00a0PIER ANGELI, ETHEL BARRYMORE, LESLIE CARON, KIRK DOUGLAS, FARLEY GRANGER, JAMES MASON, AGNES MOOREHEAD, MOIRA SHEARER\u00a0<strong>GUI\u00d3N DE<\/strong>\u00a0JOHN COLIER, JAN LUSTIC\u00a0<strong>Y<\/strong>\u00a0GEORGE FROESCHEL\u00a0<strong>HISTORIAS DE<\/strong>\u00a0ARNOLD PHILLIPS, LADISLAO VAJDA\u00a0<strong>Y<\/strong>\u00a0JACQUES MARET\u00a0<strong>PRODUCIDA POR<\/strong>\u00a0SIDNEY FRANKLIN\u00a0<strong>DIRIGIDA POR<\/strong>\u00a0GOTTFRIED REINHARDT\u00a0<strong>Y<\/strong>\u00a0VINCENTE MINNELLI. <strong>Duraci\u00f3n<\/strong>: 121 min\u00a0<strong>A\u00f1o<\/strong>: 1953\u00a0<strong>Nacionalidad<\/strong>: ESTADOS UNIDOS\u00a0<strong>COLOR<\/strong>: Color\u00a0<strong>G\u00e9nero<\/strong>: Drama\u00a0<strong>Idiomas<\/strong>: Castellano e ingl\u00e9s <strong>Subt\u00edtulos<\/strong>: Castellano\u00a0<strong>Formato<\/strong>: 4\/3 1.33.1\u00a0<strong>Clasificaci\u00f3n<\/strong>: APTA PARA TODOS LOS P\u00daBLICOS<\/p>\n<p><em>Todo el amor. Todo el glamour. Todas las estrellas.<\/em><strong><em>\u00a0<\/em><\/strong>Un romance maravilloso es un regalo. Tres romances maravillosos en una pel\u00edcula es un lujo que ning\u00fan espectador se debe perder. Con alguna de las m\u00e1s grandes estrellas de los a\u00f1os 50, <em>Tres Amores<\/em> explora las relaciones (desde las caprichosas a las dram\u00e1ticas) de varios pasajeros a bordo de un trasatl\u00e1ntico. En la primera historia, un empresario (James Mason) pierde su coraz\u00f3n por una encantadora bailarina (Moira Shearer) con tr\u00e1gicos resultados. En la siguiente, una anciana (Ethel Barrymore) usa la magia para ayudar a una institutriz (Leslie Caron) a encontrar el amor. Finalmente, un trapecista (Kirk Douglas) que ha sido responsable de la muerte de su \u00faltima compa\u00f1era, entrena a una nueva (Pier Angeli), una mujer de misterioso pasado. <em>Tres Amores<\/em>, tres razones para no perd\u00e9rsela.<\/p>\n<\/div>\n","protected":false},"featured_media":5712,"comment_status":"open","ping_status":"closed","template":"","meta":{"site-sidebar-layout":"default","site-content-layout":"default","ast-site-content-layout":"default","site-content-style":"default","site-sidebar-style":"default","ast-global-header-display":"","ast-banner-title-visibility":"","ast-main-header-display":"","ast-hfb-above-header-display":"","ast-hfb-below-header-display":"","ast-hfb-mobile-header-display":"","site-post-title":"","ast-breadcrumbs-content":"","ast-featured-img":"","footer-sml-layout":"","ast-disable-related-posts":"","theme-transparent-header-meta":"","adv-header-id-meta":"","stick-header-meta":"","header-above-stick-meta":"","header-main-stick-meta":"","header-below-stick-meta":"","astra-migrate-meta-layouts":"default","ast-page-background-enabled":"default","ast-page-background-meta":{"desktop":{"background-color":"","background-image":"","background-repeat":"repeat","background-position":"center center","background-size":"auto","background-attachment":"scroll","background-type":"","background-media":"","overlay-type":"","overlay-color":"","overlay-opacity":"","overlay-gradient":""},"tablet":{"background-color":"","background-image":"","background-repeat":"repeat","background-position":"center center","background-size":"auto","background-attachment":"scroll","background-type":"","background-media":"","overlay-type":"","overlay-color":"","overlay-opacity":"","overlay-gradient":""},"mobile":{"background-color":"","background-image":"","background-repeat":"repeat","background-position":"center center","background-size":"auto","background-attachment":"scroll","background-type":"","background-media":"","overlay-type":"","overlay-color":"","overlay-opacity":"","overlay-gradient":""}},"ast-content-background-meta":{"desktop":{"background-color":"var(--ast-global-color-5)","background-image":"","background-repeat":"repeat","background-position":"center center","background-size":"auto","background-attachment":"scroll","background-type":"","background-media":"","overlay-type":"","overlay-color":"","overlay-opacity":"","overlay-gradient":""},"tablet":{"background-color":"var(--ast-global-color-5)","background-image":"","background-repeat":"repeat","background-position":"center center","background-size":"auto","background-attachment":"scroll","background-type":"","background-media":"","overlay-type":"","overlay-color":"","overlay-opacity":"","overlay-gradient":""},"mobile":{"background-color":"var(--ast-global-color-5)","background-image":"","background-repeat":"repeat","background-position":"center center","background-size":"auto","background-attachment":"scroll","background-type":"","background-media":"","overlay-type":"","overlay-color":"","overlay-opacity":"","overlay-gradient":""}},"_joinchat":[]},"product_brand":[],"product_cat":[42],"product_tag":[],"class_list":{"0":"post-5711","1":"product","2":"type-product","3":"status-publish","4":"has-post-thumbnail","6":"product_cat-dvd","7":"desktop-align-left","8":"tablet-align-left","9":"mobile-align-left","11":"first","12":"instock","13":"sale","14":"shipping-taxable","15":"purchasable","16":"product-type-simple"},"_links":{"self":[{"href":"https:\/\/cinemasoul.es\/index.php?rest_route=\/wp\/v2\/product\/5711","targetHints":{"allow":["GET"]}}],"collection":[{"href":"https:\/\/cinemasoul.es\/index.php?rest_route=\/wp\/v2\/product"}],"about":[{"href":"https:\/\/cinemasoul.es\/index.php?rest_route=\/wp\/v2\/types\/product"}],"replies":[{"embeddable":true,"href":"https:\/\/cinemasoul.es\/index.php?rest_route=%2Fwp%2Fv2%2Fcomments&post=5711"}],"version-history":[{"count":1,"href":"https:\/\/cinemasoul.es\/index.php?rest_route=\/wp\/v2\/product\/5711\/revisions"}],"predecessor-version":[{"id":5714,"href":"https:\/\/cinemasoul.es\/index.php?rest_route=\/wp\/v2\/product\/5711\/revisions\/5714"}],"wp:featuredmedia":[{"embeddable":true,"href":"https:\/\/cinemasoul.es\/index.php?rest_route=\/wp\/v2\/media\/5712"}],"wp:attachment":[{"href":"https:\/\/cinemasoul.es\/index.php?rest_route=%2Fwp%2Fv2%2Fmedia&parent=5711"}],"wp:term":[{"taxonomy":"product_brand","embeddable":true,"href":"https:\/\/cinemasoul.es\/index.php?rest_route=%2Fwp%2Fv2%2Fproduct_brand&post=5711"},{"taxonomy":"product_cat","embeddable":true,"href":"https:\/\/cinemasoul.es\/index.php?rest_route=%2Fwp%2Fv2%2Fproduct_cat&post=5711"},{"taxonomy":"product_tag","embeddable":true,"href":"https:\/\/cinemasoul.es\/index.php?rest_route=%2Fwp%2Fv2%2Fproduct_tag&post=5711"}],"curies":[{"name":"wp","href":"https:\/\/api.w.org\/{rel}","templated":true}]}}