{"id":5707,"date":"2022-06-30T11:39:12","date_gmt":"2022-06-30T11:39:12","guid":{"rendered":"https:\/\/www.cinemasoul.es\/?post_type=product&#038;p=5707"},"modified":"2022-06-30T11:39:13","modified_gmt":"2022-06-30T11:39:13","slug":"su-milagro-de-amor-dvd","status":"publish","type":"product","link":"https:\/\/cinemasoul.es\/?product=su-milagro-de-amor-dvd","title":{"rendered":"Su milagro de amor [DVD]"},"content":{"rendered":"","protected":false},"excerpt":{"rendered":"<div id=\"tab-description\" class=\"tab-content\">\n<p>\u201c<em>Destila amor y cari\u00f1o. La mejor pel\u00edcula sobre los sentimientos de la temporada<\/em>\u201d &#8211; TIME<\/p>\n<p>DOROTHY McGUIRE ROBERT YOUNG HERBERT MARSHALL EN \u201cSU MILAGRO DE AMOR\u201d (THE ENCHANTED COTTAGE)\u00a0<strong>GUI\u00d3N<\/strong> DE DEWITT BODEEN Y HERMAN J. MANKIEWICZ <strong>PRODUCIDA<\/strong> POR HARRIET PARSONS\u00a0<strong>DIRIGIDA<\/strong> POR JOHN CROMWELL<\/p>\n<p><strong>A\u00d1O<\/strong>: 1945\u00a0<strong>G\u00c9NERO<\/strong>: DRAMA\u00a0<strong>NACIONALIDAD<\/strong>:\u00a0ESTADOS UNIDOS <strong>COLOR<\/strong>: BLANCO Y NEGRO\u00a0PARA \u00c1MBITO DOM\u00c9STICO\u00a0<strong>CERTIFICADO DE CLASIFICACI\u00d3N<\/strong>: 120.720 CL\u00c1SIFICACI\u00d3N APTA PARA TODOS LOS P\u00daBLICOS\u00a0<strong>DEP\u00d3SITO LEGAL<\/strong>: M-16.750-2011\u00a0<strong>DURACI\u00d3N<\/strong>: 92 minutos aprox\u00a0<strong>IDIOMAS<\/strong>: CASTELLANO E INGL\u00c9S CON SUBT\u00cdTULOS EN CASTELLANO\u00a0<strong>FORMATO<\/strong>: 4\/3 1.33<\/p>\n<p>Despu\u00e9s de que un accidente desfigurara su cara y lisiara su cuerpo, el piloto Oliver Bradford (Robert Young) se esconde de su familia y amigos en una peque\u00f1a casa de la costa. All\u00ed se hace amigo de la poco agraciada pero amable\u00a0 Laura Pennington (Dorothy McGuire). Los dos se casan por compasi\u00f3n, hasta que un hechizo de la casa los convierte en amantes hermosos y ardientes. El delicado y dolorosamente rom\u00e1ntico film de John Cromwell est\u00e1 basado en la obra de Sir Arthur Wing Poner, escrita inmediatamente despu\u00e9s de la Primera Guerra Mundial, un periodo en el que hombres rotos volv\u00edan con sus familias quienes no los reconoc\u00edan. Cuando la triste historia se volvi\u00f3 a repetir en la Segunda Guerra Mundial, el p\u00fablico deseaba volver a sentirse envueltos de historias sobre el poder del amor. La pel\u00edcula conmovi\u00f3 tanto a Young que llam\u00f3 a su casa californiana La Casa Encantada (<em>The Enchanted Cottage<\/em>, t\u00edtulo original del film).<\/p>\n<\/div>\n","protected":false},"featured_media":5708,"comment_status":"open","ping_status":"closed","template":"","meta":{"site-sidebar-layout":"default","site-content-layout":"default","ast-site-content-layout":"default","site-content-style":"default","site-sidebar-style":"default","ast-global-header-display":"","ast-banner-title-visibility":"","ast-main-header-display":"","ast-hfb-above-header-display":"","ast-hfb-below-header-display":"","ast-hfb-mobile-header-display":"","site-post-title":"","ast-breadcrumbs-content":"","ast-featured-img":"","footer-sml-layout":"","ast-disable-related-posts":"","theme-transparent-header-meta":"","adv-header-id-meta":"","stick-header-meta":"","header-above-stick-meta":"","header-main-stick-meta":"","header-below-stick-meta":"","astra-migrate-meta-layouts":"default","ast-page-background-enabled":"default","ast-page-background-meta":{"desktop":{"background-color":"","background-image":"","background-repeat":"repeat","background-position":"center center","background-size":"auto","background-attachment":"scroll","background-type":"","background-media":"","overlay-type":"","overlay-color":"","overlay-opacity":"","overlay-gradient":""},"tablet":{"background-color":"","background-image":"","background-repeat":"repeat","background-position":"center center","background-size":"auto","background-attachment":"scroll","background-type":"","background-media":"","overlay-type":"","overlay-color":"","overlay-opacity":"","overlay-gradient":""},"mobile":{"background-color":"","background-image":"","background-repeat":"repeat","background-position":"center center","background-size":"auto","background-attachment":"scroll","background-type":"","background-media":"","overlay-type":"","overlay-color":"","overlay-opacity":"","overlay-gradient":""}},"ast-content-background-meta":{"desktop":{"background-color":"var(--ast-global-color-5)","background-image":"","background-repeat":"repeat","background-position":"center center","background-size":"auto","background-attachment":"scroll","background-type":"","background-media":"","overlay-type":"","overlay-color":"","overlay-opacity":"","overlay-gradient":""},"tablet":{"background-color":"var(--ast-global-color-5)","background-image":"","background-repeat":"repeat","background-position":"center center","background-size":"auto","background-attachment":"scroll","background-type":"","background-media":"","overlay-type":"","overlay-color":"","overlay-opacity":"","overlay-gradient":""},"mobile":{"background-color":"var(--ast-global-color-5)","background-image":"","background-repeat":"repeat","background-position":"center center","background-size":"auto","background-attachment":"scroll","background-type":"","background-media":"","overlay-type":"","overlay-color":"","overlay-opacity":"","overlay-gradient":""}},"_joinchat":[]},"product_brand":[],"product_cat":[42],"product_tag":[],"class_list":{"0":"post-5707","1":"product","2":"type-product","3":"status-publish","4":"has-post-thumbnail","6":"product_cat-dvd","7":"desktop-align-left","8":"tablet-align-left","9":"mobile-align-left","11":"first","12":"instock","13":"sale","14":"shipping-taxable","15":"purchasable","16":"product-type-simple"},"_links":{"self":[{"href":"https:\/\/cinemasoul.es\/index.php?rest_route=\/wp\/v2\/product\/5707","targetHints":{"allow":["GET"]}}],"collection":[{"href":"https:\/\/cinemasoul.es\/index.php?rest_route=\/wp\/v2\/product"}],"about":[{"href":"https:\/\/cinemasoul.es\/index.php?rest_route=\/wp\/v2\/types\/product"}],"replies":[{"embeddable":true,"href":"https:\/\/cinemasoul.es\/index.php?rest_route=%2Fwp%2Fv2%2Fcomments&post=5707"}],"version-history":[{"count":1,"href":"https:\/\/cinemasoul.es\/index.php?rest_route=\/wp\/v2\/product\/5707\/revisions"}],"predecessor-version":[{"id":5710,"href":"https:\/\/cinemasoul.es\/index.php?rest_route=\/wp\/v2\/product\/5707\/revisions\/5710"}],"wp:featuredmedia":[{"embeddable":true,"href":"https:\/\/cinemasoul.es\/index.php?rest_route=\/wp\/v2\/media\/5708"}],"wp:attachment":[{"href":"https:\/\/cinemasoul.es\/index.php?rest_route=%2Fwp%2Fv2%2Fmedia&parent=5707"}],"wp:term":[{"taxonomy":"product_brand","embeddable":true,"href":"https:\/\/cinemasoul.es\/index.php?rest_route=%2Fwp%2Fv2%2Fproduct_brand&post=5707"},{"taxonomy":"product_cat","embeddable":true,"href":"https:\/\/cinemasoul.es\/index.php?rest_route=%2Fwp%2Fv2%2Fproduct_cat&post=5707"},{"taxonomy":"product_tag","embeddable":true,"href":"https:\/\/cinemasoul.es\/index.php?rest_route=%2Fwp%2Fv2%2Fproduct_tag&post=5707"}],"curies":[{"name":"wp","href":"https:\/\/api.w.org\/{rel}","templated":true}]}}