{"id":5694,"date":"2022-06-29T18:25:36","date_gmt":"2022-06-29T18:25:36","guid":{"rendered":"https:\/\/www.cinemasoul.es\/?post_type=product&#038;p=5694"},"modified":"2022-06-29T18:25:36","modified_gmt":"2022-06-29T18:25:36","slug":"sin-remision-dvd","status":"publish","type":"product","link":"https:\/\/cinemasoul.es\/?product=sin-remision-dvd","title":{"rendered":"Sin remisi\u00f3n [DVD]"},"content":{"rendered":"","protected":false},"excerpt":{"rendered":"<div id=\"tab-description\" class=\"tab-content\">\n<p><em>\u00a1La historia de una c\u00e1rcel de mujeres en la actualidad!\u00a0\u201cLA MEJOR PEL\u00cdCULA SOBRE C\u00c1RCELES DE MUJERES JAM\u00c1S RODADA\u201d\u00a0<\/em>\u00a0&#8211; FILM NOIR: AN ENCYCLOPEDIC REFERENCE TO THE AMERICAN STYLE.<\/p>\n<p>WARNER BROS. PICTURES PRESENTA<strong>\u00a0<\/strong>\u201cSIN REMISI\u00d3N\u201d <strong>PROTAGONIZADA<\/strong> POR ELEANOR PARKER CON AGNES MOOREHEAD ELLEN CORBY HOPE EMERSON BETTY GARDE JAN STERLING <strong>ESCRITA<\/strong> POR VIRGINIA KELLOG Y BERNARD C. SCHOENFELD <strong>M\u00daSICA<\/strong> DE MAX STEINER <strong>PRODUCIDA<\/strong> POR JERRY WELD <strong>DIRIGIDA<\/strong> POR JOHN CROMWELL.<\/p>\n<p><strong>IDIOMAS<\/strong>: CASTELLANO E INGL\u00c9S CON SUBT\u00cdTULOS EN CASTELLANO.\u00a0<strong>NACIONALIDAD<\/strong>: ESTADOS UNIDOS.\u00a0<strong>A\u00d1O<\/strong>: 1949.\u00a0<strong>G\u00c9NERO<\/strong>: CRIMEN &#8211; DRAMA.\u00a0<strong>DURACI\u00d3N<\/strong>: 93\u2019.\u00a0<strong>FORMATO<\/strong>: 4\/3 1.33:1. <strong>COLOR<\/strong>: BLANCO Y NEGRO.<strong>\u00a0<\/strong><strong>REFERENCIA<\/strong>: DVDY27190.\u00a0<strong>EAN<\/strong>: 5051893024432.\u00a0<strong>DEP\u00d3SITO LEGAL<\/strong>: TF: 2331 &#8211; 2009.\u00a0<strong>N\u00ba DE EXPEDIENTE<\/strong>: 115.406.\u00a0<strong>CLASIFICACI\u00d3N<\/strong>: NO RECOMENDADA PARA MENORES DE 13 A\u00d1OS.<\/p>\n<p>\u201cCuando salga, \u00bfser\u00e1 una mujer o una gata salvaje?\u201d, rezaba en su d\u00eda la publicidad de este cl\u00e1sico filme sobre mujeres entre rejas. De lo que no cabe duda es de c\u00f3mo sali\u00f3 la pel\u00edcula: utilizando personajes arquet\u00edpicos interpretados con precisi\u00f3n, <em>Sin remisi\u00f3n<\/em> se mantiene como un cl\u00e1sico del g\u00e9nero carcelario. Nominada al Oscar\u00ae a la Mejor Actriz, Eleanor Parker encarna a una mujer risue\u00f1a e inocente a quien la reclusi\u00f3n transforma en una presa curtida y despojada de emociones. En el papel de la tir\u00e1nica funcionaria de prisiones impresiona la presencia de Hope Emerson, nominada como Mejor Actriz Secundaria, con sus casi 1,90 m de malignidad en grado sumo. Un honrado inspector de instituciones penitenciarias, una amargada que cumple cadena perpetua, una buscona de farola, una simplona, una dama de la alta sociedad y otros tipos humanos a\u00f1aden atm\u00f3sfera a una historia para la que la coguionista Virginia Kellogg, nominada al Oscar\u00ae, se document\u00f3 a fondo haci\u00e9ndose pasar por interna.<\/p>\n<\/div>\n","protected":false},"featured_media":5695,"comment_status":"open","ping_status":"closed","template":"","meta":{"site-sidebar-layout":"default","site-content-layout":"default","ast-site-content-layout":"default","site-content-style":"default","site-sidebar-style":"default","ast-global-header-display":"","ast-banner-title-visibility":"","ast-main-header-display":"","ast-hfb-above-header-display":"","ast-hfb-below-header-display":"","ast-hfb-mobile-header-display":"","site-post-title":"","ast-breadcrumbs-content":"","ast-featured-img":"","footer-sml-layout":"","ast-disable-related-posts":"","theme-transparent-header-meta":"","adv-header-id-meta":"","stick-header-meta":"","header-above-stick-meta":"","header-main-stick-meta":"","header-below-stick-meta":"","astra-migrate-meta-layouts":"default","ast-page-background-enabled":"default","ast-page-background-meta":{"desktop":{"background-color":"","background-image":"","background-repeat":"repeat","background-position":"center center","background-size":"auto","background-attachment":"scroll","background-type":"","background-media":"","overlay-type":"","overlay-color":"","overlay-opacity":"","overlay-gradient":""},"tablet":{"background-color":"","background-image":"","background-repeat":"repeat","background-position":"center center","background-size":"auto","background-attachment":"scroll","background-type":"","background-media":"","overlay-type":"","overlay-color":"","overlay-opacity":"","overlay-gradient":""},"mobile":{"background-color":"","background-image":"","background-repeat":"repeat","background-position":"center center","background-size":"auto","background-attachment":"scroll","background-type":"","background-media":"","overlay-type":"","overlay-color":"","overlay-opacity":"","overlay-gradient":""}},"ast-content-background-meta":{"desktop":{"background-color":"var(--ast-global-color-5)","background-image":"","background-repeat":"repeat","background-position":"center center","background-size":"auto","background-attachment":"scroll","background-type":"","background-media":"","overlay-type":"","overlay-color":"","overlay-opacity":"","overlay-gradient":""},"tablet":{"background-color":"var(--ast-global-color-5)","background-image":"","background-repeat":"repeat","background-position":"center center","background-size":"auto","background-attachment":"scroll","background-type":"","background-media":"","overlay-type":"","overlay-color":"","overlay-opacity":"","overlay-gradient":""},"mobile":{"background-color":"var(--ast-global-color-5)","background-image":"","background-repeat":"repeat","background-position":"center center","background-size":"auto","background-attachment":"scroll","background-type":"","background-media":"","overlay-type":"","overlay-color":"","overlay-opacity":"","overlay-gradient":""}},"_joinchat":[]},"product_brand":[],"product_cat":[42],"product_tag":[],"class_list":{"0":"post-5694","1":"product","2":"type-product","3":"status-publish","4":"has-post-thumbnail","6":"product_cat-dvd","7":"desktop-align-left","8":"tablet-align-left","9":"mobile-align-left","11":"first","12":"instock","13":"sale","14":"shipping-taxable","15":"purchasable","16":"product-type-simple"},"_links":{"self":[{"href":"https:\/\/cinemasoul.es\/index.php?rest_route=\/wp\/v2\/product\/5694","targetHints":{"allow":["GET"]}}],"collection":[{"href":"https:\/\/cinemasoul.es\/index.php?rest_route=\/wp\/v2\/product"}],"about":[{"href":"https:\/\/cinemasoul.es\/index.php?rest_route=\/wp\/v2\/types\/product"}],"replies":[{"embeddable":true,"href":"https:\/\/cinemasoul.es\/index.php?rest_route=%2Fwp%2Fv2%2Fcomments&post=5694"}],"version-history":[{"count":1,"href":"https:\/\/cinemasoul.es\/index.php?rest_route=\/wp\/v2\/product\/5694\/revisions"}],"predecessor-version":[{"id":5698,"href":"https:\/\/cinemasoul.es\/index.php?rest_route=\/wp\/v2\/product\/5694\/revisions\/5698"}],"wp:featuredmedia":[{"embeddable":true,"href":"https:\/\/cinemasoul.es\/index.php?rest_route=\/wp\/v2\/media\/5695"}],"wp:attachment":[{"href":"https:\/\/cinemasoul.es\/index.php?rest_route=%2Fwp%2Fv2%2Fmedia&parent=5694"}],"wp:term":[{"taxonomy":"product_brand","embeddable":true,"href":"https:\/\/cinemasoul.es\/index.php?rest_route=%2Fwp%2Fv2%2Fproduct_brand&post=5694"},{"taxonomy":"product_cat","embeddable":true,"href":"https:\/\/cinemasoul.es\/index.php?rest_route=%2Fwp%2Fv2%2Fproduct_cat&post=5694"},{"taxonomy":"product_tag","embeddable":true,"href":"https:\/\/cinemasoul.es\/index.php?rest_route=%2Fwp%2Fv2%2Fproduct_tag&post=5694"}],"curies":[{"name":"wp","href":"https:\/\/api.w.org\/{rel}","templated":true}]}}