{"id":5682,"date":"2022-06-29T17:45:40","date_gmt":"2022-06-29T17:45:40","guid":{"rendered":"https:\/\/www.cinemasoul.es\/?post_type=product&#038;p=5682"},"modified":"2022-06-29T17:45:40","modified_gmt":"2022-06-29T17:45:40","slug":"sangre-caliente-dvd","status":"publish","type":"product","link":"https:\/\/cinemasoul.es\/?product=sangre-caliente-dvd","title":{"rendered":"Sangre Caliente [DVD]"},"content":{"rendered":"","protected":false},"excerpt":{"rendered":"<div id=\"tab-description\" class=\"tab-content\">\n<p><em>\u00a1Jane Russell hace sonar su pandereta y vuelve loco a Cornel!<\/em><\/p>\n<p>COLUMBIA PICTURES PRESENTA A JANE RUSSELL, CORNEL WILDE EN\u00a0UNA PRODUCCI\u00d3N DE HOWARD WELSCH \u00a0\u201cSANGRE CALIENTE\u201d (<em>HOT BLOOD<\/em>)\u00a0<strong>COPROTAGONIZADA<\/strong> POR LUTHER ADLER JOSEPH CALLEIA CON MIKHAIL RASUMMY\u00a0BASADO EN UNA <strong>HISTORIA<\/strong> DE JEAN EVANS\u00a0<strong>GUI\u00d3N<\/strong> DE JESSE LASKY, JR.\u00a0<strong>PRODUCIDA<\/strong> POR HOWARD WELSCH Y HARRY TATELMAN\u00a0<strong>DIRIGIDA<\/strong> POR NICHOLAS RAY.<\/p>\n<p><strong>A\u00d1O<\/strong>:\u00a01956\u00a0<strong>G\u00c9NERO<\/strong>: DRAMA\u00a0<strong>NACIONALIDAD<\/strong>: ESTADOS UNIDOS\u00a0<strong>COLOR<\/strong>: COLOR CERTIFICADO DE CLASIFICACI\u00d3N <strong>ICAA N\u00ba<\/strong>: 124.133\u00a0<strong>CLASIFICACI\u00d3N<\/strong>: NO RECOMENDADA PARA MENORES DE 12 A\u00d1OS\u00a0<strong>DEP\u00d3SITO LEGAL<\/strong>: TF: 270-2012\u00a0<strong>DURACI\u00d3N<\/strong>: 80 MINUTOS\u00a0<strong>IDIOMAS<\/strong>: CASTELLANO E INGL\u00c9S CON SUBT\u00cdTULOS EN CASTELLANO\u00a0<strong>FORMATO DE PANTALLA<\/strong>: 16\/9 2.35:1<\/p>\n<p>Rodada en la comunidad gitana de Los \u00c1ngeles, Stephen Torino (Cornel Wilde), aspirante a bailar\u00edn, se ve arrastrado a un matrimonio no deseado concertado por su hermano. La novia es la impetuosa Annie Caldash (Jane Russell), que est\u00e1 decidida a que la uni\u00f3n siga adelante, pero Torino no est\u00e1 de acuerdo. Despu\u00e9s de m\u00faltiples complicaciones y varios n\u00fameros musicales, Torino cambiar\u00e1 de idea.<\/p>\n<\/div>\n","protected":false},"featured_media":5683,"comment_status":"open","ping_status":"closed","template":"","meta":{"site-sidebar-layout":"default","site-content-layout":"default","ast-site-content-layout":"default","site-content-style":"default","site-sidebar-style":"default","ast-global-header-display":"","ast-banner-title-visibility":"","ast-main-header-display":"","ast-hfb-above-header-display":"","ast-hfb-below-header-display":"","ast-hfb-mobile-header-display":"","site-post-title":"","ast-breadcrumbs-content":"","ast-featured-img":"","footer-sml-layout":"","ast-disable-related-posts":"","theme-transparent-header-meta":"","adv-header-id-meta":"","stick-header-meta":"","header-above-stick-meta":"","header-main-stick-meta":"","header-below-stick-meta":"","astra-migrate-meta-layouts":"default","ast-page-background-enabled":"default","ast-page-background-meta":{"desktop":{"background-color":"","background-image":"","background-repeat":"repeat","background-position":"center center","background-size":"auto","background-attachment":"scroll","background-type":"","background-media":"","overlay-type":"","overlay-color":"","overlay-opacity":"","overlay-gradient":""},"tablet":{"background-color":"","background-image":"","background-repeat":"repeat","background-position":"center center","background-size":"auto","background-attachment":"scroll","background-type":"","background-media":"","overlay-type":"","overlay-color":"","overlay-opacity":"","overlay-gradient":""},"mobile":{"background-color":"","background-image":"","background-repeat":"repeat","background-position":"center center","background-size":"auto","background-attachment":"scroll","background-type":"","background-media":"","overlay-type":"","overlay-color":"","overlay-opacity":"","overlay-gradient":""}},"ast-content-background-meta":{"desktop":{"background-color":"var(--ast-global-color-5)","background-image":"","background-repeat":"repeat","background-position":"center center","background-size":"auto","background-attachment":"scroll","background-type":"","background-media":"","overlay-type":"","overlay-color":"","overlay-opacity":"","overlay-gradient":""},"tablet":{"background-color":"var(--ast-global-color-5)","background-image":"","background-repeat":"repeat","background-position":"center center","background-size":"auto","background-attachment":"scroll","background-type":"","background-media":"","overlay-type":"","overlay-color":"","overlay-opacity":"","overlay-gradient":""},"mobile":{"background-color":"var(--ast-global-color-5)","background-image":"","background-repeat":"repeat","background-position":"center center","background-size":"auto","background-attachment":"scroll","background-type":"","background-media":"","overlay-type":"","overlay-color":"","overlay-opacity":"","overlay-gradient":""}},"_joinchat":[]},"product_brand":[],"product_cat":[42],"product_tag":[],"class_list":{"0":"post-5682","1":"product","2":"type-product","3":"status-publish","4":"has-post-thumbnail","6":"product_cat-dvd","7":"desktop-align-left","8":"tablet-align-left","9":"mobile-align-left","11":"first","12":"instock","13":"shipping-taxable","14":"purchasable","15":"product-type-simple"},"_links":{"self":[{"href":"https:\/\/cinemasoul.es\/index.php?rest_route=\/wp\/v2\/product\/5682","targetHints":{"allow":["GET"]}}],"collection":[{"href":"https:\/\/cinemasoul.es\/index.php?rest_route=\/wp\/v2\/product"}],"about":[{"href":"https:\/\/cinemasoul.es\/index.php?rest_route=\/wp\/v2\/types\/product"}],"replies":[{"embeddable":true,"href":"https:\/\/cinemasoul.es\/index.php?rest_route=%2Fwp%2Fv2%2Fcomments&post=5682"}],"version-history":[{"count":1,"href":"https:\/\/cinemasoul.es\/index.php?rest_route=\/wp\/v2\/product\/5682\/revisions"}],"predecessor-version":[{"id":5685,"href":"https:\/\/cinemasoul.es\/index.php?rest_route=\/wp\/v2\/product\/5682\/revisions\/5685"}],"wp:featuredmedia":[{"embeddable":true,"href":"https:\/\/cinemasoul.es\/index.php?rest_route=\/wp\/v2\/media\/5683"}],"wp:attachment":[{"href":"https:\/\/cinemasoul.es\/index.php?rest_route=%2Fwp%2Fv2%2Fmedia&parent=5682"}],"wp:term":[{"taxonomy":"product_brand","embeddable":true,"href":"https:\/\/cinemasoul.es\/index.php?rest_route=%2Fwp%2Fv2%2Fproduct_brand&post=5682"},{"taxonomy":"product_cat","embeddable":true,"href":"https:\/\/cinemasoul.es\/index.php?rest_route=%2Fwp%2Fv2%2Fproduct_cat&post=5682"},{"taxonomy":"product_tag","embeddable":true,"href":"https:\/\/cinemasoul.es\/index.php?rest_route=%2Fwp%2Fv2%2Fproduct_tag&post=5682"}],"curies":[{"name":"wp","href":"https:\/\/api.w.org\/{rel}","templated":true}]}}