{"id":5674,"date":"2022-06-29T17:30:51","date_gmt":"2022-06-29T17:30:51","guid":{"rendered":"https:\/\/www.cinemasoul.es\/?post_type=product&#038;p=5674"},"modified":"2022-06-29T17:30:51","modified_gmt":"2022-06-29T17:30:51","slug":"rebeldes-temerarios-dvd","status":"publish","type":"product","link":"https:\/\/cinemasoul.es\/?product=rebeldes-temerarios-dvd","title":{"rendered":"Rebeldes temerarios [DVD]"},"content":{"rendered":"","protected":false},"excerpt":{"rendered":"<div id=\"tab-description\" class=\"tab-content\">\n<p><em>LAS CHICAS COMO TRACEY NUNCA LE HABLAN A SUS PADRES ACERCA DE LOS CHICOS COMO ROURKE.<\/em><\/p>\n<p>METRO-GOLDWYN-MAYER PRESENTA\u00a0UNA PRODUCCI\u00d3N DE EDGAR J. SCHERICK\/SCOTT RUDIN \u201cREBELDES TEMERARIOS\u201d (RECKLESS) AIDAN QUINN, DARYL HANNAH, KENNETH McMILLAN, CLIFF DE YOUNG\u00a0<strong>ESCRITA<\/strong> POR CHRIS COLUMBUS\u00a0<strong>PRODUCIDA<\/strong> POR EDGAR J. SCHERICK Y SCOTT RUDIN\u00a0<strong>DIRIGIDA<\/strong> POR JAMES FOLEY<\/p>\n<p><strong>IDIOMAS<\/strong>: CASTELLANO E INGL\u00c9S CON SUBT\u00cdTULOS EN CASTELLANO\u00a0<strong>NACIONALIDAD<\/strong>: ESTADOS UNIDOS <strong>A\u00d1O<\/strong>: 1984\u00a0<strong>G\u00c9NERO<\/strong>: DRAMA \u2013 ROMANCE\u00a0<strong>DURACI\u00d3N<\/strong>: 90\u00a0<strong>FORMATO<\/strong>: 4\/3 1.85.1 COLOR\u00a0<strong>FEERTS<\/strong> 1000197623 \u00a0<strong>EAN<\/strong>: 5051893050554\u00a0<strong>DEP\u00d3SITO LEGAL<\/strong>: TF: 249 \u2013 2011\u00a0<strong>N\u00ba DE EXPEDIENTE<\/strong>: 120.500\u00a0<strong>CLASIFICACI\u00d3N<\/strong>: NO RECOMENDADA PARA MENORES DE 13 A\u00d1OS<\/p>\n<p>El adolescente Johnny Rourke (Aidan Quinn) es imprudente. Nacido en \u201cel lado equivocado de la vida\u201d, quebranta la ley con igual frialdad con que rompe los corazones de las chicas. La animadora Tracey Prescott (Daryl Hannah) tambi\u00e9n es imprudente. Abandona su convencional vida y a su aburrido novio para seguir a Johnny en su peligroso camino. Rebeldes temerarios marca el debut de tres talentos de Hollywood. Aidan Quinn (Leyendas de Pasi\u00f3n) hace su presentaci\u00f3n en el cine en este film que Daryl Hannah rod\u00f3 justo un mes antes de sumergirse en las aguas de Splash uno, dos, tres junto con Tom Hanks y que cuenta con un gui\u00f3n de Chris Columbus, escritor que dar\u00eda en el blanco de la taquilla con dos trabajos posteriores: Gremlins y Los Goonies.<\/p>\n<\/div>\n","protected":false},"featured_media":5675,"comment_status":"open","ping_status":"closed","template":"","meta":{"site-sidebar-layout":"default","site-content-layout":"default","ast-site-content-layout":"default","site-content-style":"default","site-sidebar-style":"default","ast-global-header-display":"","ast-banner-title-visibility":"","ast-main-header-display":"","ast-hfb-above-header-display":"","ast-hfb-below-header-display":"","ast-hfb-mobile-header-display":"","site-post-title":"","ast-breadcrumbs-content":"","ast-featured-img":"","footer-sml-layout":"","ast-disable-related-posts":"","theme-transparent-header-meta":"","adv-header-id-meta":"","stick-header-meta":"","header-above-stick-meta":"","header-main-stick-meta":"","header-below-stick-meta":"","astra-migrate-meta-layouts":"default","ast-page-background-enabled":"default","ast-page-background-meta":{"desktop":{"background-color":"","background-image":"","background-repeat":"repeat","background-position":"center center","background-size":"auto","background-attachment":"scroll","background-type":"","background-media":"","overlay-type":"","overlay-color":"","overlay-opacity":"","overlay-gradient":""},"tablet":{"background-color":"","background-image":"","background-repeat":"repeat","background-position":"center center","background-size":"auto","background-attachment":"scroll","background-type":"","background-media":"","overlay-type":"","overlay-color":"","overlay-opacity":"","overlay-gradient":""},"mobile":{"background-color":"","background-image":"","background-repeat":"repeat","background-position":"center center","background-size":"auto","background-attachment":"scroll","background-type":"","background-media":"","overlay-type":"","overlay-color":"","overlay-opacity":"","overlay-gradient":""}},"ast-content-background-meta":{"desktop":{"background-color":"var(--ast-global-color-5)","background-image":"","background-repeat":"repeat","background-position":"center center","background-size":"auto","background-attachment":"scroll","background-type":"","background-media":"","overlay-type":"","overlay-color":"","overlay-opacity":"","overlay-gradient":""},"tablet":{"background-color":"var(--ast-global-color-5)","background-image":"","background-repeat":"repeat","background-position":"center center","background-size":"auto","background-attachment":"scroll","background-type":"","background-media":"","overlay-type":"","overlay-color":"","overlay-opacity":"","overlay-gradient":""},"mobile":{"background-color":"var(--ast-global-color-5)","background-image":"","background-repeat":"repeat","background-position":"center center","background-size":"auto","background-attachment":"scroll","background-type":"","background-media":"","overlay-type":"","overlay-color":"","overlay-opacity":"","overlay-gradient":""}},"_joinchat":[]},"product_brand":[],"product_cat":[42],"product_tag":[],"class_list":{"0":"post-5674","1":"product","2":"type-product","3":"status-publish","4":"has-post-thumbnail","6":"product_cat-dvd","7":"desktop-align-left","8":"tablet-align-left","9":"mobile-align-left","11":"first","12":"instock","13":"shipping-taxable","14":"purchasable","15":"product-type-simple"},"_links":{"self":[{"href":"https:\/\/cinemasoul.es\/index.php?rest_route=\/wp\/v2\/product\/5674","targetHints":{"allow":["GET"]}}],"collection":[{"href":"https:\/\/cinemasoul.es\/index.php?rest_route=\/wp\/v2\/product"}],"about":[{"href":"https:\/\/cinemasoul.es\/index.php?rest_route=\/wp\/v2\/types\/product"}],"replies":[{"embeddable":true,"href":"https:\/\/cinemasoul.es\/index.php?rest_route=%2Fwp%2Fv2%2Fcomments&post=5674"}],"version-history":[{"count":1,"href":"https:\/\/cinemasoul.es\/index.php?rest_route=\/wp\/v2\/product\/5674\/revisions"}],"predecessor-version":[{"id":5677,"href":"https:\/\/cinemasoul.es\/index.php?rest_route=\/wp\/v2\/product\/5674\/revisions\/5677"}],"wp:featuredmedia":[{"embeddable":true,"href":"https:\/\/cinemasoul.es\/index.php?rest_route=\/wp\/v2\/media\/5675"}],"wp:attachment":[{"href":"https:\/\/cinemasoul.es\/index.php?rest_route=%2Fwp%2Fv2%2Fmedia&parent=5674"}],"wp:term":[{"taxonomy":"product_brand","embeddable":true,"href":"https:\/\/cinemasoul.es\/index.php?rest_route=%2Fwp%2Fv2%2Fproduct_brand&post=5674"},{"taxonomy":"product_cat","embeddable":true,"href":"https:\/\/cinemasoul.es\/index.php?rest_route=%2Fwp%2Fv2%2Fproduct_cat&post=5674"},{"taxonomy":"product_tag","embeddable":true,"href":"https:\/\/cinemasoul.es\/index.php?rest_route=%2Fwp%2Fv2%2Fproduct_tag&post=5674"}],"curies":[{"name":"wp","href":"https:\/\/api.w.org\/{rel}","templated":true}]}}