{"id":5670,"date":"2022-06-29T17:26:26","date_gmt":"2022-06-29T17:26:26","guid":{"rendered":"https:\/\/www.cinemasoul.es\/?post_type=product&#038;p=5670"},"modified":"2022-06-29T17:26:26","modified_gmt":"2022-06-29T17:26:26","slug":"que-el-cielo-la-juzgue-dvd","status":"publish","type":"product","link":"https:\/\/cinemasoul.es\/?product=que-el-cielo-la-juzgue-dvd","title":{"rendered":"Que el cielo la juzgue [DVD]"},"content":{"rendered":"","protected":false},"excerpt":{"rendered":"<p><strong>T\u00edtulo origina<\/strong> Leave Her to Heaven <strong>A\u00f1o<\/strong> 1945 <strong>Duraci\u00f3n<\/strong> 110 min. <strong>Pa\u00eds<\/strong> Estados Unidos Estados Unidos <strong>Direcci\u00f3n<\/strong> John M. Stahl <strong>Guion<\/strong> Jo Swerling. <strong>Novela<\/strong>: Ben Ames Williams <strong>M\u00fasica<\/strong> Alfred Newman <strong>Fotograf\u00eda<\/strong> Leon Shamroy <strong>Reparto<\/strong> Gene Tierney, Cornel Wilde, Jeanne Crain, Vincent Price, Mary Philips, Ray Collins, Gene Lockhart, Reed Hadley, Darryl Hickman, Chill Wills <strong>Productora<\/strong> 20th Century Fox <strong>G\u00e9nero<\/strong> Drama. Intriga | Melodrama. Celos <strong>Grupos<\/strong> Adaptaciones de Ben Ames Williams<\/p>\n<p><strong>Sinopsis<\/strong> Richard Harland (Cornel Wilde), un joven escritor, conoce en un tren a Ellen Berent (Gene Tierney), una bell\u00edsima mujer con la que se casa pocos d\u00edas despu\u00e9s. La vida parece sonre\u00edrles, pero Ellen es tan posesiva y sus celos son tan enfermizos que no est\u00e1 dispuesta a compartir a Richard con nadie; tanto amigos como familiares representan para ella una amenaza de la que intentar\u00e1 librarse, provocando la desgracia de quienes les rodean.<\/p>\n","protected":false},"featured_media":5671,"comment_status":"open","ping_status":"closed","template":"","meta":{"site-sidebar-layout":"default","site-content-layout":"default","ast-site-content-layout":"default","site-content-style":"default","site-sidebar-style":"default","ast-global-header-display":"","ast-banner-title-visibility":"","ast-main-header-display":"","ast-hfb-above-header-display":"","ast-hfb-below-header-display":"","ast-hfb-mobile-header-display":"","site-post-title":"","ast-breadcrumbs-content":"","ast-featured-img":"","footer-sml-layout":"","ast-disable-related-posts":"","theme-transparent-header-meta":"","adv-header-id-meta":"","stick-header-meta":"","header-above-stick-meta":"","header-main-stick-meta":"","header-below-stick-meta":"","astra-migrate-meta-layouts":"default","ast-page-background-enabled":"default","ast-page-background-meta":{"desktop":{"background-color":"","background-image":"","background-repeat":"repeat","background-position":"center center","background-size":"auto","background-attachment":"scroll","background-type":"","background-media":"","overlay-type":"","overlay-color":"","overlay-opacity":"","overlay-gradient":""},"tablet":{"background-color":"","background-image":"","background-repeat":"repeat","background-position":"center center","background-size":"auto","background-attachment":"scroll","background-type":"","background-media":"","overlay-type":"","overlay-color":"","overlay-opacity":"","overlay-gradient":""},"mobile":{"background-color":"","background-image":"","background-repeat":"repeat","background-position":"center center","background-size":"auto","background-attachment":"scroll","background-type":"","background-media":"","overlay-type":"","overlay-color":"","overlay-opacity":"","overlay-gradient":""}},"ast-content-background-meta":{"desktop":{"background-color":"var(--ast-global-color-5)","background-image":"","background-repeat":"repeat","background-position":"center center","background-size":"auto","background-attachment":"scroll","background-type":"","background-media":"","overlay-type":"","overlay-color":"","overlay-opacity":"","overlay-gradient":""},"tablet":{"background-color":"var(--ast-global-color-5)","background-image":"","background-repeat":"repeat","background-position":"center center","background-size":"auto","background-attachment":"scroll","background-type":"","background-media":"","overlay-type":"","overlay-color":"","overlay-opacity":"","overlay-gradient":""},"mobile":{"background-color":"var(--ast-global-color-5)","background-image":"","background-repeat":"repeat","background-position":"center center","background-size":"auto","background-attachment":"scroll","background-type":"","background-media":"","overlay-type":"","overlay-color":"","overlay-opacity":"","overlay-gradient":""}},"_joinchat":[]},"product_brand":[],"product_cat":[42],"product_tag":[],"class_list":{"0":"post-5670","1":"product","2":"type-product","3":"status-publish","4":"has-post-thumbnail","6":"product_cat-dvd","7":"desktop-align-left","8":"tablet-align-left","9":"mobile-align-left","11":"first","12":"instock","13":"shipping-taxable","14":"purchasable","15":"product-type-simple"},"_links":{"self":[{"href":"https:\/\/cinemasoul.es\/index.php?rest_route=\/wp\/v2\/product\/5670","targetHints":{"allow":["GET"]}}],"collection":[{"href":"https:\/\/cinemasoul.es\/index.php?rest_route=\/wp\/v2\/product"}],"about":[{"href":"https:\/\/cinemasoul.es\/index.php?rest_route=\/wp\/v2\/types\/product"}],"replies":[{"embeddable":true,"href":"https:\/\/cinemasoul.es\/index.php?rest_route=%2Fwp%2Fv2%2Fcomments&post=5670"}],"version-history":[{"count":1,"href":"https:\/\/cinemasoul.es\/index.php?rest_route=\/wp\/v2\/product\/5670\/revisions"}],"predecessor-version":[{"id":5673,"href":"https:\/\/cinemasoul.es\/index.php?rest_route=\/wp\/v2\/product\/5670\/revisions\/5673"}],"wp:featuredmedia":[{"embeddable":true,"href":"https:\/\/cinemasoul.es\/index.php?rest_route=\/wp\/v2\/media\/5671"}],"wp:attachment":[{"href":"https:\/\/cinemasoul.es\/index.php?rest_route=%2Fwp%2Fv2%2Fmedia&parent=5670"}],"wp:term":[{"taxonomy":"product_brand","embeddable":true,"href":"https:\/\/cinemasoul.es\/index.php?rest_route=%2Fwp%2Fv2%2Fproduct_brand&post=5670"},{"taxonomy":"product_cat","embeddable":true,"href":"https:\/\/cinemasoul.es\/index.php?rest_route=%2Fwp%2Fv2%2Fproduct_cat&post=5670"},{"taxonomy":"product_tag","embeddable":true,"href":"https:\/\/cinemasoul.es\/index.php?rest_route=%2Fwp%2Fv2%2Fproduct_tag&post=5670"}],"curies":[{"name":"wp","href":"https:\/\/api.w.org\/{rel}","templated":true}]}}