{"id":5662,"date":"2022-06-29T16:56:29","date_gmt":"2022-06-29T16:56:29","guid":{"rendered":"https:\/\/www.cinemasoul.es\/?post_type=product&#038;p=5662"},"modified":"2022-06-29T16:56:29","modified_gmt":"2022-06-29T16:56:29","slug":"petulia-dvd","status":"publish","type":"product","link":"https:\/\/cinemasoul.es\/?product=petulia-dvd","title":{"rendered":"Petulia [DVD]"},"content":{"rendered":"","protected":false},"excerpt":{"rendered":"<p><em>\u201cUNA PEL\u00cdCULA BRILLANTE, CON EXCELENTES ACTUACIONES. TAN RICA EN LOS PERSONAJES Y DETALLES AUDIOVISUALES, QUE SE NECESITA VERLA VARIAS VECES PARA ASIMILAR TODO.\u201d &#8211;<\/em> DANNY PEARY, GUIDE FOR THE FILM FANATIC<\/p>\n<p><em>\u00a1UNA DE LAS MEJORES PEL\u00cdCULA DE LA D\u00c9CADA!\u201d<\/em> LEONARD MALTIN, &#8211; MOVIE GUIDE<\/p>\n<p>WARNER BROS.-SEVEN ARTS PRESENTAN JULIE CHRISTIE, GEORGE C. SCOTT EN \u201cPETULIA\u201d\u00a0<strong>DIRIGIDA<\/strong> POR RICHARD LESTER\u00a0<strong>PRODUCIDA<\/strong> POR RAYMOND WAGNER\u00a0<strong>PROTAGONIZADA<\/strong> POR RICHARD CHAMBERLAIN COMO DAVID DANNER ARTHUR HILL SHIRLEY KNIGHT Y JOSEPH COTTEN COMO MR. DANNER\u00a0<strong>TECHNICOLOR<\/strong>\u00ae\u00a0<strong>MUSICA<\/strong> DE JOHN BARRY\u00a0BASADA EN LA <strong>NOVELA DE<\/strong> JOHN HAASE\u00a0<strong>GUI\u00d3N<\/strong> DE LAWRENCE B. MARCUS\u00a0<strong>PRODUCTOR ASOCIADO<\/strong> DENIS O\u2019DELL\u00a0<strong>PRODUCIDA<\/strong> POR RAYMOND WAGNER\u00a0<strong>DIRIGIDA<\/strong> POR RICHARD LESTER<\/p>\n<p><strong>IDIOMAS<\/strong>: CASTELLANO E INGL\u00c9S CON SUBT\u00cdTULO EN CASTELLANO\u00a0<strong>A\u00d1O<\/strong>:1968\u00a0<strong>G\u00c9NERO<\/strong>: DRAMA\u00a0<strong>NACIONALIDAD<\/strong>: ESTADOS UNIDOS\u00a0<strong>COLOR\u00a0<\/strong>Para \u00e1mbito dom\u00e9stico\u00a0<strong>Certificado de Calificaci\u00f3n<\/strong> N\u00ba 107.889 No recomendada para menores de 13 a\u00f1os\u00a0<strong>Dep\u00f3sito legal<\/strong>: TF: 1.038-2008\u00a0<strong>Duraci\u00f3n<\/strong>: 100 minutos aprox.\u00a0<strong>Formato de pantalla<\/strong>: 4\/3 (1.85:1)<\/p>\n<p>\u201cEs una pel\u00edcula realista acerca de dos personas que intentan relacionarse\u201d, dice el director Richard Lester (<em>Qu\u00e9 noche la del aquel d\u00eda<\/em>) sobre este cl\u00e1sico romance, <em>Petulia<\/em>, ambientada en el San Francisco hippie. Julie Christie interpreta a una mujer de la alta sociedad, Petulia, desdichada en su matrimonio, que entabla una relaci\u00f3n con un m\u00e9dico recientemente divorciado, Archie Bollen (George C. Scott), quien, en sus propias palabras, s\u00f3lo desea \u00absentir algo\u00bb. Pronto sentir\u00e1 e incluso sufrir\u00e1 mucho. Sabremos porqu\u00e9 la exc\u00e9ntrica Petulia pretende desesperadamente tener una relaci\u00f3n. A medida que Lester recorre la historia a trav\u00e9s de las fascinantes im\u00e1genes retrospectivas y futuras, tratando de unir las piezas del rompecabezas del cinemat\u00f3grafo Nicolas Roeg y el extraordinario gui\u00f3n de Lawrence B. Marcus, las im\u00e1genes de Petulia forman una c\u00e1psula del tiempo que refleja la vida y el amor durante los turbulentos a\u00f1os 60.<\/p>\n","protected":false},"featured_media":5663,"comment_status":"open","ping_status":"closed","template":"","meta":{"site-sidebar-layout":"default","site-content-layout":"default","ast-site-content-layout":"default","site-content-style":"default","site-sidebar-style":"default","ast-global-header-display":"","ast-banner-title-visibility":"","ast-main-header-display":"","ast-hfb-above-header-display":"","ast-hfb-below-header-display":"","ast-hfb-mobile-header-display":"","site-post-title":"","ast-breadcrumbs-content":"","ast-featured-img":"","footer-sml-layout":"","ast-disable-related-posts":"","theme-transparent-header-meta":"","adv-header-id-meta":"","stick-header-meta":"","header-above-stick-meta":"","header-main-stick-meta":"","header-below-stick-meta":"","astra-migrate-meta-layouts":"default","ast-page-background-enabled":"default","ast-page-background-meta":{"desktop":{"background-color":"","background-image":"","background-repeat":"repeat","background-position":"center center","background-size":"auto","background-attachment":"scroll","background-type":"","background-media":"","overlay-type":"","overlay-color":"","overlay-opacity":"","overlay-gradient":""},"tablet":{"background-color":"","background-image":"","background-repeat":"repeat","background-position":"center center","background-size":"auto","background-attachment":"scroll","background-type":"","background-media":"","overlay-type":"","overlay-color":"","overlay-opacity":"","overlay-gradient":""},"mobile":{"background-color":"","background-image":"","background-repeat":"repeat","background-position":"center center","background-size":"auto","background-attachment":"scroll","background-type":"","background-media":"","overlay-type":"","overlay-color":"","overlay-opacity":"","overlay-gradient":""}},"ast-content-background-meta":{"desktop":{"background-color":"var(--ast-global-color-5)","background-image":"","background-repeat":"repeat","background-position":"center center","background-size":"auto","background-attachment":"scroll","background-type":"","background-media":"","overlay-type":"","overlay-color":"","overlay-opacity":"","overlay-gradient":""},"tablet":{"background-color":"var(--ast-global-color-5)","background-image":"","background-repeat":"repeat","background-position":"center center","background-size":"auto","background-attachment":"scroll","background-type":"","background-media":"","overlay-type":"","overlay-color":"","overlay-opacity":"","overlay-gradient":""},"mobile":{"background-color":"var(--ast-global-color-5)","background-image":"","background-repeat":"repeat","background-position":"center center","background-size":"auto","background-attachment":"scroll","background-type":"","background-media":"","overlay-type":"","overlay-color":"","overlay-opacity":"","overlay-gradient":""}},"_joinchat":[]},"product_brand":[],"product_cat":[42],"product_tag":[],"class_list":{"0":"post-5662","1":"product","2":"type-product","3":"status-publish","4":"has-post-thumbnail","6":"product_cat-dvd","7":"desktop-align-left","8":"tablet-align-left","9":"mobile-align-left","11":"first","12":"instock","13":"shipping-taxable","14":"purchasable","15":"product-type-simple"},"_links":{"self":[{"href":"https:\/\/cinemasoul.es\/index.php?rest_route=\/wp\/v2\/product\/5662","targetHints":{"allow":["GET"]}}],"collection":[{"href":"https:\/\/cinemasoul.es\/index.php?rest_route=\/wp\/v2\/product"}],"about":[{"href":"https:\/\/cinemasoul.es\/index.php?rest_route=\/wp\/v2\/types\/product"}],"replies":[{"embeddable":true,"href":"https:\/\/cinemasoul.es\/index.php?rest_route=%2Fwp%2Fv2%2Fcomments&post=5662"}],"version-history":[{"count":1,"href":"https:\/\/cinemasoul.es\/index.php?rest_route=\/wp\/v2\/product\/5662\/revisions"}],"predecessor-version":[{"id":5665,"href":"https:\/\/cinemasoul.es\/index.php?rest_route=\/wp\/v2\/product\/5662\/revisions\/5665"}],"wp:featuredmedia":[{"embeddable":true,"href":"https:\/\/cinemasoul.es\/index.php?rest_route=\/wp\/v2\/media\/5663"}],"wp:attachment":[{"href":"https:\/\/cinemasoul.es\/index.php?rest_route=%2Fwp%2Fv2%2Fmedia&parent=5662"}],"wp:term":[{"taxonomy":"product_brand","embeddable":true,"href":"https:\/\/cinemasoul.es\/index.php?rest_route=%2Fwp%2Fv2%2Fproduct_brand&post=5662"},{"taxonomy":"product_cat","embeddable":true,"href":"https:\/\/cinemasoul.es\/index.php?rest_route=%2Fwp%2Fv2%2Fproduct_cat&post=5662"},{"taxonomy":"product_tag","embeddable":true,"href":"https:\/\/cinemasoul.es\/index.php?rest_route=%2Fwp%2Fv2%2Fproduct_tag&post=5662"}],"curies":[{"name":"wp","href":"https:\/\/api.w.org\/{rel}","templated":true}]}}