{"id":5658,"date":"2022-06-29T12:33:10","date_gmt":"2022-06-29T12:33:10","guid":{"rendered":"https:\/\/www.cinemasoul.es\/?post_type=product&#038;p=5658"},"modified":"2022-06-29T12:34:05","modified_gmt":"2022-06-29T12:34:05","slug":"pasion-de-libertad-dvd","status":"publish","type":"product","link":"https:\/\/cinemasoul.es\/?product=pasion-de-libertad-dvd","title":{"rendered":"Pasi\u00f3n de libertad [DVD]"},"content":{"rendered":"","protected":false},"excerpt":{"rendered":"<div id=\"tab-description\" class=\"tab-content\">\n<p>COLUMBIA\u00a0PICTURES y FRANK LLOYD PICTURES, INC. PRESENTAN CARY GRANT Y MARTHA SCOTT EN \u201cPASI\u00d3N DE LIBERTAD\u201d (THE HOWARDS OF VIRGINIA) CON SIR CEDRIC HARDWICKE, ALAN MARSHAL, RICHARD CARLSON,\u00a0<strong>GUI\u00d3N<\/strong> DE SIDNEY BUCHMAN,\u00a0<strong>PRODUCIDO<\/strong> Y <strong>DIRIGIDO<\/strong> POR FRANK LLOYD.<\/p>\n<p><strong>G\u00c9NERO<\/strong>: DRAMA.\u00a0<strong>A\u00d1O<\/strong>: 1940.\u00a0<strong>NACIONALIDAD<\/strong>: ESTADOS UNIDOS. <strong>COLOR<\/strong>: BLANCO Y NEGRO.\u00a0<strong>DURACI\u00d3N<\/strong>: 110 MIN. APROX.\u00a0<strong>FORMATO DE PANTALLA<\/strong>: 4\/3 1.37:1\u00a0<strong>IDIOMAS<\/strong>: INGL\u00c9S. \u00a0<strong>SUBT\u00cdTULOS<\/strong>: CASTELLANO. <strong>DOBLAJE<\/strong>: VERSI\u00d3N ORIGINAL SUBTITULADA<strong>.<\/strong><strong>\u00a0<\/strong><strong>CLASIFICACI\u00d3N<\/strong>: APTA PARA TODOS LOS P\u00daBLICOS.\u00a0CERTIFICADO DE CLASIFICACI\u00d3N <strong>ICAA N\u00ba<\/strong>: 126.929.\u00a0<strong>DEP\u00d3SITO LEGAL<\/strong> TF 45-2013.\u00a0<strong>EAN<\/strong>: 8414533087759.<\/p>\n<p>Cary Grant (ganador del Premio Honorario de la Academia\u00ae en 1970) protagoniza Pasi\u00f3n de Libertad, una rom\u00e1ntica aventura que se desarrolla en los turbulentos a\u00f1os de la revoluci\u00f3n americana. Jane (Martha Scott), una joven arist\u00f3crata de Virginia se casa con Matt Howard (Cary Grant). Profundamente enamorados, abandonan las comodidades de la casa de Jane e intentan crear un nuevo hogar. Los mayores problemas surgen cuando los conservadores ideales del padre de Jane chocan con las ideas democr\u00e1ticas de Matt. Cuando \u00e9ste se une a las fuerzas que luchan por la libertad de la nueva Am\u00e9rica, Jane y Matt deben elegir entre su amor o sus ideales pol\u00edticos. Pasi\u00f3n de Libertad es una tumultuosa y excitante historia sobre el amor, la aventura y la libertad.<\/p>\n<\/div>\n","protected":false},"featured_media":5659,"comment_status":"open","ping_status":"closed","template":"","meta":{"site-sidebar-layout":"default","site-content-layout":"default","ast-site-content-layout":"default","site-content-style":"default","site-sidebar-style":"default","ast-global-header-display":"","ast-banner-title-visibility":"","ast-main-header-display":"","ast-hfb-above-header-display":"","ast-hfb-below-header-display":"","ast-hfb-mobile-header-display":"","site-post-title":"","ast-breadcrumbs-content":"","ast-featured-img":"","footer-sml-layout":"","ast-disable-related-posts":"","theme-transparent-header-meta":"","adv-header-id-meta":"","stick-header-meta":"","header-above-stick-meta":"","header-main-stick-meta":"","header-below-stick-meta":"","astra-migrate-meta-layouts":"default","ast-page-background-enabled":"default","ast-page-background-meta":{"desktop":{"background-color":"","background-image":"","background-repeat":"repeat","background-position":"center center","background-size":"auto","background-attachment":"scroll","background-type":"","background-media":"","overlay-type":"","overlay-color":"","overlay-opacity":"","overlay-gradient":""},"tablet":{"background-color":"","background-image":"","background-repeat":"repeat","background-position":"center center","background-size":"auto","background-attachment":"scroll","background-type":"","background-media":"","overlay-type":"","overlay-color":"","overlay-opacity":"","overlay-gradient":""},"mobile":{"background-color":"","background-image":"","background-repeat":"repeat","background-position":"center center","background-size":"auto","background-attachment":"scroll","background-type":"","background-media":"","overlay-type":"","overlay-color":"","overlay-opacity":"","overlay-gradient":""}},"ast-content-background-meta":{"desktop":{"background-color":"var(--ast-global-color-5)","background-image":"","background-repeat":"repeat","background-position":"center center","background-size":"auto","background-attachment":"scroll","background-type":"","background-media":"","overlay-type":"","overlay-color":"","overlay-opacity":"","overlay-gradient":""},"tablet":{"background-color":"var(--ast-global-color-5)","background-image":"","background-repeat":"repeat","background-position":"center center","background-size":"auto","background-attachment":"scroll","background-type":"","background-media":"","overlay-type":"","overlay-color":"","overlay-opacity":"","overlay-gradient":""},"mobile":{"background-color":"var(--ast-global-color-5)","background-image":"","background-repeat":"repeat","background-position":"center center","background-size":"auto","background-attachment":"scroll","background-type":"","background-media":"","overlay-type":"","overlay-color":"","overlay-opacity":"","overlay-gradient":""}},"_joinchat":[]},"product_brand":[],"product_cat":[42],"product_tag":[],"class_list":{"0":"post-5658","1":"product","2":"type-product","3":"status-publish","4":"has-post-thumbnail","6":"product_cat-dvd","7":"desktop-align-left","8":"tablet-align-left","9":"mobile-align-left","11":"first","12":"instock","13":"sale","14":"shipping-taxable","15":"purchasable","16":"product-type-simple"},"_links":{"self":[{"href":"https:\/\/cinemasoul.es\/index.php?rest_route=\/wp\/v2\/product\/5658","targetHints":{"allow":["GET"]}}],"collection":[{"href":"https:\/\/cinemasoul.es\/index.php?rest_route=\/wp\/v2\/product"}],"about":[{"href":"https:\/\/cinemasoul.es\/index.php?rest_route=\/wp\/v2\/types\/product"}],"replies":[{"embeddable":true,"href":"https:\/\/cinemasoul.es\/index.php?rest_route=%2Fwp%2Fv2%2Fcomments&post=5658"}],"version-history":[{"count":1,"href":"https:\/\/cinemasoul.es\/index.php?rest_route=\/wp\/v2\/product\/5658\/revisions"}],"predecessor-version":[{"id":5661,"href":"https:\/\/cinemasoul.es\/index.php?rest_route=\/wp\/v2\/product\/5658\/revisions\/5661"}],"wp:featuredmedia":[{"embeddable":true,"href":"https:\/\/cinemasoul.es\/index.php?rest_route=\/wp\/v2\/media\/5659"}],"wp:attachment":[{"href":"https:\/\/cinemasoul.es\/index.php?rest_route=%2Fwp%2Fv2%2Fmedia&parent=5658"}],"wp:term":[{"taxonomy":"product_brand","embeddable":true,"href":"https:\/\/cinemasoul.es\/index.php?rest_route=%2Fwp%2Fv2%2Fproduct_brand&post=5658"},{"taxonomy":"product_cat","embeddable":true,"href":"https:\/\/cinemasoul.es\/index.php?rest_route=%2Fwp%2Fv2%2Fproduct_cat&post=5658"},{"taxonomy":"product_tag","embeddable":true,"href":"https:\/\/cinemasoul.es\/index.php?rest_route=%2Fwp%2Fv2%2Fproduct_tag&post=5658"}],"curies":[{"name":"wp","href":"https:\/\/api.w.org\/{rel}","templated":true}]}}