{"id":5655,"date":"2022-06-29T12:29:17","date_gmt":"2022-06-29T12:29:17","guid":{"rendered":"https:\/\/www.cinemasoul.es\/?post_type=product&#038;p=5655"},"modified":"2022-06-29T12:29:17","modified_gmt":"2022-06-29T12:29:17","slug":"piel-de-serpiente-dvd","status":"publish","type":"product","link":"https:\/\/cinemasoul.es\/?product=piel-de-serpiente-dvd","title":{"rendered":"Piel de Serpiente [DVD]"},"content":{"rendered":"","protected":false},"excerpt":{"rendered":"<p><strong>T\u00edtulo original<\/strong> The Fugitive Kind <strong>A\u00f1o<\/strong> 1960 <strong>Duraci\u00f3n<\/strong> 119 min. <strong>Pa\u00eds<\/strong> Estados Unidos <strong>Direcci\u00f3n<\/strong> Sidney Lumet <strong>Guion<\/strong> Tennessee Williams, Meade Roberts. <strong>Novela<\/strong>: Tennessee Williams <strong>M\u00fasica<\/strong> Kenyon Hopkins <strong>Fotograf\u00eda<\/strong> Boris Kaufman (B&amp;W) <strong>Reparto<\/strong> Marlon Brando, Anna Magnani, Joanne Woodward, Maureen Stapleton, R.G. Armstrong, Victor Jory, Madame Spivy, Virgilia Chew, Ben Yaffee, Joe Brown Jr., Mary Perry, John Baragrey, Sally Gracie &#8230; <strong>Productora<\/strong> Pennebaker Productions. <strong>Distribuidora<\/strong>: United Artists <strong>G\u00e9nero<\/strong> Drama<\/p>\n<p><strong>Sinopsis<\/strong> Adaptaci\u00f3n de \u00abLa ca\u00edda de Orfeo\u00bb, drama de Tennessee Williams. Valentine &#8216;Snakeskin&#8217; Xavier (Marlon Brando) es un m\u00fasico de Nueva Orle\u00e1ns que lleva una vida errante y muy irregular que le crea frecuentes problemas con la ley, raz\u00f3n por la cual se ve obligado a cambiar de ciudad continuamente. Durante un viaje, se detiene en Two Rivers, cerca del Mississippi. All\u00ed consigue trabajo en la tienda de Lady Torrance (Anna Magnani), una mujer madura de origen italiano que se convierte en su amante. Al mismo tiempo, conoce a Carol Cutrere (Joanne Woodward), una joven alcoh\u00f3lica que se siente atra\u00edda hacia \u00e9l.<\/p>\n","protected":false},"featured_media":5656,"comment_status":"open","ping_status":"closed","template":"","meta":{"site-sidebar-layout":"default","site-content-layout":"default","ast-site-content-layout":"default","site-content-style":"default","site-sidebar-style":"default","ast-global-header-display":"","ast-banner-title-visibility":"","ast-main-header-display":"","ast-hfb-above-header-display":"","ast-hfb-below-header-display":"","ast-hfb-mobile-header-display":"","site-post-title":"","ast-breadcrumbs-content":"","ast-featured-img":"","footer-sml-layout":"","ast-disable-related-posts":"","theme-transparent-header-meta":"","adv-header-id-meta":"","stick-header-meta":"","header-above-stick-meta":"","header-main-stick-meta":"","header-below-stick-meta":"","astra-migrate-meta-layouts":"default","ast-page-background-enabled":"default","ast-page-background-meta":{"desktop":{"background-color":"","background-image":"","background-repeat":"repeat","background-position":"center center","background-size":"auto","background-attachment":"scroll","background-type":"","background-media":"","overlay-type":"","overlay-color":"","overlay-opacity":"","overlay-gradient":""},"tablet":{"background-color":"","background-image":"","background-repeat":"repeat","background-position":"center center","background-size":"auto","background-attachment":"scroll","background-type":"","background-media":"","overlay-type":"","overlay-color":"","overlay-opacity":"","overlay-gradient":""},"mobile":{"background-color":"","background-image":"","background-repeat":"repeat","background-position":"center center","background-size":"auto","background-attachment":"scroll","background-type":"","background-media":"","overlay-type":"","overlay-color":"","overlay-opacity":"","overlay-gradient":""}},"ast-content-background-meta":{"desktop":{"background-color":"var(--ast-global-color-5)","background-image":"","background-repeat":"repeat","background-position":"center center","background-size":"auto","background-attachment":"scroll","background-type":"","background-media":"","overlay-type":"","overlay-color":"","overlay-opacity":"","overlay-gradient":""},"tablet":{"background-color":"var(--ast-global-color-5)","background-image":"","background-repeat":"repeat","background-position":"center center","background-size":"auto","background-attachment":"scroll","background-type":"","background-media":"","overlay-type":"","overlay-color":"","overlay-opacity":"","overlay-gradient":""},"mobile":{"background-color":"var(--ast-global-color-5)","background-image":"","background-repeat":"repeat","background-position":"center center","background-size":"auto","background-attachment":"scroll","background-type":"","background-media":"","overlay-type":"","overlay-color":"","overlay-opacity":"","overlay-gradient":""}},"_joinchat":[]},"product_brand":[],"product_cat":[42],"product_tag":[],"class_list":{"0":"post-5655","1":"product","2":"type-product","3":"status-publish","4":"has-post-thumbnail","6":"product_cat-dvd","7":"desktop-align-left","8":"tablet-align-left","9":"mobile-align-left","11":"first","12":"instock","13":"sale","14":"shipping-taxable","15":"purchasable","16":"product-type-simple"},"_links":{"self":[{"href":"https:\/\/cinemasoul.es\/index.php?rest_route=\/wp\/v2\/product\/5655","targetHints":{"allow":["GET"]}}],"collection":[{"href":"https:\/\/cinemasoul.es\/index.php?rest_route=\/wp\/v2\/product"}],"about":[{"href":"https:\/\/cinemasoul.es\/index.php?rest_route=\/wp\/v2\/types\/product"}],"replies":[{"embeddable":true,"href":"https:\/\/cinemasoul.es\/index.php?rest_route=%2Fwp%2Fv2%2Fcomments&post=5655"}],"version-history":[{"count":1,"href":"https:\/\/cinemasoul.es\/index.php?rest_route=\/wp\/v2\/product\/5655\/revisions"}],"predecessor-version":[{"id":5657,"href":"https:\/\/cinemasoul.es\/index.php?rest_route=\/wp\/v2\/product\/5655\/revisions\/5657"}],"wp:featuredmedia":[{"embeddable":true,"href":"https:\/\/cinemasoul.es\/index.php?rest_route=\/wp\/v2\/media\/5656"}],"wp:attachment":[{"href":"https:\/\/cinemasoul.es\/index.php?rest_route=%2Fwp%2Fv2%2Fmedia&parent=5655"}],"wp:term":[{"taxonomy":"product_brand","embeddable":true,"href":"https:\/\/cinemasoul.es\/index.php?rest_route=%2Fwp%2Fv2%2Fproduct_brand&post=5655"},{"taxonomy":"product_cat","embeddable":true,"href":"https:\/\/cinemasoul.es\/index.php?rest_route=%2Fwp%2Fv2%2Fproduct_cat&post=5655"},{"taxonomy":"product_tag","embeddable":true,"href":"https:\/\/cinemasoul.es\/index.php?rest_route=%2Fwp%2Fv2%2Fproduct_tag&post=5655"}],"curies":[{"name":"wp","href":"https:\/\/api.w.org\/{rel}","templated":true}]}}