{"id":5648,"date":"2022-06-29T12:12:18","date_gmt":"2022-06-29T12:12:18","guid":{"rendered":"https:\/\/www.cinemasoul.es\/?post_type=product&#038;p=5648"},"modified":"2022-06-29T12:12:19","modified_gmt":"2022-06-29T12:12:19","slug":"narciso-negro-dvd-2","status":"publish","type":"product","link":"https:\/\/cinemasoul.es\/?product=narciso-negro-dvd-2","title":{"rendered":"Narciso Negro [DVD]"},"content":{"rendered":"","protected":false},"excerpt":{"rendered":"<p><strong>TITULO ORIGINAL<\/strong>: BLACK NARCISSUS <strong>DIRIGIDA<\/strong> Y <strong>PRODUCIDA<\/strong> POR MICHAEL POWELL y EMERIC PRESSBURGER <strong>GUI\u00d3N<\/strong> DE MICHAEL POWELL y EMERIC PRESSBURGER <strong>M\u00daSICA<\/strong> DE BRIAN EASDALE <strong>FOTOGRAF\u00cdA<\/strong> DE JACK CARDIFF <strong>REPARTO<\/strong>: DEBORAH KERR, SABU, DAVID FARRAR, JEAN SIMMONS, FLORA ROBSON, KATHLEEN BYRON, JENNY LAIRD, ESMOND KNIGHT<\/p>\n<p><strong>A\u00d1O<\/strong>: 1947\u00a0\u00a0<strong>GENERO<\/strong>: DRAMA <strong>NACIONALIDAD<\/strong>: DRAMA <strong>COLOR<\/strong>: COLOR <strong>IDIOMAS<\/strong>: ESPA\u00d1OL e INGL\u00c9S <strong>SUBT\u00cdTULOS<\/strong>: ESPA\u00d1OL <strong>FORMATO DE PANTALLA<\/strong>: 1.37:1 FULL HD 1080 <strong>ICAA N\u00ba<\/strong>: 12.225 <strong>DURACI\u00d3N<\/strong>: 100 MIN. APROX.<\/p>\n<p>\u2018Narciso Negro\u2019 es un drama en el que unas monjas de occidente deciden abrir un hospital en el Himalaya, en lo que con anterioridad fue un templo payano, para expandir la doctrina cat\u00f3lica. Se encuentran, sin embargo, con la hostilidad de los habitantes de la zona y tienen que lidiar, adem\u00e1s, con la pobreza y los pocos medios de los que disponen. Cuando aparecen tensiones entre las hermanas, un agente brit\u00e1nico les ayudar\u00e1 a resolver sus problemas, aunque su presencia despertar\u00e1, de manera fat\u00eddica, la sexualidad reprimida de algunas monjas.<\/p>\n","protected":false},"featured_media":5649,"comment_status":"open","ping_status":"closed","template":"","meta":{"site-sidebar-layout":"default","site-content-layout":"default","ast-site-content-layout":"default","site-content-style":"default","site-sidebar-style":"default","ast-global-header-display":"","ast-banner-title-visibility":"","ast-main-header-display":"","ast-hfb-above-header-display":"","ast-hfb-below-header-display":"","ast-hfb-mobile-header-display":"","site-post-title":"","ast-breadcrumbs-content":"","ast-featured-img":"","footer-sml-layout":"","ast-disable-related-posts":"","theme-transparent-header-meta":"","adv-header-id-meta":"","stick-header-meta":"","header-above-stick-meta":"","header-main-stick-meta":"","header-below-stick-meta":"","astra-migrate-meta-layouts":"default","ast-page-background-enabled":"default","ast-page-background-meta":{"desktop":{"background-color":"","background-image":"","background-repeat":"repeat","background-position":"center center","background-size":"auto","background-attachment":"scroll","background-type":"","background-media":"","overlay-type":"","overlay-color":"","overlay-opacity":"","overlay-gradient":""},"tablet":{"background-color":"","background-image":"","background-repeat":"repeat","background-position":"center center","background-size":"auto","background-attachment":"scroll","background-type":"","background-media":"","overlay-type":"","overlay-color":"","overlay-opacity":"","overlay-gradient":""},"mobile":{"background-color":"","background-image":"","background-repeat":"repeat","background-position":"center center","background-size":"auto","background-attachment":"scroll","background-type":"","background-media":"","overlay-type":"","overlay-color":"","overlay-opacity":"","overlay-gradient":""}},"ast-content-background-meta":{"desktop":{"background-color":"var(--ast-global-color-5)","background-image":"","background-repeat":"repeat","background-position":"center center","background-size":"auto","background-attachment":"scroll","background-type":"","background-media":"","overlay-type":"","overlay-color":"","overlay-opacity":"","overlay-gradient":""},"tablet":{"background-color":"var(--ast-global-color-5)","background-image":"","background-repeat":"repeat","background-position":"center center","background-size":"auto","background-attachment":"scroll","background-type":"","background-media":"","overlay-type":"","overlay-color":"","overlay-opacity":"","overlay-gradient":""},"mobile":{"background-color":"var(--ast-global-color-5)","background-image":"","background-repeat":"repeat","background-position":"center center","background-size":"auto","background-attachment":"scroll","background-type":"","background-media":"","overlay-type":"","overlay-color":"","overlay-opacity":"","overlay-gradient":""}},"_joinchat":[]},"product_brand":[],"product_cat":[42],"product_tag":[],"class_list":{"0":"post-5648","1":"product","2":"type-product","3":"status-publish","4":"has-post-thumbnail","6":"product_cat-dvd","7":"desktop-align-left","8":"tablet-align-left","9":"mobile-align-left","11":"first","12":"instock","13":"sale","14":"shipping-taxable","15":"purchasable","16":"product-type-simple"},"_links":{"self":[{"href":"https:\/\/cinemasoul.es\/index.php?rest_route=\/wp\/v2\/product\/5648","targetHints":{"allow":["GET"]}}],"collection":[{"href":"https:\/\/cinemasoul.es\/index.php?rest_route=\/wp\/v2\/product"}],"about":[{"href":"https:\/\/cinemasoul.es\/index.php?rest_route=\/wp\/v2\/types\/product"}],"replies":[{"embeddable":true,"href":"https:\/\/cinemasoul.es\/index.php?rest_route=%2Fwp%2Fv2%2Fcomments&post=5648"}],"version-history":[{"count":1,"href":"https:\/\/cinemasoul.es\/index.php?rest_route=\/wp\/v2\/product\/5648\/revisions"}],"predecessor-version":[{"id":5650,"href":"https:\/\/cinemasoul.es\/index.php?rest_route=\/wp\/v2\/product\/5648\/revisions\/5650"}],"wp:featuredmedia":[{"embeddable":true,"href":"https:\/\/cinemasoul.es\/index.php?rest_route=\/wp\/v2\/media\/5649"}],"wp:attachment":[{"href":"https:\/\/cinemasoul.es\/index.php?rest_route=%2Fwp%2Fv2%2Fmedia&parent=5648"}],"wp:term":[{"taxonomy":"product_brand","embeddable":true,"href":"https:\/\/cinemasoul.es\/index.php?rest_route=%2Fwp%2Fv2%2Fproduct_brand&post=5648"},{"taxonomy":"product_cat","embeddable":true,"href":"https:\/\/cinemasoul.es\/index.php?rest_route=%2Fwp%2Fv2%2Fproduct_cat&post=5648"},{"taxonomy":"product_tag","embeddable":true,"href":"https:\/\/cinemasoul.es\/index.php?rest_route=%2Fwp%2Fv2%2Fproduct_tag&post=5648"}],"curies":[{"name":"wp","href":"https:\/\/api.w.org\/{rel}","templated":true}]}}