{"id":5644,"date":"2022-06-29T12:08:52","date_gmt":"2022-06-29T12:08:52","guid":{"rendered":"https:\/\/www.cinemasoul.es\/?post_type=product&#038;p=5644"},"modified":"2022-06-29T12:08:52","modified_gmt":"2022-06-29T12:08:52","slug":"muerte-en-los-pantanos-dvd","status":"publish","type":"product","link":"https:\/\/cinemasoul.es\/?product=muerte-en-los-pantanos-dvd","title":{"rendered":"Muerte en los pantanos [DVD]"},"content":{"rendered":"","protected":false},"excerpt":{"rendered":"<div id=\"tab-description\" class=\"tab-content\">\n<p>Warner BROS presenta \u201cMuerte en los Pantanos\u201d\u00a0<strong>protagonizada<\/strong> <strong>por<\/strong> Burl Ives, Christopher Plumier con Chana Eden, Rose Lee, Tony Galento, Sammy Renick, Emmett Nelly, MacKinlay Cantor\u00a0<strong>Gui\u00f3n<\/strong> de Budd Schulberg\u00a0<strong>M\u00fasica<\/strong> de Paul Sawtell y Bert Shefter\u00a0<strong>Producida<\/strong> por Stuart Schulbert.\u00a0<strong>Dirigida<\/strong> por Nicholas Ray<\/p>\n<p><strong>Idiomas:<\/strong> Castellano e ingl\u00e9s con subt\u00edtulos en castellano\u00a0<strong>A\u00f1o:<\/strong> 1958\u00a0<strong>G\u00e9nero:<\/strong> Drama\u00a0<strong>Nacionalidad:<\/strong> Estados Unidos\u00a0<strong>Color\u00a0<\/strong><strong>Duraci\u00f3n:<\/strong> 90 min. <strong>Pantalla<\/strong>: 4\/3 1.33.1\u00a0<strong>EAN<\/strong>: 7321930222168\u00a0<strong>REFERENCIA<\/strong>: DVDY22216\u00a0<strong>N\u00ba DE EXPEDIENTE<\/strong> 107.888\u00a0<strong>DEP\u00d3SITOS LEGALES<\/strong>: TF: 1271-2008 APTA TODOS LOS P\u00daBLICOS<\/p>\n<p>A finales del siglo XIX. Walt Murdock (Christopher Plumer) joven profesor de ciencias naturales de Boston, llega a Miami, donde empieza a trabajar para una sociedad protectora de aves. Para intentar frenar la cruel matanza de los cazadores furtivos, encabezados por Cottonmouth (Burl Ives), que persigue sin escr\u00fapulos, entre los pantanos de Florida, a las aves ex\u00f3ticas con el \u00fanico objetivo de comercializar las valiosas plumas como adorno femenino. Murdock se enamora de la hija del presidente de la sociedad para la que trabaja, Nahomi (Chana Eden) pero un nuevo incidente se producir\u00e1 con uno de los hombres de Cottonmouth que le lleva a enfrentarse nuevamente con el cazador.<\/p>\n<\/div>\n","protected":false},"featured_media":5645,"comment_status":"open","ping_status":"closed","template":"","meta":{"site-sidebar-layout":"default","site-content-layout":"default","ast-site-content-layout":"default","site-content-style":"default","site-sidebar-style":"default","ast-global-header-display":"","ast-banner-title-visibility":"","ast-main-header-display":"","ast-hfb-above-header-display":"","ast-hfb-below-header-display":"","ast-hfb-mobile-header-display":"","site-post-title":"","ast-breadcrumbs-content":"","ast-featured-img":"","footer-sml-layout":"","ast-disable-related-posts":"","theme-transparent-header-meta":"","adv-header-id-meta":"","stick-header-meta":"","header-above-stick-meta":"","header-main-stick-meta":"","header-below-stick-meta":"","astra-migrate-meta-layouts":"default","ast-page-background-enabled":"default","ast-page-background-meta":{"desktop":{"background-color":"","background-image":"","background-repeat":"repeat","background-position":"center center","background-size":"auto","background-attachment":"scroll","background-type":"","background-media":"","overlay-type":"","overlay-color":"","overlay-opacity":"","overlay-gradient":""},"tablet":{"background-color":"","background-image":"","background-repeat":"repeat","background-position":"center center","background-size":"auto","background-attachment":"scroll","background-type":"","background-media":"","overlay-type":"","overlay-color":"","overlay-opacity":"","overlay-gradient":""},"mobile":{"background-color":"","background-image":"","background-repeat":"repeat","background-position":"center center","background-size":"auto","background-attachment":"scroll","background-type":"","background-media":"","overlay-type":"","overlay-color":"","overlay-opacity":"","overlay-gradient":""}},"ast-content-background-meta":{"desktop":{"background-color":"var(--ast-global-color-5)","background-image":"","background-repeat":"repeat","background-position":"center center","background-size":"auto","background-attachment":"scroll","background-type":"","background-media":"","overlay-type":"","overlay-color":"","overlay-opacity":"","overlay-gradient":""},"tablet":{"background-color":"var(--ast-global-color-5)","background-image":"","background-repeat":"repeat","background-position":"center center","background-size":"auto","background-attachment":"scroll","background-type":"","background-media":"","overlay-type":"","overlay-color":"","overlay-opacity":"","overlay-gradient":""},"mobile":{"background-color":"var(--ast-global-color-5)","background-image":"","background-repeat":"repeat","background-position":"center center","background-size":"auto","background-attachment":"scroll","background-type":"","background-media":"","overlay-type":"","overlay-color":"","overlay-opacity":"","overlay-gradient":""}},"_joinchat":[]},"product_brand":[],"product_cat":[42],"product_tag":[],"class_list":{"0":"post-5644","1":"product","2":"type-product","3":"status-publish","4":"has-post-thumbnail","6":"product_cat-dvd","7":"desktop-align-left","8":"tablet-align-left","9":"mobile-align-left","11":"first","12":"instock","13":"sale","14":"shipping-taxable","15":"purchasable","16":"product-type-simple"},"_links":{"self":[{"href":"https:\/\/cinemasoul.es\/index.php?rest_route=\/wp\/v2\/product\/5644","targetHints":{"allow":["GET"]}}],"collection":[{"href":"https:\/\/cinemasoul.es\/index.php?rest_route=\/wp\/v2\/product"}],"about":[{"href":"https:\/\/cinemasoul.es\/index.php?rest_route=\/wp\/v2\/types\/product"}],"replies":[{"embeddable":true,"href":"https:\/\/cinemasoul.es\/index.php?rest_route=%2Fwp%2Fv2%2Fcomments&post=5644"}],"version-history":[{"count":1,"href":"https:\/\/cinemasoul.es\/index.php?rest_route=\/wp\/v2\/product\/5644\/revisions"}],"predecessor-version":[{"id":5647,"href":"https:\/\/cinemasoul.es\/index.php?rest_route=\/wp\/v2\/product\/5644\/revisions\/5647"}],"wp:featuredmedia":[{"embeddable":true,"href":"https:\/\/cinemasoul.es\/index.php?rest_route=\/wp\/v2\/media\/5645"}],"wp:attachment":[{"href":"https:\/\/cinemasoul.es\/index.php?rest_route=%2Fwp%2Fv2%2Fmedia&parent=5644"}],"wp:term":[{"taxonomy":"product_brand","embeddable":true,"href":"https:\/\/cinemasoul.es\/index.php?rest_route=%2Fwp%2Fv2%2Fproduct_brand&post=5644"},{"taxonomy":"product_cat","embeddable":true,"href":"https:\/\/cinemasoul.es\/index.php?rest_route=%2Fwp%2Fv2%2Fproduct_cat&post=5644"},{"taxonomy":"product_tag","embeddable":true,"href":"https:\/\/cinemasoul.es\/index.php?rest_route=%2Fwp%2Fv2%2Fproduct_tag&post=5644"}],"curies":[{"name":"wp","href":"https:\/\/api.w.org\/{rel}","templated":true}]}}