{"id":5632,"date":"2022-06-29T11:22:59","date_gmt":"2022-06-29T11:22:59","guid":{"rendered":"https:\/\/www.cinemasoul.es\/?post_type=product&#038;p=5632"},"modified":"2022-06-29T11:22:59","modified_gmt":"2022-06-29T11:22:59","slug":"mesas-separadas-dvd","status":"publish","type":"product","link":"https:\/\/cinemasoul.es\/?product=mesas-separadas-dvd","title":{"rendered":"Mesas Separadas [DVD]"},"content":{"rendered":"","protected":false},"excerpt":{"rendered":"<div id=\"tab-description\" class=\"tab-content\">\n<p>*1958: Mejor Pel\u00edcula, Mejor Actor (David \u00a0Niven, ganador), Mejor Actriz (Deborah \u00a0Kerr), Mejor Actriz de Reparto (Wendy Hiller, ganadora), Mejor Gui\u00f3n Adaptado, Mejor Fotograf\u00eda, Mejor Banda Sonora.<\/p>\n<p><strong>T\u00cdTULO ORIGINAL<\/strong>: SEPARATE TABLES\u00a0<strong>DIRIGIDA<\/strong> POR DELBERT MANN <strong>PRODUCIDA<\/strong> POR HAROLD HECHT <strong>GUI\u00d3N<\/strong> DE TERENCE RATTIGAN Y JOHN GAY <strong>Basado<\/strong> <strong>EN UNA OBRA TEATRAL<\/strong> DE TERENCE RATTIGAN\u00a0<strong>M\u00daSICA<\/strong> DE DAVID RAKSIN <strong>REPARTO<\/strong>: \u00a0WENDY HILLER \u00b7 GLADYS COOPER \u00b7 CATHLEEN NESBITT \u00b7 FELIX AYLMER \u00b7 ROD TAYLOR \u00b7 AUDREY DALTON<\/p>\n<p><strong>NACIONALIDAD<\/strong>: ESTADOS UNIDOS <strong>A\u00d1O<\/strong>: 1958 <strong>G\u00c9NERO<\/strong>: DRAMA <strong>DURACI\u00d3N<\/strong>: 100 \u00a0MINUTOS APROX. <strong>FORMATO<\/strong>: 1.66:1 <strong>COLOR<\/strong>: BLANCO Y NEGRO \u00a0\u00a0\u00a0 <strong>IDIOMAS<\/strong>: CASTELLANO E INGL\u00c9S <strong>SUBT\u00cdTULOS:<\/strong> CASTELLANO Y PORTUGU\u00c9S CERTIFICADO DE CALIFICACI\u00d3N N\u00ba 131.430 <strong>CLASIFICACI\u00d3N<\/strong>: NO RECOMENDADA PARA MENORES DE 12 A\u00d1OS<\/p>\n<p>Nominada a siete Oscar\u00ae* \u2013entre ellos el de Mejor Pel\u00edcula\u2013 y ganadora de dos, <em>Mesas separadas<\/em> es una \u201cpel\u00edcula provocadora e inteligente\u201d <em>(Variety)<\/em> y una obra maestra cinematogr\u00e1fica impregnada de compasi\u00f3n y sensibilidad.\u00a0El espectador viajar\u00e1 hasta el Beauregard Hotel, cuyos exc\u00e9ntricos hu\u00e9spedes poseen un rasgo en com\u00fan: la soledad. All\u00ed se alojan el comandante Pollack (David Niven), que esconde un secreto tras sus pulidas maneras de militar; Sibyl Railton-Bell (Deborah Kerr), una solterona t\u00edmida y neur\u00f3tica que carece de valor para separarse de su dominante madre; John Malcolm (Burt Lancaster), un escritor desencantado que ahoga su amargura en un pozo de alcohol; y Ann Shankland (Rita Hayworth), cuyo narcisismo enmascara un profundo miedo a envejecer sola y sin amor. En una emotiva noche, estos cuatro desdichados compartir\u00e1n sus m\u00e1s \u00edntimos secretos&#8230; y sus vidas cambiar\u00e1n para siempre.<\/p>\n<\/div>\n","protected":false},"featured_media":5633,"comment_status":"open","ping_status":"closed","template":"","meta":{"site-sidebar-layout":"default","site-content-layout":"default","ast-site-content-layout":"default","site-content-style":"default","site-sidebar-style":"default","ast-global-header-display":"","ast-banner-title-visibility":"","ast-main-header-display":"","ast-hfb-above-header-display":"","ast-hfb-below-header-display":"","ast-hfb-mobile-header-display":"","site-post-title":"","ast-breadcrumbs-content":"","ast-featured-img":"","footer-sml-layout":"","ast-disable-related-posts":"","theme-transparent-header-meta":"","adv-header-id-meta":"","stick-header-meta":"","header-above-stick-meta":"","header-main-stick-meta":"","header-below-stick-meta":"","astra-migrate-meta-layouts":"default","ast-page-background-enabled":"default","ast-page-background-meta":{"desktop":{"background-color":"","background-image":"","background-repeat":"repeat","background-position":"center center","background-size":"auto","background-attachment":"scroll","background-type":"","background-media":"","overlay-type":"","overlay-color":"","overlay-opacity":"","overlay-gradient":""},"tablet":{"background-color":"","background-image":"","background-repeat":"repeat","background-position":"center center","background-size":"auto","background-attachment":"scroll","background-type":"","background-media":"","overlay-type":"","overlay-color":"","overlay-opacity":"","overlay-gradient":""},"mobile":{"background-color":"","background-image":"","background-repeat":"repeat","background-position":"center center","background-size":"auto","background-attachment":"scroll","background-type":"","background-media":"","overlay-type":"","overlay-color":"","overlay-opacity":"","overlay-gradient":""}},"ast-content-background-meta":{"desktop":{"background-color":"var(--ast-global-color-5)","background-image":"","background-repeat":"repeat","background-position":"center center","background-size":"auto","background-attachment":"scroll","background-type":"","background-media":"","overlay-type":"","overlay-color":"","overlay-opacity":"","overlay-gradient":""},"tablet":{"background-color":"var(--ast-global-color-5)","background-image":"","background-repeat":"repeat","background-position":"center center","background-size":"auto","background-attachment":"scroll","background-type":"","background-media":"","overlay-type":"","overlay-color":"","overlay-opacity":"","overlay-gradient":""},"mobile":{"background-color":"var(--ast-global-color-5)","background-image":"","background-repeat":"repeat","background-position":"center center","background-size":"auto","background-attachment":"scroll","background-type":"","background-media":"","overlay-type":"","overlay-color":"","overlay-opacity":"","overlay-gradient":""}},"_joinchat":[]},"product_brand":[],"product_cat":[42],"product_tag":[],"class_list":{"0":"post-5632","1":"product","2":"type-product","3":"status-publish","4":"has-post-thumbnail","6":"product_cat-dvd","7":"desktop-align-left","8":"tablet-align-left","9":"mobile-align-left","11":"first","12":"instock","13":"shipping-taxable","14":"purchasable","15":"product-type-simple"},"_links":{"self":[{"href":"https:\/\/cinemasoul.es\/index.php?rest_route=\/wp\/v2\/product\/5632","targetHints":{"allow":["GET"]}}],"collection":[{"href":"https:\/\/cinemasoul.es\/index.php?rest_route=\/wp\/v2\/product"}],"about":[{"href":"https:\/\/cinemasoul.es\/index.php?rest_route=\/wp\/v2\/types\/product"}],"replies":[{"embeddable":true,"href":"https:\/\/cinemasoul.es\/index.php?rest_route=%2Fwp%2Fv2%2Fcomments&post=5632"}],"version-history":[{"count":1,"href":"https:\/\/cinemasoul.es\/index.php?rest_route=\/wp\/v2\/product\/5632\/revisions"}],"predecessor-version":[{"id":5635,"href":"https:\/\/cinemasoul.es\/index.php?rest_route=\/wp\/v2\/product\/5632\/revisions\/5635"}],"wp:featuredmedia":[{"embeddable":true,"href":"https:\/\/cinemasoul.es\/index.php?rest_route=\/wp\/v2\/media\/5633"}],"wp:attachment":[{"href":"https:\/\/cinemasoul.es\/index.php?rest_route=%2Fwp%2Fv2%2Fmedia&parent=5632"}],"wp:term":[{"taxonomy":"product_brand","embeddable":true,"href":"https:\/\/cinemasoul.es\/index.php?rest_route=%2Fwp%2Fv2%2Fproduct_brand&post=5632"},{"taxonomy":"product_cat","embeddable":true,"href":"https:\/\/cinemasoul.es\/index.php?rest_route=%2Fwp%2Fv2%2Fproduct_cat&post=5632"},{"taxonomy":"product_tag","embeddable":true,"href":"https:\/\/cinemasoul.es\/index.php?rest_route=%2Fwp%2Fv2%2Fproduct_tag&post=5632"}],"curies":[{"name":"wp","href":"https:\/\/api.w.org\/{rel}","templated":true}]}}