{"id":5628,"date":"2022-06-29T11:04:09","date_gmt":"2022-06-29T11:04:09","guid":{"rendered":"https:\/\/www.cinemasoul.es\/?post_type=product&#038;p=5628"},"modified":"2022-06-29T11:04:10","modified_gmt":"2022-06-29T11:04:10","slug":"el-hidalgo-de-los-mares-dvd","status":"publish","type":"product","link":"https:\/\/cinemasoul.es\/?product=el-hidalgo-de-los-mares-dvd","title":{"rendered":"El hidalgo de los mares [DVD]"},"content":{"rendered":"","protected":false},"excerpt":{"rendered":"<p>Warner Bros. Pictures presenta Gregory Peck, Virginia Mayo en \u201cCaptain Horatio Hornblower\u201d <strong>DIRECTOR:<\/strong> RAOUL WALSH <strong>ARGUMENTO:<\/strong> C.S. FORESTER <strong>GUI\u00d3N:<\/strong> C.S. FORESTER, IVAN GOFF, BEN ROBERTS, AENEAS MACKENZIE <strong>PRODUCTOR:<\/strong> GERRY MITCHELL, RAOUL WALSH <strong>M\u00daSICA:<\/strong> ROBERT FARNON <strong>FOTOGRAF\u00cdA:<\/strong> GUY GREEN <strong>REPARTO:<\/strong> GREGORY PECK, VIRGINIA MAYO, ROBERT BEATTY, MOULTRIE KELSALL, TERENCE MORGAN, \u00a0JAMES KENNEY, JAMES ROBERTSON JUSTICE, DENIS O&#8217;DEA,\u00a0 RICHARD HEARNE,\u00a0 MICHAEL DOLAN, STANLEY BAKER, ALAN TILVERN, ALEC MANGO, CHRISTOPHER LEE, JOHN WITTY, MICHAEL GOODLIFFE, EUGENE DECKERS, INGEBORG VON KUSSEROW, AMY VENESS,\u00a0 KYNASTON REEVES, RONALD ADAM<\/p>\n<p><strong>DURACI\u00d2N<\/strong>: 112\u2019 aprox. <strong>Certificado de calificaci\u00f3n<\/strong>: N\u00ba 59.762 <strong>FORMATO DE PANTALLA<\/strong>: 4\/3 (1.33:1) <strong>DEP\u00d3SITO LEGAL<\/strong>: TF:1.712-2007 <strong>NACIONALIDAD<\/strong>: REINO UNIDO \/ EE.UU. <strong>G\u00c9NERO<\/strong>: AVENTURA <strong>COLOR A\u00d1O:<\/strong> 1951<\/p>\n<p><strong>Caracter\u00edsticas especiales<\/strong> Cortometraje Nominado a un Oscar\u00ae: Mi Pa\u00eds \u2018Es por T\u00ed\u2019. Dibujos animados: El capit\u00e1n Hornblower. Trailer Cinematogr\u00e1fico &#8211; <strong>Idiomas:<\/strong> (1.0 Mono) Castellano, Ingl\u00e9s, Alem\u00e1n, Franc\u00e9s. &#8211; <strong>Subt\u00edtulos:<\/strong> Ingl\u00e9s, Alem\u00e1n, Castellano, Franc\u00e9s, Holand\u00e9s. &#8211; <strong>Codificado para sordos<\/strong>: Ingl\u00e9s, Alem\u00e1n. (Fragmentos en Ingl\u00e9s subtitulados en Castellano 3\u2019 aprox). Para \u00e1mbito dom\u00e9stico. Autorizada para todos los p\u00fablicos.<\/p>\n<p>La leyenda de la pantalla Gregory Peck interpreta al heroico Capit\u00e1n Hornblower en una versi\u00f3n realizada para el cine por C.S. Forester, el mismo creador del personaje para la literatura.Durante las guerras napole\u00f3nicas, entre 1808 y 1810, el Capit\u00e1n ingl\u00e9s Hornblower (Gregory Peck), al mando de una fragata de la Armada Brit\u00e1nica, lucha contra los franceses y los espa\u00f1oles. En su periplo conoce Lady B\u00e1rbara Wellesley (Virginia Mayo), una bella y noble dama de la que se enamora. Pero este amor es imposible, ya que Hornblower est\u00e1 casado y Lady B\u00e1rbara es la prometida del almirante Rodney Leighton (Denis O\u2019Dea).<\/p>\n","protected":false},"featured_media":5629,"comment_status":"open","ping_status":"closed","template":"","meta":{"site-sidebar-layout":"default","site-content-layout":"default","ast-site-content-layout":"default","site-content-style":"default","site-sidebar-style":"default","ast-global-header-display":"","ast-banner-title-visibility":"","ast-main-header-display":"","ast-hfb-above-header-display":"","ast-hfb-below-header-display":"","ast-hfb-mobile-header-display":"","site-post-title":"","ast-breadcrumbs-content":"","ast-featured-img":"","footer-sml-layout":"","ast-disable-related-posts":"","theme-transparent-header-meta":"","adv-header-id-meta":"","stick-header-meta":"","header-above-stick-meta":"","header-main-stick-meta":"","header-below-stick-meta":"","astra-migrate-meta-layouts":"default","ast-page-background-enabled":"default","ast-page-background-meta":{"desktop":{"background-color":"","background-image":"","background-repeat":"repeat","background-position":"center center","background-size":"auto","background-attachment":"scroll","background-type":"","background-media":"","overlay-type":"","overlay-color":"","overlay-opacity":"","overlay-gradient":""},"tablet":{"background-color":"","background-image":"","background-repeat":"repeat","background-position":"center center","background-size":"auto","background-attachment":"scroll","background-type":"","background-media":"","overlay-type":"","overlay-color":"","overlay-opacity":"","overlay-gradient":""},"mobile":{"background-color":"","background-image":"","background-repeat":"repeat","background-position":"center center","background-size":"auto","background-attachment":"scroll","background-type":"","background-media":"","overlay-type":"","overlay-color":"","overlay-opacity":"","overlay-gradient":""}},"ast-content-background-meta":{"desktop":{"background-color":"var(--ast-global-color-5)","background-image":"","background-repeat":"repeat","background-position":"center center","background-size":"auto","background-attachment":"scroll","background-type":"","background-media":"","overlay-type":"","overlay-color":"","overlay-opacity":"","overlay-gradient":""},"tablet":{"background-color":"var(--ast-global-color-5)","background-image":"","background-repeat":"repeat","background-position":"center center","background-size":"auto","background-attachment":"scroll","background-type":"","background-media":"","overlay-type":"","overlay-color":"","overlay-opacity":"","overlay-gradient":""},"mobile":{"background-color":"var(--ast-global-color-5)","background-image":"","background-repeat":"repeat","background-position":"center center","background-size":"auto","background-attachment":"scroll","background-type":"","background-media":"","overlay-type":"","overlay-color":"","overlay-opacity":"","overlay-gradient":""}},"_joinchat":[]},"product_brand":[],"product_cat":[42],"product_tag":[],"class_list":{"0":"post-5628","1":"product","2":"type-product","3":"status-publish","4":"has-post-thumbnail","6":"product_cat-dvd","7":"desktop-align-left","8":"tablet-align-left","9":"mobile-align-left","11":"first","12":"instock","13":"sale","14":"shipping-taxable","15":"purchasable","16":"product-type-simple"},"_links":{"self":[{"href":"https:\/\/cinemasoul.es\/index.php?rest_route=\/wp\/v2\/product\/5628","targetHints":{"allow":["GET"]}}],"collection":[{"href":"https:\/\/cinemasoul.es\/index.php?rest_route=\/wp\/v2\/product"}],"about":[{"href":"https:\/\/cinemasoul.es\/index.php?rest_route=\/wp\/v2\/types\/product"}],"replies":[{"embeddable":true,"href":"https:\/\/cinemasoul.es\/index.php?rest_route=%2Fwp%2Fv2%2Fcomments&post=5628"}],"version-history":[{"count":1,"href":"https:\/\/cinemasoul.es\/index.php?rest_route=\/wp\/v2\/product\/5628\/revisions"}],"predecessor-version":[{"id":5631,"href":"https:\/\/cinemasoul.es\/index.php?rest_route=\/wp\/v2\/product\/5628\/revisions\/5631"}],"wp:featuredmedia":[{"embeddable":true,"href":"https:\/\/cinemasoul.es\/index.php?rest_route=\/wp\/v2\/media\/5629"}],"wp:attachment":[{"href":"https:\/\/cinemasoul.es\/index.php?rest_route=%2Fwp%2Fv2%2Fmedia&parent=5628"}],"wp:term":[{"taxonomy":"product_brand","embeddable":true,"href":"https:\/\/cinemasoul.es\/index.php?rest_route=%2Fwp%2Fv2%2Fproduct_brand&post=5628"},{"taxonomy":"product_cat","embeddable":true,"href":"https:\/\/cinemasoul.es\/index.php?rest_route=%2Fwp%2Fv2%2Fproduct_cat&post=5628"},{"taxonomy":"product_tag","embeddable":true,"href":"https:\/\/cinemasoul.es\/index.php?rest_route=%2Fwp%2Fv2%2Fproduct_tag&post=5628"}],"curies":[{"name":"wp","href":"https:\/\/api.w.org\/{rel}","templated":true}]}}