{"id":5620,"date":"2022-06-28T17:50:29","date_gmt":"2022-06-28T17:50:29","guid":{"rendered":"https:\/\/www.cinemasoul.es\/?post_type=product&#038;p=5620"},"modified":"2022-06-28T17:50:29","modified_gmt":"2022-06-28T17:50:29","slug":"la-gran-aventura-de-tarzan-dvd","status":"publish","type":"product","link":"https:\/\/cinemasoul.es\/?product=la-gran-aventura-de-tarzan-dvd","title":{"rendered":"La gran aventura de Tarz\u00e1n [DVD]"},"content":{"rendered":"","protected":false},"excerpt":{"rendered":"<p><em>\u00a1EL M\u00c1S PODEROSO DE LOS H\u00c9ROES VIVE SU MAYOR AVENTURA!<\/em><\/p>\n<p>WARNER BROS. PICTURES\u00a0PRESENTA \u201cLA GRAN AVENTURA DE TARZ\u00c1N\u201d (<em>TARZAN\u2019S GREATEST ADVENTURE<\/em>) EASTMAN <strong>COLOR<\/strong> POR <strong>PATHE<\/strong>.<strong>\u00a0<\/strong><strong>PROTAGONIZADA<\/strong> POR GORDON SCOTT, ANTHONY QUAYLE, SARA SHANE, NIALL MACGINNIS, SEAN CONNERY, SCILLA GABEL.\u00a0<strong>GUI\u00d3N<\/strong> DE BERNE GILER Y JOHN GUILLERMIN.\u00a0<strong>HISTORIA<\/strong> DE LES CRUTCHFIELD.\u00a0BASADO EN LOS <strong>PERSONAJES<\/strong> CREADOS POR EDGAR RICE BURROUGHS <strong>PRODUCIDA<\/strong> POR SY WEINTRAUB <strong>DIRIGIDA<\/strong> POR JOHN GUILLERMIN.\u00a0UNA <strong>PRODUCCI\u00d3N<\/strong> DE SY WEINTRAUB <strong>Y<\/strong> HARVEY HAYUTIN.<\/p>\n<p><strong>A\u00d1O<\/strong>: 1959 <strong>G\u00c9NERO<\/strong>: ACCI\u00d3N \u2013 AVENTURAS <strong>NACIONALIDAD<\/strong>: ESTADOS UNIDOS <strong>IDIOMAS<\/strong>: CASTELLANO E INGL\u00c9S CON SUBT\u00cdTULOS EN CASTELLANO <strong>DURACI\u00d3N<\/strong>: 83 MINUTOS <strong>FORMATO<\/strong>: 16:9 1.78 <strong>COLOR<\/strong>: COLOR<\/p>\n<p><strong>FEERTS<\/strong> 1000190931 <strong>EAN<\/strong>: 5051893048568 <strong>DEP\u00d3SITO LEGAL<\/strong>: TF: 166 -2011 <strong>N\u00ba<\/strong><strong>DE<\/strong> <strong>EXPEDIENTE<\/strong>: 119.887 <strong>CLASIFICACION<\/strong>: APTA PARA TODOS LOS P\u00daBLICOS<\/p>\n<p>El poderoso rey de los monos (Gordon Scott) emprende una persecuci\u00f3n mortal. Est\u00e1 decidido a encontrar a un grupo de buscadores de diamantes (incluyendo a Anthony Quayle y a Sean Connery), que han llevado el terror y la muerte a una tranquila aldea. Pero a la vez que Tarz\u00e1n es perseguidor y vengador, tambi\u00e9n se convierte en protector. Una alocada e irresponsable joven que dice venir de lo que ella llama \u201cel mundo civilizado\u201d se entromete en la b\u00fasqueda y Tarz\u00e1n sabe que no puede dejarla abandonada a su suerte.\u00a0<em>La gran aventura de Tarz\u00e1n<\/em> es considerada como una de las mejores y m\u00e1s adultas versiones del se\u00f1or de la selva. Se trata de \u201cuna historia muy bien hilvanada, rodada en escenarios naturales africanos y mucho m\u00e1s adulta que sus predecesoras y donde Tarz\u00e1n tiene un vocabulario mucho m\u00e1s amplio\u201d. (<em>Movie Guide<\/em> \u2013 Leonard Maltin).<\/p>\n","protected":false},"featured_media":5621,"comment_status":"open","ping_status":"closed","template":"","meta":{"site-sidebar-layout":"default","site-content-layout":"default","ast-site-content-layout":"default","site-content-style":"default","site-sidebar-style":"default","ast-global-header-display":"","ast-banner-title-visibility":"","ast-main-header-display":"","ast-hfb-above-header-display":"","ast-hfb-below-header-display":"","ast-hfb-mobile-header-display":"","site-post-title":"","ast-breadcrumbs-content":"","ast-featured-img":"","footer-sml-layout":"","ast-disable-related-posts":"","theme-transparent-header-meta":"","adv-header-id-meta":"","stick-header-meta":"","header-above-stick-meta":"","header-main-stick-meta":"","header-below-stick-meta":"","astra-migrate-meta-layouts":"default","ast-page-background-enabled":"default","ast-page-background-meta":{"desktop":{"background-color":"","background-image":"","background-repeat":"repeat","background-position":"center center","background-size":"auto","background-attachment":"scroll","background-type":"","background-media":"","overlay-type":"","overlay-color":"","overlay-opacity":"","overlay-gradient":""},"tablet":{"background-color":"","background-image":"","background-repeat":"repeat","background-position":"center center","background-size":"auto","background-attachment":"scroll","background-type":"","background-media":"","overlay-type":"","overlay-color":"","overlay-opacity":"","overlay-gradient":""},"mobile":{"background-color":"","background-image":"","background-repeat":"repeat","background-position":"center center","background-size":"auto","background-attachment":"scroll","background-type":"","background-media":"","overlay-type":"","overlay-color":"","overlay-opacity":"","overlay-gradient":""}},"ast-content-background-meta":{"desktop":{"background-color":"var(--ast-global-color-5)","background-image":"","background-repeat":"repeat","background-position":"center center","background-size":"auto","background-attachment":"scroll","background-type":"","background-media":"","overlay-type":"","overlay-color":"","overlay-opacity":"","overlay-gradient":""},"tablet":{"background-color":"var(--ast-global-color-5)","background-image":"","background-repeat":"repeat","background-position":"center center","background-size":"auto","background-attachment":"scroll","background-type":"","background-media":"","overlay-type":"","overlay-color":"","overlay-opacity":"","overlay-gradient":""},"mobile":{"background-color":"var(--ast-global-color-5)","background-image":"","background-repeat":"repeat","background-position":"center center","background-size":"auto","background-attachment":"scroll","background-type":"","background-media":"","overlay-type":"","overlay-color":"","overlay-opacity":"","overlay-gradient":""}},"_joinchat":[]},"product_brand":[],"product_cat":[42],"product_tag":[],"class_list":{"0":"post-5620","1":"product","2":"type-product","3":"status-publish","4":"has-post-thumbnail","6":"product_cat-dvd","7":"desktop-align-left","8":"tablet-align-left","9":"mobile-align-left","11":"first","12":"instock","13":"sale","14":"shipping-taxable","15":"purchasable","16":"product-type-simple"},"_links":{"self":[{"href":"https:\/\/cinemasoul.es\/index.php?rest_route=\/wp\/v2\/product\/5620","targetHints":{"allow":["GET"]}}],"collection":[{"href":"https:\/\/cinemasoul.es\/index.php?rest_route=\/wp\/v2\/product"}],"about":[{"href":"https:\/\/cinemasoul.es\/index.php?rest_route=\/wp\/v2\/types\/product"}],"replies":[{"embeddable":true,"href":"https:\/\/cinemasoul.es\/index.php?rest_route=%2Fwp%2Fv2%2Fcomments&post=5620"}],"version-history":[{"count":1,"href":"https:\/\/cinemasoul.es\/index.php?rest_route=\/wp\/v2\/product\/5620\/revisions"}],"predecessor-version":[{"id":5623,"href":"https:\/\/cinemasoul.es\/index.php?rest_route=\/wp\/v2\/product\/5620\/revisions\/5623"}],"wp:featuredmedia":[{"embeddable":true,"href":"https:\/\/cinemasoul.es\/index.php?rest_route=\/wp\/v2\/media\/5621"}],"wp:attachment":[{"href":"https:\/\/cinemasoul.es\/index.php?rest_route=%2Fwp%2Fv2%2Fmedia&parent=5620"}],"wp:term":[{"taxonomy":"product_brand","embeddable":true,"href":"https:\/\/cinemasoul.es\/index.php?rest_route=%2Fwp%2Fv2%2Fproduct_brand&post=5620"},{"taxonomy":"product_cat","embeddable":true,"href":"https:\/\/cinemasoul.es\/index.php?rest_route=%2Fwp%2Fv2%2Fproduct_cat&post=5620"},{"taxonomy":"product_tag","embeddable":true,"href":"https:\/\/cinemasoul.es\/index.php?rest_route=%2Fwp%2Fv2%2Fproduct_tag&post=5620"}],"curies":[{"name":"wp","href":"https:\/\/api.w.org\/{rel}","templated":true}]}}