{"id":5616,"date":"2022-06-28T17:45:50","date_gmt":"2022-06-28T17:45:50","guid":{"rendered":"https:\/\/www.cinemasoul.es\/?post_type=product&#038;p=5616"},"modified":"2022-06-28T17:45:50","modified_gmt":"2022-06-28T17:45:50","slug":"tarzan-y-la-selva-escondida-dvd","status":"publish","type":"product","link":"https:\/\/cinemasoul.es\/?product=tarzan-y-la-selva-escondida-dvd","title":{"rendered":"Tarz\u00e1n y la selva escondida [DVD]"},"content":{"rendered":"","protected":false},"excerpt":{"rendered":"<p><em>\u00a1UN ESPECTACULAR Y EMOCIONANTE NUEVO TARZ\u00c1N! \u00a0\u00a1HACIA EL INTERIOR DE LA GUARIDA DEL LE\u00d3N CON UN NUEVO TARZ\u00c1N!<\/em><\/p>\n<p>EDGAR RICE BURROUGHS \u201cTARZ\u00c1N Y LA SELVA ESCONDIDA\u201d (TARZAN\u2019S HIDDEN JUNGLE).\u00a0<strong>COPROTAGONIZADA POR<\/strong> GORDON SCOTT, VERA MILES, PETER VAN EYCK <strong>CON<\/strong> JACK ELAM, CHARLES FREDERICKS <strong>Y<\/strong> ZIPPY.\u00a0<strong>GUI\u00d3N DE<\/strong> WILLIAM LIVELY.\u00a0<strong>PRODUCIDA POR<\/strong> SOL LESSER.\u00a0<strong>DIRIGIDA POR<\/strong> HAROLD SCHUSTER.<\/p>\n<p><strong>A\u00d1O<\/strong>: 1955.\u00a0<strong>G\u00c9NERO<\/strong>: AVENTURAS.\u00a0<strong>NACIONALIDAD<\/strong>: ESTADOS UNIDOS. BLANCO Y NEGRO.\u00a0<strong>DURACI\u00d3N<\/strong>: 80 MINUTOS APROX.\u00a0<strong>IDIOMAS<\/strong>: CASTELLANO E INGL\u00c9S.\u00a0<strong>SUBT\u00cdTULOS<\/strong>: CASTELLANO.\u00a0<strong>FORMATO DE PANTALLA<\/strong>: 4\/3 1.33.\u00a0CERTIFICADO DE CLASIFICACI\u00d3N <strong>ICAA<\/strong> N\u00ba:121.655. APTA PARA TODOS LOS P\u00daBLICOS.<\/p>\n<p>Haci\u00e9ndose pasar por un equipo de cineastas, un grupo de cazadores furtivos entra en el santuario animal de la tribu Sukulu. Su plan: sacar a los elefantes, rinocerontes y leones fuera de la tierra sagrada y matarlos para arrancarles la piel. Cuando vemos por primera\u00a0 vez al hombre mono en <em>Tarz\u00e1n y la selva escondida<\/em>, \u00e9l est\u00e1 nadando en el r\u00edo, una presentaci\u00f3n ideal para Gordon Scott, el musculoso nuevo Tarz\u00e1n de la pantalla que fue descubierto cuando era salvavidas en un hotel de Las Vegas. ZIPPY, uno de los animales favoritos en las series de televisi\u00f3n de los a\u00f1os 50 da vida a Cheetah. Y el amor surgido en la selva entre Scott y su pareja en la pantalla Vera Miles al final se convierte en real. Al final del rodaje ambos terminaron contrayendo matrimonio.<\/p>\n","protected":false},"featured_media":5617,"comment_status":"open","ping_status":"closed","template":"","meta":{"site-sidebar-layout":"default","site-content-layout":"default","ast-site-content-layout":"default","site-content-style":"default","site-sidebar-style":"default","ast-global-header-display":"","ast-banner-title-visibility":"","ast-main-header-display":"","ast-hfb-above-header-display":"","ast-hfb-below-header-display":"","ast-hfb-mobile-header-display":"","site-post-title":"","ast-breadcrumbs-content":"","ast-featured-img":"","footer-sml-layout":"","ast-disable-related-posts":"","theme-transparent-header-meta":"","adv-header-id-meta":"","stick-header-meta":"","header-above-stick-meta":"","header-main-stick-meta":"","header-below-stick-meta":"","astra-migrate-meta-layouts":"default","ast-page-background-enabled":"default","ast-page-background-meta":{"desktop":{"background-color":"","background-image":"","background-repeat":"repeat","background-position":"center center","background-size":"auto","background-attachment":"scroll","background-type":"","background-media":"","overlay-type":"","overlay-color":"","overlay-opacity":"","overlay-gradient":""},"tablet":{"background-color":"","background-image":"","background-repeat":"repeat","background-position":"center center","background-size":"auto","background-attachment":"scroll","background-type":"","background-media":"","overlay-type":"","overlay-color":"","overlay-opacity":"","overlay-gradient":""},"mobile":{"background-color":"","background-image":"","background-repeat":"repeat","background-position":"center center","background-size":"auto","background-attachment":"scroll","background-type":"","background-media":"","overlay-type":"","overlay-color":"","overlay-opacity":"","overlay-gradient":""}},"ast-content-background-meta":{"desktop":{"background-color":"var(--ast-global-color-5)","background-image":"","background-repeat":"repeat","background-position":"center center","background-size":"auto","background-attachment":"scroll","background-type":"","background-media":"","overlay-type":"","overlay-color":"","overlay-opacity":"","overlay-gradient":""},"tablet":{"background-color":"var(--ast-global-color-5)","background-image":"","background-repeat":"repeat","background-position":"center center","background-size":"auto","background-attachment":"scroll","background-type":"","background-media":"","overlay-type":"","overlay-color":"","overlay-opacity":"","overlay-gradient":""},"mobile":{"background-color":"var(--ast-global-color-5)","background-image":"","background-repeat":"repeat","background-position":"center center","background-size":"auto","background-attachment":"scroll","background-type":"","background-media":"","overlay-type":"","overlay-color":"","overlay-opacity":"","overlay-gradient":""}},"_joinchat":[]},"product_brand":[],"product_cat":[42],"product_tag":[],"class_list":{"0":"post-5616","1":"product","2":"type-product","3":"status-publish","4":"has-post-thumbnail","6":"product_cat-dvd","7":"desktop-align-left","8":"tablet-align-left","9":"mobile-align-left","11":"first","12":"instock","13":"sale","14":"shipping-taxable","15":"purchasable","16":"product-type-simple"},"_links":{"self":[{"href":"https:\/\/cinemasoul.es\/index.php?rest_route=\/wp\/v2\/product\/5616","targetHints":{"allow":["GET"]}}],"collection":[{"href":"https:\/\/cinemasoul.es\/index.php?rest_route=\/wp\/v2\/product"}],"about":[{"href":"https:\/\/cinemasoul.es\/index.php?rest_route=\/wp\/v2\/types\/product"}],"replies":[{"embeddable":true,"href":"https:\/\/cinemasoul.es\/index.php?rest_route=%2Fwp%2Fv2%2Fcomments&post=5616"}],"version-history":[{"count":1,"href":"https:\/\/cinemasoul.es\/index.php?rest_route=\/wp\/v2\/product\/5616\/revisions"}],"predecessor-version":[{"id":5619,"href":"https:\/\/cinemasoul.es\/index.php?rest_route=\/wp\/v2\/product\/5616\/revisions\/5619"}],"wp:featuredmedia":[{"embeddable":true,"href":"https:\/\/cinemasoul.es\/index.php?rest_route=\/wp\/v2\/media\/5617"}],"wp:attachment":[{"href":"https:\/\/cinemasoul.es\/index.php?rest_route=%2Fwp%2Fv2%2Fmedia&parent=5616"}],"wp:term":[{"taxonomy":"product_brand","embeddable":true,"href":"https:\/\/cinemasoul.es\/index.php?rest_route=%2Fwp%2Fv2%2Fproduct_brand&post=5616"},{"taxonomy":"product_cat","embeddable":true,"href":"https:\/\/cinemasoul.es\/index.php?rest_route=%2Fwp%2Fv2%2Fproduct_cat&post=5616"},{"taxonomy":"product_tag","embeddable":true,"href":"https:\/\/cinemasoul.es\/index.php?rest_route=%2Fwp%2Fv2%2Fproduct_tag&post=5616"}],"curies":[{"name":"wp","href":"https:\/\/api.w.org\/{rel}","templated":true}]}}