{"id":5612,"date":"2022-06-28T17:08:05","date_gmt":"2022-06-28T17:08:05","guid":{"rendered":"https:\/\/www.cinemasoul.es\/?post_type=product&#038;p=5612"},"modified":"2022-06-28T17:09:04","modified_gmt":"2022-06-28T17:09:04","slug":"tarzan-lucha-por-su-vida-dvd","status":"publish","type":"product","link":"https:\/\/cinemasoul.es\/?product=tarzan-lucha-por-su-vida-dvd","title":{"rendered":"Tarz\u00e1n lucha por su vida [DVD]"},"content":{"rendered":"","protected":false},"excerpt":{"rendered":"<p>WARNER BROS. PICTURES PRESENTA<strong>\u00a0<\/strong>\u201cTARZ\u00c1N LUCHA POR SU VIDA\u201d (<em>TARZAN\u2019S FIGTH FOR LIFE<\/em>)\u00a0<strong>PROTAGONIZADA<\/strong> POR GORDON SCOTT COMO TARZ\u00c1N\u00a0CON EVE BRENT COMO JANE RICKIE SORENSEN JIL JARMYN y CHETA\u00a0<strong>ESCRITA<\/strong> POR THOMAS HAL PHILLIPS\u00a0BASADA EN LOS <strong>PERSONAJES<\/strong> CREADOS POR EDGAR RICE BURROUGHS\u00a0<strong>PRODUCIDA<\/strong> POR SOL LESSER\u00a0<strong>DIRIGIDA<\/strong> POR H. BRUCE HUMBERSTONE EN METROCOLOR<\/p>\n<p><strong>A\u00d1O<\/strong>: 1958.\u00a0<strong>G\u00c9NERO<\/strong>: ACCI\u00d3N &#8211; AVENTURAS.\u00a0<strong>NACIONALIDAD<\/strong>: ESTADOS UNIDOS.\u00a0<strong>IDIOMAS<\/strong>: CASTELLANO E INGL\u00c9S CON SUBT\u00cdTULOS EN CASTELLANO.\u00a0<strong>DURACI\u00d3N<\/strong>: 83 MINUTOS.\u00a0<strong>FORMATO<\/strong> 16&#215;9 1.77.1.\u00a0<strong>COLOR<\/strong>: COLOR <strong>FEERTS<\/strong> 1000195161.\u00a0<strong>EAN<\/strong>: 5051893048926.\u00a0<strong>DEP\u00d3SITO LEGAL<\/strong>: TF: 165 -2011.\u00a0<strong>N\u00ba DE EXPEDIENTE<\/strong>: \u00a0 119.885.\u00a0<strong>CLASIFICACION<\/strong>: APTA PARA TODOS LOS P\u00daBLICOS.<\/p>\n<p>\u00a1Si no puedes vencerles, r\u00f3bales! Sabiendo que es incapaz de curar al hijo del jefe de la tribu, un hechicero roba de un centro m\u00e9dico de la selva un frasco sin saber que contiene veneno. Y, adem\u00e1s, resentido con Tarz\u00e1n, el brujo hipnotiza a un esbirro y lo env\u00eda a una terrible misi\u00f3n: Matar a Jane. Tarz\u00e1n es capturado por los hombres de hechicero, que necesita el coraz\u00f3n de un le\u00f3n para realizar una ceremonia tribal, pero \u00bfno es mejor el coraz\u00f3n del rey de los monos? Gordon Scott da vida al hombre mono en una aventura filmada en color, coprotagonizada por Eve Brent en el papel de Jane y Rickie Sorensen como Boy. Woody Strode (<em>Espartaco<\/em>) da vida al musculoso esbirro del brujo.<\/p>\n","protected":false},"featured_media":5613,"comment_status":"open","ping_status":"closed","template":"","meta":{"site-sidebar-layout":"default","site-content-layout":"default","ast-site-content-layout":"default","site-content-style":"default","site-sidebar-style":"default","ast-global-header-display":"","ast-banner-title-visibility":"","ast-main-header-display":"","ast-hfb-above-header-display":"","ast-hfb-below-header-display":"","ast-hfb-mobile-header-display":"","site-post-title":"","ast-breadcrumbs-content":"","ast-featured-img":"","footer-sml-layout":"","ast-disable-related-posts":"","theme-transparent-header-meta":"","adv-header-id-meta":"","stick-header-meta":"","header-above-stick-meta":"","header-main-stick-meta":"","header-below-stick-meta":"","astra-migrate-meta-layouts":"default","ast-page-background-enabled":"default","ast-page-background-meta":{"desktop":{"background-color":"","background-image":"","background-repeat":"repeat","background-position":"center center","background-size":"auto","background-attachment":"scroll","background-type":"","background-media":"","overlay-type":"","overlay-color":"","overlay-opacity":"","overlay-gradient":""},"tablet":{"background-color":"","background-image":"","background-repeat":"repeat","background-position":"center center","background-size":"auto","background-attachment":"scroll","background-type":"","background-media":"","overlay-type":"","overlay-color":"","overlay-opacity":"","overlay-gradient":""},"mobile":{"background-color":"","background-image":"","background-repeat":"repeat","background-position":"center center","background-size":"auto","background-attachment":"scroll","background-type":"","background-media":"","overlay-type":"","overlay-color":"","overlay-opacity":"","overlay-gradient":""}},"ast-content-background-meta":{"desktop":{"background-color":"var(--ast-global-color-5)","background-image":"","background-repeat":"repeat","background-position":"center center","background-size":"auto","background-attachment":"scroll","background-type":"","background-media":"","overlay-type":"","overlay-color":"","overlay-opacity":"","overlay-gradient":""},"tablet":{"background-color":"var(--ast-global-color-5)","background-image":"","background-repeat":"repeat","background-position":"center center","background-size":"auto","background-attachment":"scroll","background-type":"","background-media":"","overlay-type":"","overlay-color":"","overlay-opacity":"","overlay-gradient":""},"mobile":{"background-color":"var(--ast-global-color-5)","background-image":"","background-repeat":"repeat","background-position":"center center","background-size":"auto","background-attachment":"scroll","background-type":"","background-media":"","overlay-type":"","overlay-color":"","overlay-opacity":"","overlay-gradient":""}},"_joinchat":[]},"product_brand":[],"product_cat":[42],"product_tag":[],"class_list":{"0":"post-5612","1":"product","2":"type-product","3":"status-publish","4":"has-post-thumbnail","6":"product_cat-dvd","7":"desktop-align-left","8":"tablet-align-left","9":"mobile-align-left","11":"first","12":"instock","13":"sale","14":"shipping-taxable","15":"purchasable","16":"product-type-simple"},"_links":{"self":[{"href":"https:\/\/cinemasoul.es\/index.php?rest_route=\/wp\/v2\/product\/5612","targetHints":{"allow":["GET"]}}],"collection":[{"href":"https:\/\/cinemasoul.es\/index.php?rest_route=\/wp\/v2\/product"}],"about":[{"href":"https:\/\/cinemasoul.es\/index.php?rest_route=\/wp\/v2\/types\/product"}],"replies":[{"embeddable":true,"href":"https:\/\/cinemasoul.es\/index.php?rest_route=%2Fwp%2Fv2%2Fcomments&post=5612"}],"version-history":[{"count":1,"href":"https:\/\/cinemasoul.es\/index.php?rest_route=\/wp\/v2\/product\/5612\/revisions"}],"predecessor-version":[{"id":5615,"href":"https:\/\/cinemasoul.es\/index.php?rest_route=\/wp\/v2\/product\/5612\/revisions\/5615"}],"wp:featuredmedia":[{"embeddable":true,"href":"https:\/\/cinemasoul.es\/index.php?rest_route=\/wp\/v2\/media\/5613"}],"wp:attachment":[{"href":"https:\/\/cinemasoul.es\/index.php?rest_route=%2Fwp%2Fv2%2Fmedia&parent=5612"}],"wp:term":[{"taxonomy":"product_brand","embeddable":true,"href":"https:\/\/cinemasoul.es\/index.php?rest_route=%2Fwp%2Fv2%2Fproduct_brand&post=5612"},{"taxonomy":"product_cat","embeddable":true,"href":"https:\/\/cinemasoul.es\/index.php?rest_route=%2Fwp%2Fv2%2Fproduct_cat&post=5612"},{"taxonomy":"product_tag","embeddable":true,"href":"https:\/\/cinemasoul.es\/index.php?rest_route=%2Fwp%2Fv2%2Fproduct_tag&post=5612"}],"curies":[{"name":"wp","href":"https:\/\/api.w.org\/{rel}","templated":true}]}}