{"id":5598,"date":"2022-06-28T12:55:36","date_gmt":"2022-06-28T12:55:36","guid":{"rendered":"https:\/\/www.cinemasoul.es\/?post_type=product&#038;p=5598"},"modified":"2022-06-28T12:55:36","modified_gmt":"2022-06-28T12:55:36","slug":"scott-en-la-antartida-dvd","status":"publish","type":"product","link":"https:\/\/cinemasoul.es\/?product=scott-en-la-antartida-dvd","title":{"rendered":"Scott en la Ant\u00e1rtida [DVD]"},"content":{"rendered":"","protected":false},"excerpt":{"rendered":"<div id=\"tab-description\" class=\"tab-content\">\n<p><strong>T\u00cdTULO ORIGINAL<\/strong>:\u00a0<em>SCOTT OF THE ANTARCTIC\u00a0<\/em><strong>DIRIGIDA POR<\/strong> CHARLES FREND <strong>GUI\u00d3N DE<\/strong>\u00a0WALTER MEADE, IVOR MONTAGU, MARY HAYLEY BELL\u00a0<strong>M\u00daSICA DE<\/strong>\u00a0RALPH VAUGHAN WILLIAMS \u00a0<strong>FOTOGRAFIA DE<\/strong>\u00a0JACK CARDIFF, OSMOND BORRADAILE\u00a0<strong>REPARTO<\/strong>: JOHN MILLS, DIANA CHURCHILL, HAROLD WARRENDER, ANNE FIRTH, DEREK BOND, REGINALD BECKWHITH, JAMES ROBERTSON JUSTICE, KENNETH MORE, NORMAN WILLIAMS, JOHN GREGSON, JAMES MCKECHNIE, BARRY \u00a0LETTS, DENNIS VANCE, LARRY BURNS, EDWARD LISAK<\/p>\n<p><strong>NACIONALIDAD<\/strong>: REINO UNIDO\u00a0<strong>A\u00d1O<\/strong>: 1941\u00a0<strong>G\u00c9NERO<\/strong>: ACCI\u00d3N, DRAMA <strong>DURACI\u00d3N<\/strong>: 105 MIN.APROX.\u00a0<strong>FORMATO<\/strong>: 4\/3 1.37:1\u00a0<strong>COLOR<\/strong>: COLOR\u00a0<strong>IDIOMAS<\/strong>: CASTELLANO E INGL\u00c9S\u00a0<strong>SUBT\u00cdTULOS<\/strong>: ESPA\u00d1OL\u00a0<strong>CERTIFICADO DE CALIFICACI\u00d3N<\/strong>\u00a0N\u00ba\u00a0 755.651\u00a0<strong>CLASIFICACI\u00d3N<\/strong>: APTA PARA TODOS LOS P\u00daBLICOS<\/p>\n<p>\u00a8Scott en la Ant\u00e1rtida\u00a8, de Charles Frend, se centra en la verdadera historia de la expedici\u00f3n que dirigi\u00f3 el capit\u00e1n Robert Scott entre 1910 y 1912 para ser el primero en llegar al Polo Sur, lo que supon\u00eda, sumado ida y vuelta, recorrer nada menos que 20800 kil\u00f3metros. La pel\u00edcula es en gran parte fiel a los acontecimientos reales de la malograda caminata polar, con \u00e9nfasis en el car\u00e1cter estoico de Scott y la hostilidad del medio ambiente ant\u00e1rtico.<\/p>\n<\/div>\n","protected":false},"featured_media":5599,"comment_status":"open","ping_status":"closed","template":"","meta":{"site-sidebar-layout":"default","site-content-layout":"default","ast-site-content-layout":"default","site-content-style":"default","site-sidebar-style":"default","ast-global-header-display":"","ast-banner-title-visibility":"","ast-main-header-display":"","ast-hfb-above-header-display":"","ast-hfb-below-header-display":"","ast-hfb-mobile-header-display":"","site-post-title":"","ast-breadcrumbs-content":"","ast-featured-img":"","footer-sml-layout":"","ast-disable-related-posts":"","theme-transparent-header-meta":"","adv-header-id-meta":"","stick-header-meta":"","header-above-stick-meta":"","header-main-stick-meta":"","header-below-stick-meta":"","astra-migrate-meta-layouts":"default","ast-page-background-enabled":"default","ast-page-background-meta":{"desktop":{"background-color":"","background-image":"","background-repeat":"repeat","background-position":"center center","background-size":"auto","background-attachment":"scroll","background-type":"","background-media":"","overlay-type":"","overlay-color":"","overlay-opacity":"","overlay-gradient":""},"tablet":{"background-color":"","background-image":"","background-repeat":"repeat","background-position":"center center","background-size":"auto","background-attachment":"scroll","background-type":"","background-media":"","overlay-type":"","overlay-color":"","overlay-opacity":"","overlay-gradient":""},"mobile":{"background-color":"","background-image":"","background-repeat":"repeat","background-position":"center center","background-size":"auto","background-attachment":"scroll","background-type":"","background-media":"","overlay-type":"","overlay-color":"","overlay-opacity":"","overlay-gradient":""}},"ast-content-background-meta":{"desktop":{"background-color":"var(--ast-global-color-5)","background-image":"","background-repeat":"repeat","background-position":"center center","background-size":"auto","background-attachment":"scroll","background-type":"","background-media":"","overlay-type":"","overlay-color":"","overlay-opacity":"","overlay-gradient":""},"tablet":{"background-color":"var(--ast-global-color-5)","background-image":"","background-repeat":"repeat","background-position":"center center","background-size":"auto","background-attachment":"scroll","background-type":"","background-media":"","overlay-type":"","overlay-color":"","overlay-opacity":"","overlay-gradient":""},"mobile":{"background-color":"var(--ast-global-color-5)","background-image":"","background-repeat":"repeat","background-position":"center center","background-size":"auto","background-attachment":"scroll","background-type":"","background-media":"","overlay-type":"","overlay-color":"","overlay-opacity":"","overlay-gradient":""}},"_joinchat":[]},"product_brand":[],"product_cat":[42],"product_tag":[],"class_list":{"0":"post-5598","1":"product","2":"type-product","3":"status-publish","4":"has-post-thumbnail","6":"product_cat-dvd","7":"desktop-align-left","8":"tablet-align-left","9":"mobile-align-left","11":"first","12":"instock","13":"sale","14":"shipping-taxable","15":"purchasable","16":"product-type-simple"},"_links":{"self":[{"href":"https:\/\/cinemasoul.es\/index.php?rest_route=\/wp\/v2\/product\/5598","targetHints":{"allow":["GET"]}}],"collection":[{"href":"https:\/\/cinemasoul.es\/index.php?rest_route=\/wp\/v2\/product"}],"about":[{"href":"https:\/\/cinemasoul.es\/index.php?rest_route=\/wp\/v2\/types\/product"}],"replies":[{"embeddable":true,"href":"https:\/\/cinemasoul.es\/index.php?rest_route=%2Fwp%2Fv2%2Fcomments&post=5598"}],"version-history":[{"count":1,"href":"https:\/\/cinemasoul.es\/index.php?rest_route=\/wp\/v2\/product\/5598\/revisions"}],"predecessor-version":[{"id":5600,"href":"https:\/\/cinemasoul.es\/index.php?rest_route=\/wp\/v2\/product\/5598\/revisions\/5600"}],"wp:featuredmedia":[{"embeddable":true,"href":"https:\/\/cinemasoul.es\/index.php?rest_route=\/wp\/v2\/media\/5599"}],"wp:attachment":[{"href":"https:\/\/cinemasoul.es\/index.php?rest_route=%2Fwp%2Fv2%2Fmedia&parent=5598"}],"wp:term":[{"taxonomy":"product_brand","embeddable":true,"href":"https:\/\/cinemasoul.es\/index.php?rest_route=%2Fwp%2Fv2%2Fproduct_brand&post=5598"},{"taxonomy":"product_cat","embeddable":true,"href":"https:\/\/cinemasoul.es\/index.php?rest_route=%2Fwp%2Fv2%2Fproduct_cat&post=5598"},{"taxonomy":"product_tag","embeddable":true,"href":"https:\/\/cinemasoul.es\/index.php?rest_route=%2Fwp%2Fv2%2Fproduct_tag&post=5598"}],"curies":[{"name":"wp","href":"https:\/\/api.w.org\/{rel}","templated":true}]}}