{"id":5594,"date":"2022-06-28T11:29:34","date_gmt":"2022-06-28T11:29:34","guid":{"rendered":"https:\/\/www.cinemasoul.es\/?post_type=product&#038;p=5594"},"modified":"2022-06-28T11:29:35","modified_gmt":"2022-06-28T11:29:35","slug":"scaramouche-dvd","status":"publish","type":"product","link":"https:\/\/cinemasoul.es\/?product=scaramouche-dvd","title":{"rendered":"Scaramouche [DVD]"},"content":{"rendered":"","protected":false},"excerpt":{"rendered":"<p>MGM\u00a0presenta\u00a0<em>Scaramouche<\/em>\u00a0<strong>Protagonistas<\/strong>\u00a0Stewart Granger, Eleanor Parker, Mel Ferrer, Janet Leigh\u00a0<strong>Con<\/strong>\u00a0Henry Wilcoxon, Nina Foch,Lewis Stone, Richard Anderson\u00a0<strong>Color por<\/strong>\u00a0Technicolor\u00a0<strong>GUI\u00d3N\u00a0de<\/strong>\u00a0RONALD MILLAR Y GEORGE FROESCHEL\u00a0<strong>BASADA EN LA NOVELA DE<\/strong>\u00a0RAFAEL SABATINI\u00a0<strong>DIRIGIDA POR<\/strong>\u00a0GEORGE SIDNEY\u00a0<strong>PRODUCIDA POR<\/strong>\u00a0CAREY WILSON \u00a0Un film de Metro Goldwyn Mayer. <strong>A\u00d1O<\/strong>: 1952\u00a0<strong>Formato<\/strong>: 4\/3 (1.33:1)\u00a0<strong>Idiomas<\/strong>: Castellano e Ingl\u00e9s con subt\u00edtulos en Castellano.\u00a0No recomendada para menores de 13 a\u00f1os.\u00a0<strong>Duraci\u00f3n<\/strong>: 110 minutos aprox. <strong>Color<\/strong><\/p>\n<p><strong>M\u00e1scara de payaso<\/strong>. <strong>Coraz\u00f3n de patriota<\/strong>.\u00a0Dejad que el peligro le alcance. Dejad que los vientos del destino soplen donde quieran. Andre Monreau asestar\u00e1 un golpe de venganza y por la Revoluci\u00f3n Francesa. Primero, \u00e9l tiene que pulir sus aptitudes con la espada. De d\u00eda, Andr\u00e9 perfecciona en secreto sus embestidas y paradas. De noche oculta su verdadera identidad tras la m\u00e1scara del payaso de la escena Scaramouche.\u00a0El duelo culminante es una de las mejores secuencias de espadachines de la \u00e9poca, y corona esta virtuosa adaptaci\u00f3n de la novela de Rafael Sabatini (<em>El capit\u00e1n Blood, El halc\u00f3n del mar<\/em>). George Sidney (<em>Los Tres Mosqueteros<\/em>\u00a0de 1948) dirige con destreza toda la esgrima, los ingeniosos di\u00e1logos y las payasadas. Y Stewart Granger da vigor y maldad a su representaci\u00f3n del h\u00e9roe\u00a0<em>\u201cnacido con un don para la risa y un sentido de que el mundo est\u00e1 loco\u201d.<\/em>\u00a0\u00a1En guardia!<\/p>\n","protected":false},"featured_media":5595,"comment_status":"open","ping_status":"closed","template":"","meta":{"site-sidebar-layout":"default","site-content-layout":"default","ast-site-content-layout":"default","site-content-style":"default","site-sidebar-style":"default","ast-global-header-display":"","ast-banner-title-visibility":"","ast-main-header-display":"","ast-hfb-above-header-display":"","ast-hfb-below-header-display":"","ast-hfb-mobile-header-display":"","site-post-title":"","ast-breadcrumbs-content":"","ast-featured-img":"","footer-sml-layout":"","ast-disable-related-posts":"","theme-transparent-header-meta":"","adv-header-id-meta":"","stick-header-meta":"","header-above-stick-meta":"","header-main-stick-meta":"","header-below-stick-meta":"","astra-migrate-meta-layouts":"default","ast-page-background-enabled":"default","ast-page-background-meta":{"desktop":{"background-color":"","background-image":"","background-repeat":"repeat","background-position":"center center","background-size":"auto","background-attachment":"scroll","background-type":"","background-media":"","overlay-type":"","overlay-color":"","overlay-opacity":"","overlay-gradient":""},"tablet":{"background-color":"","background-image":"","background-repeat":"repeat","background-position":"center center","background-size":"auto","background-attachment":"scroll","background-type":"","background-media":"","overlay-type":"","overlay-color":"","overlay-opacity":"","overlay-gradient":""},"mobile":{"background-color":"","background-image":"","background-repeat":"repeat","background-position":"center center","background-size":"auto","background-attachment":"scroll","background-type":"","background-media":"","overlay-type":"","overlay-color":"","overlay-opacity":"","overlay-gradient":""}},"ast-content-background-meta":{"desktop":{"background-color":"var(--ast-global-color-5)","background-image":"","background-repeat":"repeat","background-position":"center center","background-size":"auto","background-attachment":"scroll","background-type":"","background-media":"","overlay-type":"","overlay-color":"","overlay-opacity":"","overlay-gradient":""},"tablet":{"background-color":"var(--ast-global-color-5)","background-image":"","background-repeat":"repeat","background-position":"center center","background-size":"auto","background-attachment":"scroll","background-type":"","background-media":"","overlay-type":"","overlay-color":"","overlay-opacity":"","overlay-gradient":""},"mobile":{"background-color":"var(--ast-global-color-5)","background-image":"","background-repeat":"repeat","background-position":"center center","background-size":"auto","background-attachment":"scroll","background-type":"","background-media":"","overlay-type":"","overlay-color":"","overlay-opacity":"","overlay-gradient":""}},"_joinchat":[]},"product_brand":[],"product_cat":[42],"product_tag":[],"class_list":{"0":"post-5594","1":"product","2":"type-product","3":"status-publish","4":"has-post-thumbnail","6":"product_cat-dvd","7":"desktop-align-left","8":"tablet-align-left","9":"mobile-align-left","11":"first","12":"instock","13":"shipping-taxable","14":"purchasable","15":"product-type-simple"},"_links":{"self":[{"href":"https:\/\/cinemasoul.es\/index.php?rest_route=\/wp\/v2\/product\/5594","targetHints":{"allow":["GET"]}}],"collection":[{"href":"https:\/\/cinemasoul.es\/index.php?rest_route=\/wp\/v2\/product"}],"about":[{"href":"https:\/\/cinemasoul.es\/index.php?rest_route=\/wp\/v2\/types\/product"}],"replies":[{"embeddable":true,"href":"https:\/\/cinemasoul.es\/index.php?rest_route=%2Fwp%2Fv2%2Fcomments&post=5594"}],"version-history":[{"count":1,"href":"https:\/\/cinemasoul.es\/index.php?rest_route=\/wp\/v2\/product\/5594\/revisions"}],"predecessor-version":[{"id":5597,"href":"https:\/\/cinemasoul.es\/index.php?rest_route=\/wp\/v2\/product\/5594\/revisions\/5597"}],"wp:featuredmedia":[{"embeddable":true,"href":"https:\/\/cinemasoul.es\/index.php?rest_route=\/wp\/v2\/media\/5595"}],"wp:attachment":[{"href":"https:\/\/cinemasoul.es\/index.php?rest_route=%2Fwp%2Fv2%2Fmedia&parent=5594"}],"wp:term":[{"taxonomy":"product_brand","embeddable":true,"href":"https:\/\/cinemasoul.es\/index.php?rest_route=%2Fwp%2Fv2%2Fproduct_brand&post=5594"},{"taxonomy":"product_cat","embeddable":true,"href":"https:\/\/cinemasoul.es\/index.php?rest_route=%2Fwp%2Fv2%2Fproduct_cat&post=5594"},{"taxonomy":"product_tag","embeddable":true,"href":"https:\/\/cinemasoul.es\/index.php?rest_route=%2Fwp%2Fv2%2Fproduct_tag&post=5594"}],"curies":[{"name":"wp","href":"https:\/\/api.w.org\/{rel}","templated":true}]}}