{"id":5582,"date":"2022-06-28T10:48:12","date_gmt":"2022-06-28T10:48:12","guid":{"rendered":"https:\/\/www.cinemasoul.es\/?post_type=product&#038;p=5582"},"modified":"2022-06-28T10:58:18","modified_gmt":"2022-06-28T10:58:18","slug":"persecucion-en-el-norte-dvd","status":"publish","type":"product","link":"https:\/\/cinemasoul.es\/?product=persecucion-en-el-norte-dvd","title":{"rendered":"Persecuci\u00f3n en el Norte [DVD]"},"content":{"rendered":"","protected":false},"excerpt":{"rendered":"<div id=\"tab-description\" class=\"tab-content\">\n<p>ERROL FLYNN, JULIE BISHOP, HELMUT DANTINE EN \u201cPERSECUCI\u00d3N EN EL NORTE\u201d (<em>NORTHEN PURSUIT<\/em>).\u00a0<strong>COPROTAGONIZADA<\/strong> POR JOHN RIDGELY, GENE LOCKHART, TOM TULLY, WARREN DOUGLAS.\u00a0<strong>GUI\u00d3N<\/strong> DE FRANK GRUBER Y ALVAH BRESSIE.\u00a0<strong>BASADO EN UNA HISTORIA<\/strong> DE LESLIE T. WHITE.\u00a0<strong>M\u00daSICA<\/strong> DE ADOLPH DEUTSCH.\u00a0<strong>FOTOGRAF\u00cdA<\/strong> DE SIDNEY HICKOX.\u00a0<strong>PRODUCIDA<\/strong> POR JACK CHERTOK.\u00a0<strong>DIRIGIDA<\/strong> POR RAOUL WALSH.<\/p>\n<p><strong>A\u00d1O<\/strong>: 1943.\u00a0<strong>Nacionalidad<\/strong>: ESTADOS UNIDOS.\u00a0<strong>G\u00e9nero<\/strong>: AVENTURAS-DRAMA. <strong>COLOR<\/strong>: BLANCO Y NEGRO <strong>IDIOMAS<\/strong>: CASTELLANO E INGL\u00c9S CON SUBT\u00cdTULOS EN CASTELLANO.\u00a0<strong>Duraci\u00f3n<\/strong>: 93\u2019 Minutos.\u00a0<strong>N\u00ba de Expediente ICAA<\/strong>: 122.292.\u00a0<strong>Calificaci\u00f3n<\/strong>: APTA PARA TODOS LOS P\u00daBLICOS.<\/p>\n<p>Steve Wagner (Errol Flynn), polic\u00eda canadiense de origen alem\u00e1n, detiene a un esp\u00eda nazi. Cuando el preso consigue escapar, el polic\u00eda no se da por vencido y finge ser un desertor para infiltrarse entre los nazis. Su novia es atrapada y utilizada como reh\u00e9n. Thriller de espionaje con grandes dosis de acci\u00f3n y aventuras ambientado en la inmensidad de las blancas monta\u00f1as canadienses. La indudable atracci\u00f3n de Errol Flynn, las hermosas im\u00e1genes de los paisajes canadienses, revalorizadas por una impresionante persecuci\u00f3n en skis, transforman a este film de espionaje en un espect\u00e1culo singularmente entretenido.<\/p>\n<\/div>\n","protected":false},"featured_media":5583,"comment_status":"open","ping_status":"closed","template":"","meta":{"site-sidebar-layout":"default","site-content-layout":"default","ast-site-content-layout":"default","site-content-style":"default","site-sidebar-style":"default","ast-global-header-display":"","ast-banner-title-visibility":"","ast-main-header-display":"","ast-hfb-above-header-display":"","ast-hfb-below-header-display":"","ast-hfb-mobile-header-display":"","site-post-title":"","ast-breadcrumbs-content":"","ast-featured-img":"","footer-sml-layout":"","ast-disable-related-posts":"","theme-transparent-header-meta":"","adv-header-id-meta":"","stick-header-meta":"","header-above-stick-meta":"","header-main-stick-meta":"","header-below-stick-meta":"","astra-migrate-meta-layouts":"default","ast-page-background-enabled":"default","ast-page-background-meta":{"desktop":{"background-color":"","background-image":"","background-repeat":"repeat","background-position":"center center","background-size":"auto","background-attachment":"scroll","background-type":"","background-media":"","overlay-type":"","overlay-color":"","overlay-opacity":"","overlay-gradient":""},"tablet":{"background-color":"","background-image":"","background-repeat":"repeat","background-position":"center center","background-size":"auto","background-attachment":"scroll","background-type":"","background-media":"","overlay-type":"","overlay-color":"","overlay-opacity":"","overlay-gradient":""},"mobile":{"background-color":"","background-image":"","background-repeat":"repeat","background-position":"center center","background-size":"auto","background-attachment":"scroll","background-type":"","background-media":"","overlay-type":"","overlay-color":"","overlay-opacity":"","overlay-gradient":""}},"ast-content-background-meta":{"desktop":{"background-color":"var(--ast-global-color-5)","background-image":"","background-repeat":"repeat","background-position":"center center","background-size":"auto","background-attachment":"scroll","background-type":"","background-media":"","overlay-type":"","overlay-color":"","overlay-opacity":"","overlay-gradient":""},"tablet":{"background-color":"var(--ast-global-color-5)","background-image":"","background-repeat":"repeat","background-position":"center center","background-size":"auto","background-attachment":"scroll","background-type":"","background-media":"","overlay-type":"","overlay-color":"","overlay-opacity":"","overlay-gradient":""},"mobile":{"background-color":"var(--ast-global-color-5)","background-image":"","background-repeat":"repeat","background-position":"center center","background-size":"auto","background-attachment":"scroll","background-type":"","background-media":"","overlay-type":"","overlay-color":"","overlay-opacity":"","overlay-gradient":""}},"_joinchat":[]},"product_brand":[],"product_cat":[42],"product_tag":[],"class_list":{"0":"post-5582","1":"product","2":"type-product","3":"status-publish","4":"has-post-thumbnail","6":"product_cat-dvd","7":"desktop-align-left","8":"tablet-align-left","9":"mobile-align-left","11":"first","12":"instock","13":"sale","14":"shipping-taxable","15":"purchasable","16":"product-type-simple"},"_links":{"self":[{"href":"https:\/\/cinemasoul.es\/index.php?rest_route=\/wp\/v2\/product\/5582","targetHints":{"allow":["GET"]}}],"collection":[{"href":"https:\/\/cinemasoul.es\/index.php?rest_route=\/wp\/v2\/product"}],"about":[{"href":"https:\/\/cinemasoul.es\/index.php?rest_route=\/wp\/v2\/types\/product"}],"replies":[{"embeddable":true,"href":"https:\/\/cinemasoul.es\/index.php?rest_route=%2Fwp%2Fv2%2Fcomments&post=5582"}],"version-history":[{"count":1,"href":"https:\/\/cinemasoul.es\/index.php?rest_route=\/wp\/v2\/product\/5582\/revisions"}],"predecessor-version":[{"id":5585,"href":"https:\/\/cinemasoul.es\/index.php?rest_route=\/wp\/v2\/product\/5582\/revisions\/5585"}],"wp:featuredmedia":[{"embeddable":true,"href":"https:\/\/cinemasoul.es\/index.php?rest_route=\/wp\/v2\/media\/5583"}],"wp:attachment":[{"href":"https:\/\/cinemasoul.es\/index.php?rest_route=%2Fwp%2Fv2%2Fmedia&parent=5582"}],"wp:term":[{"taxonomy":"product_brand","embeddable":true,"href":"https:\/\/cinemasoul.es\/index.php?rest_route=%2Fwp%2Fv2%2Fproduct_brand&post=5582"},{"taxonomy":"product_cat","embeddable":true,"href":"https:\/\/cinemasoul.es\/index.php?rest_route=%2Fwp%2Fv2%2Fproduct_cat&post=5582"},{"taxonomy":"product_tag","embeddable":true,"href":"https:\/\/cinemasoul.es\/index.php?rest_route=%2Fwp%2Fv2%2Fproduct_tag&post=5582"}],"curies":[{"name":"wp","href":"https:\/\/api.w.org\/{rel}","templated":true}]}}