{"id":5566,"date":"2022-06-27T19:04:02","date_gmt":"2022-06-27T19:04:02","guid":{"rendered":"https:\/\/www.cinemasoul.es\/?post_type=product&#038;p=5566"},"modified":"2022-06-27T19:04:02","modified_gmt":"2022-06-27T19:04:02","slug":"la-criatura-con-el-cerebro-atomico-dvd","status":"publish","type":"product","link":"https:\/\/cinemasoul.es\/?product=la-criatura-con-el-cerebro-atomico-dvd","title":{"rendered":"La Criatura con el Cerebro At\u00f3mico [DVD]"},"content":{"rendered":"","protected":false},"excerpt":{"rendered":"<div id=\"tab-description\" class=\"tab-content\">\n<p>COLUMBIA PICTURES\u00a0PRESENTA\u00a0\u201cLA CRIATURA CON EL CEREBRO AT\u00d3MICO\u201d (<em>CREATURE WITH THE ATOM BRAIN<\/em>) <strong>PROTAGONIZA<\/strong> POR\u00a0RICHARD DENNING CON ANGELA STEVENS <strong>HISTORIA<\/strong> Y <strong>GUI\u00d3N<\/strong> DE\u00a0CURT SIODMAK <strong>PRODUCIDA<\/strong> POR\u00a0SAM KATZMAN <strong>DIRIGIDA<\/strong> POR\u00a0EDWARD L. CAHN.<\/p>\n<p><strong>A\u00d1O<\/strong>: 1955 <strong>G\u00c9NERO<\/strong>: TERROR <strong>NACIONALIDAD<\/strong>: ESTADOS UNIDOS <strong>COLOR<\/strong>: BLANCO Y NEGRO CERTIFICADO DE CLASIFICACI\u00d3N <strong>ICAA\u00a0<\/strong>N\u00ba: 126.925 <strong>CLASIFICACI\u00d3N<\/strong>: NO RECOMENDADA PARA MENORES DE 7 A\u00d1OS <strong>DEP\u00d3SITO LEGAL\u00a0<\/strong>TF 41-2013 <strong>DURACI\u00d3N<\/strong>: 65 MIN. APROX.\u00a0<strong>IDIOMAS<\/strong>: INGL\u00c9S CON SUBT\u00cdTULOS EN CASTELLANO <strong>FORMATO<\/strong>: 4\/3 1.37:1 <strong>EAN<\/strong>: 8414533087711<\/p>\n<p><em>\u00a1ABSOLUTAMENTE EMOCIONANTE!\u00a0\u00a1NO CREER\u00c1 LO QUE VER\u00c1N SUS OJOS!\u00a0\u00a1UN CAD\u00c1VER CAMINA PARA ACECHAR A SU PRESA! \u00a1EL HORROR QUE PUEDE SUCEDERLE AHORA\u2026 A USTED!\u00a0<\/em>\u00a1Terror fiel a la ciencia, basado en experimentos de laboratorio descritos en revistas nacionales!\u00a0Gaye es un cient\u00edfico loco ex nazi que desarrolla un m\u00e9todo para extraer los cerebros de las personas y sustituirlos por generadores at\u00f3micos, convirtiendo a esas personas en aut\u00e9nticos zombis at\u00f3micos. Gaye se une al mafioso Granger, que usa los zombis para ocuparse de sus rivales y de los oficiales p\u00fablicos. La polic\u00eda lucha para detener a los infames que siembran el terror.<\/p>\n<\/div>\n","protected":false},"featured_media":5567,"comment_status":"open","ping_status":"closed","template":"","meta":{"site-sidebar-layout":"default","site-content-layout":"default","ast-site-content-layout":"default","site-content-style":"default","site-sidebar-style":"default","ast-global-header-display":"","ast-banner-title-visibility":"","ast-main-header-display":"","ast-hfb-above-header-display":"","ast-hfb-below-header-display":"","ast-hfb-mobile-header-display":"","site-post-title":"","ast-breadcrumbs-content":"","ast-featured-img":"","footer-sml-layout":"","ast-disable-related-posts":"","theme-transparent-header-meta":"","adv-header-id-meta":"","stick-header-meta":"","header-above-stick-meta":"","header-main-stick-meta":"","header-below-stick-meta":"","astra-migrate-meta-layouts":"default","ast-page-background-enabled":"default","ast-page-background-meta":{"desktop":{"background-color":"","background-image":"","background-repeat":"repeat","background-position":"center center","background-size":"auto","background-attachment":"scroll","background-type":"","background-media":"","overlay-type":"","overlay-color":"","overlay-opacity":"","overlay-gradient":""},"tablet":{"background-color":"","background-image":"","background-repeat":"repeat","background-position":"center center","background-size":"auto","background-attachment":"scroll","background-type":"","background-media":"","overlay-type":"","overlay-color":"","overlay-opacity":"","overlay-gradient":""},"mobile":{"background-color":"","background-image":"","background-repeat":"repeat","background-position":"center center","background-size":"auto","background-attachment":"scroll","background-type":"","background-media":"","overlay-type":"","overlay-color":"","overlay-opacity":"","overlay-gradient":""}},"ast-content-background-meta":{"desktop":{"background-color":"var(--ast-global-color-5)","background-image":"","background-repeat":"repeat","background-position":"center center","background-size":"auto","background-attachment":"scroll","background-type":"","background-media":"","overlay-type":"","overlay-color":"","overlay-opacity":"","overlay-gradient":""},"tablet":{"background-color":"var(--ast-global-color-5)","background-image":"","background-repeat":"repeat","background-position":"center center","background-size":"auto","background-attachment":"scroll","background-type":"","background-media":"","overlay-type":"","overlay-color":"","overlay-opacity":"","overlay-gradient":""},"mobile":{"background-color":"var(--ast-global-color-5)","background-image":"","background-repeat":"repeat","background-position":"center center","background-size":"auto","background-attachment":"scroll","background-type":"","background-media":"","overlay-type":"","overlay-color":"","overlay-opacity":"","overlay-gradient":""}},"_joinchat":[]},"product_brand":[],"product_cat":[42],"product_tag":[],"class_list":{"0":"post-5566","1":"product","2":"type-product","3":"status-publish","4":"has-post-thumbnail","6":"product_cat-dvd","7":"desktop-align-left","8":"tablet-align-left","9":"mobile-align-left","11":"first","12":"instock","13":"shipping-taxable","14":"purchasable","15":"product-type-simple"},"_links":{"self":[{"href":"https:\/\/cinemasoul.es\/index.php?rest_route=\/wp\/v2\/product\/5566","targetHints":{"allow":["GET"]}}],"collection":[{"href":"https:\/\/cinemasoul.es\/index.php?rest_route=\/wp\/v2\/product"}],"about":[{"href":"https:\/\/cinemasoul.es\/index.php?rest_route=\/wp\/v2\/types\/product"}],"replies":[{"embeddable":true,"href":"https:\/\/cinemasoul.es\/index.php?rest_route=%2Fwp%2Fv2%2Fcomments&post=5566"}],"version-history":[{"count":1,"href":"https:\/\/cinemasoul.es\/index.php?rest_route=\/wp\/v2\/product\/5566\/revisions"}],"predecessor-version":[{"id":5569,"href":"https:\/\/cinemasoul.es\/index.php?rest_route=\/wp\/v2\/product\/5566\/revisions\/5569"}],"wp:featuredmedia":[{"embeddable":true,"href":"https:\/\/cinemasoul.es\/index.php?rest_route=\/wp\/v2\/media\/5567"}],"wp:attachment":[{"href":"https:\/\/cinemasoul.es\/index.php?rest_route=%2Fwp%2Fv2%2Fmedia&parent=5566"}],"wp:term":[{"taxonomy":"product_brand","embeddable":true,"href":"https:\/\/cinemasoul.es\/index.php?rest_route=%2Fwp%2Fv2%2Fproduct_brand&post=5566"},{"taxonomy":"product_cat","embeddable":true,"href":"https:\/\/cinemasoul.es\/index.php?rest_route=%2Fwp%2Fv2%2Fproduct_cat&post=5566"},{"taxonomy":"product_tag","embeddable":true,"href":"https:\/\/cinemasoul.es\/index.php?rest_route=%2Fwp%2Fv2%2Fproduct_tag&post=5566"}],"curies":[{"name":"wp","href":"https:\/\/api.w.org\/{rel}","templated":true}]}}