{"id":5562,"date":"2022-06-27T19:00:05","date_gmt":"2022-06-27T19:00:05","guid":{"rendered":"https:\/\/www.cinemasoul.es\/?post_type=product&#038;p=5562"},"modified":"2022-06-27T19:00:05","modified_gmt":"2022-06-27T19:00:05","slug":"la-camara-de-los-horrores-dvd","status":"publish","type":"product","link":"https:\/\/cinemasoul.es\/?product=la-camara-de-los-horrores-dvd","title":{"rendered":"La C\u00e1mara de los Horrores [DVD]"},"content":{"rendered":"","protected":false},"excerpt":{"rendered":"<div id=\"tab-description\" class=\"tab-content\">\n<p>WARNER BROS. PICTURES\u00a0PRESENTA\u00a0\u201cLA C\u00c1MARA DE LOS HORRORES\u201d (CHAMBER OF HORRORS)\u00a0<strong>PROTAGONISTAS<\/strong>\u00a0CESARE DANOVA WILFRID HYDE-WHITE LAURA DEVON PATRICE WYMORE SUZY PARKER\u00a0CON\u00a0TUN TUN PHILIP BOURNEUF JEANETTE NOLAN MARIE WINDSOR\u00a0Y\u00a0PATRICK O\u2019NEAL\u00a0EN EL PAPEL DE \u201cJASON\u201d<strong>\u00a0<\/strong><strong>GUI\u00d3N<\/strong> DE\u00a0STEPHEN KANDEL\u00a0<strong>ARGUMENTO DE<\/strong>\u00a0RAY RUSSELL\u00a0Y\u00a0STEPHEN KANDEL\u00a0<strong>PRODUCIDA<\/strong> Y <strong>DIRIGIDA<\/strong>\u00a0POR\u00a0HY AVERBACK<\/p>\n<p><strong>IDIOMAS<\/strong>: CASTELLANO E INGL\u00c9S CON SUBT\u00cdTULOS EN CASTELLANO\u00a0<strong>NACIONALIDAD<\/strong>: ESTADOS UNIDOS\u00a0<strong>A\u00d1O<\/strong>: 1966\u00a0<strong>G\u00c9NERO<\/strong>: TERROR\u00a0<strong>DURACI\u00d3N<\/strong>: 95\u2019\u00a0<strong>FORMATO<\/strong>: 4\/3 1:85\u00a0<strong>COLOR<\/strong>: COLOR\u00a0<strong>CLASIFICACI\u00d3N<\/strong>: NO RECOMENDADA PARA MENORES DE 16 A\u00d1OS<\/p>\n<p>Un hombre condenado a muerte (Patrick O\u2019Neal) se corta la mano esposada (\u00a1Destello del Miedo! \u00a1Estridencia del Horror!) para poder escapar; despu\u00e9s se acopla al mu\u00f1\u00f3n unas espantosas herramientas que cortan, desgarran, ensartan y mutilan, y se entrega a una criminal org\u00eda de muerte. Prep\u00e1rese el espectador para ver \u201cuna pel\u00edcula magn\u00edfica, estremecedora e infravalorada\u201d (Michael Weldon, <em>The Psychotronic Encyclopedia of Film<\/em>).\u00a0Actor, locutor de radio y productor, Hy Averback firm\u00f3 muy pocos largometrajes <em>(Anoche, cuando se apag\u00f3 la luz; Esta noche vamos de guerra; Ojos verdes, rubia y peligrosa)<\/em>; pero en cambio dirigi\u00f3 numerosos episodios de algunas de las series televisivas m\u00e1s conocidas y entra\u00f1ables de las d\u00e9cadas de 1960, 1970 y 1980: desde <em>El show de Dick Powell<\/em> y <em>Los bribones<\/em> hasta <em>MASH<\/em> (de esta \u00faltima, nada menos que 20) pasando por <em>Colombo<\/em>.<\/p>\n<p><strong>\u00a1LA INNOVACI\u00d3N M\u00c1S INQUIETANTE DEL A\u00d1O EN EL MUNDO DEL ESPECT\u00c1CULO!<\/strong><em>\u00a0<\/em>Una pel\u00edcula con tantas escenas aterradoras, que lleva incorporado un sistema de alerta audiovisual.\u00a0<strong>EL DESTELLO DEL MIEDO<\/strong>: Al principio de determinadas escenas que podr\u00edan resultar demasiado aterradoras para muchas personas, empezar\u00e1 a palpitar en la pantalla una luz roja como se\u00f1al de miedo inminente.\u00a0<strong>LA ESTRIDENCIA DEL HORROR<\/strong>: En el mismo momento en que el \u201cDestello del Miedo\u201d empiece a parpadear ti\u00f1endo de rojo la pantalla, sonar\u00e1 la alarma de la \u201cEstridencia del Horror\u201d. En ese preciso instante, recomendamos a los espectadores que cierren los ojos y se tapen los o\u00eddos. \u00a0<strong>La atroz venganza del psic\u00f3pata \u201cEstrangulador de Baltimore\u201d<em>.\u00a0<\/em><\/strong>\u00a1Una verdadera\u00a0<em>C\u00e1mara de los Horrores<\/em>! Dos mecanismos especiales incorporados a la pel\u00edcula y denominados el Destello del Miedo y la Estridencia del Horror advierten al p\u00fablico de la inminencia del terror en estado puro.<\/p>\n<\/div>\n","protected":false},"featured_media":5563,"comment_status":"open","ping_status":"closed","template":"","meta":{"site-sidebar-layout":"default","site-content-layout":"default","ast-site-content-layout":"default","site-content-style":"default","site-sidebar-style":"default","ast-global-header-display":"","ast-banner-title-visibility":"","ast-main-header-display":"","ast-hfb-above-header-display":"","ast-hfb-below-header-display":"","ast-hfb-mobile-header-display":"","site-post-title":"","ast-breadcrumbs-content":"","ast-featured-img":"","footer-sml-layout":"","ast-disable-related-posts":"","theme-transparent-header-meta":"","adv-header-id-meta":"","stick-header-meta":"","header-above-stick-meta":"","header-main-stick-meta":"","header-below-stick-meta":"","astra-migrate-meta-layouts":"default","ast-page-background-enabled":"default","ast-page-background-meta":{"desktop":{"background-color":"","background-image":"","background-repeat":"repeat","background-position":"center center","background-size":"auto","background-attachment":"scroll","background-type":"","background-media":"","overlay-type":"","overlay-color":"","overlay-opacity":"","overlay-gradient":""},"tablet":{"background-color":"","background-image":"","background-repeat":"repeat","background-position":"center center","background-size":"auto","background-attachment":"scroll","background-type":"","background-media":"","overlay-type":"","overlay-color":"","overlay-opacity":"","overlay-gradient":""},"mobile":{"background-color":"","background-image":"","background-repeat":"repeat","background-position":"center center","background-size":"auto","background-attachment":"scroll","background-type":"","background-media":"","overlay-type":"","overlay-color":"","overlay-opacity":"","overlay-gradient":""}},"ast-content-background-meta":{"desktop":{"background-color":"var(--ast-global-color-5)","background-image":"","background-repeat":"repeat","background-position":"center center","background-size":"auto","background-attachment":"scroll","background-type":"","background-media":"","overlay-type":"","overlay-color":"","overlay-opacity":"","overlay-gradient":""},"tablet":{"background-color":"var(--ast-global-color-5)","background-image":"","background-repeat":"repeat","background-position":"center center","background-size":"auto","background-attachment":"scroll","background-type":"","background-media":"","overlay-type":"","overlay-color":"","overlay-opacity":"","overlay-gradient":""},"mobile":{"background-color":"var(--ast-global-color-5)","background-image":"","background-repeat":"repeat","background-position":"center center","background-size":"auto","background-attachment":"scroll","background-type":"","background-media":"","overlay-type":"","overlay-color":"","overlay-opacity":"","overlay-gradient":""}},"_joinchat":[]},"product_brand":[],"product_cat":[42],"product_tag":[],"class_list":{"0":"post-5562","1":"product","2":"type-product","3":"status-publish","4":"has-post-thumbnail","6":"product_cat-dvd","7":"desktop-align-left","8":"tablet-align-left","9":"mobile-align-left","11":"first","12":"instock","13":"sale","14":"shipping-taxable","15":"purchasable","16":"product-type-simple"},"_links":{"self":[{"href":"https:\/\/cinemasoul.es\/index.php?rest_route=\/wp\/v2\/product\/5562","targetHints":{"allow":["GET"]}}],"collection":[{"href":"https:\/\/cinemasoul.es\/index.php?rest_route=\/wp\/v2\/product"}],"about":[{"href":"https:\/\/cinemasoul.es\/index.php?rest_route=\/wp\/v2\/types\/product"}],"replies":[{"embeddable":true,"href":"https:\/\/cinemasoul.es\/index.php?rest_route=%2Fwp%2Fv2%2Fcomments&post=5562"}],"version-history":[{"count":1,"href":"https:\/\/cinemasoul.es\/index.php?rest_route=\/wp\/v2\/product\/5562\/revisions"}],"predecessor-version":[{"id":5565,"href":"https:\/\/cinemasoul.es\/index.php?rest_route=\/wp\/v2\/product\/5562\/revisions\/5565"}],"wp:featuredmedia":[{"embeddable":true,"href":"https:\/\/cinemasoul.es\/index.php?rest_route=\/wp\/v2\/media\/5563"}],"wp:attachment":[{"href":"https:\/\/cinemasoul.es\/index.php?rest_route=%2Fwp%2Fv2%2Fmedia&parent=5562"}],"wp:term":[{"taxonomy":"product_brand","embeddable":true,"href":"https:\/\/cinemasoul.es\/index.php?rest_route=%2Fwp%2Fv2%2Fproduct_brand&post=5562"},{"taxonomy":"product_cat","embeddable":true,"href":"https:\/\/cinemasoul.es\/index.php?rest_route=%2Fwp%2Fv2%2Fproduct_cat&post=5562"},{"taxonomy":"product_tag","embeddable":true,"href":"https:\/\/cinemasoul.es\/index.php?rest_route=%2Fwp%2Fv2%2Fproduct_tag&post=5562"}],"curies":[{"name":"wp","href":"https:\/\/api.w.org\/{rel}","templated":true}]}}