{"id":5555,"date":"2022-06-27T18:49:05","date_gmt":"2022-06-27T18:49:05","guid":{"rendered":"https:\/\/www.cinemasoul.es\/?post_type=product&#038;p=5555"},"modified":"2022-06-27T18:49:05","modified_gmt":"2022-06-27T18:49:05","slug":"jack-el-destripador-dvd","status":"publish","type":"product","link":"https:\/\/cinemasoul.es\/?product=jack-el-destripador-dvd","title":{"rendered":"Jack, el destripador [DVD]"},"content":{"rendered":"","protected":false},"excerpt":{"rendered":"<p><strong>A\u00f1o<\/strong> 1944 <strong>Duraci\u00f3n<\/strong> 84 min. <strong>Pa\u00eds<\/strong> Estados Unidos <strong>Direcci\u00f3n<\/strong> John Brahm <strong>Guion<\/strong> Barr\u00e9 Lyndon. <strong>Novela<\/strong>: Belloc-Lowndes <strong>M\u00fasica<\/strong> Hugo Friedhofer <strong>Fotograf\u00eda<\/strong> Lucien Ballard (B&amp;W) <strong>Reparto<\/strong> Merle Oberon, George Sanders, Laird Cregar, Cedric Hardwicke, Sara Allgood, Aubrey Mather, Queenie Leonard, Doris Lloyd, David Clyde, Helena Pickard <strong>Productora<\/strong>: \u00a020th Century Fox <strong>G\u00e9nero<\/strong> Thriller. Terror | Crimen. Siglo XIX <strong>Grupos <\/strong>Jack el Destripador<\/p>\n<p><strong>Sinopsis <\/strong>En el Londres de finales del siglo XIX, en White Chapel, mueren asesinadas varias mujeres. Los vecinos del inmueble sospechan del inquilino del piso de arriba, un misterioso hombre conocido por su aversi\u00f3n al g\u00e9nero femenino. Adaptaci\u00f3n cinematogr\u00e1fica de la popular novela de Marie Belloc Lowndes, \u00abJack el Destripador\u00bb.<\/p>\n","protected":false},"featured_media":5556,"comment_status":"open","ping_status":"closed","template":"","meta":{"site-sidebar-layout":"default","site-content-layout":"default","ast-site-content-layout":"default","site-content-style":"default","site-sidebar-style":"default","ast-global-header-display":"","ast-banner-title-visibility":"","ast-main-header-display":"","ast-hfb-above-header-display":"","ast-hfb-below-header-display":"","ast-hfb-mobile-header-display":"","site-post-title":"","ast-breadcrumbs-content":"","ast-featured-img":"","footer-sml-layout":"","ast-disable-related-posts":"","theme-transparent-header-meta":"","adv-header-id-meta":"","stick-header-meta":"","header-above-stick-meta":"","header-main-stick-meta":"","header-below-stick-meta":"","astra-migrate-meta-layouts":"default","ast-page-background-enabled":"default","ast-page-background-meta":{"desktop":{"background-color":"","background-image":"","background-repeat":"repeat","background-position":"center center","background-size":"auto","background-attachment":"scroll","background-type":"","background-media":"","overlay-type":"","overlay-color":"","overlay-opacity":"","overlay-gradient":""},"tablet":{"background-color":"","background-image":"","background-repeat":"repeat","background-position":"center center","background-size":"auto","background-attachment":"scroll","background-type":"","background-media":"","overlay-type":"","overlay-color":"","overlay-opacity":"","overlay-gradient":""},"mobile":{"background-color":"","background-image":"","background-repeat":"repeat","background-position":"center center","background-size":"auto","background-attachment":"scroll","background-type":"","background-media":"","overlay-type":"","overlay-color":"","overlay-opacity":"","overlay-gradient":""}},"ast-content-background-meta":{"desktop":{"background-color":"var(--ast-global-color-5)","background-image":"","background-repeat":"repeat","background-position":"center center","background-size":"auto","background-attachment":"scroll","background-type":"","background-media":"","overlay-type":"","overlay-color":"","overlay-opacity":"","overlay-gradient":""},"tablet":{"background-color":"var(--ast-global-color-5)","background-image":"","background-repeat":"repeat","background-position":"center center","background-size":"auto","background-attachment":"scroll","background-type":"","background-media":"","overlay-type":"","overlay-color":"","overlay-opacity":"","overlay-gradient":""},"mobile":{"background-color":"var(--ast-global-color-5)","background-image":"","background-repeat":"repeat","background-position":"center center","background-size":"auto","background-attachment":"scroll","background-type":"","background-media":"","overlay-type":"","overlay-color":"","overlay-opacity":"","overlay-gradient":""}},"_joinchat":[]},"product_brand":[],"product_cat":[42],"product_tag":[],"class_list":{"0":"post-5555","1":"product","2":"type-product","3":"status-publish","4":"has-post-thumbnail","6":"product_cat-dvd","7":"desktop-align-left","8":"tablet-align-left","9":"mobile-align-left","11":"first","12":"instock","13":"sale","14":"shipping-taxable","15":"purchasable","16":"product-type-simple"},"_links":{"self":[{"href":"https:\/\/cinemasoul.es\/index.php?rest_route=\/wp\/v2\/product\/5555","targetHints":{"allow":["GET"]}}],"collection":[{"href":"https:\/\/cinemasoul.es\/index.php?rest_route=\/wp\/v2\/product"}],"about":[{"href":"https:\/\/cinemasoul.es\/index.php?rest_route=\/wp\/v2\/types\/product"}],"replies":[{"embeddable":true,"href":"https:\/\/cinemasoul.es\/index.php?rest_route=%2Fwp%2Fv2%2Fcomments&post=5555"}],"version-history":[{"count":1,"href":"https:\/\/cinemasoul.es\/index.php?rest_route=\/wp\/v2\/product\/5555\/revisions"}],"predecessor-version":[{"id":5558,"href":"https:\/\/cinemasoul.es\/index.php?rest_route=\/wp\/v2\/product\/5555\/revisions\/5558"}],"wp:featuredmedia":[{"embeddable":true,"href":"https:\/\/cinemasoul.es\/index.php?rest_route=\/wp\/v2\/media\/5556"}],"wp:attachment":[{"href":"https:\/\/cinemasoul.es\/index.php?rest_route=%2Fwp%2Fv2%2Fmedia&parent=5555"}],"wp:term":[{"taxonomy":"product_brand","embeddable":true,"href":"https:\/\/cinemasoul.es\/index.php?rest_route=%2Fwp%2Fv2%2Fproduct_brand&post=5555"},{"taxonomy":"product_cat","embeddable":true,"href":"https:\/\/cinemasoul.es\/index.php?rest_route=%2Fwp%2Fv2%2Fproduct_cat&post=5555"},{"taxonomy":"product_tag","embeddable":true,"href":"https:\/\/cinemasoul.es\/index.php?rest_route=%2Fwp%2Fv2%2Fproduct_tag&post=5555"}],"curies":[{"name":"wp","href":"https:\/\/api.w.org\/{rel}","templated":true}]}}