{"id":5551,"date":"2022-06-27T17:42:14","date_gmt":"2022-06-27T17:42:14","guid":{"rendered":"https:\/\/www.cinemasoul.es\/?post_type=product&#038;p=5551"},"modified":"2022-06-27T18:12:00","modified_gmt":"2022-06-27T18:12:00","slug":"emmanuelle-y-los-ultimos-canibales-dvd","status":"publish","type":"product","link":"https:\/\/cinemasoul.es\/?product=emmanuelle-y-los-ultimos-canibales-dvd","title":{"rendered":"Emmanuelle y los \u00faltimos Can\u00edbales [DVD]"},"content":{"rendered":"","protected":false},"excerpt":{"rendered":"<div id=\"tab-description\" class=\"tab-content\">\n<p><strong>T\u00cdTULO ORIGINAL<\/strong>: EMANUELLE E GLI ULTIMI CANNIBALI\u00a0<strong>A\u00d1O<\/strong>: 1977\u00a0<strong>G\u00c9NERO<\/strong>: TERROR, AVENTURAS\u00a0<strong>NACIONALIDAD<\/strong>: ITALIA\u00a0<strong>COLOR<\/strong>: COLOR\u00a0<strong>IDIOMAS<\/strong>: INGL\u00c9S.\u00a0<strong>AUDIO<\/strong>: DOLBY DIGITAL 2.0\u00a0<strong>SUBT\u00cdTULOS<\/strong>: CASTELLANO <strong>FORMATO DE PANTALLA<\/strong>: 1.85:1\u00a0<strong>ICAA N\u00ba<\/strong>: 401.151\u00a0<strong>DURACI\u00d3N<\/strong>: 91 MIN. APROX\u00a0NO RECOMENDADA PARA MENORES DE 18 A\u00d1OS.<\/p>\n<p><strong>DIRIGIDA:<\/strong> JOE D\u2019AMATO\u00a0<strong>PRODUCIDA<\/strong>: GIANFRANCO COUYOUMDJIAN\u00a0<strong>GUI\u00d3N<\/strong>: JOE D\u2019AMATO, ROMANO SCANDARIATO\u00a0<strong>FOTOGRAF\u00cdA<\/strong>: JOE D\u2019AMATO\u00a0<strong>M\u00daSICA<\/strong>: NICO FIDENCO\u00a0<strong>REPARTO<\/strong>: LAURA GEMSER, GABRIELE TINTI, NIEVES NAVARRO, DONALD O\u2019BRIEN, PERCY HOGAN, MONICA ZANCHI, ANNAMARIA CLEMENTI, GEOFFREY COPLESTON, HAL YAMANOUCHI.<\/p>\n<p>La periodista Emmanuelle (Laura Gemser) descubre un caso de canibalismo en un hospital psiqui\u00e1trico de Nueva York. La mujer que es una can\u00edbal presenta tatuajes de una tribu amaz\u00f3nica en su piel.\u00a0Emmanuelle persuade al profesor Mark Lester (Gabriele Tinti), del Museo Nacional de Historia, para que la acampa\u00f1e al Amazonas. Juntos viajan a \u00c1frica con un equipo de investigaci\u00f3n para descubrir la fuente de la tribu de can\u00edbales que se cre\u00eda extinguida.\u00a0El grupo comienza una aventura aterradora en la selva a manos de los nativos can\u00edbales, todav\u00eda a\u00fan muy vivos y bestias.<\/p>\n<\/div>\n","protected":false},"featured_media":5552,"comment_status":"open","ping_status":"closed","template":"","meta":{"site-sidebar-layout":"default","site-content-layout":"default","ast-site-content-layout":"default","site-content-style":"default","site-sidebar-style":"default","ast-global-header-display":"","ast-banner-title-visibility":"","ast-main-header-display":"","ast-hfb-above-header-display":"","ast-hfb-below-header-display":"","ast-hfb-mobile-header-display":"","site-post-title":"","ast-breadcrumbs-content":"","ast-featured-img":"","footer-sml-layout":"","ast-disable-related-posts":"","theme-transparent-header-meta":"","adv-header-id-meta":"","stick-header-meta":"","header-above-stick-meta":"","header-main-stick-meta":"","header-below-stick-meta":"","astra-migrate-meta-layouts":"default","ast-page-background-enabled":"default","ast-page-background-meta":{"desktop":{"background-color":"","background-image":"","background-repeat":"repeat","background-position":"center center","background-size":"auto","background-attachment":"scroll","background-type":"","background-media":"","overlay-type":"","overlay-color":"","overlay-opacity":"","overlay-gradient":""},"tablet":{"background-color":"","background-image":"","background-repeat":"repeat","background-position":"center center","background-size":"auto","background-attachment":"scroll","background-type":"","background-media":"","overlay-type":"","overlay-color":"","overlay-opacity":"","overlay-gradient":""},"mobile":{"background-color":"","background-image":"","background-repeat":"repeat","background-position":"center center","background-size":"auto","background-attachment":"scroll","background-type":"","background-media":"","overlay-type":"","overlay-color":"","overlay-opacity":"","overlay-gradient":""}},"ast-content-background-meta":{"desktop":{"background-color":"var(--ast-global-color-5)","background-image":"","background-repeat":"repeat","background-position":"center center","background-size":"auto","background-attachment":"scroll","background-type":"","background-media":"","overlay-type":"","overlay-color":"","overlay-opacity":"","overlay-gradient":""},"tablet":{"background-color":"var(--ast-global-color-5)","background-image":"","background-repeat":"repeat","background-position":"center center","background-size":"auto","background-attachment":"scroll","background-type":"","background-media":"","overlay-type":"","overlay-color":"","overlay-opacity":"","overlay-gradient":""},"mobile":{"background-color":"var(--ast-global-color-5)","background-image":"","background-repeat":"repeat","background-position":"center center","background-size":"auto","background-attachment":"scroll","background-type":"","background-media":"","overlay-type":"","overlay-color":"","overlay-opacity":"","overlay-gradient":""}},"_joinchat":[]},"product_brand":[],"product_cat":[42],"product_tag":[],"class_list":{"0":"post-5551","1":"product","2":"type-product","3":"status-publish","4":"has-post-thumbnail","6":"product_cat-dvd","7":"desktop-align-left","8":"tablet-align-left","9":"mobile-align-left","11":"first","12":"instock","13":"sale","14":"shipping-taxable","15":"purchasable","16":"product-type-simple"},"_links":{"self":[{"href":"https:\/\/cinemasoul.es\/index.php?rest_route=\/wp\/v2\/product\/5551","targetHints":{"allow":["GET"]}}],"collection":[{"href":"https:\/\/cinemasoul.es\/index.php?rest_route=\/wp\/v2\/product"}],"about":[{"href":"https:\/\/cinemasoul.es\/index.php?rest_route=\/wp\/v2\/types\/product"}],"replies":[{"embeddable":true,"href":"https:\/\/cinemasoul.es\/index.php?rest_route=%2Fwp%2Fv2%2Fcomments&post=5551"}],"version-history":[{"count":1,"href":"https:\/\/cinemasoul.es\/index.php?rest_route=\/wp\/v2\/product\/5551\/revisions"}],"predecessor-version":[{"id":5554,"href":"https:\/\/cinemasoul.es\/index.php?rest_route=\/wp\/v2\/product\/5551\/revisions\/5554"}],"wp:featuredmedia":[{"embeddable":true,"href":"https:\/\/cinemasoul.es\/index.php?rest_route=\/wp\/v2\/media\/5552"}],"wp:attachment":[{"href":"https:\/\/cinemasoul.es\/index.php?rest_route=%2Fwp%2Fv2%2Fmedia&parent=5551"}],"wp:term":[{"taxonomy":"product_brand","embeddable":true,"href":"https:\/\/cinemasoul.es\/index.php?rest_route=%2Fwp%2Fv2%2Fproduct_brand&post=5551"},{"taxonomy":"product_cat","embeddable":true,"href":"https:\/\/cinemasoul.es\/index.php?rest_route=%2Fwp%2Fv2%2Fproduct_cat&post=5551"},{"taxonomy":"product_tag","embeddable":true,"href":"https:\/\/cinemasoul.es\/index.php?rest_route=%2Fwp%2Fv2%2Fproduct_tag&post=5551"}],"curies":[{"name":"wp","href":"https:\/\/api.w.org\/{rel}","templated":true}]}}