{"id":5548,"date":"2022-06-27T17:38:16","date_gmt":"2022-06-27T17:38:16","guid":{"rendered":"https:\/\/www.cinemasoul.es\/?post_type=product&#038;p=5548"},"modified":"2022-06-27T17:38:16","modified_gmt":"2022-06-27T17:38:16","slug":"guardianes-de-la-noche-dvd","status":"publish","type":"product","link":"https:\/\/cinemasoul.es\/?product=guardianes-de-la-noche-dvd","title":{"rendered":"Guardianes de la noche [DVD]"},"content":{"rendered":"","protected":false},"excerpt":{"rendered":"<p>Fox Search Light Pictures <strong>presenta en asociaci\u00f3n con<\/strong> Channel One Russia una <strong>producci\u00f3n de<\/strong> Tabbak\/Bazelevs <strong>Una pel\u00edcula de<\/strong> Timur Bekmambetov\u00a0 \u201cGuardianes de la Noche (Nochnoi Dozor)\u201d Konstantin Khabensky <strong>en el papel de<\/strong> Anton Gorodetsky <strong>M\u00fasica de<\/strong> Yuri Poteyenko <strong>Montaje de<\/strong> Dmitri Kiselev <strong>Director de Arte<\/strong> Valery Victorov, Mukhtar Mirzakeyev <strong>Director de Fotograf\u00eda<\/strong> Sergei Trofimov <strong>Basada en la novela<\/strong> <strong>de<\/strong> Sergei Lukyanenko <strong>Gui\u00f3n en ruso de<\/strong> Sergei Lukyanenko, Timur Bekmambetov <strong>Adaptaci\u00f3n del gui\u00f3n al ingl\u00e9s<\/strong> Timur Bekmambetov y Laeta Kalogridis <strong>L\u00ednea de producci\u00f3n<\/strong> Alexei Kublitsky, Varya Avdyusho <strong>Producida<\/strong> <strong>por<\/strong> Anatoly Maximov, Lonstantinernst <strong>Dirigida por<\/strong> Timur Bekmambetov<\/p>\n<p><strong>Contenidos adicionales<\/strong>: Acceso Directo a Escenas. Subt\u00edtulos en M\u00faltiples idiomas. <strong>Duraci\u00f3n aproximada<\/strong>: 109 minutos <strong>Color Idiomas<\/strong>: Castellano 5.1, \u00a0Ingl\u00e9s 5.1, Ruso 5.1 <strong>Subt\u00edtulos<\/strong>: Castellano, Ingl\u00e9s <strong>Men\u00fas<\/strong>: Castellano, Ingl\u00e9s <strong>Formato de pantalla<\/strong>: 1.85:1. Widescreen Version 16:9 <strong>Dep\u00f3sito Legal<\/strong>: TF: 1.351-2010 No recomendada para menores de 18 a\u00f1os <strong>I.C.A.A<\/strong>: 90.183<\/p>\n<p><em>\u201cSofisticada\u201d (Screen International), \u201cen\u00e9rgica\u201d (Newsweek) y llena de \u201csuntuosos efectos especiales\u201d (Variety), esta cinta incre\u00edblemente entretenida es mucha m\u00e1s que una nueva leyenda de la ciencia ficci\u00f3n\u2026 \u201c\u00a1Los guardianes de la noche es aut\u00e9ntica\u201d (Scifilm.org)<\/em><\/p>\n<p>Las fuerzas de la luz y de la oscuridad han coexistido en delilcado equilibrio durante cientos de a\u00f1os\u2026Hasta ahora. Mientras los guardianes de la noche controlan a los Otros Oscuros \u2013entre cuyas filas se cuentan vampiros, brujas y seres multiformes- una cadena de misteriosos acontecimientos desencadena una antigua profec\u00eda de terribles consecuencias: uno de los dotados se cambiar\u00e1 de bando, acabando con el fr\u00e1gil equilibrio y desencadenando una guerra apocal\u00edptica de dimensiones inusitadas en la historia del mundo.<\/p>\n","protected":false},"featured_media":5549,"comment_status":"open","ping_status":"closed","template":"","meta":{"site-sidebar-layout":"default","site-content-layout":"default","ast-site-content-layout":"default","site-content-style":"default","site-sidebar-style":"default","ast-global-header-display":"","ast-banner-title-visibility":"","ast-main-header-display":"","ast-hfb-above-header-display":"","ast-hfb-below-header-display":"","ast-hfb-mobile-header-display":"","site-post-title":"","ast-breadcrumbs-content":"","ast-featured-img":"","footer-sml-layout":"","ast-disable-related-posts":"","theme-transparent-header-meta":"","adv-header-id-meta":"","stick-header-meta":"","header-above-stick-meta":"","header-main-stick-meta":"","header-below-stick-meta":"","astra-migrate-meta-layouts":"default","ast-page-background-enabled":"default","ast-page-background-meta":{"desktop":{"background-color":"","background-image":"","background-repeat":"repeat","background-position":"center center","background-size":"auto","background-attachment":"scroll","background-type":"","background-media":"","overlay-type":"","overlay-color":"","overlay-opacity":"","overlay-gradient":""},"tablet":{"background-color":"","background-image":"","background-repeat":"repeat","background-position":"center center","background-size":"auto","background-attachment":"scroll","background-type":"","background-media":"","overlay-type":"","overlay-color":"","overlay-opacity":"","overlay-gradient":""},"mobile":{"background-color":"","background-image":"","background-repeat":"repeat","background-position":"center center","background-size":"auto","background-attachment":"scroll","background-type":"","background-media":"","overlay-type":"","overlay-color":"","overlay-opacity":"","overlay-gradient":""}},"ast-content-background-meta":{"desktop":{"background-color":"var(--ast-global-color-5)","background-image":"","background-repeat":"repeat","background-position":"center center","background-size":"auto","background-attachment":"scroll","background-type":"","background-media":"","overlay-type":"","overlay-color":"","overlay-opacity":"","overlay-gradient":""},"tablet":{"background-color":"var(--ast-global-color-5)","background-image":"","background-repeat":"repeat","background-position":"center center","background-size":"auto","background-attachment":"scroll","background-type":"","background-media":"","overlay-type":"","overlay-color":"","overlay-opacity":"","overlay-gradient":""},"mobile":{"background-color":"var(--ast-global-color-5)","background-image":"","background-repeat":"repeat","background-position":"center center","background-size":"auto","background-attachment":"scroll","background-type":"","background-media":"","overlay-type":"","overlay-color":"","overlay-opacity":"","overlay-gradient":""}},"_joinchat":[]},"product_brand":[],"product_cat":[42],"product_tag":[],"class_list":{"0":"post-5548","1":"product","2":"type-product","3":"status-publish","4":"has-post-thumbnail","6":"product_cat-dvd","7":"desktop-align-left","8":"tablet-align-left","9":"mobile-align-left","11":"first","12":"instock","13":"shipping-taxable","14":"purchasable","15":"product-type-simple"},"_links":{"self":[{"href":"https:\/\/cinemasoul.es\/index.php?rest_route=\/wp\/v2\/product\/5548","targetHints":{"allow":["GET"]}}],"collection":[{"href":"https:\/\/cinemasoul.es\/index.php?rest_route=\/wp\/v2\/product"}],"about":[{"href":"https:\/\/cinemasoul.es\/index.php?rest_route=\/wp\/v2\/types\/product"}],"replies":[{"embeddable":true,"href":"https:\/\/cinemasoul.es\/index.php?rest_route=%2Fwp%2Fv2%2Fcomments&post=5548"}],"version-history":[{"count":1,"href":"https:\/\/cinemasoul.es\/index.php?rest_route=\/wp\/v2\/product\/5548\/revisions"}],"predecessor-version":[{"id":5550,"href":"https:\/\/cinemasoul.es\/index.php?rest_route=\/wp\/v2\/product\/5548\/revisions\/5550"}],"wp:featuredmedia":[{"embeddable":true,"href":"https:\/\/cinemasoul.es\/index.php?rest_route=\/wp\/v2\/media\/5549"}],"wp:attachment":[{"href":"https:\/\/cinemasoul.es\/index.php?rest_route=%2Fwp%2Fv2%2Fmedia&parent=5548"}],"wp:term":[{"taxonomy":"product_brand","embeddable":true,"href":"https:\/\/cinemasoul.es\/index.php?rest_route=%2Fwp%2Fv2%2Fproduct_brand&post=5548"},{"taxonomy":"product_cat","embeddable":true,"href":"https:\/\/cinemasoul.es\/index.php?rest_route=%2Fwp%2Fv2%2Fproduct_cat&post=5548"},{"taxonomy":"product_tag","embeddable":true,"href":"https:\/\/cinemasoul.es\/index.php?rest_route=%2Fwp%2Fv2%2Fproduct_tag&post=5548"}],"curies":[{"name":"wp","href":"https:\/\/api.w.org\/{rel}","templated":true}]}}