{"id":5540,"date":"2022-06-27T17:22:01","date_gmt":"2022-06-27T17:22:01","guid":{"rendered":"https:\/\/www.cinemasoul.es\/?post_type=product&#038;p=5540"},"modified":"2022-06-27T17:22:01","modified_gmt":"2022-06-27T17:22:01","slug":"el-sabor-del-miedo-dvd","status":"publish","type":"product","link":"https:\/\/cinemasoul.es\/?product=el-sabor-del-miedo-dvd","title":{"rendered":"El Sabor del Miedo [DVD]"},"content":{"rendered":"","protected":false},"excerpt":{"rendered":"<div id=\"tab-description\" class=\"tab-content\">\n<p>COLUMBIA PICTURES\u00a0PRESENTA\u00a0UNA PRODUCCI\u00d3N DE HAMMER FILM\u00a0SUSAN STRASBERG.\u00a0RONALD LEWIS ANN TODD \u00a0EN\u00a0\u201cEL SABOR DEL MIEDO\u201d\u00a0<em>(<\/em><em>SCREAM OF FEAR<\/em>).\u00a0<strong>COPROTAGONIZADA<\/strong> POR\u00a0CHRISTOPHER LEE.\u00a0<strong>ESCRITA<\/strong> Y <strong>PRODUCIDA<\/strong> POR\u00a0JIMMY SANGSTER.\u00a0<strong>DIRIGIDA<\/strong> POR\u00a0SETH HOLT.<\/p>\n<p><strong>A\u00d1O<\/strong>:\u00a01961. <strong>G\u00c9NERO<\/strong>: TERROR. <strong>NACIONALIDAD<\/strong>: REINO UNIDO. <strong>COLOR<\/strong>: BLANCO Y NEGRO <strong>DURACI\u00d3N<\/strong>: 78 MIN. APROX. <strong>IDIOMAS<\/strong>: CASTELLANO E INGL\u00c9S CON SUBT\u00cdTULOS EN CASTELLANO. <strong>FORMATO DE PANTALLA<\/strong>: 16X9 1.85 :1.<strong>\u00a0CERTIFICADO DE CLASIFICACI\u00d3N ICAA N\u00ba<\/strong>:126.137. <strong>CLASIFICACI\u00d3N<\/strong>: NO RECOMENDADA PARA MENORES DE 12 A\u00d1OS. <strong>DEP\u00d3SITO LEGAL<\/strong>:TF 935-2012. <strong>EAN<\/strong>: 8414533086066.<\/p>\n<p>Penny Appleby (Susan Strasberg), una joven a la que un accidente ha dejado en silla de ruedas, decide irse a vivir con su padre, al que no ve desde hace diez a\u00f1os, y con su nueva esposa, pero a su llegada descubre que su padre no est\u00e1. Con el paso de los d\u00edas, Penny est\u00e1 cada vez m\u00e1s convencida de que ha muerto, pero nadie la cree, excepto el ch\u00f3fer, y juntos inician una investigaci\u00f3n.<\/p>\n<\/div>\n","protected":false},"featured_media":5541,"comment_status":"open","ping_status":"closed","template":"","meta":{"site-sidebar-layout":"default","site-content-layout":"default","ast-site-content-layout":"default","site-content-style":"default","site-sidebar-style":"default","ast-global-header-display":"","ast-banner-title-visibility":"","ast-main-header-display":"","ast-hfb-above-header-display":"","ast-hfb-below-header-display":"","ast-hfb-mobile-header-display":"","site-post-title":"","ast-breadcrumbs-content":"","ast-featured-img":"","footer-sml-layout":"","ast-disable-related-posts":"","theme-transparent-header-meta":"","adv-header-id-meta":"","stick-header-meta":"","header-above-stick-meta":"","header-main-stick-meta":"","header-below-stick-meta":"","astra-migrate-meta-layouts":"default","ast-page-background-enabled":"default","ast-page-background-meta":{"desktop":{"background-color":"","background-image":"","background-repeat":"repeat","background-position":"center center","background-size":"auto","background-attachment":"scroll","background-type":"","background-media":"","overlay-type":"","overlay-color":"","overlay-opacity":"","overlay-gradient":""},"tablet":{"background-color":"","background-image":"","background-repeat":"repeat","background-position":"center center","background-size":"auto","background-attachment":"scroll","background-type":"","background-media":"","overlay-type":"","overlay-color":"","overlay-opacity":"","overlay-gradient":""},"mobile":{"background-color":"","background-image":"","background-repeat":"repeat","background-position":"center center","background-size":"auto","background-attachment":"scroll","background-type":"","background-media":"","overlay-type":"","overlay-color":"","overlay-opacity":"","overlay-gradient":""}},"ast-content-background-meta":{"desktop":{"background-color":"var(--ast-global-color-5)","background-image":"","background-repeat":"repeat","background-position":"center center","background-size":"auto","background-attachment":"scroll","background-type":"","background-media":"","overlay-type":"","overlay-color":"","overlay-opacity":"","overlay-gradient":""},"tablet":{"background-color":"var(--ast-global-color-5)","background-image":"","background-repeat":"repeat","background-position":"center center","background-size":"auto","background-attachment":"scroll","background-type":"","background-media":"","overlay-type":"","overlay-color":"","overlay-opacity":"","overlay-gradient":""},"mobile":{"background-color":"var(--ast-global-color-5)","background-image":"","background-repeat":"repeat","background-position":"center center","background-size":"auto","background-attachment":"scroll","background-type":"","background-media":"","overlay-type":"","overlay-color":"","overlay-opacity":"","overlay-gradient":""}},"_joinchat":[]},"product_brand":[],"product_cat":[42],"product_tag":[],"class_list":{"0":"post-5540","1":"product","2":"type-product","3":"status-publish","4":"has-post-thumbnail","6":"product_cat-dvd","7":"desktop-align-left","8":"tablet-align-left","9":"mobile-align-left","11":"first","12":"instock","13":"sale","14":"shipping-taxable","15":"purchasable","16":"product-type-simple"},"_links":{"self":[{"href":"https:\/\/cinemasoul.es\/index.php?rest_route=\/wp\/v2\/product\/5540","targetHints":{"allow":["GET"]}}],"collection":[{"href":"https:\/\/cinemasoul.es\/index.php?rest_route=\/wp\/v2\/product"}],"about":[{"href":"https:\/\/cinemasoul.es\/index.php?rest_route=\/wp\/v2\/types\/product"}],"replies":[{"embeddable":true,"href":"https:\/\/cinemasoul.es\/index.php?rest_route=%2Fwp%2Fv2%2Fcomments&post=5540"}],"version-history":[{"count":1,"href":"https:\/\/cinemasoul.es\/index.php?rest_route=\/wp\/v2\/product\/5540\/revisions"}],"predecessor-version":[{"id":5543,"href":"https:\/\/cinemasoul.es\/index.php?rest_route=\/wp\/v2\/product\/5540\/revisions\/5543"}],"wp:featuredmedia":[{"embeddable":true,"href":"https:\/\/cinemasoul.es\/index.php?rest_route=\/wp\/v2\/media\/5541"}],"wp:attachment":[{"href":"https:\/\/cinemasoul.es\/index.php?rest_route=%2Fwp%2Fv2%2Fmedia&parent=5540"}],"wp:term":[{"taxonomy":"product_brand","embeddable":true,"href":"https:\/\/cinemasoul.es\/index.php?rest_route=%2Fwp%2Fv2%2Fproduct_brand&post=5540"},{"taxonomy":"product_cat","embeddable":true,"href":"https:\/\/cinemasoul.es\/index.php?rest_route=%2Fwp%2Fv2%2Fproduct_cat&post=5540"},{"taxonomy":"product_tag","embeddable":true,"href":"https:\/\/cinemasoul.es\/index.php?rest_route=%2Fwp%2Fv2%2Fproduct_tag&post=5540"}],"curies":[{"name":"wp","href":"https:\/\/api.w.org\/{rel}","templated":true}]}}