{"id":5536,"date":"2022-06-27T17:17:38","date_gmt":"2022-06-27T17:17:38","guid":{"rendered":"https:\/\/www.cinemasoul.es\/?post_type=product&#038;p=5536"},"modified":"2022-06-27T17:17:39","modified_gmt":"2022-06-27T17:17:39","slug":"el-poder-de-la-sangre-de-dracula-dvd","status":"publish","type":"product","link":"https:\/\/cinemasoul.es\/?product=el-poder-de-la-sangre-de-dracula-dvd","title":{"rendered":"El Poder de la Sangre de Dr\u00e1cula [DVD]"},"content":{"rendered":"","protected":false},"excerpt":{"rendered":"<div id=\"tab-description\" class=\"tab-content\">\n<p>WARNER BROS PRESENTA UNA PRODUCCI\u00d3N DE HAMMER FILMS <strong>T\u00edtulo original<\/strong>: TASTE THE BLOOD OF DRACULA <strong>DIRECTOR<\/strong>: PETER SASDY <strong>GUI\u00d3N<\/strong>:\u00a0ANTHONY HINDS, JOH ELDER <strong>ARGUMENTO<\/strong>: BASADA EN LA NOVELA DE BRAM STOKER <strong>PRODUCTOR<\/strong>: AIDA YOUNG <strong>M\u00daSICA<\/strong>: JAMES BERNARD <strong>FOTOGRAF\u00cdA<\/strong>: ARTHUR GRANT<\/p>\n<p><strong>A\u00d1O<\/strong>: 1970.\u00a0<strong>NACIONALIDAD<\/strong>: REINO UNIDO.\u00a0<strong>GENERO<\/strong>: TERROR\/ROMANTICA.\u00a0<strong>FORMATO DE PANTALLA<\/strong>: 4\/3 1.85:1.\u00a0<strong>COLOR<\/strong>.\u00a0PARA \u00c1MBITO DOM\u00c9STICO.\u00a0<strong>CERTIFICADO DE CALIFICACI\u00d3N<\/strong> N\u00ba 105.868.\u00a0NO RECOMENDADA PARA MENORES DE 18 A\u00d1OS.\u00a0<strong>DEP\u00d3SITO LEGAL<\/strong>: TF-59-2008.\u00a0<strong>DURACI\u00d3N<\/strong>: 87 MIN. APROX.\u00a0<strong>PROTAGONIZADA POR<\/strong> CHRISTOPHER LEE, LINDA HAYDEN, GEOFFREY KEEN, JOHN CARSON,\u00a0 PETER SALLIS<\/p>\n<p><em>\u201cHA VUELTO &#8211; \u00a1EN UNO DE LOS MEJORES CL\u00c1SICOS DEL COLMILLO!\u201d\u00a0<\/em>Es la noche de los chicos, el momento para una diversi\u00f3n lujuriosa. Pero esta diversi\u00f3n no es suficiente para satisfacer las expectativas de diversi\u00f3n de estos l\u00edderes de la comunidad. A\u00fan queda una aventura que pueden intentar, una que transformar\u00e1 a cierto Conde, del polvo a un ser de carne y hueso sediento de sangre.\u00a0<em>Prueba la sangre de Dr\u00e1cula<\/em>, la cuarta pel\u00edcula del ciclo de terror y hemoglobina en la era Victoriana de los Estudios Hammer, es una exhibici\u00f3n de porqu\u00e9 Hammer lleg\u00f3 a ser \u201cEl Estudio\u201d del terror g\u00f3tico. El s\u00f3lido reparto y el rico dise\u00f1o de producci\u00f3n ponen la piel de gallina en la vida real y despierta los temores de otro mundo. Christopher Lee se viste con su capa roja para convertirse en la reencarnaci\u00f3n del diablo. Es el Conde Dr\u00e1cula, un ser no vivo pero tampoco muerto&#8230;pero sus pel\u00edculas tienen m\u00e1s vida que nunca.<\/p>\n<\/div>\n","protected":false},"featured_media":5537,"comment_status":"open","ping_status":"closed","template":"","meta":{"site-sidebar-layout":"default","site-content-layout":"default","ast-site-content-layout":"default","site-content-style":"default","site-sidebar-style":"default","ast-global-header-display":"","ast-banner-title-visibility":"","ast-main-header-display":"","ast-hfb-above-header-display":"","ast-hfb-below-header-display":"","ast-hfb-mobile-header-display":"","site-post-title":"","ast-breadcrumbs-content":"","ast-featured-img":"","footer-sml-layout":"","ast-disable-related-posts":"","theme-transparent-header-meta":"","adv-header-id-meta":"","stick-header-meta":"","header-above-stick-meta":"","header-main-stick-meta":"","header-below-stick-meta":"","astra-migrate-meta-layouts":"default","ast-page-background-enabled":"default","ast-page-background-meta":{"desktop":{"background-color":"","background-image":"","background-repeat":"repeat","background-position":"center center","background-size":"auto","background-attachment":"scroll","background-type":"","background-media":"","overlay-type":"","overlay-color":"","overlay-opacity":"","overlay-gradient":""},"tablet":{"background-color":"","background-image":"","background-repeat":"repeat","background-position":"center center","background-size":"auto","background-attachment":"scroll","background-type":"","background-media":"","overlay-type":"","overlay-color":"","overlay-opacity":"","overlay-gradient":""},"mobile":{"background-color":"","background-image":"","background-repeat":"repeat","background-position":"center center","background-size":"auto","background-attachment":"scroll","background-type":"","background-media":"","overlay-type":"","overlay-color":"","overlay-opacity":"","overlay-gradient":""}},"ast-content-background-meta":{"desktop":{"background-color":"var(--ast-global-color-5)","background-image":"","background-repeat":"repeat","background-position":"center center","background-size":"auto","background-attachment":"scroll","background-type":"","background-media":"","overlay-type":"","overlay-color":"","overlay-opacity":"","overlay-gradient":""},"tablet":{"background-color":"var(--ast-global-color-5)","background-image":"","background-repeat":"repeat","background-position":"center center","background-size":"auto","background-attachment":"scroll","background-type":"","background-media":"","overlay-type":"","overlay-color":"","overlay-opacity":"","overlay-gradient":""},"mobile":{"background-color":"var(--ast-global-color-5)","background-image":"","background-repeat":"repeat","background-position":"center center","background-size":"auto","background-attachment":"scroll","background-type":"","background-media":"","overlay-type":"","overlay-color":"","overlay-opacity":"","overlay-gradient":""}},"_joinchat":[]},"product_brand":[],"product_cat":[42],"product_tag":[],"class_list":{"0":"post-5536","1":"product","2":"type-product","3":"status-publish","4":"has-post-thumbnail","6":"product_cat-dvd","7":"desktop-align-left","8":"tablet-align-left","9":"mobile-align-left","11":"first","12":"instock","13":"sale","14":"shipping-taxable","15":"purchasable","16":"product-type-simple"},"_links":{"self":[{"href":"https:\/\/cinemasoul.es\/index.php?rest_route=\/wp\/v2\/product\/5536","targetHints":{"allow":["GET"]}}],"collection":[{"href":"https:\/\/cinemasoul.es\/index.php?rest_route=\/wp\/v2\/product"}],"about":[{"href":"https:\/\/cinemasoul.es\/index.php?rest_route=\/wp\/v2\/types\/product"}],"replies":[{"embeddable":true,"href":"https:\/\/cinemasoul.es\/index.php?rest_route=%2Fwp%2Fv2%2Fcomments&post=5536"}],"version-history":[{"count":1,"href":"https:\/\/cinemasoul.es\/index.php?rest_route=\/wp\/v2\/product\/5536\/revisions"}],"predecessor-version":[{"id":5539,"href":"https:\/\/cinemasoul.es\/index.php?rest_route=\/wp\/v2\/product\/5536\/revisions\/5539"}],"wp:featuredmedia":[{"embeddable":true,"href":"https:\/\/cinemasoul.es\/index.php?rest_route=\/wp\/v2\/media\/5537"}],"wp:attachment":[{"href":"https:\/\/cinemasoul.es\/index.php?rest_route=%2Fwp%2Fv2%2Fmedia&parent=5536"}],"wp:term":[{"taxonomy":"product_brand","embeddable":true,"href":"https:\/\/cinemasoul.es\/index.php?rest_route=%2Fwp%2Fv2%2Fproduct_brand&post=5536"},{"taxonomy":"product_cat","embeddable":true,"href":"https:\/\/cinemasoul.es\/index.php?rest_route=%2Fwp%2Fv2%2Fproduct_cat&post=5536"},{"taxonomy":"product_tag","embeddable":true,"href":"https:\/\/cinemasoul.es\/index.php?rest_route=%2Fwp%2Fv2%2Fproduct_tag&post=5536"}],"curies":[{"name":"wp","href":"https:\/\/api.w.org\/{rel}","templated":true}]}}