{"id":5528,"date":"2022-06-27T17:06:12","date_gmt":"2022-06-27T17:06:12","guid":{"rendered":"https:\/\/www.cinemasoul.es\/?post_type=product&#038;p=5528"},"modified":"2022-06-27T17:06:12","modified_gmt":"2022-06-27T17:06:12","slug":"el-mago-de-la-muerte-dvd-2","status":"publish","type":"product","link":"https:\/\/cinemasoul.es\/?product=el-mago-de-la-muerte-dvd-2","title":{"rendered":"El Mago de la Muerte [DVD]"},"content":{"rendered":"","protected":false},"excerpt":{"rendered":"<div id=\"tab-description\" class=\"tab-content\">\n<p>COLUMBIA PICTURES PRESENTA A BORIS KARLOFF EN \u201cEL MAGO DE LA MUERTE\u201d (<em>BEFORE I HANG<\/em>) CON EVELYN KEYES Y BRUCE BENNETT <strong>HISTORIA<\/strong> DE KARL BROWN Y ROBERT D. ANDREWS <strong>GUI\u00d3N<\/strong> DE ROBERT D. ANDREWS <strong>PRODUCIDA<\/strong> POR WALLACE MACDONALD <strong>DIRIGIDA<\/strong> POR NICK GRINDE<\/p>\n<p><strong>A\u00d1O<\/strong>: 1940. <strong>G\u00c9NERO<\/strong>: TERROR. <strong>NACIONALIDAD<\/strong>: ESTADOS UNIDOS. <strong>COLOR<\/strong>: BLANCO Y NEGRO <strong>DURACI\u00d3N<\/strong>: 60 MIN. APROX. <strong>IDIOMAS<\/strong>: CASTELLANO E INGL\u00c9S CON SUBT\u00cdTULOS EN CASTELLANO. <strong>FORMATO DE PANTALLA<\/strong>: 4\/3 1.33:1\u00a0CERTIFICADO DE CLASIFICACI\u00d3N <strong>ICAA<\/strong> N\u00ba: 127.205.\u00a0<strong>CLASIFICACI\u00d3N<\/strong>: NO RECOMENDADA PARA MENORES DE 7 A\u00d1OS.\u00a0<strong>DEP\u00d3SITO LEGAL<\/strong>TF 112-2013<\/p>\n<p><em>\u00a1CUIDADO! CUANDO KARLOFF PARA EL RELOJ&#8230; TU HORA HA LLEGADO.\u00a0<\/em>John Garth (Boris Karloff) es un cient\u00edfico que trabaja en la prisi\u00f3n, mientras espera su pena de muerte por practicar la eutanasia. El doctor, con la ayuda del m\u00e9dico de la prisi\u00f3n (Edward Van Sloan), logra crear una droga que rejuvenece a partir de la sangre de un convicto. Habiendo obtenido el perd\u00f3n, se aplica una inyecci\u00f3n y ciertamente rejuvenece. Pero dado que la sangre era de un asesino, ahora el propio cient\u00edfico se ve llevado al homicidio.<\/p>\n<\/div>\n","protected":false},"featured_media":5529,"comment_status":"open","ping_status":"closed","template":"","meta":{"site-sidebar-layout":"default","site-content-layout":"default","ast-site-content-layout":"default","site-content-style":"default","site-sidebar-style":"default","ast-global-header-display":"","ast-banner-title-visibility":"","ast-main-header-display":"","ast-hfb-above-header-display":"","ast-hfb-below-header-display":"","ast-hfb-mobile-header-display":"","site-post-title":"","ast-breadcrumbs-content":"","ast-featured-img":"","footer-sml-layout":"","ast-disable-related-posts":"","theme-transparent-header-meta":"","adv-header-id-meta":"","stick-header-meta":"","header-above-stick-meta":"","header-main-stick-meta":"","header-below-stick-meta":"","astra-migrate-meta-layouts":"default","ast-page-background-enabled":"default","ast-page-background-meta":{"desktop":{"background-color":"","background-image":"","background-repeat":"repeat","background-position":"center center","background-size":"auto","background-attachment":"scroll","background-type":"","background-media":"","overlay-type":"","overlay-color":"","overlay-opacity":"","overlay-gradient":""},"tablet":{"background-color":"","background-image":"","background-repeat":"repeat","background-position":"center center","background-size":"auto","background-attachment":"scroll","background-type":"","background-media":"","overlay-type":"","overlay-color":"","overlay-opacity":"","overlay-gradient":""},"mobile":{"background-color":"","background-image":"","background-repeat":"repeat","background-position":"center center","background-size":"auto","background-attachment":"scroll","background-type":"","background-media":"","overlay-type":"","overlay-color":"","overlay-opacity":"","overlay-gradient":""}},"ast-content-background-meta":{"desktop":{"background-color":"var(--ast-global-color-5)","background-image":"","background-repeat":"repeat","background-position":"center center","background-size":"auto","background-attachment":"scroll","background-type":"","background-media":"","overlay-type":"","overlay-color":"","overlay-opacity":"","overlay-gradient":""},"tablet":{"background-color":"var(--ast-global-color-5)","background-image":"","background-repeat":"repeat","background-position":"center center","background-size":"auto","background-attachment":"scroll","background-type":"","background-media":"","overlay-type":"","overlay-color":"","overlay-opacity":"","overlay-gradient":""},"mobile":{"background-color":"var(--ast-global-color-5)","background-image":"","background-repeat":"repeat","background-position":"center center","background-size":"auto","background-attachment":"scroll","background-type":"","background-media":"","overlay-type":"","overlay-color":"","overlay-opacity":"","overlay-gradient":""}},"_joinchat":[]},"product_brand":[],"product_cat":[42],"product_tag":[],"class_list":{"0":"post-5528","1":"product","2":"type-product","3":"status-publish","4":"has-post-thumbnail","6":"product_cat-dvd","7":"desktop-align-left","8":"tablet-align-left","9":"mobile-align-left","11":"first","12":"instock","13":"sale","14":"shipping-taxable","15":"purchasable","16":"product-type-simple"},"_links":{"self":[{"href":"https:\/\/cinemasoul.es\/index.php?rest_route=\/wp\/v2\/product\/5528","targetHints":{"allow":["GET"]}}],"collection":[{"href":"https:\/\/cinemasoul.es\/index.php?rest_route=\/wp\/v2\/product"}],"about":[{"href":"https:\/\/cinemasoul.es\/index.php?rest_route=\/wp\/v2\/types\/product"}],"replies":[{"embeddable":true,"href":"https:\/\/cinemasoul.es\/index.php?rest_route=%2Fwp%2Fv2%2Fcomments&post=5528"}],"version-history":[{"count":1,"href":"https:\/\/cinemasoul.es\/index.php?rest_route=\/wp\/v2\/product\/5528\/revisions"}],"predecessor-version":[{"id":5531,"href":"https:\/\/cinemasoul.es\/index.php?rest_route=\/wp\/v2\/product\/5528\/revisions\/5531"}],"wp:featuredmedia":[{"embeddable":true,"href":"https:\/\/cinemasoul.es\/index.php?rest_route=\/wp\/v2\/media\/5529"}],"wp:attachment":[{"href":"https:\/\/cinemasoul.es\/index.php?rest_route=%2Fwp%2Fv2%2Fmedia&parent=5528"}],"wp:term":[{"taxonomy":"product_brand","embeddable":true,"href":"https:\/\/cinemasoul.es\/index.php?rest_route=%2Fwp%2Fv2%2Fproduct_brand&post=5528"},{"taxonomy":"product_cat","embeddable":true,"href":"https:\/\/cinemasoul.es\/index.php?rest_route=%2Fwp%2Fv2%2Fproduct_cat&post=5528"},{"taxonomy":"product_tag","embeddable":true,"href":"https:\/\/cinemasoul.es\/index.php?rest_route=%2Fwp%2Fv2%2Fproduct_tag&post=5528"}],"curies":[{"name":"wp","href":"https:\/\/api.w.org\/{rel}","templated":true}]}}