{"id":5525,"date":"2022-06-27T17:03:46","date_gmt":"2022-06-27T17:03:46","guid":{"rendered":"https:\/\/www.cinemasoul.es\/?post_type=product&#038;p=5525"},"modified":"2022-06-27T17:03:47","modified_gmt":"2022-06-27T17:03:47","slug":"el-increible-transplante-bicefalo-dvd","status":"publish","type":"product","link":"https:\/\/cinemasoul.es\/?product=el-increible-transplante-bicefalo-dvd","title":{"rendered":"El incre\u00edble transplante bicefalo [DVD]"},"content":{"rendered":"","protected":false},"excerpt":{"rendered":"<p><em>EL INCRE\u00cdBLE TRASPLANTE BIC\u00c9FALO\u00a0<\/em><strong>T\u00cdTULO ORIGINAL<\/strong>: <em>THE INCREDIBLE 2-HEADED TRANSPLANT\u00a0<\/em><strong>DIRIGIDA POR<\/strong>\u00a0ANTHONY M. LANZA\u00a0<strong>PRODUCIDA POR<\/strong> JOHN LAWRENCE <strong>GUI\u00d3N DE<\/strong>\u00a0JOHN LAWRENCE &amp; JAMES GORDON WHITE\u00a0<strong>M\u00daSICA DE<\/strong> JOHN BARBER\u00a0<strong>FOTOGRAF\u00cdA DE<\/strong> GLEN GANO, PAUL HIPP, JACK STEELY\u00a0<strong>REPARTO<\/strong>: BRUCE DERN, PAT PRIEST, CASEY KASEM, ALBERT COLE, JOHN BLOOM, BERRY KROEGER, LARRY VINCENT, JACK LESTER, JERRY PATTERSON, DARLENE DURALIA<\/p>\n<p><strong>NACIONALIDAD<\/strong>: ESTADOS UNIDOS\u00a0<strong>A\u00d1O<\/strong>: 1971\u00a0<strong>G\u00c9NERO<\/strong>: CIENCIA FICCI\u00d3N \u00a0<strong>FORMATO DE PANTALLA<\/strong>: 16\/9 1.85:1\u00a0<strong>COLOR<\/strong>: COLOR\u00a0<strong>DURACI\u00d3N<\/strong>: 93 MINUTOS.\u00a0<strong>IDIOMAS<\/strong>: ESPA\u00d1OL, INGL\u00c9S\u00a0<strong>SUBT\u00cdTULOS<\/strong>: &#8211;\u00a0<strong>CERTIFICADO DE CALIFICACI\u00d3N<\/strong>\u00a0N\u00ba 136.060\u00a0<strong>CLASIFICACI\u00d3N<\/strong>: NO RECOMENDADA PARA MENORES DE 18 A\u00d1OS\u00a0<strong>TODAS LAS ZONAS<\/strong>: 1-6<\/p>\n<p>El Doctor Girard un reputado cirujano experto en trasplantes lleva a\u00f1os experimentando en animales la posibilidad de realizar trasplantes de cabezas. Cuando consigue dar con la f\u00f3rmula, decide culminar su obra llev\u00e1ndola a cabo en seres humanos, m\u00e1s concretamente con Danny, un chico f\u00edsicamente desarrollado pero que tiene la mentalidad de un ni\u00f1o. Un buen d\u00eda, al doctor Girard se le presenta la oportunidad y le coloca una segunda cabeza a Danny de un psic\u00f3pata asesino fugado del manicomio. Las consecuencias no tardar\u00e1n en aparecer.<\/p>\n","protected":false},"featured_media":5526,"comment_status":"open","ping_status":"closed","template":"","meta":{"site-sidebar-layout":"default","site-content-layout":"default","ast-site-content-layout":"default","site-content-style":"default","site-sidebar-style":"default","ast-global-header-display":"","ast-banner-title-visibility":"","ast-main-header-display":"","ast-hfb-above-header-display":"","ast-hfb-below-header-display":"","ast-hfb-mobile-header-display":"","site-post-title":"","ast-breadcrumbs-content":"","ast-featured-img":"","footer-sml-layout":"","ast-disable-related-posts":"","theme-transparent-header-meta":"","adv-header-id-meta":"","stick-header-meta":"","header-above-stick-meta":"","header-main-stick-meta":"","header-below-stick-meta":"","astra-migrate-meta-layouts":"default","ast-page-background-enabled":"default","ast-page-background-meta":{"desktop":{"background-color":"","background-image":"","background-repeat":"repeat","background-position":"center center","background-size":"auto","background-attachment":"scroll","background-type":"","background-media":"","overlay-type":"","overlay-color":"","overlay-opacity":"","overlay-gradient":""},"tablet":{"background-color":"","background-image":"","background-repeat":"repeat","background-position":"center center","background-size":"auto","background-attachment":"scroll","background-type":"","background-media":"","overlay-type":"","overlay-color":"","overlay-opacity":"","overlay-gradient":""},"mobile":{"background-color":"","background-image":"","background-repeat":"repeat","background-position":"center center","background-size":"auto","background-attachment":"scroll","background-type":"","background-media":"","overlay-type":"","overlay-color":"","overlay-opacity":"","overlay-gradient":""}},"ast-content-background-meta":{"desktop":{"background-color":"var(--ast-global-color-5)","background-image":"","background-repeat":"repeat","background-position":"center center","background-size":"auto","background-attachment":"scroll","background-type":"","background-media":"","overlay-type":"","overlay-color":"","overlay-opacity":"","overlay-gradient":""},"tablet":{"background-color":"var(--ast-global-color-5)","background-image":"","background-repeat":"repeat","background-position":"center center","background-size":"auto","background-attachment":"scroll","background-type":"","background-media":"","overlay-type":"","overlay-color":"","overlay-opacity":"","overlay-gradient":""},"mobile":{"background-color":"var(--ast-global-color-5)","background-image":"","background-repeat":"repeat","background-position":"center center","background-size":"auto","background-attachment":"scroll","background-type":"","background-media":"","overlay-type":"","overlay-color":"","overlay-opacity":"","overlay-gradient":""}},"_joinchat":[]},"product_brand":[],"product_cat":[42],"product_tag":[],"class_list":{"0":"post-5525","1":"product","2":"type-product","3":"status-publish","4":"has-post-thumbnail","6":"product_cat-dvd","7":"desktop-align-left","8":"tablet-align-left","9":"mobile-align-left","11":"first","12":"instock","13":"sale","14":"shipping-taxable","15":"purchasable","16":"product-type-simple"},"_links":{"self":[{"href":"https:\/\/cinemasoul.es\/index.php?rest_route=\/wp\/v2\/product\/5525","targetHints":{"allow":["GET"]}}],"collection":[{"href":"https:\/\/cinemasoul.es\/index.php?rest_route=\/wp\/v2\/product"}],"about":[{"href":"https:\/\/cinemasoul.es\/index.php?rest_route=\/wp\/v2\/types\/product"}],"replies":[{"embeddable":true,"href":"https:\/\/cinemasoul.es\/index.php?rest_route=%2Fwp%2Fv2%2Fcomments&post=5525"}],"version-history":[{"count":1,"href":"https:\/\/cinemasoul.es\/index.php?rest_route=\/wp\/v2\/product\/5525\/revisions"}],"predecessor-version":[{"id":5527,"href":"https:\/\/cinemasoul.es\/index.php?rest_route=\/wp\/v2\/product\/5525\/revisions\/5527"}],"wp:featuredmedia":[{"embeddable":true,"href":"https:\/\/cinemasoul.es\/index.php?rest_route=\/wp\/v2\/media\/5526"}],"wp:attachment":[{"href":"https:\/\/cinemasoul.es\/index.php?rest_route=%2Fwp%2Fv2%2Fmedia&parent=5525"}],"wp:term":[{"taxonomy":"product_brand","embeddable":true,"href":"https:\/\/cinemasoul.es\/index.php?rest_route=%2Fwp%2Fv2%2Fproduct_brand&post=5525"},{"taxonomy":"product_cat","embeddable":true,"href":"https:\/\/cinemasoul.es\/index.php?rest_route=%2Fwp%2Fv2%2Fproduct_cat&post=5525"},{"taxonomy":"product_tag","embeddable":true,"href":"https:\/\/cinemasoul.es\/index.php?rest_route=%2Fwp%2Fv2%2Fproduct_tag&post=5525"}],"curies":[{"name":"wp","href":"https:\/\/api.w.org\/{rel}","templated":true}]}}