{"id":5521,"date":"2022-06-27T16:56:44","date_gmt":"2022-06-27T16:56:44","guid":{"rendered":"https:\/\/www.cinemasoul.es\/?post_type=product&#038;p=5521"},"modified":"2022-06-27T16:59:45","modified_gmt":"2022-06-27T16:59:45","slug":"el-fantasma-de-la-calle-morgue-dvd","status":"publish","type":"product","link":"https:\/\/cinemasoul.es\/?product=el-fantasma-de-la-calle-morgue-dvd","title":{"rendered":"El Fantasma de la Calle Morgue [DVD]"},"content":{"rendered":"","protected":false},"excerpt":{"rendered":"<div id=\"tab-description\" class=\"tab-content\">\n<p>WARNER BROS. PICTURES PRESENTA\u00a0\u201cEL FANTASMA DE LA CALLE MORGUE\u201d\u00a0BASADA EN \u201cLOS CR\u00cdMENES DE LA RUE MORGUE\u201d DE EDGAR ALLAN POE\u00a0<strong>PROTAGONISTAS<\/strong> KARL MALDEN\u00a0 CLAUDE DAUPHIN\u00a0 PATRICIA MEDINA\u00a0 STEVE FORREST\u00a0<strong>GUI\u00d3N<\/strong> DE HAROLD MEDFORD Y JAMES R. WEBB\u00a0<strong>PRODUCIDA<\/strong> POR HENRY BLANKE\u00a0<strong>DIRIGIDA<\/strong> POR ROY DEL RUTH COPIAS EN TECHNICOLOR\u00ae<\/p>\n<p><strong>IDIOMAS:<\/strong> CASTELLANO E INGL\u00c9S CON SUBT\u00cdTULOS EN CASTELLANO\u00a0<strong>NACIONALIDAD:<\/strong>\u00a0ESTADOS UNIDOS\u00a0<strong>A\u00d1O:\u00a0<\/strong>1954\u00a0<strong>COLOR\u00a0<\/strong><strong>G\u00c9NERO:<\/strong> CRIMEN\u00a0<strong>DURACI\u00d3N:<\/strong> 83\u2019\u00a0<strong>FORMATO:<\/strong> 4\/3 1.33:1 <strong>REFERENCIA:<\/strong> DVDY26109\u00a0<strong>EAN:<\/strong> 5051893015034\u00a0<strong>DEP\u00d3SITO LEGAL:<\/strong> TF: 1539-2009\u00a0<strong>N\u00ba DE EXPEDIENTE:<\/strong> 113.912\u00a0<strong>CLASIFICACION:<\/strong> NO RECOMENDADA PARA MENORES DE 13 A\u00d1OS<\/p>\n<p><em>\u00a1Pasiones delirantes, cr\u00edmenes espantosos en el terror\u00edfico relato de Edgar Allan Poe!<\/em> Son ex\u00f3ticas. Glamurosas. Seductoras. Pero la belleza no es lo \u00fanico que estas j\u00f3venes parisinas tienen en com\u00fan. Todas ellas son v\u00edctimas de El fantasma de la calle Morgue, el misterioso salvaje que consigue eludir la captura una y otra vez. Por suerte para los aficionados al cine de terror, el famoso relato de Edgar Allan Poe ha sido llevado a la pantalla con frecuencia. Y ninguna versi\u00f3n caus\u00f3 mayor impacto que \u00e9sta, rodada en un v\u00edvido WarnerColor y con unos espl\u00e9ndidos decorados que recrean el Par\u00eds de fines del siglo xix, ba\u00f1ado por la densa luz de las farolas de gas. Karl Malden interpreta al Dr. Marais, el zo\u00f3logo que esconde oscuras obsesiones tras una fachada de respetabilidad. Claude Dauphin es el inspector de polic\u00eda que investiga el caso; Steve Forrest, un profesor universitario de psicolog\u00eda sobre quien recae la sombra de la sospecha; y Patricia Medina, una bella muchacha a quien la curiosidad pone en peligro. El espectador estar\u00e1 al lado de ellos \u2013\u00a1y alerta! \u2013 cuando El fantasma de la calle Morgue aseste el golpe.<\/p>\n<\/div>\n","protected":false},"featured_media":5522,"comment_status":"open","ping_status":"closed","template":"","meta":{"site-sidebar-layout":"default","site-content-layout":"default","ast-site-content-layout":"default","site-content-style":"default","site-sidebar-style":"default","ast-global-header-display":"","ast-banner-title-visibility":"","ast-main-header-display":"","ast-hfb-above-header-display":"","ast-hfb-below-header-display":"","ast-hfb-mobile-header-display":"","site-post-title":"","ast-breadcrumbs-content":"","ast-featured-img":"","footer-sml-layout":"","ast-disable-related-posts":"","theme-transparent-header-meta":"","adv-header-id-meta":"","stick-header-meta":"","header-above-stick-meta":"","header-main-stick-meta":"","header-below-stick-meta":"","astra-migrate-meta-layouts":"default","ast-page-background-enabled":"default","ast-page-background-meta":{"desktop":{"background-color":"","background-image":"","background-repeat":"repeat","background-position":"center center","background-size":"auto","background-attachment":"scroll","background-type":"","background-media":"","overlay-type":"","overlay-color":"","overlay-opacity":"","overlay-gradient":""},"tablet":{"background-color":"","background-image":"","background-repeat":"repeat","background-position":"center center","background-size":"auto","background-attachment":"scroll","background-type":"","background-media":"","overlay-type":"","overlay-color":"","overlay-opacity":"","overlay-gradient":""},"mobile":{"background-color":"","background-image":"","background-repeat":"repeat","background-position":"center center","background-size":"auto","background-attachment":"scroll","background-type":"","background-media":"","overlay-type":"","overlay-color":"","overlay-opacity":"","overlay-gradient":""}},"ast-content-background-meta":{"desktop":{"background-color":"var(--ast-global-color-5)","background-image":"","background-repeat":"repeat","background-position":"center center","background-size":"auto","background-attachment":"scroll","background-type":"","background-media":"","overlay-type":"","overlay-color":"","overlay-opacity":"","overlay-gradient":""},"tablet":{"background-color":"var(--ast-global-color-5)","background-image":"","background-repeat":"repeat","background-position":"center center","background-size":"auto","background-attachment":"scroll","background-type":"","background-media":"","overlay-type":"","overlay-color":"","overlay-opacity":"","overlay-gradient":""},"mobile":{"background-color":"var(--ast-global-color-5)","background-image":"","background-repeat":"repeat","background-position":"center center","background-size":"auto","background-attachment":"scroll","background-type":"","background-media":"","overlay-type":"","overlay-color":"","overlay-opacity":"","overlay-gradient":""}},"_joinchat":[]},"product_brand":[],"product_cat":[42],"product_tag":[],"class_list":{"0":"post-5521","1":"product","2":"type-product","3":"status-publish","4":"has-post-thumbnail","6":"product_cat-dvd","7":"desktop-align-left","8":"tablet-align-left","9":"mobile-align-left","11":"first","12":"instock","13":"sale","14":"shipping-taxable","15":"purchasable","16":"product-type-simple"},"_links":{"self":[{"href":"https:\/\/cinemasoul.es\/index.php?rest_route=\/wp\/v2\/product\/5521","targetHints":{"allow":["GET"]}}],"collection":[{"href":"https:\/\/cinemasoul.es\/index.php?rest_route=\/wp\/v2\/product"}],"about":[{"href":"https:\/\/cinemasoul.es\/index.php?rest_route=\/wp\/v2\/types\/product"}],"replies":[{"embeddable":true,"href":"https:\/\/cinemasoul.es\/index.php?rest_route=%2Fwp%2Fv2%2Fcomments&post=5521"}],"version-history":[{"count":1,"href":"https:\/\/cinemasoul.es\/index.php?rest_route=\/wp\/v2\/product\/5521\/revisions"}],"predecessor-version":[{"id":5524,"href":"https:\/\/cinemasoul.es\/index.php?rest_route=\/wp\/v2\/product\/5521\/revisions\/5524"}],"wp:featuredmedia":[{"embeddable":true,"href":"https:\/\/cinemasoul.es\/index.php?rest_route=\/wp\/v2\/media\/5522"}],"wp:attachment":[{"href":"https:\/\/cinemasoul.es\/index.php?rest_route=%2Fwp%2Fv2%2Fmedia&parent=5521"}],"wp:term":[{"taxonomy":"product_brand","embeddable":true,"href":"https:\/\/cinemasoul.es\/index.php?rest_route=%2Fwp%2Fv2%2Fproduct_brand&post=5521"},{"taxonomy":"product_cat","embeddable":true,"href":"https:\/\/cinemasoul.es\/index.php?rest_route=%2Fwp%2Fv2%2Fproduct_cat&post=5521"},{"taxonomy":"product_tag","embeddable":true,"href":"https:\/\/cinemasoul.es\/index.php?rest_route=%2Fwp%2Fv2%2Fproduct_tag&post=5521"}],"curies":[{"name":"wp","href":"https:\/\/api.w.org\/{rel}","templated":true}]}}