{"id":5517,"date":"2022-06-27T16:53:34","date_gmt":"2022-06-27T16:53:34","guid":{"rendered":"https:\/\/www.cinemasoul.es\/?post_type=product&#038;p=5517"},"modified":"2022-06-27T16:53:35","modified_gmt":"2022-06-27T16:53:35","slug":"eclipse-total-dvd","status":"publish","type":"product","link":"https:\/\/cinemasoul.es\/?product=eclipse-total-dvd","title":{"rendered":"Eclipse total [DVD]"},"content":{"rendered":"","protected":false},"excerpt":{"rendered":"<p><strong>T\u00edtulo original<\/strong> Dolores Claiborne <strong>A\u00f1o<\/strong> 1995 <strong>Duraci\u00f3n<\/strong> 131 min. <strong>Pa\u00eds<\/strong> Estados Unidos <strong>Direcci\u00f3n<\/strong> Taylor Hackford\u00a0 <strong>Guion<\/strong> Tony Gilroy. <strong>Novela<\/strong>: Stephen King <strong>M\u00fasica<\/strong>\u00a0\u00a0\u00a0 Danny Elfman\u00a0 <strong>Fotograf\u00eda<\/strong> Gabriel Beristain <strong>Reparto<\/strong> Kathy Bates, Jennifer Jason Leigh, David Strathairn, Judy Parfitt, John C. Reilly, Eric Bogosian, Christopher Plummer, Ellen Muth, Bob Gunton, Wayne Robson, Roy Cooper, Ruth Marshall, Weldon Allen <strong>Productora<\/strong> Castle Rock Entertainment, Columbia Pictures\u00a0 <strong>G\u00e9nero<\/strong>\u00a0\u00a0\u00a0 Intriga. Drama | Crimen<\/p>\n<p><strong>Sinopsis<\/strong> Dolores Claiborne es acusada del asesinato de Vera Donovan, la due\u00f1a de la casa en la que trabaja como asistenta desde hace m\u00e1s de veinte a\u00f1os. Selena, la hija de Dolores, vuelve a su pueblo natal para intentar probar la inocencia de su madre, pero all\u00ed ambas se tendr\u00e1n que enfrentar a un implacable detective y a un s\u00f3rdido pasado.<\/p>\n","protected":false},"featured_media":5518,"comment_status":"open","ping_status":"closed","template":"","meta":{"site-sidebar-layout":"default","site-content-layout":"default","ast-site-content-layout":"default","site-content-style":"default","site-sidebar-style":"default","ast-global-header-display":"","ast-banner-title-visibility":"","ast-main-header-display":"","ast-hfb-above-header-display":"","ast-hfb-below-header-display":"","ast-hfb-mobile-header-display":"","site-post-title":"","ast-breadcrumbs-content":"","ast-featured-img":"","footer-sml-layout":"","ast-disable-related-posts":"","theme-transparent-header-meta":"","adv-header-id-meta":"","stick-header-meta":"","header-above-stick-meta":"","header-main-stick-meta":"","header-below-stick-meta":"","astra-migrate-meta-layouts":"default","ast-page-background-enabled":"default","ast-page-background-meta":{"desktop":{"background-color":"","background-image":"","background-repeat":"repeat","background-position":"center center","background-size":"auto","background-attachment":"scroll","background-type":"","background-media":"","overlay-type":"","overlay-color":"","overlay-opacity":"","overlay-gradient":""},"tablet":{"background-color":"","background-image":"","background-repeat":"repeat","background-position":"center center","background-size":"auto","background-attachment":"scroll","background-type":"","background-media":"","overlay-type":"","overlay-color":"","overlay-opacity":"","overlay-gradient":""},"mobile":{"background-color":"","background-image":"","background-repeat":"repeat","background-position":"center center","background-size":"auto","background-attachment":"scroll","background-type":"","background-media":"","overlay-type":"","overlay-color":"","overlay-opacity":"","overlay-gradient":""}},"ast-content-background-meta":{"desktop":{"background-color":"var(--ast-global-color-5)","background-image":"","background-repeat":"repeat","background-position":"center center","background-size":"auto","background-attachment":"scroll","background-type":"","background-media":"","overlay-type":"","overlay-color":"","overlay-opacity":"","overlay-gradient":""},"tablet":{"background-color":"var(--ast-global-color-5)","background-image":"","background-repeat":"repeat","background-position":"center center","background-size":"auto","background-attachment":"scroll","background-type":"","background-media":"","overlay-type":"","overlay-color":"","overlay-opacity":"","overlay-gradient":""},"mobile":{"background-color":"var(--ast-global-color-5)","background-image":"","background-repeat":"repeat","background-position":"center center","background-size":"auto","background-attachment":"scroll","background-type":"","background-media":"","overlay-type":"","overlay-color":"","overlay-opacity":"","overlay-gradient":""}},"_joinchat":[]},"product_brand":[],"product_cat":[42],"product_tag":[],"class_list":{"0":"post-5517","1":"product","2":"type-product","3":"status-publish","4":"has-post-thumbnail","6":"product_cat-dvd","7":"desktop-align-left","8":"tablet-align-left","9":"mobile-align-left","11":"first","12":"instock","13":"shipping-taxable","14":"purchasable","15":"product-type-simple"},"_links":{"self":[{"href":"https:\/\/cinemasoul.es\/index.php?rest_route=\/wp\/v2\/product\/5517","targetHints":{"allow":["GET"]}}],"collection":[{"href":"https:\/\/cinemasoul.es\/index.php?rest_route=\/wp\/v2\/product"}],"about":[{"href":"https:\/\/cinemasoul.es\/index.php?rest_route=\/wp\/v2\/types\/product"}],"replies":[{"embeddable":true,"href":"https:\/\/cinemasoul.es\/index.php?rest_route=%2Fwp%2Fv2%2Fcomments&post=5517"}],"version-history":[{"count":1,"href":"https:\/\/cinemasoul.es\/index.php?rest_route=\/wp\/v2\/product\/5517\/revisions"}],"predecessor-version":[{"id":5520,"href":"https:\/\/cinemasoul.es\/index.php?rest_route=\/wp\/v2\/product\/5517\/revisions\/5520"}],"wp:featuredmedia":[{"embeddable":true,"href":"https:\/\/cinemasoul.es\/index.php?rest_route=\/wp\/v2\/media\/5518"}],"wp:attachment":[{"href":"https:\/\/cinemasoul.es\/index.php?rest_route=%2Fwp%2Fv2%2Fmedia&parent=5517"}],"wp:term":[{"taxonomy":"product_brand","embeddable":true,"href":"https:\/\/cinemasoul.es\/index.php?rest_route=%2Fwp%2Fv2%2Fproduct_brand&post=5517"},{"taxonomy":"product_cat","embeddable":true,"href":"https:\/\/cinemasoul.es\/index.php?rest_route=%2Fwp%2Fv2%2Fproduct_cat&post=5517"},{"taxonomy":"product_tag","embeddable":true,"href":"https:\/\/cinemasoul.es\/index.php?rest_route=%2Fwp%2Fv2%2Fproduct_tag&post=5517"}],"curies":[{"name":"wp","href":"https:\/\/api.w.org\/{rel}","templated":true}]}}