{"id":5513,"date":"2022-06-27T16:46:14","date_gmt":"2022-06-27T16:46:14","guid":{"rendered":"https:\/\/www.cinemasoul.es\/?post_type=product&#038;p=5513"},"modified":"2022-06-27T16:46:15","modified_gmt":"2022-06-27T16:46:15","slug":"el-cerebro-de-frankenstein-dvd","status":"publish","type":"product","link":"https:\/\/cinemasoul.es\/?product=el-cerebro-de-frankenstein-dvd","title":{"rendered":"El cerebro de Frankenstein [DVD]"},"content":{"rendered":"","protected":false},"excerpt":{"rendered":"<p><strong>T\u00edtulo original<\/strong> Frankenstein Must Be Destroyed <strong>A\u00f1o<\/strong> 1969 <strong>Duraci\u00f3n<\/strong> 97 min. <strong>Pa\u00eds<\/strong> Reino Unido <strong>Direcci\u00f3n<\/strong> Terence Fisher <strong>Guion<\/strong> Anthony Nelson- Keys, Bert Batt <strong>M\u00fasica<\/strong> James Bernard <strong>Fotograf\u00eda<\/strong> Arthur Grant <strong>Reparto<\/strong> Peter Cushing, Simon Ward, Veronica Carlson, Freddie Jones, Maxine Audley, Thorley Walters, Geoffrey Bayldon, George Pravda, Colette O&#8217;Neil, Peter Copley, Harold Goodwin <strong>Productora<\/strong> Hammer Productions. <strong>Distribuidora<\/strong>: Warner Bros. <strong>G\u00e9nero<\/strong> Terror | Monstruos. Secuela<\/p>\n<p><strong>Sinopsis <\/strong>El doctor Frankenstein, con la ayuda de una joven pareja a la que chantajea, secuestra al doctor Brandt, un antiguo colega suyo que se encuentra recluido en un manicomio. Su prop\u00f3sito es obtener una importante informaci\u00f3n m\u00e9dica que s\u00f3lo \u00e9l puede proporcionarle; pero Brandt muere y, entonces, Frankenstein decide trasplantar su cerebro a otro cuerpo.<\/p>\n","protected":false},"featured_media":5514,"comment_status":"open","ping_status":"closed","template":"","meta":{"site-sidebar-layout":"default","site-content-layout":"default","ast-site-content-layout":"default","site-content-style":"default","site-sidebar-style":"default","ast-global-header-display":"","ast-banner-title-visibility":"","ast-main-header-display":"","ast-hfb-above-header-display":"","ast-hfb-below-header-display":"","ast-hfb-mobile-header-display":"","site-post-title":"","ast-breadcrumbs-content":"","ast-featured-img":"","footer-sml-layout":"","ast-disable-related-posts":"","theme-transparent-header-meta":"","adv-header-id-meta":"","stick-header-meta":"","header-above-stick-meta":"","header-main-stick-meta":"","header-below-stick-meta":"","astra-migrate-meta-layouts":"default","ast-page-background-enabled":"default","ast-page-background-meta":{"desktop":{"background-color":"","background-image":"","background-repeat":"repeat","background-position":"center center","background-size":"auto","background-attachment":"scroll","background-type":"","background-media":"","overlay-type":"","overlay-color":"","overlay-opacity":"","overlay-gradient":""},"tablet":{"background-color":"","background-image":"","background-repeat":"repeat","background-position":"center center","background-size":"auto","background-attachment":"scroll","background-type":"","background-media":"","overlay-type":"","overlay-color":"","overlay-opacity":"","overlay-gradient":""},"mobile":{"background-color":"","background-image":"","background-repeat":"repeat","background-position":"center center","background-size":"auto","background-attachment":"scroll","background-type":"","background-media":"","overlay-type":"","overlay-color":"","overlay-opacity":"","overlay-gradient":""}},"ast-content-background-meta":{"desktop":{"background-color":"var(--ast-global-color-5)","background-image":"","background-repeat":"repeat","background-position":"center center","background-size":"auto","background-attachment":"scroll","background-type":"","background-media":"","overlay-type":"","overlay-color":"","overlay-opacity":"","overlay-gradient":""},"tablet":{"background-color":"var(--ast-global-color-5)","background-image":"","background-repeat":"repeat","background-position":"center center","background-size":"auto","background-attachment":"scroll","background-type":"","background-media":"","overlay-type":"","overlay-color":"","overlay-opacity":"","overlay-gradient":""},"mobile":{"background-color":"var(--ast-global-color-5)","background-image":"","background-repeat":"repeat","background-position":"center center","background-size":"auto","background-attachment":"scroll","background-type":"","background-media":"","overlay-type":"","overlay-color":"","overlay-opacity":"","overlay-gradient":""}},"_joinchat":[]},"product_brand":[],"product_cat":[42],"product_tag":[],"class_list":{"0":"post-5513","1":"product","2":"type-product","3":"status-publish","4":"has-post-thumbnail","6":"product_cat-dvd","7":"desktop-align-left","8":"tablet-align-left","9":"mobile-align-left","11":"first","12":"instock","13":"sale","14":"shipping-taxable","15":"purchasable","16":"product-type-simple"},"_links":{"self":[{"href":"https:\/\/cinemasoul.es\/index.php?rest_route=\/wp\/v2\/product\/5513","targetHints":{"allow":["GET"]}}],"collection":[{"href":"https:\/\/cinemasoul.es\/index.php?rest_route=\/wp\/v2\/product"}],"about":[{"href":"https:\/\/cinemasoul.es\/index.php?rest_route=\/wp\/v2\/types\/product"}],"replies":[{"embeddable":true,"href":"https:\/\/cinemasoul.es\/index.php?rest_route=%2Fwp%2Fv2%2Fcomments&post=5513"}],"version-history":[{"count":1,"href":"https:\/\/cinemasoul.es\/index.php?rest_route=\/wp\/v2\/product\/5513\/revisions"}],"predecessor-version":[{"id":5516,"href":"https:\/\/cinemasoul.es\/index.php?rest_route=\/wp\/v2\/product\/5513\/revisions\/5516"}],"wp:featuredmedia":[{"embeddable":true,"href":"https:\/\/cinemasoul.es\/index.php?rest_route=\/wp\/v2\/media\/5514"}],"wp:attachment":[{"href":"https:\/\/cinemasoul.es\/index.php?rest_route=%2Fwp%2Fv2%2Fmedia&parent=5513"}],"wp:term":[{"taxonomy":"product_brand","embeddable":true,"href":"https:\/\/cinemasoul.es\/index.php?rest_route=%2Fwp%2Fv2%2Fproduct_brand&post=5513"},{"taxonomy":"product_cat","embeddable":true,"href":"https:\/\/cinemasoul.es\/index.php?rest_route=%2Fwp%2Fv2%2Fproduct_cat&post=5513"},{"taxonomy":"product_tag","embeddable":true,"href":"https:\/\/cinemasoul.es\/index.php?rest_route=%2Fwp%2Fv2%2Fproduct_tag&post=5513"}],"curies":[{"name":"wp","href":"https:\/\/api.w.org\/{rel}","templated":true}]}}