{"id":5509,"date":"2022-06-27T12:49:03","date_gmt":"2022-06-27T12:49:03","guid":{"rendered":"https:\/\/www.cinemasoul.es\/?post_type=product&#038;p=5509"},"modified":"2022-06-27T12:49:03","modified_gmt":"2022-06-27T12:49:03","slug":"el-cazador-de-suenos-dvd","status":"publish","type":"product","link":"https:\/\/cinemasoul.es\/?product=el-cazador-de-suenos-dvd","title":{"rendered":"El cazador de sue\u00f1os [DVD]"},"content":{"rendered":"","protected":false},"excerpt":{"rendered":"<p><strong>T\u00edtulo original<\/strong> Dreamcatcher <strong>A\u00f1o<\/strong> 2003 <strong>Duraci\u00f3n<\/strong> 136 min. <strong>Pa\u00eds<\/strong> Estados Unidos <strong>Direcci\u00f3n<\/strong> Lawrence Kasdan <strong>Guion<\/strong> William Goldman. Novela: Stephen King <strong>M\u00fasica<\/strong> James Newton Howard <strong>Fotograf\u00eda<\/strong> John Seale <strong>Reparto<\/strong> Morgan Freeman, Thomas Jane, Jason Lee, Damian Lewis, Timothy Olyphant, Tom Sizemore, Donnie Wahlberg, Jonathan Kasdan <strong>Productora<\/strong> Coproducci\u00f3n Estados Unidos-Australia; Castle Rock Entertainment, Village Roadshow, NPV Entertainment <strong>G\u00e9nero<\/strong> Ciencia ficci\u00f3n. Fant\u00e1stico. Terror | Sobrenatural. Extraterrestres <strong>Grupos<\/strong> Adaptaciones de Stephen King<\/p>\n<p><strong>Sinopsis<\/strong> Cuando Jonesy, Henry, Pete y Beaver eran unos ni\u00f1os de un pueblo de Maine, reaccionaron de manera heroica para salvar a un extra\u00f1o muchacho llamado Duddits de la crueldad de otros ni\u00f1os. Duddits pas\u00f3 entonces a formar parte de su c\u00edrculo y les transmiti\u00f3 extra\u00f1os poderes que los uni\u00f3 muy estrechamente. 20 a\u00f1os despu\u00e9s, los cuatro han seguido caminos distintos, pero mantienen vivo el recuerdo de su hero\u00edsmo, aunque los poderes recibidos, m\u00e1s que un don, son una carga. Cuando uno de ellos est\u00e1 a punto de morir en un terrible accidente, no son conscientes de que ha vuelto la inquietante atm\u00f3sfera que s\u00f3lo Duddits pod\u00eda crear. Poco despu\u00e9s, se re\u00fanen para ir, como todos los a\u00f1os, a una caba\u00f1a de caza en los bosques del norte, y se ven sorprendidos por la proximidad de la muerte.<\/p>\n","protected":false},"featured_media":5510,"comment_status":"open","ping_status":"closed","template":"","meta":{"site-sidebar-layout":"default","site-content-layout":"default","ast-site-content-layout":"default","site-content-style":"default","site-sidebar-style":"default","ast-global-header-display":"","ast-banner-title-visibility":"","ast-main-header-display":"","ast-hfb-above-header-display":"","ast-hfb-below-header-display":"","ast-hfb-mobile-header-display":"","site-post-title":"","ast-breadcrumbs-content":"","ast-featured-img":"","footer-sml-layout":"","ast-disable-related-posts":"","theme-transparent-header-meta":"","adv-header-id-meta":"","stick-header-meta":"","header-above-stick-meta":"","header-main-stick-meta":"","header-below-stick-meta":"","astra-migrate-meta-layouts":"default","ast-page-background-enabled":"default","ast-page-background-meta":{"desktop":{"background-color":"","background-image":"","background-repeat":"repeat","background-position":"center center","background-size":"auto","background-attachment":"scroll","background-type":"","background-media":"","overlay-type":"","overlay-color":"","overlay-opacity":"","overlay-gradient":""},"tablet":{"background-color":"","background-image":"","background-repeat":"repeat","background-position":"center center","background-size":"auto","background-attachment":"scroll","background-type":"","background-media":"","overlay-type":"","overlay-color":"","overlay-opacity":"","overlay-gradient":""},"mobile":{"background-color":"","background-image":"","background-repeat":"repeat","background-position":"center center","background-size":"auto","background-attachment":"scroll","background-type":"","background-media":"","overlay-type":"","overlay-color":"","overlay-opacity":"","overlay-gradient":""}},"ast-content-background-meta":{"desktop":{"background-color":"var(--ast-global-color-5)","background-image":"","background-repeat":"repeat","background-position":"center center","background-size":"auto","background-attachment":"scroll","background-type":"","background-media":"","overlay-type":"","overlay-color":"","overlay-opacity":"","overlay-gradient":""},"tablet":{"background-color":"var(--ast-global-color-5)","background-image":"","background-repeat":"repeat","background-position":"center center","background-size":"auto","background-attachment":"scroll","background-type":"","background-media":"","overlay-type":"","overlay-color":"","overlay-opacity":"","overlay-gradient":""},"mobile":{"background-color":"var(--ast-global-color-5)","background-image":"","background-repeat":"repeat","background-position":"center center","background-size":"auto","background-attachment":"scroll","background-type":"","background-media":"","overlay-type":"","overlay-color":"","overlay-opacity":"","overlay-gradient":""}},"_joinchat":[]},"product_brand":[],"product_cat":[42],"product_tag":[],"class_list":{"0":"post-5509","1":"product","2":"type-product","3":"status-publish","4":"has-post-thumbnail","6":"product_cat-dvd","7":"desktop-align-left","8":"tablet-align-left","9":"mobile-align-left","11":"first","12":"instock","13":"shipping-taxable","14":"purchasable","15":"product-type-simple"},"_links":{"self":[{"href":"https:\/\/cinemasoul.es\/index.php?rest_route=\/wp\/v2\/product\/5509","targetHints":{"allow":["GET"]}}],"collection":[{"href":"https:\/\/cinemasoul.es\/index.php?rest_route=\/wp\/v2\/product"}],"about":[{"href":"https:\/\/cinemasoul.es\/index.php?rest_route=\/wp\/v2\/types\/product"}],"replies":[{"embeddable":true,"href":"https:\/\/cinemasoul.es\/index.php?rest_route=%2Fwp%2Fv2%2Fcomments&post=5509"}],"version-history":[{"count":1,"href":"https:\/\/cinemasoul.es\/index.php?rest_route=\/wp\/v2\/product\/5509\/revisions"}],"predecessor-version":[{"id":5512,"href":"https:\/\/cinemasoul.es\/index.php?rest_route=\/wp\/v2\/product\/5509\/revisions\/5512"}],"wp:featuredmedia":[{"embeddable":true,"href":"https:\/\/cinemasoul.es\/index.php?rest_route=\/wp\/v2\/media\/5510"}],"wp:attachment":[{"href":"https:\/\/cinemasoul.es\/index.php?rest_route=%2Fwp%2Fv2%2Fmedia&parent=5509"}],"wp:term":[{"taxonomy":"product_brand","embeddable":true,"href":"https:\/\/cinemasoul.es\/index.php?rest_route=%2Fwp%2Fv2%2Fproduct_brand&post=5509"},{"taxonomy":"product_cat","embeddable":true,"href":"https:\/\/cinemasoul.es\/index.php?rest_route=%2Fwp%2Fv2%2Fproduct_cat&post=5509"},{"taxonomy":"product_tag","embeddable":true,"href":"https:\/\/cinemasoul.es\/index.php?rest_route=%2Fwp%2Fv2%2Fproduct_tag&post=5509"}],"curies":[{"name":"wp","href":"https:\/\/api.w.org\/{rel}","templated":true}]}}