{"id":5506,"date":"2022-06-27T12:38:45","date_gmt":"2022-06-27T12:38:45","guid":{"rendered":"https:\/\/www.cinemasoul.es\/?post_type=product&#038;p=5506"},"modified":"2022-06-27T12:38:46","modified_gmt":"2022-06-27T12:38:46","slug":"el-beso-del-vampiro-dvd","status":"publish","type":"product","link":"https:\/\/cinemasoul.es\/?product=el-beso-del-vampiro-dvd","title":{"rendered":"El Beso del Vampiro [DVD]"},"content":{"rendered":"","protected":false},"excerpt":{"rendered":"<div id=\"tab-description\" class=\"tab-content\">\n<p><strong>T\u00cdTULO ORIGINAL<\/strong>: THE KISS OF THE VAMPIRE <strong>DIRIGIDA<\/strong> POR DON SHARP <strong>PRODUCIDA<\/strong> POR ANTHONY HINDS <strong>GUI\u00d3N<\/strong> DE ANTHONY HINDS <strong>M\u00daSICA<\/strong> DE JAMES BERNARD <strong>FOTOGRAFIA<\/strong> DE ALAN HUME <strong>REPARTO<\/strong> CLIFFORD EVANS, NOEL WILLMAN, EDWARD DE SOUZA, JENNIFER DANIEL, BARRY WARREN, BRIAN OULTON, NOEL HOWLETT, JACQUIE WALLIS, PETER MADDEN<\/p>\n<p><strong>AUDIO<\/strong>: DOLBY DIGITAL 2.0 <strong>A\u00d1O<\/strong>: 1963 <strong>GENERO<\/strong>: TERROR\u00a0 <strong>NACIONALIDAD<\/strong>: REINO UNIDO COLOR <strong>ICAA<\/strong> N\u00ba: 133.189 APTA PARA TODOS LOS P\u00daBLICOS\u00a0 <strong>DURACI\u00d3N<\/strong>: 88 MIN. APROX. <strong>IDIOMAS<\/strong>: ESPA\u00d1O e INGL\u00c9S <strong>SUBT\u00cdTULOS<\/strong>: ESPA\u00d1OL y PORTUGU\u00c9S <strong>FORMATO DE PANTALLA<\/strong>: 1.66:1 FULL HD 1080<\/p>\n<p>El beso del vampiro nos lleva a la Baviera de 1910 cuando una pareja de reci\u00e9n casados, Gerald y Marianne Harcourt (Edward de Souza y Jennifer Daniel), se queda sin combustible en su coche cerca de un castillo en el que habita el doctor Ravna (Noel William), uno de los ciudadanos m\u00e1s importantes de la regi\u00f3n. Ravna invitar\u00e1 a la joven pareja, alojada en una pensi\u00f3n, a una cena en el castillo y m\u00e1s tarde a un baile de m\u00e1scaras en el que se descubrir\u00e1 el verdadero inter\u00e9s de Ravna. \u00c9ste es el jefe de una secta vamp\u00edrica que desea convertir a Marianne en una nueva disc\u00edpula.<\/p>\n<\/div>\n","protected":false},"featured_media":5507,"comment_status":"open","ping_status":"closed","template":"","meta":{"site-sidebar-layout":"default","site-content-layout":"default","ast-site-content-layout":"default","site-content-style":"default","site-sidebar-style":"default","ast-global-header-display":"","ast-banner-title-visibility":"","ast-main-header-display":"","ast-hfb-above-header-display":"","ast-hfb-below-header-display":"","ast-hfb-mobile-header-display":"","site-post-title":"","ast-breadcrumbs-content":"","ast-featured-img":"","footer-sml-layout":"","ast-disable-related-posts":"","theme-transparent-header-meta":"","adv-header-id-meta":"","stick-header-meta":"","header-above-stick-meta":"","header-main-stick-meta":"","header-below-stick-meta":"","astra-migrate-meta-layouts":"default","ast-page-background-enabled":"default","ast-page-background-meta":{"desktop":{"background-color":"","background-image":"","background-repeat":"repeat","background-position":"center center","background-size":"auto","background-attachment":"scroll","background-type":"","background-media":"","overlay-type":"","overlay-color":"","overlay-opacity":"","overlay-gradient":""},"tablet":{"background-color":"","background-image":"","background-repeat":"repeat","background-position":"center center","background-size":"auto","background-attachment":"scroll","background-type":"","background-media":"","overlay-type":"","overlay-color":"","overlay-opacity":"","overlay-gradient":""},"mobile":{"background-color":"","background-image":"","background-repeat":"repeat","background-position":"center center","background-size":"auto","background-attachment":"scroll","background-type":"","background-media":"","overlay-type":"","overlay-color":"","overlay-opacity":"","overlay-gradient":""}},"ast-content-background-meta":{"desktop":{"background-color":"var(--ast-global-color-5)","background-image":"","background-repeat":"repeat","background-position":"center center","background-size":"auto","background-attachment":"scroll","background-type":"","background-media":"","overlay-type":"","overlay-color":"","overlay-opacity":"","overlay-gradient":""},"tablet":{"background-color":"var(--ast-global-color-5)","background-image":"","background-repeat":"repeat","background-position":"center center","background-size":"auto","background-attachment":"scroll","background-type":"","background-media":"","overlay-type":"","overlay-color":"","overlay-opacity":"","overlay-gradient":""},"mobile":{"background-color":"var(--ast-global-color-5)","background-image":"","background-repeat":"repeat","background-position":"center center","background-size":"auto","background-attachment":"scroll","background-type":"","background-media":"","overlay-type":"","overlay-color":"","overlay-opacity":"","overlay-gradient":""}},"_joinchat":[]},"product_brand":[],"product_cat":[42],"product_tag":[],"class_list":{"0":"post-5506","1":"product","2":"type-product","3":"status-publish","4":"has-post-thumbnail","6":"product_cat-dvd","7":"desktop-align-left","8":"tablet-align-left","9":"mobile-align-left","11":"first","12":"instock","13":"sale","14":"shipping-taxable","15":"purchasable","16":"product-type-simple"},"_links":{"self":[{"href":"https:\/\/cinemasoul.es\/index.php?rest_route=\/wp\/v2\/product\/5506","targetHints":{"allow":["GET"]}}],"collection":[{"href":"https:\/\/cinemasoul.es\/index.php?rest_route=\/wp\/v2\/product"}],"about":[{"href":"https:\/\/cinemasoul.es\/index.php?rest_route=\/wp\/v2\/types\/product"}],"replies":[{"embeddable":true,"href":"https:\/\/cinemasoul.es\/index.php?rest_route=%2Fwp%2Fv2%2Fcomments&post=5506"}],"version-history":[{"count":1,"href":"https:\/\/cinemasoul.es\/index.php?rest_route=\/wp\/v2\/product\/5506\/revisions"}],"predecessor-version":[{"id":5508,"href":"https:\/\/cinemasoul.es\/index.php?rest_route=\/wp\/v2\/product\/5506\/revisions\/5508"}],"wp:featuredmedia":[{"embeddable":true,"href":"https:\/\/cinemasoul.es\/index.php?rest_route=\/wp\/v2\/media\/5507"}],"wp:attachment":[{"href":"https:\/\/cinemasoul.es\/index.php?rest_route=%2Fwp%2Fv2%2Fmedia&parent=5506"}],"wp:term":[{"taxonomy":"product_brand","embeddable":true,"href":"https:\/\/cinemasoul.es\/index.php?rest_route=%2Fwp%2Fv2%2Fproduct_brand&post=5506"},{"taxonomy":"product_cat","embeddable":true,"href":"https:\/\/cinemasoul.es\/index.php?rest_route=%2Fwp%2Fv2%2Fproduct_cat&post=5506"},{"taxonomy":"product_tag","embeddable":true,"href":"https:\/\/cinemasoul.es\/index.php?rest_route=%2Fwp%2Fv2%2Fproduct_tag&post=5506"}],"curies":[{"name":"wp","href":"https:\/\/api.w.org\/{rel}","templated":true}]}}