{"id":5502,"date":"2022-06-27T12:36:21","date_gmt":"2022-06-27T12:36:21","guid":{"rendered":"https:\/\/www.cinemasoul.es\/?post_type=product&#038;p=5502"},"modified":"2022-06-27T12:36:22","modified_gmt":"2022-06-27T12:36:22","slug":"el-abominable-dr-phibes-dvd","status":"publish","type":"product","link":"https:\/\/cinemasoul.es\/?product=el-abominable-dr-phibes-dvd","title":{"rendered":"El Abominable Dr. Phibes [DVD]"},"content":{"rendered":"","protected":false},"excerpt":{"rendered":"<p><strong>T\u00edtulo original<\/strong> The Abominable Dr. Phibesaka <strong>A\u00f1o<\/strong> 1971 <strong>Duraci\u00f3n<\/strong> 94 min. <strong>Pa\u00eds<\/strong> Reino Unido <strong>Direcci\u00f3n<\/strong> Robert Fuest <strong>Guion<\/strong> James Whiton, William Goldstein <strong>M\u00fasica<\/strong> Basil Kirchin <strong>Fotograf\u00eda<\/strong> Norman Warwick <strong>Reparto<\/strong> Vincent Price, Joseph Cotten, Virginia North, Terry-Thomas, Susan Travers, Sean Bury, David Hutcheson, Edward Burnham, Alex Scott, Peter Gilmore, Maurice Kaufmann, Peter Jeffrey, Caroline Munro, Hugh Griffith <strong>Productora<\/strong> Coproducci\u00f3n Reino Unido-Estados Unidos; American International Productions <strong>G\u00e9nero<\/strong> Terror. Intriga | Slasher. Serie B<\/p>\n<p><strong>Sinopsis<\/strong> Despu\u00e9s de que un equipo de cirujanos acabara con la vida de su esposa en una chapucera intervenci\u00f3n quir\u00fargica, el doctor Phibes (Vincent Price), un diab\u00f3lico personaje, asesina a algunos de ellos utilizando terribles m\u00e9todos extra\u00eddos de textos antiguos. Un detective de Scotland Yard (Peter Jeffrey) le sigue la pista con la ayuda del doctor Vesalius (Joseph Cotten), el jefe del equipo m\u00e9dico que oper\u00f3 a la mujer de Phibes<\/p>\n","protected":false},"featured_media":5503,"comment_status":"open","ping_status":"closed","template":"","meta":{"site-sidebar-layout":"default","site-content-layout":"default","ast-site-content-layout":"default","site-content-style":"default","site-sidebar-style":"default","ast-global-header-display":"","ast-banner-title-visibility":"","ast-main-header-display":"","ast-hfb-above-header-display":"","ast-hfb-below-header-display":"","ast-hfb-mobile-header-display":"","site-post-title":"","ast-breadcrumbs-content":"","ast-featured-img":"","footer-sml-layout":"","ast-disable-related-posts":"","theme-transparent-header-meta":"","adv-header-id-meta":"","stick-header-meta":"","header-above-stick-meta":"","header-main-stick-meta":"","header-below-stick-meta":"","astra-migrate-meta-layouts":"default","ast-page-background-enabled":"default","ast-page-background-meta":{"desktop":{"background-color":"","background-image":"","background-repeat":"repeat","background-position":"center center","background-size":"auto","background-attachment":"scroll","background-type":"","background-media":"","overlay-type":"","overlay-color":"","overlay-opacity":"","overlay-gradient":""},"tablet":{"background-color":"","background-image":"","background-repeat":"repeat","background-position":"center center","background-size":"auto","background-attachment":"scroll","background-type":"","background-media":"","overlay-type":"","overlay-color":"","overlay-opacity":"","overlay-gradient":""},"mobile":{"background-color":"","background-image":"","background-repeat":"repeat","background-position":"center center","background-size":"auto","background-attachment":"scroll","background-type":"","background-media":"","overlay-type":"","overlay-color":"","overlay-opacity":"","overlay-gradient":""}},"ast-content-background-meta":{"desktop":{"background-color":"var(--ast-global-color-5)","background-image":"","background-repeat":"repeat","background-position":"center center","background-size":"auto","background-attachment":"scroll","background-type":"","background-media":"","overlay-type":"","overlay-color":"","overlay-opacity":"","overlay-gradient":""},"tablet":{"background-color":"var(--ast-global-color-5)","background-image":"","background-repeat":"repeat","background-position":"center center","background-size":"auto","background-attachment":"scroll","background-type":"","background-media":"","overlay-type":"","overlay-color":"","overlay-opacity":"","overlay-gradient":""},"mobile":{"background-color":"var(--ast-global-color-5)","background-image":"","background-repeat":"repeat","background-position":"center center","background-size":"auto","background-attachment":"scroll","background-type":"","background-media":"","overlay-type":"","overlay-color":"","overlay-opacity":"","overlay-gradient":""}},"_joinchat":[]},"product_brand":[],"product_cat":[42],"product_tag":[],"class_list":{"0":"post-5502","1":"product","2":"type-product","3":"status-publish","4":"has-post-thumbnail","6":"product_cat-dvd","7":"desktop-align-left","8":"tablet-align-left","9":"mobile-align-left","11":"first","12":"instock","13":"shipping-taxable","14":"purchasable","15":"product-type-simple"},"_links":{"self":[{"href":"https:\/\/cinemasoul.es\/index.php?rest_route=\/wp\/v2\/product\/5502","targetHints":{"allow":["GET"]}}],"collection":[{"href":"https:\/\/cinemasoul.es\/index.php?rest_route=\/wp\/v2\/product"}],"about":[{"href":"https:\/\/cinemasoul.es\/index.php?rest_route=\/wp\/v2\/types\/product"}],"replies":[{"embeddable":true,"href":"https:\/\/cinemasoul.es\/index.php?rest_route=%2Fwp%2Fv2%2Fcomments&post=5502"}],"version-history":[{"count":1,"href":"https:\/\/cinemasoul.es\/index.php?rest_route=\/wp\/v2\/product\/5502\/revisions"}],"predecessor-version":[{"id":5505,"href":"https:\/\/cinemasoul.es\/index.php?rest_route=\/wp\/v2\/product\/5502\/revisions\/5505"}],"wp:featuredmedia":[{"embeddable":true,"href":"https:\/\/cinemasoul.es\/index.php?rest_route=\/wp\/v2\/media\/5503"}],"wp:attachment":[{"href":"https:\/\/cinemasoul.es\/index.php?rest_route=%2Fwp%2Fv2%2Fmedia&parent=5502"}],"wp:term":[{"taxonomy":"product_brand","embeddable":true,"href":"https:\/\/cinemasoul.es\/index.php?rest_route=%2Fwp%2Fv2%2Fproduct_brand&post=5502"},{"taxonomy":"product_cat","embeddable":true,"href":"https:\/\/cinemasoul.es\/index.php?rest_route=%2Fwp%2Fv2%2Fproduct_cat&post=5502"},{"taxonomy":"product_tag","embeddable":true,"href":"https:\/\/cinemasoul.es\/index.php?rest_route=%2Fwp%2Fv2%2Fproduct_tag&post=5502"}],"curies":[{"name":"wp","href":"https:\/\/api.w.org\/{rel}","templated":true}]}}