{"id":5498,"date":"2022-06-27T12:21:34","date_gmt":"2022-06-27T12:21:34","guid":{"rendered":"https:\/\/www.cinemasoul.es\/?post_type=product&#038;p=5498"},"modified":"2022-06-27T12:32:51","modified_gmt":"2022-06-27T12:32:51","slug":"dracula-dvd","status":"publish","type":"product","link":"https:\/\/cinemasoul.es\/?product=dracula-dvd","title":{"rendered":"Dr\u00e1cula [DVD]"},"content":{"rendered":"","protected":false},"excerpt":{"rendered":"<div id=\"tab-description\" class=\"tab-content\">\n<p>PETER CUSHING Y CHRISTOPHER LEE EN \u00abDR\u00c1CULA\u00bb (<em>HORROR OF DRACULA)\u00a0<\/em>CON MICHAEL GOUGH Y MELISSA STRIBLING <strong>GUI\u00d3N<\/strong> DE JIMMY SANGSTER BASADO EN LA <strong>NOVELA<\/strong> DE BRAM STOKER\u00a0<strong>DIRIGIDA<\/strong> POR TERENCE FISHER<\/p>\n<p><strong>A\u00d1O<\/strong>: 1958\u00a0<strong>NACIONALIDAD:<\/strong>REINO UNIDO\u00a0<strong>GENERO<\/strong>: TERROR <strong>COLOR<\/strong>: COLOR <strong>IDIOMAS<\/strong>: CASTELLANO E INGL\u00c9S CON SUBT\u00cdTULOS EN CASTELLANO\u00a0<strong>N\u00ba DE EXPEDIENTE<\/strong>: \u00a0128.970\u00a0<strong>CLASIFICACI\u00d3N<\/strong>: \u00a0NO RECOMENDADA PARA MENORES DE 12 A\u00d1OS\u00a0<strong>DURACI\u00d3N<\/strong>: \u00a082 MINUTOS.\u00a0<strong>FORMATO<\/strong>: 16\/9 1.66:1.<\/p>\n<p>Christopher Lee y Peter Cushing. Los principales maestros brit\u00e1nicos de lo macabro son los protagonistas de esta versi\u00f3n v\u00edvida y colorida del cautivador cuento vampiresco de Bram Stoker. Dr\u00e1cula (Lee), un noble de cientos de a\u00f1os de edad condenado a una eterna semivida, viaja desde su Transilvania natal a Londres. En la escabrosa vida nocturna de su ciudad adoptiva encuentra nuevas v\u00edctimas. Tambi\u00e9n encuentra al Doctor Van Helsing (Cushing), un cient\u00edfico que se convierte en enemigo implacable del Conde en un juego mortal del rat\u00f3n y gato. El terror est\u00e1 aqu\u00ed, se\u00f1a de identidad de este g\u00e9nero, mediante el cual los estudios Hammer entraron en una nueva era de escalofriantes largometrajes basados en monstruos cl\u00e1sicos. Tiemble adentr\u00e1ndose en esta era una vez m\u00e1s. Se desata el horror.<\/p>\n<\/div>\n","protected":false},"featured_media":5499,"comment_status":"open","ping_status":"closed","template":"","meta":{"site-sidebar-layout":"default","site-content-layout":"default","ast-site-content-layout":"default","site-content-style":"default","site-sidebar-style":"default","ast-global-header-display":"","ast-banner-title-visibility":"","ast-main-header-display":"","ast-hfb-above-header-display":"","ast-hfb-below-header-display":"","ast-hfb-mobile-header-display":"","site-post-title":"","ast-breadcrumbs-content":"","ast-featured-img":"","footer-sml-layout":"","ast-disable-related-posts":"","theme-transparent-header-meta":"","adv-header-id-meta":"","stick-header-meta":"","header-above-stick-meta":"","header-main-stick-meta":"","header-below-stick-meta":"","astra-migrate-meta-layouts":"default","ast-page-background-enabled":"default","ast-page-background-meta":{"desktop":{"background-color":"","background-image":"","background-repeat":"repeat","background-position":"center center","background-size":"auto","background-attachment":"scroll","background-type":"","background-media":"","overlay-type":"","overlay-color":"","overlay-opacity":"","overlay-gradient":""},"tablet":{"background-color":"","background-image":"","background-repeat":"repeat","background-position":"center center","background-size":"auto","background-attachment":"scroll","background-type":"","background-media":"","overlay-type":"","overlay-color":"","overlay-opacity":"","overlay-gradient":""},"mobile":{"background-color":"","background-image":"","background-repeat":"repeat","background-position":"center center","background-size":"auto","background-attachment":"scroll","background-type":"","background-media":"","overlay-type":"","overlay-color":"","overlay-opacity":"","overlay-gradient":""}},"ast-content-background-meta":{"desktop":{"background-color":"var(--ast-global-color-5)","background-image":"","background-repeat":"repeat","background-position":"center center","background-size":"auto","background-attachment":"scroll","background-type":"","background-media":"","overlay-type":"","overlay-color":"","overlay-opacity":"","overlay-gradient":""},"tablet":{"background-color":"var(--ast-global-color-5)","background-image":"","background-repeat":"repeat","background-position":"center center","background-size":"auto","background-attachment":"scroll","background-type":"","background-media":"","overlay-type":"","overlay-color":"","overlay-opacity":"","overlay-gradient":""},"mobile":{"background-color":"var(--ast-global-color-5)","background-image":"","background-repeat":"repeat","background-position":"center center","background-size":"auto","background-attachment":"scroll","background-type":"","background-media":"","overlay-type":"","overlay-color":"","overlay-opacity":"","overlay-gradient":""}},"_joinchat":[]},"product_brand":[],"product_cat":[42],"product_tag":[],"class_list":{"0":"post-5498","1":"product","2":"type-product","3":"status-publish","4":"has-post-thumbnail","6":"product_cat-dvd","7":"desktop-align-left","8":"tablet-align-left","9":"mobile-align-left","11":"first","12":"instock","13":"sale","14":"shipping-taxable","15":"purchasable","16":"product-type-simple"},"_links":{"self":[{"href":"https:\/\/cinemasoul.es\/index.php?rest_route=\/wp\/v2\/product\/5498","targetHints":{"allow":["GET"]}}],"collection":[{"href":"https:\/\/cinemasoul.es\/index.php?rest_route=\/wp\/v2\/product"}],"about":[{"href":"https:\/\/cinemasoul.es\/index.php?rest_route=\/wp\/v2\/types\/product"}],"replies":[{"embeddable":true,"href":"https:\/\/cinemasoul.es\/index.php?rest_route=%2Fwp%2Fv2%2Fcomments&post=5498"}],"version-history":[{"count":1,"href":"https:\/\/cinemasoul.es\/index.php?rest_route=\/wp\/v2\/product\/5498\/revisions"}],"predecessor-version":[{"id":5501,"href":"https:\/\/cinemasoul.es\/index.php?rest_route=\/wp\/v2\/product\/5498\/revisions\/5501"}],"wp:featuredmedia":[{"embeddable":true,"href":"https:\/\/cinemasoul.es\/index.php?rest_route=\/wp\/v2\/media\/5499"}],"wp:attachment":[{"href":"https:\/\/cinemasoul.es\/index.php?rest_route=%2Fwp%2Fv2%2Fmedia&parent=5498"}],"wp:term":[{"taxonomy":"product_brand","embeddable":true,"href":"https:\/\/cinemasoul.es\/index.php?rest_route=%2Fwp%2Fv2%2Fproduct_brand&post=5498"},{"taxonomy":"product_cat","embeddable":true,"href":"https:\/\/cinemasoul.es\/index.php?rest_route=%2Fwp%2Fv2%2Fproduct_cat&post=5498"},{"taxonomy":"product_tag","embeddable":true,"href":"https:\/\/cinemasoul.es\/index.php?rest_route=%2Fwp%2Fv2%2Fproduct_tag&post=5498"}],"curies":[{"name":"wp","href":"https:\/\/api.w.org\/{rel}","templated":true}]}}