{"id":5490,"date":"2022-06-27T12:10:50","date_gmt":"2022-06-27T12:10:50","guid":{"rendered":"https:\/\/www.cinemasoul.es\/?post_type=product&#038;p=5490"},"modified":"2022-06-27T12:10:50","modified_gmt":"2022-06-27T12:10:50","slug":"corazones-en-atlantida-dvd","status":"publish","type":"product","link":"https:\/\/cinemasoul.es\/?product=corazones-en-atlantida-dvd","title":{"rendered":"Corazones en Atl\u00e1ntida [DVD]"},"content":{"rendered":"","protected":false},"excerpt":{"rendered":"<p><strong>T\u00edtulo original <\/strong>Hearts in Atlantis <strong>A\u00f1o<\/strong> 2001 <strong>Duraci\u00f3n<\/strong> 101 min.<strong> Pa\u00eds<\/strong> Estados Unidos <strong>Direcci\u00f3n<\/strong> Scott Hicks <strong>Guion<\/strong> William Goldman. Novela: Stephen King <strong>M\u00fasica<\/strong> Mychael Danna <strong>Fotograf\u00eda<\/strong> Piotr Sobocinski <strong>Reparto<\/strong> Anthony Hopkins, Anton Yelchin, Hope Davis, Mika Boorem, David Morse, Alan Tudyk, Tom Bower, Celia Weston, Will Rothhaar, Adam LeFevre, Terry Beaver, Deirdre O&#8217;Connell, Brett Fleisher, Joshua Billings, Timothy Reifsnyder, Steve Little <strong>Productora<\/strong> Castle Rock Entertainment, Village Roadshow, NPV Entertainment. <strong>Distribuidora<\/strong>: Warner Bros. <strong>G\u00e9nero<\/strong> Drama <strong>Grupos<\/strong> Adaptaciones de Stephen King<\/p>\n<p><strong>Sinopsis <\/strong>Bobby Garfield ve como el pasado irrumpe en su vida cuando la muerte de un amigo de la infancia le hace volver a la ciudad donde creci\u00f3. All\u00ed le asaltan los recuerdos de su und\u00e9cimo verano, marcado por la llegada de un nuevo inquilino, Ted Brautigan, que llen\u00f3 el vac\u00edo que le supuso la defunci\u00f3n de su padre. Ted, un hombre misterioso que al tiempo fascinaba y perturbaba a Bobby, le ofrece un trabajo: leerle el peri\u00f3dico, pues su vista est\u00e1 muy debilitada, pero sobre todo ejercer un servicio de vigilancia para evitar el grave peligro que acecha a Ted.<\/p>\n","protected":false},"featured_media":5491,"comment_status":"open","ping_status":"closed","template":"","meta":{"site-sidebar-layout":"default","site-content-layout":"default","ast-site-content-layout":"default","site-content-style":"default","site-sidebar-style":"default","ast-global-header-display":"","ast-banner-title-visibility":"","ast-main-header-display":"","ast-hfb-above-header-display":"","ast-hfb-below-header-display":"","ast-hfb-mobile-header-display":"","site-post-title":"","ast-breadcrumbs-content":"","ast-featured-img":"","footer-sml-layout":"","ast-disable-related-posts":"","theme-transparent-header-meta":"","adv-header-id-meta":"","stick-header-meta":"","header-above-stick-meta":"","header-main-stick-meta":"","header-below-stick-meta":"","astra-migrate-meta-layouts":"default","ast-page-background-enabled":"default","ast-page-background-meta":{"desktop":{"background-color":"","background-image":"","background-repeat":"repeat","background-position":"center center","background-size":"auto","background-attachment":"scroll","background-type":"","background-media":"","overlay-type":"","overlay-color":"","overlay-opacity":"","overlay-gradient":""},"tablet":{"background-color":"","background-image":"","background-repeat":"repeat","background-position":"center center","background-size":"auto","background-attachment":"scroll","background-type":"","background-media":"","overlay-type":"","overlay-color":"","overlay-opacity":"","overlay-gradient":""},"mobile":{"background-color":"","background-image":"","background-repeat":"repeat","background-position":"center center","background-size":"auto","background-attachment":"scroll","background-type":"","background-media":"","overlay-type":"","overlay-color":"","overlay-opacity":"","overlay-gradient":""}},"ast-content-background-meta":{"desktop":{"background-color":"var(--ast-global-color-5)","background-image":"","background-repeat":"repeat","background-position":"center center","background-size":"auto","background-attachment":"scroll","background-type":"","background-media":"","overlay-type":"","overlay-color":"","overlay-opacity":"","overlay-gradient":""},"tablet":{"background-color":"var(--ast-global-color-5)","background-image":"","background-repeat":"repeat","background-position":"center center","background-size":"auto","background-attachment":"scroll","background-type":"","background-media":"","overlay-type":"","overlay-color":"","overlay-opacity":"","overlay-gradient":""},"mobile":{"background-color":"var(--ast-global-color-5)","background-image":"","background-repeat":"repeat","background-position":"center center","background-size":"auto","background-attachment":"scroll","background-type":"","background-media":"","overlay-type":"","overlay-color":"","overlay-opacity":"","overlay-gradient":""}},"_joinchat":[]},"product_brand":[],"product_cat":[42],"product_tag":[],"class_list":{"0":"post-5490","1":"product","2":"type-product","3":"status-publish","4":"has-post-thumbnail","6":"product_cat-dvd","7":"desktop-align-left","8":"tablet-align-left","9":"mobile-align-left","11":"first","12":"instock","13":"shipping-taxable","14":"purchasable","15":"product-type-simple"},"_links":{"self":[{"href":"https:\/\/cinemasoul.es\/index.php?rest_route=\/wp\/v2\/product\/5490","targetHints":{"allow":["GET"]}}],"collection":[{"href":"https:\/\/cinemasoul.es\/index.php?rest_route=\/wp\/v2\/product"}],"about":[{"href":"https:\/\/cinemasoul.es\/index.php?rest_route=\/wp\/v2\/types\/product"}],"replies":[{"embeddable":true,"href":"https:\/\/cinemasoul.es\/index.php?rest_route=%2Fwp%2Fv2%2Fcomments&post=5490"}],"version-history":[{"count":1,"href":"https:\/\/cinemasoul.es\/index.php?rest_route=\/wp\/v2\/product\/5490\/revisions"}],"predecessor-version":[{"id":5493,"href":"https:\/\/cinemasoul.es\/index.php?rest_route=\/wp\/v2\/product\/5490\/revisions\/5493"}],"wp:featuredmedia":[{"embeddable":true,"href":"https:\/\/cinemasoul.es\/index.php?rest_route=\/wp\/v2\/media\/5491"}],"wp:attachment":[{"href":"https:\/\/cinemasoul.es\/index.php?rest_route=%2Fwp%2Fv2%2Fmedia&parent=5490"}],"wp:term":[{"taxonomy":"product_brand","embeddable":true,"href":"https:\/\/cinemasoul.es\/index.php?rest_route=%2Fwp%2Fv2%2Fproduct_brand&post=5490"},{"taxonomy":"product_cat","embeddable":true,"href":"https:\/\/cinemasoul.es\/index.php?rest_route=%2Fwp%2Fv2%2Fproduct_cat&post=5490"},{"taxonomy":"product_tag","embeddable":true,"href":"https:\/\/cinemasoul.es\/index.php?rest_route=%2Fwp%2Fv2%2Fproduct_tag&post=5490"}],"curies":[{"name":"wp","href":"https:\/\/api.w.org\/{rel}","templated":true}]}}